{"id":42409,"date":"2024-07-02T07:10:34","date_gmt":"2024-07-02T07:10:34","guid":{"rendered":"https:\/\/www.oceanografic.local\/?page_id=42409"},"modified":"2025-02-28T09:03:13","modified_gmt":"2025-02-28T09:03:13","slug":"avis-legal","status":"publish","type":"page","link":"https:\/\/www.oceanografic.org\/va\/avis-legal\/","title":{"rendered":"Av\u00eds legal"},"content":{"rendered":"<h5><strong>Denominaci\u00f3 Social<\/strong><\/h5>\n<p>Avanqua Oceanogr\u00e0fic S.L<\/p>\n<h5><strong>NIF<\/strong><\/h5>\n<p>B-98725252<\/p>\n<h5><strong>Domicili Social<\/strong><\/h5>\n<p>Gran V\u00eda Marqu\u00e9s del T\u00faria, 19. 46005 (Valencia)<\/p>\n<h5><strong>Correu electr\u00f2nic:<\/strong><\/h5>\n<p><a href=\"mailto:info@oceanografic.org\">info@oceanografic.org<\/a><\/p>\n<h5><strong>Dades d&#8217;inscripci\u00f3n en el registre mercantil:\u00a0<\/strong><\/h5>\n<p class=\"x_MsoNormal\">N\u00fam. 511089.<\/p>\n<p class=\"x_MsoNormal\">Tomo: T 9959,<\/p>\n<p class=\"x_MsoNormal\">Libro: L 7241,<\/p>\n<p class=\"x_MsoNormal\">Folio: F 114,<\/p>\n<p class=\"x_MsoNormal\">Secci\u00f3n: S 8,<\/p>\n<p class=\"x_MsoNormal\">Hoja: H V 164783, I\/A 15<\/p>\n<p><strong>1- INTRODUCCI\u00d3<\/strong><\/p>\n<p>Els presents TERMES I CONDICIONS D&#8217;\u00daS DEL LLOC WEB, regulen els termes i condicions d&#8217;acc\u00e9s i \u00fas d&#8217;https:\/\/www.oceanografic.org\/, d&#8217;ara en avant el \u201cLloc web\u201d, propietat de Avanqua Oceanogr\u00e0fic S.L, amb domicili en Gran Via Marqu\u00e9s del T\u00faria, 19. 46005 (Val\u00e8ncia) i amb NIF B-98725252, que l&#8217;usuari del Lloc web haur\u00e0 de llegir i acceptar per a usar tots els serveis i informaci\u00f3 que es faciliten des del Lloc web.<\/p>\n<p>L&#8217;usuari, aix\u00ed com Avanqua Oceanogr\u00e0fic S.L, propiet\u00e0ria del Lloc web, podran ser denominats conjuntament com les parts.<\/p>\n<p>El mer acc\u00e9s o utilitzaci\u00f3 del Lloc web, de tots o part dels seus continguts i serveis significa la plena acceptaci\u00f3 de les presents condicions d&#8217;\u00fas. La posada a disposici\u00f3 i l&#8217;\u00fas del Lloc web s&#8217;ent\u00e9n sotmesa a l&#8217;estricte compliment dels termes recollits en les presents condicions d&#8217;\u00fas del Lloc web.<\/p>\n<p><strong>2- TERMES I CONDICIONS D&#8217;\u00daS<\/strong><\/p>\n<p>Els presents termes i condicions d&#8217;\u00fas del Lloc web, d&#8217;ara en avant \u201cTERMES I CONDICIONS D&#8217;\u00daS DEL LLOC WEB\u201d regulen l&#8217;acc\u00e9s i la utilitzaci\u00f3 del Lloc web, incloent-hi els continguts i els serveis posats a la disposici\u00f3 dels usuaris en i\/o a trav\u00e9s del Lloc web, b\u00e9 per Avanqua Oceanogr\u00e0fic S.L, b\u00e9 pels seus usuaris o per qualsevol tercer. No obstant aix\u00f2, l&#8217;acc\u00e9s i la utilitzaci\u00f3 d&#8217;uns certs continguts i\/o serveis poden trobar-se sotmesos a determinades condicions espec\u00edfiques.<\/p>\n<p><strong>3- MODIFICACIONS<\/strong><\/p>\n<p>Avanqua Oceanogr\u00e0fic S.L es reserva la facultat de modificar en qualsevol moment els presents Termes i Condicions d&#8217;\u00das. En tot cas, es recomana consultar peri\u00f2dicament les mateixes, ja que poden ser modificades.<\/p>\n<p><strong>4- INFORMACI\u00d3 I SERVEIS:<\/strong><\/p>\n<p>Els usuaris poden accedir a trav\u00e9s del Lloc web a diferent tipus d&#8217;informaci\u00f3 i serveis. Avanqua Oceanogr\u00e0fic S.L es reserva la facultat de modificar, en qualsevol moment, i sense av\u00eds previ, la presentaci\u00f3 i configuraci\u00f3 de la informaci\u00f3 i serveis oferits des del Lloc web. L&#8217;usuari reconeix i accepta expressament que en qualsevol moment Avanqua Oceanogr\u00e0fic S.L puga interrompre, desactivar i\/o cancel\u00b7lar qualsevol informaci\u00f3 o servei. Avanqua Oceanogr\u00e0fic S.L far\u00e0 els seus millors esfor\u00e7os per a intentar garantir la disponibilitat i accessibilitat a la web. No obstant aix\u00f2, a vegades, per raons de manteniment, actualitzaci\u00f3, canvi d&#8217;ubicaci\u00f3, etc., podr\u00e0 suposar la interrupci\u00f3 de l&#8217;acc\u00e9s al Lloc web.<\/p>\n<p><strong>5- DISPONIBILITAT DE LA INFORMACI\u00d3 I SERVEIS DEL LLOC WEB:<\/strong><\/p>\n<p>Avanqua Oceanogr\u00e0fic S.L no garanteix la disponibilitat cont\u00ednua i permanent dels serveis, quedant d&#8217;aquesta manera exonerat de qualsevol responsabilitat per possibles danys i perjudicis causats a conseq\u00fc\u00e8ncia de la falta de disponibilitat del servei per motius de for\u00e7a major o errors en les xarxes telem\u00e0tiques de transfer\u00e8ncia de dades, aliens a la seua voluntat, o per desconnexions realitzades per treballs de millora o manteniment dels equips i sistemes inform\u00e0tics.<\/p>\n<p>En aquests casos, Avanqua Oceanogr\u00e0fic S.L far\u00e0 els seus millors esfor\u00e7os per retornar els serveis a la seua plena disponibilitat, aix\u00ed com, per a notificar sobre la possible falta de disponibilitat d&#8217;aquests. Avanqua Oceanogr\u00e0fic S.L no ser\u00e0 responsable per la interrupci\u00f3, suspensi\u00f3 o finalitzaci\u00f3 de la informaci\u00f3 o serveis. Aix\u00ed mateix, no es responsabilitza de les possibles omissions, p\u00e8rdues d&#8217;informaci\u00f3, dades, configuracions, accessos indeguts o vulneraci\u00f3 de la confidencialitat que tinguen origen en problemes t\u00e8cnics, de comunicacions o omissions humanes, causades per tercers o no imputables a Avanqua Oceanogr\u00e0fic S.L. Tampoc respondr\u00e0 dels danys produ\u00efts per atacs inform\u00e0tics o causats per virus que afecten programes inform\u00e0tics, sistemes de comunicacions o equips utilitzats per Avanqua Oceanogr\u00e0fic S.L per\u00f2 fabricats o facilitats per un tercer.<\/p>\n<p>Avanqua Oceanogr\u00e0fic S.L podr\u00e0, a la seua sola discreci\u00f3, denegar, retirar, suspendre i\/o bloquejar en qualsevol moment i sense necessitat de previ av\u00eds l&#8217;acc\u00e9s a la informaci\u00f3 i serveis a aquells usuaris que incomplisquen les presents normes.<\/p>\n<p><strong>6- RESPONSABILITAT DEL LLOC WEB:<\/strong><\/p>\n<p>Exceptuant els casos que la Llei impose expressament el contrari, i exclusivament amb la mesura i extensi\u00f3 en qu\u00e8 ho impose, Avanqua Oceanogr\u00e0fic S.L no garanteix ni assumeix cap responsabilitat respecte als possibles danys i perjudicis causats per l&#8217;\u00fas i utilitzaci\u00f3 de la informaci\u00f3, dades i serveis del Lloc web.<\/p>\n<p>En tot cas, Avanqua Oceanogr\u00e0fic S.L queda exclosa de qualsevol responsabilitat pels danys i perjudicis que puguen deure&#8217;s a la informaci\u00f3 i\/o serveis prestats o subministrats per tercers diferents de Avanqua Oceanogr\u00e0fic S.L. Tota responsabilitat ser\u00e0 del tercer ja siga prove\u00efdor o\u00a0col\u00b7laborador.<\/p>\n<p><strong>7- OBLIGACIONS DE L&#8217;USUARI<\/strong><\/p>\n<p>L&#8217;usuari haur\u00e0 de respectar en tot moment els presents Termes i Condicions d&#8217;\u00das. De manera expressa l&#8217;usuari manifesta que utilitzar\u00e0 el Lloc web de manera diligent i assumint qualsevol responsabilitat que poguera derivar-se de l&#8217;incompliment de les normes.<\/p>\n<p>L&#8217;usuari s&#8217;obliga, en aquells casos que se li sol\u00b7liciten dades o informaci\u00f3, a no falsejar la seua identitat fent-se passar per qualsevol altra persona. L&#8217;usuari accepta que la utilitzaci\u00f3 del Lloc web ser\u00e0 efectuada amb finalitats estrictament personals, privats i particulars. L&#8217;usuari no podr\u00e0 utilitzar el Lloc web per a activitats contr\u00e0ries a la Llei, la moral i l&#8217;ordre p\u00fablic, aix\u00ed com, per a finalitats prohibides o que vulneren o lesionen drets de tercers.<\/p>\n<p>Aix\u00ed mateix, queda prohibida la difusi\u00f3, emmagatzematge i\/o gesti\u00f3 de dades o continguts que infringisquen drets de tercers o qualssevol normatives reguladores de drets de propietat intel\u00b7lectual o industrial.<\/p>\n<p>L&#8217;usuari no podr\u00e0 utilitzar el Lloc web per a transmetre, emmagatzemar, divulgar promoure o distribuir dades o continguts que siguen portadors de virus o qualsevol altre codi inform\u00e0tic, arxius o programes dissenyats per a interrompre, destruir o perjudicar el funcionament de qualsevol programa o equip inform\u00e0tic o de telecomunicacions.<\/p>\n<p>L&#8217;usuari s&#8217;obliga a indemnitzar i a mantindre indemne a Avanqua Oceanogr\u00e0fic S.L per qualsevol mal, perjudici, sanci\u00f3, multa, pena o indemnitzaci\u00f3 que haja de fer front Avanqua Oceanogr\u00e0fic S.L a conseq\u00fc\u00e8ncia de l&#8217;incompliment per part de l&#8217;usuari de les obligacions contingudes en el present document.<\/p>\n<p><strong>8- DADES DE CAR\u00c0CTER PERSONAL<\/strong><\/p>\n<p>La informaci\u00f3 o dades personals que facilite l&#8217;usuari seran tractats conformement al que s&#8217;estableix en la Pol\u00edtica de Privacitat inclosa en aquest Lloc web.<\/p>\n<p><strong>9- ENLLA\u00c7OS A ALTRES LLOCS WEB<\/strong><\/p>\n<p>Avanqua Oceanogr\u00e0fic S.L no garanteix ni assumeix cap mena de responsabilitat pels danys i perjudicis patits per l&#8217;acc\u00e9s a Serveis de tercers a trav\u00e9s de connexions, vincles o links dels llocs enlla\u00e7ats ni sobre l&#8217;exactitud o fiabilitat d&#8217;aquests. La funci\u00f3 dels enlla\u00e7os que apareixen \u00e9s exclusivament la d&#8217;informar el Client sobre l&#8217;exist\u00e8ncia d&#8217;altres fonts d&#8217;informaci\u00f3 en Internet, on podr\u00e0 ampliar els Serveis oferits pel Portal.\u00a0Avanqua Oceanogr\u00e0fic S.L no ser\u00e0 en cap cas responsable del resultat obtingut a trav\u00e9s d&#8217;aquests enlla\u00e7os o de les conseq\u00fc\u00e8ncies que es deriven de l&#8217;acc\u00e9s pels Clients a aquests. Aquests Serveis de tercers s\u00f3n proporcionats per aquests, per la qual cosa\u00a0Avanqua Oceanogr\u00e0fic S.L no pot controlar i no controla la licitud dels Serveis ni la seua qualitat. En conseq\u00fc\u00e8ncia, el Client ha d&#8217;extremar la prud\u00e8ncia en la valoraci\u00f3 i utilitzaci\u00f3 de la informaci\u00f3 i serveis existents en els continguts de tercers.<\/p>\n<p><strong>10- PROPIETAT INTEL\u00b7LECTUAL I INDUSTRIAL<\/strong><\/p>\n<p>Tots els continguts, marques, logos, dibuixos, documentaci\u00f3, programes inform\u00e0tics o qualsevol altre element susceptible de protecci\u00f3 per la legislaci\u00f3 de propietat intel\u00b7lectual o industrial, que siguen accessibles en el Lloc web corresponen exclusivament a Avanqua Oceanogr\u00e0fic S.L o als seus leg\u00edtims titulars i queden expressament reservats tots els drets sobre aquests. Queda expressament prohibida la creaci\u00f3 d&#8217;enlla\u00e7os d&#8217;hipertext (links) a qualsevol element integrant del Lloc web sense l&#8217;autoritzaci\u00f3 de Avanqua Oceanogr\u00e0fic S.L, sempre que no siguen a un apartat del Lloc web que no requerisca identificaci\u00f3 o autenticaci\u00f3 per al seu acc\u00e9s, o el mateix estiga restringit.<\/p>\n<p>En qualsevol cas, Avanqua Oceanogr\u00e0fic S.L es reserva tots els drets sobre els continguts, informaci\u00f3 dades i serveis que ostente sobre els mateixos. Avanqua Oceanogr\u00e0fic S.L no concedeix cap llic\u00e8ncia o autoritzaci\u00f3 d&#8217;\u00fas a l&#8217;usuari sobre els seus continguts, dades o serveis, diferent de la que expressament es detalle en els presents Avanqua Oceanogr\u00e0fic S.L.<\/p>\n<p><strong>11- LEGISLACI\u00d3 APLICABLE, JURISDICCI\u00d3 COMPETENT I NOTIFICACIONS<\/strong><\/p>\n<p>Els presents Termes i Condicions d&#8217;\u00das es regeixen i s&#8217;interpreten d&#8217;acord amb les Lleis d&#8217;Espanya. Per a qualsevol reclamaci\u00f3 seran competents els jutjats i tribunals del territori espanyol. Totes les notificacions, requeriments, peticions i altres comunicacions que l&#8217;Usuari desitge efectuar a Avanqua Oceanogr\u00e0fic S.L titular del present Lloc web, hauran de realitzar-se per escrit i s&#8217;entendr\u00e0 que han sigut correctament realitzades quan hagen sigut rebudes en la seg\u00fcent adre\u00e7a info@oceanografic.org.<\/p>\n<p><strong>12-C\u00d2DICS DE CONDUCTA\u00a0<\/strong><\/p>\n<div class=\"flex max-w-full flex-col flex-grow\">\n<div class=\"min-h-8 text-message relative flex w-full flex-col items-end gap-2 whitespace-normal break-words text-start [.text-message+&amp;]:mt-5\" dir=\"auto\" data-message-author-role=\"assistant\" data-message-id=\"98afc08d-44c6-4609-b5c4-e4a9383c8a85\" data-message-model-slug=\"gpt-4o\">\n<div class=\"flex w-full flex-col gap-1 empty:hidden first:pt-[3px]\">\n<div class=\"markdown prose w-full break-words dark:prose-invert light\">\n<p data-start=\"452\" data-end=\"857\" data-is-last-node=\"\" data-is-only-node=\"\">L&#8217;Oceanogr\u00e0fic de Val\u00e8ncia es regeix per principis de transpar\u00e8ncia, responsabilitat i comprom\u00eds amb la sostenibilitat, el benestar animal i l\u2019educaci\u00f3 ambiental. Amb l&#8217;objectiu de garantir el compliment de les millors pr\u00e0ctiques, ens adherim a diversos codis de conducta, recomanacions de conducta i normatives d&#8217;entitats reconegudes a nivell nacional i internacional. <a href=\"https:\/\/www.oceanografic.org\/va\/nuestro-compromiso\/\">Ac\u00ed<\/a> pots trobar tota la informaci\u00f3<\/p>\n<\/div>\n<\/div>\n<\/div>\n<\/div>\n","protected":false},"excerpt":{"rendered":"<p>Denominaci\u00f3 Social Avanqua Oceanogr\u00e0fic S.L NIF B-98725252 Domicili Social Gran V\u00eda Marqu\u00e9s del T\u00faria, 19. 46005 (Valencia) Correu electr\u00f2nic: info@oceanografic.org Dades d&#8217;inscripci\u00f3n en el registre mercantil:\u00a0 N\u00fam. 511089. Tomo: T 9959, Libro: L 7241, Folio: F 114, Secci\u00f3n: S 8, Hoja: H V 164783, I\/A 15 1- INTRODUCCI\u00d3 Els presents TERMES I CONDICIONS D&#8217;\u00daS DEL&hellip; <a class=\"arrow\" href=\"https:\/\/www.oceanografic.org\/va\/avis-legal\/\">Continua<\/a><\/p>\n","protected":false},"author":15,"featured_media":0,"parent":0,"menu_order":0,"comment_status":"closed","ping_status":"closed","template":"template-legal.php","meta":{"_acf_changed":false,"footnotes":""},"class_list":["post-42409","page","type-page","status-publish","hentry"],"acf":[],"yoast_head":"<!-- This site is optimized with the Yoast SEO plugin v27.4 - https:\/\/yoast.com\/product\/yoast-seo-wordpress\/ -->\n<title>Av\u00eds legal - Oceanogr\u00e0fic de Val\u00e8ncia<\/title>\n<meta name=\"robots\" content=\"index, follow, max-snippet:-1, max-image-preview:large, max-video-preview:-1\" \/>\n<link rel=\"canonical\" href=\"https:\/\/www.oceanografic.org\/va\/avis-legal\/\" \/>\n<meta property=\"og:locale\" content=\"en_US\" \/>\n<meta property=\"og:type\" content=\"article\" \/>\n<meta property=\"og:title\" content=\"Av\u00eds legal - Oceanogr\u00e0fic de Val\u00e8ncia\" \/>\n<meta property=\"og:description\" content=\"Denominaci\u00f3 Social Avanqua Oceanogr\u00e0fic S.L NIF B-98725252 Domicili Social Gran V\u00eda Marqu\u00e9s del T\u00faria, 19. 46005 (Valencia) Correu electr\u00f2nic: info@oceanografic.org Dades d&#8217;inscripci\u00f3n en el registre mercantil:\u00a0 N\u00fam. 511089. Tomo: T 9959, Libro: L 7241, Folio: F 114, Secci\u00f3n: S 8, Hoja: H V 164783, I\/A 15 1- INTRODUCCI\u00d3 Els presents TERMES I CONDICIONS D&#8217;\u00daS DEL&hellip; Continua\" \/>\n<meta property=\"og:url\" content=\"https:\/\/www.oceanografic.org\/va\/avis-legal\/\" \/>\n<meta property=\"og:site_name\" content=\"Oceanogr\u00e0fic de Val\u00e8ncia\" \/>\n<meta property=\"article:publisher\" content=\"https:\/\/www.facebook.com\/oceanograficvl\" \/>\n<meta property=\"article:modified_time\" content=\"2025-02-28T09:03:13+00:00\" \/>\n<meta name=\"twitter:card\" content=\"summary_large_image\" \/>\n<meta name=\"twitter:site\" content=\"@Oceanografic_vl\" \/>\n<meta name=\"twitter:label1\" content=\"Est. reading time\" \/>\n\t<meta name=\"twitter:data1\" content=\"7 minutes\" \/>\n<script type=\"application\/ld+json\" class=\"yoast-schema-graph\">{\"@context\":\"https:\\\/\\\/schema.org\",\"@graph\":[{\"@type\":\"WebPage\",\"@id\":\"https:\\\/\\\/www.oceanografic.org\\\/va\\\/avis-legal\\\/\",\"url\":\"https:\\\/\\\/www.oceanografic.org\\\/va\\\/avis-legal\\\/\",\"name\":\"Av\u00eds legal - Oceanogr\u00e0fic de Val\u00e8ncia\",\"isPartOf\":{\"@id\":\"https:\\\/\\\/www.oceanografic.org\\\/va\\\/#website\"},\"datePublished\":\"2024-07-02T07:10:34+00:00\",\"dateModified\":\"2025-02-28T09:03:13+00:00\",\"breadcrumb\":{\"@id\":\"https:\\\/\\\/www.oceanografic.org\\\/va\\\/avis-legal\\\/#breadcrumb\"},\"inLanguage\":\"va\",\"potentialAction\":[{\"@type\":\"ReadAction\",\"target\":[\"https:\\\/\\\/www.oceanografic.org\\\/va\\\/avis-legal\\\/\"]}]},{\"@type\":\"BreadcrumbList\",\"@id\":\"https:\\\/\\\/www.oceanografic.org\\\/va\\\/avis-legal\\\/#breadcrumb\",\"itemListElement\":[{\"@type\":\"ListItem\",\"position\":1,\"name\":\"Portada\",\"item\":\"https:\\\/\\\/www.oceanografic.org\\\/va\\\/\"},{\"@type\":\"ListItem\",\"position\":2,\"name\":\"Av\u00eds legal\"}]},{\"@type\":\"WebSite\",\"@id\":\"https:\\\/\\\/www.oceanografic.org\\\/va\\\/#website\",\"url\":\"https:\\\/\\\/www.oceanografic.org\\\/va\\\/\",\"name\":\"Oceanogr\u00e0fic de Val\u00e8ncia\",\"description\":\"\",\"publisher\":{\"@id\":\"https:\\\/\\\/www.oceanografic.org\\\/va\\\/#organization\"},\"potentialAction\":[{\"@type\":\"SearchAction\",\"target\":{\"@type\":\"EntryPoint\",\"urlTemplate\":\"https:\\\/\\\/www.oceanografic.org\\\/va\\\/?s={search_term_string}\"},\"query-input\":{\"@type\":\"PropertyValueSpecification\",\"valueRequired\":true,\"valueName\":\"search_term_string\"}}],\"inLanguage\":\"va\"},{\"@type\":\"Organization\",\"@id\":\"https:\\\/\\\/www.oceanografic.org\\\/va\\\/#organization\",\"name\":\"Oceanogr\u00e0fic de Val\u00e8ncia\",\"url\":\"https:\\\/\\\/www.oceanografic.org\\\/va\\\/\",\"logo\":{\"@type\":\"ImageObject\",\"inLanguage\":\"va\",\"@id\":\"https:\\\/\\\/www.oceanografic.org\\\/va\\\/#\\\/schema\\\/logo\\\/image\\\/\",\"url\":\"https:\\\/\\\/www.oceanografic.org\\\/wp-content\\\/uploads\\\/2024\\\/10\\\/Logo-OCE.png\",\"contentUrl\":\"https:\\\/\\\/www.oceanografic.org\\\/wp-content\\\/uploads\\\/2024\\\/10\\\/Logo-OCE.png\",\"width\":3543,\"height\":1286,\"caption\":\"Oceanogr\u00e0fic de Val\u00e8ncia\"},\"image\":{\"@id\":\"https:\\\/\\\/www.oceanografic.org\\\/va\\\/#\\\/schema\\\/logo\\\/image\\\/\"},\"sameAs\":[\"https:\\\/\\\/www.facebook.com\\\/oceanograficvl\",\"https:\\\/\\\/x.com\\\/Oceanografic_vl\"]}]}<\/script>\n<!-- \/ Yoast SEO plugin. -->","yoast_head_json":{"title":"Av\u00eds legal - Oceanogr\u00e0fic de Val\u00e8ncia","robots":{"index":"index","follow":"follow","max-snippet":"max-snippet:-1","max-image-preview":"max-image-preview:large","max-video-preview":"max-video-preview:-1"},"canonical":"https:\/\/www.oceanografic.org\/va\/avis-legal\/","og_locale":"en_US","og_type":"article","og_title":"Av\u00eds legal - Oceanogr\u00e0fic de Val\u00e8ncia","og_description":"Denominaci\u00f3 Social Avanqua Oceanogr\u00e0fic S.L NIF B-98725252 Domicili Social Gran V\u00eda Marqu\u00e9s del T\u00faria, 19. 46005 (Valencia) Correu electr\u00f2nic: info@oceanografic.org Dades d&#8217;inscripci\u00f3n en el registre mercantil:\u00a0 N\u00fam. 511089. Tomo: T 9959, Libro: L 7241, Folio: F 114, Secci\u00f3n: S 8, Hoja: H V 164783, I\/A 15 1- INTRODUCCI\u00d3 Els presents TERMES I CONDICIONS D&#8217;\u00daS DEL&hellip; Continua","og_url":"https:\/\/www.oceanografic.org\/va\/avis-legal\/","og_site_name":"Oceanogr\u00e0fic de Val\u00e8ncia","article_publisher":"https:\/\/www.facebook.com\/oceanograficvl","article_modified_time":"2025-02-28T09:03:13+00:00","twitter_card":"summary_large_image","twitter_site":"@Oceanografic_vl","twitter_misc":{"Est. reading time":"7 minutes"},"schema":{"@context":"https:\/\/schema.org","@graph":[{"@type":"WebPage","@id":"https:\/\/www.oceanografic.org\/va\/avis-legal\/","url":"https:\/\/www.oceanografic.org\/va\/avis-legal\/","name":"Av\u00eds legal - Oceanogr\u00e0fic de Val\u00e8ncia","isPartOf":{"@id":"https:\/\/www.oceanografic.org\/va\/#website"},"datePublished":"2024-07-02T07:10:34+00:00","dateModified":"2025-02-28T09:03:13+00:00","breadcrumb":{"@id":"https:\/\/www.oceanografic.org\/va\/avis-legal\/#breadcrumb"},"inLanguage":"va","potentialAction":[{"@type":"ReadAction","target":["https:\/\/www.oceanografic.org\/va\/avis-legal\/"]}]},{"@type":"BreadcrumbList","@id":"https:\/\/www.oceanografic.org\/va\/avis-legal\/#breadcrumb","itemListElement":[{"@type":"ListItem","position":1,"name":"Portada","item":"https:\/\/www.oceanografic.org\/va\/"},{"@type":"ListItem","position":2,"name":"Av\u00eds legal"}]},{"@type":"WebSite","@id":"https:\/\/www.oceanografic.org\/va\/#website","url":"https:\/\/www.oceanografic.org\/va\/","name":"Oceanogr\u00e0fic de Val\u00e8ncia","description":"","publisher":{"@id":"https:\/\/www.oceanografic.org\/va\/#organization"},"potentialAction":[{"@type":"SearchAction","target":{"@type":"EntryPoint","urlTemplate":"https:\/\/www.oceanografic.org\/va\/?s={search_term_string}"},"query-input":{"@type":"PropertyValueSpecification","valueRequired":true,"valueName":"search_term_string"}}],"inLanguage":"va"},{"@type":"Organization","@id":"https:\/\/www.oceanografic.org\/va\/#organization","name":"Oceanogr\u00e0fic de Val\u00e8ncia","url":"https:\/\/www.oceanografic.org\/va\/","logo":{"@type":"ImageObject","inLanguage":"va","@id":"https:\/\/www.oceanografic.org\/va\/#\/schema\/logo\/image\/","url":"https:\/\/www.oceanografic.org\/wp-content\/uploads\/2024\/10\/Logo-OCE.png","contentUrl":"https:\/\/www.oceanografic.org\/wp-content\/uploads\/2024\/10\/Logo-OCE.png","width":3543,"height":1286,"caption":"Oceanogr\u00e0fic de Val\u00e8ncia"},"image":{"@id":"https:\/\/www.oceanografic.org\/va\/#\/schema\/logo\/image\/"},"sameAs":["https:\/\/www.facebook.com\/oceanograficvl","https:\/\/x.com\/Oceanografic_vl"]}]}},"_links":{"self":[{"href":"https:\/\/www.oceanografic.org\/va\/wp-json\/wp\/v2\/pages\/42409","targetHints":{"allow":["GET"]}}],"collection":[{"href":"https:\/\/www.oceanografic.org\/va\/wp-json\/wp\/v2\/pages"}],"about":[{"href":"https:\/\/www.oceanografic.org\/va\/wp-json\/wp\/v2\/types\/page"}],"author":[{"embeddable":true,"href":"https:\/\/www.oceanografic.org\/va\/wp-json\/wp\/v2\/users\/15"}],"replies":[{"embeddable":true,"href":"https:\/\/www.oceanografic.org\/va\/wp-json\/wp\/v2\/comments?post=42409"}],"version-history":[{"count":1,"href":"https:\/\/www.oceanografic.org\/va\/wp-json\/wp\/v2\/pages\/42409\/revisions"}],"predecessor-version":[{"id":60487,"href":"https:\/\/www.oceanografic.org\/va\/wp-json\/wp\/v2\/pages\/42409\/revisions\/60487"}],"wp:attachment":[{"href":"https:\/\/www.oceanografic.org\/va\/wp-json\/wp\/v2\/media?parent=42409"}],"curies":[{"name":"wp","href":"https:\/\/api.w.org\/{rel}","templated":true}]}}