{"id":24195,"date":"2019-03-04T14:59:17","date_gmt":"2019-03-04T14:59:17","guid":{"rendered":"https:\/\/www.oceanografic.local\/sharks\/"},"modified":"2019-12-18T08:33:49","modified_gmt":"2019-12-18T08:33:49","slug":"taurons","status":"publish","type":"page","link":"https:\/\/www.oceanografic.org\/va\/taurons\/","title":{"rendered":"Cara a cara amb taurons"},"content":{"rendered":"<blockquote><p>Oceanogr\u00e0fic\u00a0Val\u00e8ncia. L&#8217;aquari amb m\u00e9s taurons d&#8217;Europa.<\/p><\/blockquote>\n<p>Aquest 2020, l&#8217;Oceanogr\u00e0fic\u00a0Val\u00e8ncia proposa un viatge a trav\u00e9s de tots els mars amb recorreguts i activitats espec\u00edfiques per a con\u00e9ixer a l&#8217;animal m\u00e9s ic\u00f2nic de tots els oceans: el taur\u00f3.<\/p>\n<p>En molt pocs racons del m\u00f3n es pot contemplar tantes esp\u00e8cies d&#8217;aquest captivador animal ni tants exemplars junts. En total, es mostren al p\u00fablic m\u00e9s de 100 taurons de 21 esp\u00e8cies diferents.<\/p>\n<p>Vine al major aquari d&#8217;Europa i viu un cara a cara amb taurons.<\/p>\n","protected":false},"excerpt":{"rendered":"<p>Oceanogr\u00e0fic\u00a0Val\u00e8ncia. L&#8217;aquari amb m\u00e9s taurons d&#8217;Europa. Aquest 2020, l&#8217;Oceanogr\u00e0fic\u00a0Val\u00e8ncia proposa un viatge a trav\u00e9s de tots els mars amb recorreguts i activitats espec\u00edfiques per a con\u00e9ixer a l&#8217;animal m\u00e9s ic\u00f2nic de tots els oceans: el taur\u00f3. En molt pocs racons del m\u00f3n es pot contemplar tantes esp\u00e8cies d&#8217;aquest captivador animal ni tants exemplars junts. En&hellip; <a class=\"arrow\" href=\"https:\/\/www.oceanografic.org\/va\/taurons\/\">Continua<\/a><\/p>\n","protected":false},"author":5,"featured_media":0,"parent":0,"menu_order":0,"comment_status":"closed","ping_status":"closed","template":"template-tiburones.php","meta":{"_acf_changed":false,"footnotes":""},"class_list":["post-24195","page","type-page","status-publish","hentry"],"acf":[],"yoast_head":"<!-- This site is optimized with the Yoast SEO plugin v27.5 - https:\/\/yoast.com\/product\/yoast-seo-wordpress\/ -->\n<title>Cara a cara amb taurons - Oceanogr\u00e0fic de Val\u00e8ncia<\/title>\n<meta name=\"robots\" content=\"index, follow, max-snippet:-1, max-image-preview:large, max-video-preview:-1\" \/>\n<link rel=\"canonical\" href=\"https:\/\/www.oceanografic.org\/va\/taurons\/\" \/>\n<meta property=\"og:locale\" content=\"en_US\" \/>\n<meta property=\"og:type\" content=\"article\" \/>\n<meta property=\"og:title\" content=\"Cara a cara amb taurons - Oceanogr\u00e0fic de Val\u00e8ncia\" \/>\n<meta property=\"og:description\" content=\"Oceanogr\u00e0fic\u00a0Val\u00e8ncia. L&#8217;aquari amb m\u00e9s taurons d&#8217;Europa. Aquest 2020, l&#8217;Oceanogr\u00e0fic\u00a0Val\u00e8ncia proposa un viatge a trav\u00e9s de tots els mars amb recorreguts i activitats espec\u00edfiques per a con\u00e9ixer a l&#8217;animal m\u00e9s ic\u00f2nic de tots els oceans: el taur\u00f3. En molt pocs racons del m\u00f3n es pot contemplar tantes esp\u00e8cies d&#8217;aquest captivador animal ni tants exemplars junts. En&hellip; Continua\" \/>\n<meta property=\"og:url\" content=\"https:\/\/www.oceanografic.org\/va\/taurons\/\" \/>\n<meta property=\"og:site_name\" content=\"Oceanogr\u00e0fic de Val\u00e8ncia\" \/>\n<meta property=\"article:publisher\" content=\"https:\/\/www.facebook.com\/oceanograficvl\" \/>\n<meta property=\"article:modified_time\" content=\"2019-12-18T08:33:49+00:00\" \/>\n<meta name=\"twitter:card\" content=\"summary_large_image\" \/>\n<meta name=\"twitter:site\" content=\"@Oceanografic_vl\" \/>\n<script type=\"application\/ld+json\" class=\"yoast-schema-graph\">{\"@context\":\"https:\\\/\\\/schema.org\",\"@graph\":[{\"@type\":\"WebPage\",\"@id\":\"https:\\\/\\\/www.oceanografic.org\\\/va\\\/taurons\\\/\",\"url\":\"https:\\\/\\\/www.oceanografic.org\\\/va\\\/taurons\\\/\",\"name\":\"Cara a cara amb taurons - Oceanogr\u00e0fic de Val\u00e8ncia\",\"isPartOf\":{\"@id\":\"https:\\\/\\\/www.oceanografic.org\\\/va\\\/#website\"},\"datePublished\":\"2019-03-04T14:59:17+00:00\",\"dateModified\":\"2019-12-18T08:33:49+00:00\",\"breadcrumb\":{\"@id\":\"https:\\\/\\\/www.oceanografic.org\\\/va\\\/taurons\\\/#breadcrumb\"},\"inLanguage\":\"va\",\"potentialAction\":[{\"@type\":\"ReadAction\",\"target\":[\"https:\\\/\\\/www.oceanografic.org\\\/va\\\/taurons\\\/\"]}]},{\"@type\":\"BreadcrumbList\",\"@id\":\"https:\\\/\\\/www.oceanografic.org\\\/va\\\/taurons\\\/#breadcrumb\",\"itemListElement\":[{\"@type\":\"ListItem\",\"position\":1,\"name\":\"Portada\",\"item\":\"https:\\\/\\\/www.oceanografic.org\\\/va\\\/\"},{\"@type\":\"ListItem\",\"position\":2,\"name\":\"Cara a cara amb taurons\"}]},{\"@type\":\"WebSite\",\"@id\":\"https:\\\/\\\/www.oceanografic.org\\\/va\\\/#website\",\"url\":\"https:\\\/\\\/www.oceanografic.org\\\/va\\\/\",\"name\":\"Oceanogr\u00e0fic de Val\u00e8ncia\",\"description\":\"\",\"publisher\":{\"@id\":\"https:\\\/\\\/www.oceanografic.org\\\/va\\\/#organization\"},\"potentialAction\":[{\"@type\":\"SearchAction\",\"target\":{\"@type\":\"EntryPoint\",\"urlTemplate\":\"https:\\\/\\\/www.oceanografic.org\\\/va\\\/?s={search_term_string}\"},\"query-input\":{\"@type\":\"PropertyValueSpecification\",\"valueRequired\":true,\"valueName\":\"search_term_string\"}}],\"inLanguage\":\"va\"},{\"@type\":\"Organization\",\"@id\":\"https:\\\/\\\/www.oceanografic.org\\\/va\\\/#organization\",\"name\":\"Oceanogr\u00e0fic de Val\u00e8ncia\",\"url\":\"https:\\\/\\\/www.oceanografic.org\\\/va\\\/\",\"logo\":{\"@type\":\"ImageObject\",\"inLanguage\":\"va\",\"@id\":\"https:\\\/\\\/www.oceanografic.org\\\/va\\\/#\\\/schema\\\/logo\\\/image\\\/\",\"url\":\"https:\\\/\\\/www.oceanografic.org\\\/wp-content\\\/uploads\\\/2024\\\/10\\\/Logo-OCE.png\",\"contentUrl\":\"https:\\\/\\\/www.oceanografic.org\\\/wp-content\\\/uploads\\\/2024\\\/10\\\/Logo-OCE.png\",\"width\":3543,\"height\":1286,\"caption\":\"Oceanogr\u00e0fic de Val\u00e8ncia\"},\"image\":{\"@id\":\"https:\\\/\\\/www.oceanografic.org\\\/va\\\/#\\\/schema\\\/logo\\\/image\\\/\"},\"sameAs\":[\"https:\\\/\\\/www.facebook.com\\\/oceanograficvl\",\"https:\\\/\\\/x.com\\\/Oceanografic_vl\"]}]}<\/script>\n<!-- \/ Yoast SEO plugin. -->","yoast_head_json":{"title":"Cara a cara amb taurons - Oceanogr\u00e0fic de Val\u00e8ncia","robots":{"index":"index","follow":"follow","max-snippet":"max-snippet:-1","max-image-preview":"max-image-preview:large","max-video-preview":"max-video-preview:-1"},"canonical":"https:\/\/www.oceanografic.org\/va\/taurons\/","og_locale":"en_US","og_type":"article","og_title":"Cara a cara amb taurons - Oceanogr\u00e0fic de Val\u00e8ncia","og_description":"Oceanogr\u00e0fic\u00a0Val\u00e8ncia. L&#8217;aquari amb m\u00e9s taurons d&#8217;Europa. Aquest 2020, l&#8217;Oceanogr\u00e0fic\u00a0Val\u00e8ncia proposa un viatge a trav\u00e9s de tots els mars amb recorreguts i activitats espec\u00edfiques per a con\u00e9ixer a l&#8217;animal m\u00e9s ic\u00f2nic de tots els oceans: el taur\u00f3. En molt pocs racons del m\u00f3n es pot contemplar tantes esp\u00e8cies d&#8217;aquest captivador animal ni tants exemplars junts. En&hellip; Continua","og_url":"https:\/\/www.oceanografic.org\/va\/taurons\/","og_site_name":"Oceanogr\u00e0fic de Val\u00e8ncia","article_publisher":"https:\/\/www.facebook.com\/oceanograficvl","article_modified_time":"2019-12-18T08:33:49+00:00","twitter_card":"summary_large_image","twitter_site":"@Oceanografic_vl","schema":{"@context":"https:\/\/schema.org","@graph":[{"@type":"WebPage","@id":"https:\/\/www.oceanografic.org\/va\/taurons\/","url":"https:\/\/www.oceanografic.org\/va\/taurons\/","name":"Cara a cara amb taurons - Oceanogr\u00e0fic de Val\u00e8ncia","isPartOf":{"@id":"https:\/\/www.oceanografic.org\/va\/#website"},"datePublished":"2019-03-04T14:59:17+00:00","dateModified":"2019-12-18T08:33:49+00:00","breadcrumb":{"@id":"https:\/\/www.oceanografic.org\/va\/taurons\/#breadcrumb"},"inLanguage":"va","potentialAction":[{"@type":"ReadAction","target":["https:\/\/www.oceanografic.org\/va\/taurons\/"]}]},{"@type":"BreadcrumbList","@id":"https:\/\/www.oceanografic.org\/va\/taurons\/#breadcrumb","itemListElement":[{"@type":"ListItem","position":1,"name":"Portada","item":"https:\/\/www.oceanografic.org\/va\/"},{"@type":"ListItem","position":2,"name":"Cara a cara amb taurons"}]},{"@type":"WebSite","@id":"https:\/\/www.oceanografic.org\/va\/#website","url":"https:\/\/www.oceanografic.org\/va\/","name":"Oceanogr\u00e0fic de Val\u00e8ncia","description":"","publisher":{"@id":"https:\/\/www.oceanografic.org\/va\/#organization"},"potentialAction":[{"@type":"SearchAction","target":{"@type":"EntryPoint","urlTemplate":"https:\/\/www.oceanografic.org\/va\/?s={search_term_string}"},"query-input":{"@type":"PropertyValueSpecification","valueRequired":true,"valueName":"search_term_string"}}],"inLanguage":"va"},{"@type":"Organization","@id":"https:\/\/www.oceanografic.org\/va\/#organization","name":"Oceanogr\u00e0fic de Val\u00e8ncia","url":"https:\/\/www.oceanografic.org\/va\/","logo":{"@type":"ImageObject","inLanguage":"va","@id":"https:\/\/www.oceanografic.org\/va\/#\/schema\/logo\/image\/","url":"https:\/\/www.oceanografic.org\/wp-content\/uploads\/2024\/10\/Logo-OCE.png","contentUrl":"https:\/\/www.oceanografic.org\/wp-content\/uploads\/2024\/10\/Logo-OCE.png","width":3543,"height":1286,"caption":"Oceanogr\u00e0fic de Val\u00e8ncia"},"image":{"@id":"https:\/\/www.oceanografic.org\/va\/#\/schema\/logo\/image\/"},"sameAs":["https:\/\/www.facebook.com\/oceanograficvl","https:\/\/x.com\/Oceanografic_vl"]}]}},"_links":{"self":[{"href":"https:\/\/www.oceanografic.org\/va\/wp-json\/wp\/v2\/pages\/24195","targetHints":{"allow":["GET"]}}],"collection":[{"href":"https:\/\/www.oceanografic.org\/va\/wp-json\/wp\/v2\/pages"}],"about":[{"href":"https:\/\/www.oceanografic.org\/va\/wp-json\/wp\/v2\/types\/page"}],"author":[{"embeddable":true,"href":"https:\/\/www.oceanografic.org\/va\/wp-json\/wp\/v2\/users\/5"}],"replies":[{"embeddable":true,"href":"https:\/\/www.oceanografic.org\/va\/wp-json\/wp\/v2\/comments?post=24195"}],"version-history":[{"count":0,"href":"https:\/\/www.oceanografic.org\/va\/wp-json\/wp\/v2\/pages\/24195\/revisions"}],"wp:attachment":[{"href":"https:\/\/www.oceanografic.org\/va\/wp-json\/wp\/v2\/media?parent=24195"}],"curies":[{"name":"wp","href":"https:\/\/api.w.org\/{rel}","templated":true}]}}