{"id":21933,"date":"2018-06-14T16:27:37","date_gmt":"2018-06-14T16:27:37","guid":{"rendered":"https:\/\/www.oceanografic.local\/escolars\/informacion-para-el-profesor\/"},"modified":"2025-08-07T12:50:00","modified_gmt":"2025-08-07T12:50:00","slug":"informacio-per-al-professorat","status":"publish","type":"page","link":"https:\/\/www.oceanografic.org\/va\/actividades-educativas\/informacio-per-al-professorat\/","title":{"rendered":"Informaci\u00f3n per al docent"},"content":{"rendered":"","protected":false},"excerpt":{"rendered":"","protected":false},"author":2,"featured_media":61563,"parent":59977,"menu_order":0,"comment_status":"closed","ping_status":"closed","template":"template-blocks-collapsable.php","meta":{"_acf_changed":false,"footnotes":""},"class_list":["post-21933","page","type-page","status-publish","has-post-thumbnail","hentry"],"acf":[],"yoast_head":"<!-- This site is optimized with the Yoast SEO plugin v27.5 - https:\/\/yoast.com\/product\/yoast-seo-wordpress\/ -->\n<title>Informaci\u00f3n per al docent - Oceanogr\u00e0fic de Val\u00e8ncia<\/title>\n<meta name=\"robots\" content=\"index, follow, max-snippet:-1, max-image-preview:large, max-video-preview:-1\" \/>\n<link rel=\"canonical\" href=\"https:\/\/www.oceanografic.org\/va\/actividades-educativas\/informacio-per-al-professorat\/\" \/>\n<meta property=\"og:locale\" content=\"en_US\" \/>\n<meta property=\"og:type\" content=\"article\" \/>\n<meta property=\"og:title\" content=\"Informaci\u00f3n per al docent - Oceanogr\u00e0fic de Val\u00e8ncia\" \/>\n<meta property=\"og:url\" content=\"https:\/\/www.oceanografic.org\/va\/actividades-educativas\/informacio-per-al-professorat\/\" \/>\n<meta property=\"og:site_name\" content=\"Oceanogr\u00e0fic de Val\u00e8ncia\" \/>\n<meta property=\"article:publisher\" content=\"https:\/\/www.facebook.com\/oceanograficvl\" \/>\n<meta property=\"article:modified_time\" content=\"2025-08-07T12:50:00+00:00\" \/>\n<meta property=\"og:image\" content=\"https:\/\/www.oceanografic.org\/wp-content\/uploads\/2018\/06\/OCEANOGRAFIC_083.jpg\" \/>\n\t<meta property=\"og:image:width\" content=\"1280\" \/>\n\t<meta property=\"og:image:height\" content=\"853\" \/>\n\t<meta property=\"og:image:type\" content=\"image\/jpeg\" \/>\n<meta name=\"twitter:card\" content=\"summary_large_image\" \/>\n<meta name=\"twitter:site\" content=\"@Oceanografic_vl\" \/>\n<meta name=\"twitter:label1\" content=\"Est. reading time\" \/>\n\t<meta name=\"twitter:data1\" content=\"1 minute\" \/>\n<script type=\"application\/ld+json\" class=\"yoast-schema-graph\">{\"@context\":\"https:\\\/\\\/schema.org\",\"@graph\":[{\"@type\":\"WebPage\",\"@id\":\"https:\\\/\\\/www.oceanografic.org\\\/va\\\/actividades-educativas\\\/informacio-per-al-professorat\\\/\",\"url\":\"https:\\\/\\\/www.oceanografic.org\\\/va\\\/actividades-educativas\\\/informacio-per-al-professorat\\\/\",\"name\":\"Informaci\u00f3n per al docent - Oceanogr\u00e0fic de Val\u00e8ncia\",\"isPartOf\":{\"@id\":\"https:\\\/\\\/www.oceanografic.org\\\/va\\\/#website\"},\"primaryImageOfPage\":{\"@id\":\"https:\\\/\\\/www.oceanografic.org\\\/va\\\/actividades-educativas\\\/informacio-per-al-professorat\\\/#primaryimage\"},\"image\":{\"@id\":\"https:\\\/\\\/www.oceanografic.org\\\/va\\\/actividades-educativas\\\/informacio-per-al-professorat\\\/#primaryimage\"},\"thumbnailUrl\":\"https:\\\/\\\/www.oceanografic.org\\\/wp-content\\\/uploads\\\/2018\\\/06\\\/OCEANOGRAFIC_083.jpg\",\"datePublished\":\"2018-06-14T16:27:37+00:00\",\"dateModified\":\"2025-08-07T12:50:00+00:00\",\"breadcrumb\":{\"@id\":\"https:\\\/\\\/www.oceanografic.org\\\/va\\\/actividades-educativas\\\/informacio-per-al-professorat\\\/#breadcrumb\"},\"inLanguage\":\"va\",\"potentialAction\":[{\"@type\":\"ReadAction\",\"target\":[\"https:\\\/\\\/www.oceanografic.org\\\/va\\\/actividades-educativas\\\/informacio-per-al-professorat\\\/\"]}]},{\"@type\":\"ImageObject\",\"inLanguage\":\"va\",\"@id\":\"https:\\\/\\\/www.oceanografic.org\\\/va\\\/actividades-educativas\\\/informacio-per-al-professorat\\\/#primaryimage\",\"url\":\"https:\\\/\\\/www.oceanografic.org\\\/wp-content\\\/uploads\\\/2018\\\/06\\\/OCEANOGRAFIC_083.jpg\",\"contentUrl\":\"https:\\\/\\\/www.oceanografic.org\\\/wp-content\\\/uploads\\\/2018\\\/06\\\/OCEANOGRAFIC_083.jpg\",\"width\":1280,\"height\":853},{\"@type\":\"BreadcrumbList\",\"@id\":\"https:\\\/\\\/www.oceanografic.org\\\/va\\\/actividades-educativas\\\/informacio-per-al-professorat\\\/#breadcrumb\",\"itemListElement\":[{\"@type\":\"ListItem\",\"position\":1,\"name\":\"Portada\",\"item\":\"https:\\\/\\\/www.oceanografic.org\\\/va\\\/\"},{\"@type\":\"ListItem\",\"position\":2,\"name\":\"Activitats educatives\",\"item\":\"https:\\\/\\\/www.oceanografic.org\\\/va\\\/actividades-educativas\\\/\"},{\"@type\":\"ListItem\",\"position\":3,\"name\":\"Informaci\u00f3n per al docent\"}]},{\"@type\":\"WebSite\",\"@id\":\"https:\\\/\\\/www.oceanografic.org\\\/va\\\/#website\",\"url\":\"https:\\\/\\\/www.oceanografic.org\\\/va\\\/\",\"name\":\"Oceanogr\u00e0fic de Val\u00e8ncia\",\"description\":\"\",\"publisher\":{\"@id\":\"https:\\\/\\\/www.oceanografic.org\\\/va\\\/#organization\"},\"potentialAction\":[{\"@type\":\"SearchAction\",\"target\":{\"@type\":\"EntryPoint\",\"urlTemplate\":\"https:\\\/\\\/www.oceanografic.org\\\/va\\\/?s={search_term_string}\"},\"query-input\":{\"@type\":\"PropertyValueSpecification\",\"valueRequired\":true,\"valueName\":\"search_term_string\"}}],\"inLanguage\":\"va\"},{\"@type\":\"Organization\",\"@id\":\"https:\\\/\\\/www.oceanografic.org\\\/va\\\/#organization\",\"name\":\"Oceanogr\u00e0fic de Val\u00e8ncia\",\"url\":\"https:\\\/\\\/www.oceanografic.org\\\/va\\\/\",\"logo\":{\"@type\":\"ImageObject\",\"inLanguage\":\"va\",\"@id\":\"https:\\\/\\\/www.oceanografic.org\\\/va\\\/#\\\/schema\\\/logo\\\/image\\\/\",\"url\":\"https:\\\/\\\/www.oceanografic.org\\\/wp-content\\\/uploads\\\/2024\\\/10\\\/Logo-OCE.png\",\"contentUrl\":\"https:\\\/\\\/www.oceanografic.org\\\/wp-content\\\/uploads\\\/2024\\\/10\\\/Logo-OCE.png\",\"width\":3543,\"height\":1286,\"caption\":\"Oceanogr\u00e0fic de Val\u00e8ncia\"},\"image\":{\"@id\":\"https:\\\/\\\/www.oceanografic.org\\\/va\\\/#\\\/schema\\\/logo\\\/image\\\/\"},\"sameAs\":[\"https:\\\/\\\/www.facebook.com\\\/oceanograficvl\",\"https:\\\/\\\/x.com\\\/Oceanografic_vl\"]}]}<\/script>\n<!-- \/ Yoast SEO plugin. -->","yoast_head_json":{"title":"Informaci\u00f3n per al docent - Oceanogr\u00e0fic de Val\u00e8ncia","robots":{"index":"index","follow":"follow","max-snippet":"max-snippet:-1","max-image-preview":"max-image-preview:large","max-video-preview":"max-video-preview:-1"},"canonical":"https:\/\/www.oceanografic.org\/va\/actividades-educativas\/informacio-per-al-professorat\/","og_locale":"en_US","og_type":"article","og_title":"Informaci\u00f3n per al docent - Oceanogr\u00e0fic de Val\u00e8ncia","og_url":"https:\/\/www.oceanografic.org\/va\/actividades-educativas\/informacio-per-al-professorat\/","og_site_name":"Oceanogr\u00e0fic de Val\u00e8ncia","article_publisher":"https:\/\/www.facebook.com\/oceanograficvl","article_modified_time":"2025-08-07T12:50:00+00:00","og_image":[{"width":1280,"height":853,"url":"https:\/\/www.oceanografic.org\/wp-content\/uploads\/2018\/06\/OCEANOGRAFIC_083.jpg","type":"image\/jpeg"}],"twitter_card":"summary_large_image","twitter_site":"@Oceanografic_vl","twitter_misc":{"Est. reading time":"1 minute"},"schema":{"@context":"https:\/\/schema.org","@graph":[{"@type":"WebPage","@id":"https:\/\/www.oceanografic.org\/va\/actividades-educativas\/informacio-per-al-professorat\/","url":"https:\/\/www.oceanografic.org\/va\/actividades-educativas\/informacio-per-al-professorat\/","name":"Informaci\u00f3n per al docent - Oceanogr\u00e0fic de Val\u00e8ncia","isPartOf":{"@id":"https:\/\/www.oceanografic.org\/va\/#website"},"primaryImageOfPage":{"@id":"https:\/\/www.oceanografic.org\/va\/actividades-educativas\/informacio-per-al-professorat\/#primaryimage"},"image":{"@id":"https:\/\/www.oceanografic.org\/va\/actividades-educativas\/informacio-per-al-professorat\/#primaryimage"},"thumbnailUrl":"https:\/\/www.oceanografic.org\/wp-content\/uploads\/2018\/06\/OCEANOGRAFIC_083.jpg","datePublished":"2018-06-14T16:27:37+00:00","dateModified":"2025-08-07T12:50:00+00:00","breadcrumb":{"@id":"https:\/\/www.oceanografic.org\/va\/actividades-educativas\/informacio-per-al-professorat\/#breadcrumb"},"inLanguage":"va","potentialAction":[{"@type":"ReadAction","target":["https:\/\/www.oceanografic.org\/va\/actividades-educativas\/informacio-per-al-professorat\/"]}]},{"@type":"ImageObject","inLanguage":"va","@id":"https:\/\/www.oceanografic.org\/va\/actividades-educativas\/informacio-per-al-professorat\/#primaryimage","url":"https:\/\/www.oceanografic.org\/wp-content\/uploads\/2018\/06\/OCEANOGRAFIC_083.jpg","contentUrl":"https:\/\/www.oceanografic.org\/wp-content\/uploads\/2018\/06\/OCEANOGRAFIC_083.jpg","width":1280,"height":853},{"@type":"BreadcrumbList","@id":"https:\/\/www.oceanografic.org\/va\/actividades-educativas\/informacio-per-al-professorat\/#breadcrumb","itemListElement":[{"@type":"ListItem","position":1,"name":"Portada","item":"https:\/\/www.oceanografic.org\/va\/"},{"@type":"ListItem","position":2,"name":"Activitats educatives","item":"https:\/\/www.oceanografic.org\/va\/actividades-educativas\/"},{"@type":"ListItem","position":3,"name":"Informaci\u00f3n per al docent"}]},{"@type":"WebSite","@id":"https:\/\/www.oceanografic.org\/va\/#website","url":"https:\/\/www.oceanografic.org\/va\/","name":"Oceanogr\u00e0fic de Val\u00e8ncia","description":"","publisher":{"@id":"https:\/\/www.oceanografic.org\/va\/#organization"},"potentialAction":[{"@type":"SearchAction","target":{"@type":"EntryPoint","urlTemplate":"https:\/\/www.oceanografic.org\/va\/?s={search_term_string}"},"query-input":{"@type":"PropertyValueSpecification","valueRequired":true,"valueName":"search_term_string"}}],"inLanguage":"va"},{"@type":"Organization","@id":"https:\/\/www.oceanografic.org\/va\/#organization","name":"Oceanogr\u00e0fic de Val\u00e8ncia","url":"https:\/\/www.oceanografic.org\/va\/","logo":{"@type":"ImageObject","inLanguage":"va","@id":"https:\/\/www.oceanografic.org\/va\/#\/schema\/logo\/image\/","url":"https:\/\/www.oceanografic.org\/wp-content\/uploads\/2024\/10\/Logo-OCE.png","contentUrl":"https:\/\/www.oceanografic.org\/wp-content\/uploads\/2024\/10\/Logo-OCE.png","width":3543,"height":1286,"caption":"Oceanogr\u00e0fic de Val\u00e8ncia"},"image":{"@id":"https:\/\/www.oceanografic.org\/va\/#\/schema\/logo\/image\/"},"sameAs":["https:\/\/www.facebook.com\/oceanograficvl","https:\/\/x.com\/Oceanografic_vl"]}]}},"_links":{"self":[{"href":"https:\/\/www.oceanografic.org\/va\/wp-json\/wp\/v2\/pages\/21933","targetHints":{"allow":["GET"]}}],"collection":[{"href":"https:\/\/www.oceanografic.org\/va\/wp-json\/wp\/v2\/pages"}],"about":[{"href":"https:\/\/www.oceanografic.org\/va\/wp-json\/wp\/v2\/types\/page"}],"author":[{"embeddable":true,"href":"https:\/\/www.oceanografic.org\/va\/wp-json\/wp\/v2\/users\/2"}],"replies":[{"embeddable":true,"href":"https:\/\/www.oceanografic.org\/va\/wp-json\/wp\/v2\/comments?post=21933"}],"version-history":[{"count":3,"href":"https:\/\/www.oceanografic.org\/va\/wp-json\/wp\/v2\/pages\/21933\/revisions"}],"predecessor-version":[{"id":61566,"href":"https:\/\/www.oceanografic.org\/va\/wp-json\/wp\/v2\/pages\/21933\/revisions\/61566"}],"up":[{"embeddable":true,"href":"https:\/\/www.oceanografic.org\/va\/wp-json\/wp\/v2\/pages\/59977"}],"wp:featuredmedia":[{"embeddable":true,"href":"https:\/\/www.oceanografic.org\/va\/wp-json\/wp\/v2\/media\/61563"}],"wp:attachment":[{"href":"https:\/\/www.oceanografic.org\/va\/wp-json\/wp\/v2\/media?parent=21933"}],"curies":[{"name":"wp","href":"https:\/\/api.w.org\/{rel}","templated":true}]}}