{"id":21772,"date":"2018-06-15T10:54:09","date_gmt":"2018-06-15T10:54:09","guid":{"rendered":"https:\/\/www.oceanografic.local\/politica-de-privacidad\/"},"modified":"2024-07-31T06:50:50","modified_gmt":"2024-07-31T06:50:50","slug":"politica-de-privacidad","status":"publish","type":"page","link":"https:\/\/www.oceanografic.org\/va\/politica-de-privacidad\/","title":{"rendered":"Pol\u00edtica de privacitat"},"content":{"rendered":"<p>Avanqua Oceanogr\u00e0fic SL (d&#8217;ara endavant, \u201cAvanqua Oceanogr\u00e0fic\u201d) en compliment de la normativa de protecci\u00f3 de dades personals, informa l&#8217;usuari del present lloc web (d&#8217;ara endavant, l&#8217;\u201cUsuari\u201d), contingut a la present p\u00e0gina web (d&#8217;ara endavant, el Lloc Web), de les condicions seg\u00fcents, que regiran el tractament de les seves dades personals en el marc de l&#8217;ocupaci\u00f3 i interacci\u00f3 amb el Lloc Web, aix\u00ed com el tractament de les seves dades quant al contacte que pugui establir amb el titular.<\/p>\n<ol>\n<li><strong>Qui \u00e9s el Responsable del tractament de les vostres dades?<\/strong><\/li>\n<\/ol>\n<table width=\"576\">\n<tbody>\n<tr>\n<td width=\"140\"><strong>Responsable<\/strong><\/td>\n<td width=\"437\">Avanqua Oceanogr\u00e0fic S.L<\/td>\n<\/tr>\n<tr>\n<td width=\"140\"><strong>NIF<\/strong><\/td>\n<td width=\"437\">B-98725252<\/td>\n<\/tr>\n<tr>\n<td width=\"140\"><strong>Domicili social<\/strong><\/td>\n<td width=\"437\">Gran V\u00eda Marqu\u00e9s del T\u00faria, 19. 46005 (Valencia)<\/td>\n<\/tr>\n<tr>\n<td width=\"140\"><strong>Correu electr\u00f2nic<\/strong><\/td>\n<td width=\"437\"><a href=\"mailto:protecciondatos@oceanografic.org\">protecciondatos@oceanografic.org<\/a><\/td>\n<\/tr>\n<tr>\n<td width=\"140\"><strong>Tel\u00e8fon<\/strong><\/td>\n<td width=\"437\">960470647<\/td>\n<\/tr>\n<tr>\n<td width=\"140\"><strong>Delegat de Protecci\u00f3 de Dades (DPO)<\/strong><\/td>\n<td width=\"437\">&nbsp;<\/p>\n<p><a href=\"mailto:protecciondatos@oceanografic.org\">protecciondatos@oceanografic.org<\/a><\/td>\n<\/tr>\n<\/tbody>\n<\/table>\n<ol start=\"2\">\n<li><strong>Quins tractaments de dades personals realitzem?<\/strong><\/li>\n<\/ol>\n<p>Les dades personals de l&#8217;Usuari seran tractades per Avanqua Oceanogr\u00e0fic SL amb les finalitats seg\u00fcents i sobre les bases de legitimaci\u00f3 seg\u00fcents:<\/p>\n<p><strong>Finalitat 1: atenci\u00f3 de comunicacions, resoluci\u00f3 d&#8217;incid\u00e8ncies i reclamacions, aix\u00ed com sol\u00b7licituds d&#8217;informaci\u00f3 i resoluci\u00f3 d&#8217;altres consultes<\/strong><\/p>\n<ul>\n<li><strong>Dades tractades amb aquesta finalitat:<\/strong>dades identificatives i de contacte comunicades a trav\u00e9s dels mitjans proporcionats per Avanqua Oceanogr\u00e0fic SL, com els formularis del Lloc Web, correu electr\u00f2nic o tel\u00e8fon. Concretament, i entre altres dades que es poguessin comunicar en funci\u00f3 de la consulta o comunicaci\u00f3 concreta que es traslladi, es preveu el tractament del nom, cognoms, adre\u00e7a de correu electr\u00f2nic, tel\u00e8fon, c\u00e0rrec professional i empresa o entitat on treballa l&#8217;Usuari .<\/li>\n<li><strong>Descripci\u00f3 de la finalitat:<\/strong>atendre la consulta plantejada i facilitar aquella informaci\u00f3 sol\u00b7licitada per l&#8217;usuari.<\/li>\n<li><strong>Base de legitimaci\u00f3:<\/strong>consentiment de l&#8217;Usuari mitjan\u00e7ant l&#8217;acceptaci\u00f3 al tractament de les seves dades amb la finalitat indicada a la informaci\u00f3 b\u00e0sica de protecci\u00f3 de dades i la pol\u00edtica de privadesa.<\/li>\n<li><strong>Termini de conservaci\u00f3<\/strong>: necessari per resoldre la consulta o facilitar-li la informaci\u00f3 sol\u00b7licitada, resoldre la reclamaci\u00f3 o incid\u00e8ncia, aix\u00ed com per atendre les possibles responsabilitats o obligacions legals que se&#8217;n poguessin derivar, podent conservar les seves dades degudament bloquejades posteriorment almenys 5 anys sent el termini general de prescripci\u00f3 de les accions personals.<\/li>\n<\/ul>\n<p><strong>Finalitat 2: gesti\u00f3 de la relaci\u00f3 comercial amb el client incloent-hi reserves d&#8217;activitats i restauraci\u00f3.<\/strong><\/p>\n<ul>\n<li><strong>Dades tractades amb aquesta finalitat:<\/strong>dades identificatives, de contacte i, si escau, de naturalesa econ\u00f2mica, formativa i acad\u00e8mica, comunicades a trav\u00e9s dels mitjans proporcionats per Avanqua Oceanogr\u00e0fic SL, com els formularis del Lloc Web, correu electr\u00f2nic, tel\u00e8fon, o durant el desenvolupament de la relaci\u00f3 comercial amb Avanqua Oceanogr\u00e0fic SL Concretament, i entre altres dades que es poguessin comunicar, es preveu el tractament del nom, cognoms, adre\u00e7a de correu electr\u00f2nic, tel\u00e8fon, domicili de lliurament o dades de transaccions i financers necessaris per dur a terme loperaci\u00f3 de compra realitzada i el lliurament dels b\u00e9ns adquirits.<\/li>\n<li><strong>Descripci\u00f3 de la finalitat:<\/strong>gestionar, en el marc de prestaci\u00f3 dels seus serveis, tots els aspectes que es poguessin derivar de la relaci\u00f3 comercial entaulada amb Avanqua Oceanogr\u00e0fic SL per ra\u00f3 de la compra d&#8217;entrades o productes a la seva botiga online i\/o de la relaci\u00f3 entaulada amb Avanqua Oceanogr\u00e0fic SL incloent gesti\u00f3 de dades de reserva o cites concertades.<\/li>\n<li><strong>Base de legitimaci\u00f3:<\/strong>execuci\u00f3 de la relaci\u00f3 contractual.<\/li>\n<li><strong>Termini de conservaci\u00f3<\/strong>: mentre duri la relaci\u00f3 contractual, aix\u00ed com per atendre les possibles responsabilitats o obligacions legals que se&#8217;n poguessin derivar, podent conservar les seves dades degudament bloquejades posteriorment almenys 5 anys sent el termini general de prescripci\u00f3 de les accions personals.<\/li>\n<\/ul>\n<p><strong>Finalitat 3: anal\u00edtica de dades per mitj\u00e0 de cookies<\/strong><\/p>\n<ul>\n<li><strong>Dades tractades amb aquesta finalitat:<\/strong>en funci\u00f3 del cas, es poden tractar dades identificatives, de contacte i de navegaci\u00f3. Per exemple: h\u00e0bits de navegaci\u00f3 (patrons de navegaci\u00f3, funcionalitats i serveis m\u00e9s sol\u00b7licitats, prefer\u00e8ncies, etc) o identificadors de la navegaci\u00f3 (dispositiu de navegaci\u00f3 o adre\u00e7a IP).<\/li>\n<li><strong>Descripci\u00f3 de la finalitat:<\/strong>analitzar la navegaci\u00f3 de l&#8217;Usuari al Lloc Web per con\u00e8ixer els patrons de navegaci\u00f3, millorar el Lloc Web i l&#8217;experi\u00e8ncia de l&#8217;Usuari.<\/li>\n<li><strong>Base de legitimaci\u00f3<\/strong>: consentiment de l&#8217;interessat, atorgat mitjan\u00e7ant l&#8217;acceptaci\u00f3 de la desc\u00e0rrega de cookies a l&#8217;av\u00eds de cookies ofert en ingressar al Lloc Web.<\/li>\n<li><strong>Termini de conservaci\u00f3<\/strong>: mentre no traieu el consentiment i en concret per a cada galeta l&#8217;indicat a la columna \u201ccaducitat\u201d de l&#8217;apartat \u201c3. Quines galetes utilitzem?\u201d de la nostra <a href=\"\/?page_id=42464\">Pol\u00edtica de Cookies<\/a>.<\/li>\n<\/ul>\n<p><strong>Finalitat 4: enviament de comunicacions comercials pr\u00f2pies<\/strong><\/p>\n<ul>\n<li><strong>Dades tractades amb aquesta finalitat<\/strong>: dades identificatives i de contacte, com ara nom, cognom i adre\u00e7a de correu electr\u00f2nic.<\/li>\n<li><strong>Descripci\u00f3 de la finalitat<\/strong>: enviar comunicacions comercials relacionades amb l&#8217;activitat d&#8217;Avanqua Oceanogr\u00e0fic SL<\/li>\n<\/ul>\n<ul>\n<li><strong>Base de legitimaci\u00f3:<\/strong>consentiment de l&#8217;usuari (destinatari de les comunicacions). L&#8217;Usuari, en qualsevol moment, pot retirar el consentiment prestat adre\u00e7ant-se per escrit a<a href=\"mailto:protecciondatos@oceanografic.org\">protecciondatos@oceanografic.org<\/a>.<\/li>\n<li><strong>Termini de conservaci\u00f3<\/strong>: el necessari per satisfer la finalitat indicada i mentre l&#8217;usuari no s&#8217;oposi al tractament o retiri el consentiment, aix\u00ed com per atendre les possibles responsabilitats o obligacions legals que se&#8217;n poguessin derivar, podent conservar les seves dades degudament bloquejades posteriorment almenys 5 anys sent el termini general de prescripci\u00f3 de les accions personals.<\/li>\n<\/ul>\n<p><strong>Finalitat 5: captaci\u00f3 de voluntaris<\/strong><\/p>\n<ul>\n<li><strong>Dades tractades amb aquesta finalitat<\/strong>: dades identificatives, de contacte i professionals, com ara el nom, cognom, edat (\u00fanicament amb la finalitat d&#8217;identificar persones amb plena capacitat d&#8217;obrar), adre\u00e7a de correu electr\u00f2nic, formaci\u00f3 acad\u00e8mica i experi\u00e8ncia pr\u00e8via.<\/li>\n<li><strong>Descripci\u00f3 de la finalitat<\/strong>: gesti\u00f3 de les candidatures de voluntariat que es poguessin publicar a cada moment, aix\u00ed com gestionar la base de dades recollides per mitjans electr\u00f2nics, a efectes de valorar noves incorporacions i desenvolupar el Programa de Voluntariat de la Fundaci\u00f3 Oceanogr\u00e0fic.<\/li>\n<li><strong>Base de legitimaci\u00f3: (i)<\/strong>establiment de relacions pr\u00e8vies precontractuals amb el candidat amb intenci\u00f3 de concloure un contracte de voluntariat, en el marc dels processos de voluntariat concrets i espec\u00edfics a qu\u00e8 concorri el remitent de les dades, podent sol\u00b7licitar-se el consentiment per a la conservaci\u00f3 de les seves dades per a futurs programes; (ii) consentiment de l&#8217;interessat en cas de remetre espont\u00e0niament i proactiva el seu perfil professional al Programa de Voluntariat, fora del marc d&#8217;un proc\u00e9s de selecci\u00f3 i oferta espec\u00edfica.<\/li>\n<li><strong>Termini de conservaci\u00f3<\/strong>: mentre duri el proc\u00e9s de selecci\u00f3 o revoqui el consentiment i en qualsevol cas durant no m\u00e9s de 2 anys, excepte si s&#8217;ha sol\u00b7licitat el consentiment del candidat per conservar-lo durant un termini m\u00e9s gran.<\/li>\n<\/ul>\n<p><strong>Finalitat 6: compliment d&#8217;obligacions legals<\/strong><\/p>\n<ul>\n<li><strong>Dades tractades amb aquesta finalitat<\/strong>: qualssevol dades personals que poguessin ser objecte de tractament en el marc del compliment de les obligacions legals a qu\u00e8 est\u00e0 subjecta Avanqua Oceanogr\u00e0fic SL<\/li>\n<li><strong>Descripci\u00f3 de la finalitat<\/strong>: donar compliment a qualsevol obligaci\u00f3 legal que result\u00e9s aplicable a Avanqua Oceanogr\u00e0fic SL<\/li>\n<li><strong>Base de legitimaci\u00f3:<\/strong>compliment de la concreta obligaci\u00f3 legal que hi \u00e9s aplicable.<\/li>\n<li><strong>Termini de conservaci\u00f3<\/strong>: l&#8217;indicat a la normativa d&#8217;aplicaci\u00f3 sobre la base de l&#8217;obligaci\u00f3 legal imposada a Avanqua Oceanogr\u00e0fic SL<\/li>\n<\/ul>\n<ol start=\"3\">\n<li><strong>A quins destinataris es comunicaran les vostres dades?<\/strong><\/li>\n<\/ol>\n<p>Avanqua Oceanogr\u00e0fic SL, per a una prestaci\u00f3 correcta dels serveis, podr\u00e0 comunicar les seves dades a prove\u00efdors que desenvoluparan les seves funcions sota la condici\u00f3 d&#8217;encarregats del tractament.<\/p>\n<p>Addicionalment us informem que determinades dades, en virtut de la normativa vigent o de la relaci\u00f3 contractual que mantingui Avanqua Oceanogr\u00e0fic S.L, podr\u00e1n ser comunicados a:<\/p>\n<ul>\n<li>Els bancs i les entitats financeres per al cobrament dels serveis contractats i\/o productes comprats.<\/li>\n<li>Administracions p\u00fabliques amb compet\u00e8ncia als sectors de l&#8217;activitat de Garc\u00eda Carri\u00f3n, quan aix\u00ed ho estableixi la normativa vigent.<\/li>\n<\/ul>\n<ol start=\"4\">\n<li><strong>S&#8217;efectuen transfer\u00e8ncies internacionals de les dades?<\/strong><\/li>\n<\/ol>\n<p>Avanqua Oceanogr\u00e0fic SL podria realitzar des d&#8217;aquest Lloc web transfer\u00e8ncies internacionals de dades derivades de l&#8217;acceptaci\u00f3 de les galetes:<\/p>\n<p>Google LLC, Microsoft, Microsoft Clarity, TikTok, Cloudflare, HubSpot aix\u00ed com Meta Platforms Inc. transfereixen dades als Estats Units en base al consentiment de l&#8217;usuari en acceptar les galetes.<\/p>\n<p>En acceptar les cookies d&#8217;aquestes entitats l&#8217;usuari consent que les seves dades personals que es puguin demanar a trav\u00e9s de la c\u00e0rrega i lectura de les cookies siguin transferides als Estats Units, pa\u00eds sobre el qual la Comissi\u00f3 Europea ha adoptat la Decisi\u00f3 d&#8217;adequaci\u00f3 del 10 de juliol de 2023,<a href=\"https:\/\/ec.europa.eu\/commission\/presscorner\/detail\/en\/ip_23_3721\">Marc de privadesa de dades UE-EUA<\/a>, declarant a les empreses localitzades als EUA que es troben adherides amb garanties adequades al nivell de protecci\u00f3 de la normativa europea.<\/p>\n<p>En cas que l&#8217;usuari no consenti aquesta transfer\u00e8ncia internacional de dades als Estats Units haur\u00e0 de rebutjar aquestes galetes no prestant-se ni obtenint-se les funcionalitats o serveis que s&#8217;ofereixen amb aquestes galetes.<\/p>\n<p>Pots informar-te de les transfer\u00e8ncies a tercers pa\u00efsos que, si escau, realitzen els tercers identificats a la pol\u00edtica de cookies en les seves pol\u00edtiques corresponents.<\/p>\n<ol start=\"5\">\n<li><strong>Quins s\u00f3n els vostres drets quan ens facilita les vostres dades?<\/strong><\/li>\n<\/ol>\n<p>Els drets de protecci\u00f3 de dades que podran exercir els interessats, quan escaiguin, s\u00f3n:<\/p>\n<ul>\n<li>Dret a sol\u00b7licitar l&#8217;acc\u00e9s a les dades personals relatives a l&#8217;interessat.<\/li>\n<li>Dret de rectificaci\u00f3 o supressi\u00f3.<\/li>\n<li>Dret d\u00b4oposici\u00f3.<\/li>\n<li>Dret a sol\u00b7licitar la limitaci\u00f3 del tractament.<\/li>\n<li>Dret a la portabilitat de les dades.<\/li>\n<li>Dret a no ser objecte de decisions basades \u00fanicament en el tractament automatitzat de dades.<\/li>\n<\/ul>\n<p>Els titulars de les dades personals obtingudes podran exercir els seus drets de protecci\u00f3 de dades personals dirigint una comunicaci\u00f3 per escrit al domicili social de Avanqua Oceanogr\u00e0fic SL o al correu electr\u00f2nic<a href=\"mailto:protecciondatos@oceanografic.org\">protecciondatos@oceanografic.org<\/a><\/p>\n<p>Models, formularis i m\u00e9s informaci\u00f3 disponible sobre els seus drets a la p\u00e0gina web de l&#8217;autoritat de control nacional, Ag\u00e8ncia Espanyola de Protecci\u00f3 de Dades, d&#8217;ara endavant, AEPD,<a href=\"http:\/\/www.aepd.es\">www.aepd.es<\/a><\/p>\n<ol start=\"6\">\n<li><strong>Puc retirar el consentiment?<\/strong><\/li>\n<\/ol>\n<p>Vost\u00e8 t\u00e9 la possibilitat i el dret a retirar el consentiment per a qualsevol finalitat espec\u00edfica atorgada al seu moment, sense que aix\u00f2 afecti la licitud del tractament basat en el consentiment previ a la seva retirada.<\/p>\n<ol start=\"7\">\n<li><strong>On puc reclamar si considereu que no es tracten les meves dades correctament?<\/strong><\/li>\n<\/ol>\n<p>Si algun interessat considera que les seves dades no s\u00f3n tractades correctament per Avanqua Oceanogr\u00e0fic SL o que les sol\u00b7licituds d&#8217;exercici de drets no han estat ateses de forma satisfact\u00f2ria, pot interposar una reclamaci\u00f3 davant de l&#8217;autoritat de protecci\u00f3 de dades que correspongui, sent l&#8217;AEPD la indicada al territori nacional,<a href=\"http:\/\/www.aepd.es\">www.aepd.es<\/a>.<\/p>\n<ol start=\"8\">\n<li><strong>Seguretat i actualitzaci\u00f3 de les vostres dades personals<\/strong><\/li>\n<\/ol>\n<p>Amb l&#8217;objectiu de salvaguardar la seguretat de les vostres dades personals, us informem que heu adoptat totes les mesures d&#8217;\u00edndole t\u00e8cnica i organitzativa necess\u00e0ries per garantir la seguretat de les dades personals subministrades. Tot aix\u00f2 per evitar la seva alteraci\u00f3, p\u00e8rdua i\/o tractaments o accessos no autoritzats, tal com exigeix \u200b\u200bla normativa, si b\u00e9 la seguretat absoluta no existeix.<\/p>\n<p>\u00c9s important que, perqu\u00e8 puguem mantenir les vostres dades personals actualitzades, ens informeu sempre que se&#8217;n produeixi una modificaci\u00f3.<\/p>\n<ol start=\"9\">\n<li><strong>Confidencialitat<\/strong><\/li>\n<\/ol>\n<p>Avanqua Oceanogr\u00e0fic SL us informa que les vostres dades seran tractades amb el m\u00e0xim zel i confidencialitat per tot el personal que intervingui en qualsevol de les fases del tractament. No cedirem ni comunicarem a cap tercer les vostres dades, excepte en els casos legalment previstos, o llevat que l&#8217;interessat ens hagu\u00e9s autoritzat expressament.<\/p>\n","protected":false},"excerpt":{"rendered":"<p>Avanqua Oceanogr\u00e0fic SL (d&#8217;ara endavant, \u201cAvanqua Oceanogr\u00e0fic\u201d) en compliment de la normativa de protecci\u00f3 de dades personals, informa l&#8217;usuari del present lloc web (d&#8217;ara endavant, l&#8217;\u201cUsuari\u201d), contingut a la present p\u00e0gina web (d&#8217;ara endavant, el Lloc Web), de les condicions seg\u00fcents, que regiran el tractament de les seves dades personals en el marc de l&#8217;ocupaci\u00f3&hellip; <a class=\"arrow\" href=\"https:\/\/www.oceanografic.org\/va\/politica-de-privacidad\/\">Continua<\/a><\/p>\n","protected":false},"author":2,"featured_media":0,"parent":0,"menu_order":0,"comment_status":"closed","ping_status":"closed","template":"template-legal.php","meta":{"_acf_changed":false,"footnotes":""},"class_list":["post-21772","page","type-page","status-publish","hentry"],"acf":[],"yoast_head":"<!-- This site is optimized with the Yoast SEO plugin v27.3 - https:\/\/yoast.com\/product\/yoast-seo-wordpress\/ -->\n<title>Pol\u00edtica de privacitat - Oceanogr\u00e0fic de Val\u00e8ncia<\/title>\n<meta name=\"robots\" content=\"index, follow, max-snippet:-1, max-image-preview:large, max-video-preview:-1\" \/>\n<link rel=\"canonical\" href=\"https:\/\/www.oceanografic.org\/va\/politica-de-privacidad\/\" \/>\n<meta property=\"og:locale\" content=\"en_US\" \/>\n<meta property=\"og:type\" content=\"article\" \/>\n<meta property=\"og:title\" content=\"Pol\u00edtica de privacitat - Oceanogr\u00e0fic de Val\u00e8ncia\" \/>\n<meta property=\"og:description\" content=\"Avanqua Oceanogr\u00e0fic SL (d&#8217;ara endavant, \u201cAvanqua Oceanogr\u00e0fic\u201d) en compliment de la normativa de protecci\u00f3 de dades personals, informa l&#8217;usuari del present lloc web (d&#8217;ara endavant, l&#8217;\u201cUsuari\u201d), contingut a la present p\u00e0gina web (d&#8217;ara endavant, el Lloc Web), de les condicions seg\u00fcents, que regiran el tractament de les seves dades personals en el marc de l&#8217;ocupaci\u00f3&hellip; Continua\" \/>\n<meta property=\"og:url\" content=\"https:\/\/www.oceanografic.org\/va\/politica-de-privacidad\/\" \/>\n<meta property=\"og:site_name\" content=\"Oceanogr\u00e0fic de Val\u00e8ncia\" \/>\n<meta property=\"article:publisher\" content=\"https:\/\/www.facebook.com\/oceanograficvl\" \/>\n<meta property=\"article:modified_time\" content=\"2024-07-31T06:50:50+00:00\" \/>\n<meta name=\"twitter:card\" content=\"summary_large_image\" \/>\n<meta name=\"twitter:site\" content=\"@Oceanografic_vl\" \/>\n<meta name=\"twitter:label1\" content=\"Est. reading time\" \/>\n\t<meta name=\"twitter:data1\" content=\"5 minutes\" \/>\n<script type=\"application\/ld+json\" class=\"yoast-schema-graph\">{\"@context\":\"https:\\\/\\\/schema.org\",\"@graph\":[{\"@type\":\"WebPage\",\"@id\":\"https:\\\/\\\/www.oceanografic.org\\\/va\\\/politica-de-privacidad\\\/\",\"url\":\"https:\\\/\\\/www.oceanografic.org\\\/va\\\/politica-de-privacidad\\\/\",\"name\":\"Pol\u00edtica de privacitat - Oceanogr\u00e0fic de Val\u00e8ncia\",\"isPartOf\":{\"@id\":\"https:\\\/\\\/www.oceanografic.org\\\/va\\\/#website\"},\"datePublished\":\"2018-06-15T10:54:09+00:00\",\"dateModified\":\"2024-07-31T06:50:50+00:00\",\"breadcrumb\":{\"@id\":\"https:\\\/\\\/www.oceanografic.org\\\/va\\\/politica-de-privacidad\\\/#breadcrumb\"},\"inLanguage\":\"va\",\"potentialAction\":[{\"@type\":\"ReadAction\",\"target\":[\"https:\\\/\\\/www.oceanografic.org\\\/va\\\/politica-de-privacidad\\\/\"]}]},{\"@type\":\"BreadcrumbList\",\"@id\":\"https:\\\/\\\/www.oceanografic.org\\\/va\\\/politica-de-privacidad\\\/#breadcrumb\",\"itemListElement\":[{\"@type\":\"ListItem\",\"position\":1,\"name\":\"Portada\",\"item\":\"https:\\\/\\\/www.oceanografic.org\\\/va\\\/\"},{\"@type\":\"ListItem\",\"position\":2,\"name\":\"Pol\u00edtica de privacitat\"}]},{\"@type\":\"WebSite\",\"@id\":\"https:\\\/\\\/www.oceanografic.org\\\/va\\\/#website\",\"url\":\"https:\\\/\\\/www.oceanografic.org\\\/va\\\/\",\"name\":\"Oceanogr\u00e0fic de Val\u00e8ncia\",\"description\":\"\",\"publisher\":{\"@id\":\"https:\\\/\\\/www.oceanografic.org\\\/va\\\/#organization\"},\"potentialAction\":[{\"@type\":\"SearchAction\",\"target\":{\"@type\":\"EntryPoint\",\"urlTemplate\":\"https:\\\/\\\/www.oceanografic.org\\\/va\\\/?s={search_term_string}\"},\"query-input\":{\"@type\":\"PropertyValueSpecification\",\"valueRequired\":true,\"valueName\":\"search_term_string\"}}],\"inLanguage\":\"va\"},{\"@type\":\"Organization\",\"@id\":\"https:\\\/\\\/www.oceanografic.org\\\/va\\\/#organization\",\"name\":\"Oceanogr\u00e0fic de Val\u00e8ncia\",\"url\":\"https:\\\/\\\/www.oceanografic.org\\\/va\\\/\",\"logo\":{\"@type\":\"ImageObject\",\"inLanguage\":\"va\",\"@id\":\"https:\\\/\\\/www.oceanografic.org\\\/va\\\/#\\\/schema\\\/logo\\\/image\\\/\",\"url\":\"https:\\\/\\\/www.oceanografic.org\\\/wp-content\\\/uploads\\\/2024\\\/10\\\/Logo-OCE.png\",\"contentUrl\":\"https:\\\/\\\/www.oceanografic.org\\\/wp-content\\\/uploads\\\/2024\\\/10\\\/Logo-OCE.png\",\"width\":3543,\"height\":1286,\"caption\":\"Oceanogr\u00e0fic de Val\u00e8ncia\"},\"image\":{\"@id\":\"https:\\\/\\\/www.oceanografic.org\\\/va\\\/#\\\/schema\\\/logo\\\/image\\\/\"},\"sameAs\":[\"https:\\\/\\\/www.facebook.com\\\/oceanograficvl\",\"https:\\\/\\\/x.com\\\/Oceanografic_vl\"]}]}<\/script>\n<!-- \/ Yoast SEO plugin. -->","yoast_head_json":{"title":"Pol\u00edtica de privacitat - Oceanogr\u00e0fic de Val\u00e8ncia","robots":{"index":"index","follow":"follow","max-snippet":"max-snippet:-1","max-image-preview":"max-image-preview:large","max-video-preview":"max-video-preview:-1"},"canonical":"https:\/\/www.oceanografic.org\/va\/politica-de-privacidad\/","og_locale":"en_US","og_type":"article","og_title":"Pol\u00edtica de privacitat - Oceanogr\u00e0fic de Val\u00e8ncia","og_description":"Avanqua Oceanogr\u00e0fic SL (d&#8217;ara endavant, \u201cAvanqua Oceanogr\u00e0fic\u201d) en compliment de la normativa de protecci\u00f3 de dades personals, informa l&#8217;usuari del present lloc web (d&#8217;ara endavant, l&#8217;\u201cUsuari\u201d), contingut a la present p\u00e0gina web (d&#8217;ara endavant, el Lloc Web), de les condicions seg\u00fcents, que regiran el tractament de les seves dades personals en el marc de l&#8217;ocupaci\u00f3&hellip; Continua","og_url":"https:\/\/www.oceanografic.org\/va\/politica-de-privacidad\/","og_site_name":"Oceanogr\u00e0fic de Val\u00e8ncia","article_publisher":"https:\/\/www.facebook.com\/oceanograficvl","article_modified_time":"2024-07-31T06:50:50+00:00","twitter_card":"summary_large_image","twitter_site":"@Oceanografic_vl","twitter_misc":{"Est. reading time":"5 minutes"},"schema":{"@context":"https:\/\/schema.org","@graph":[{"@type":"WebPage","@id":"https:\/\/www.oceanografic.org\/va\/politica-de-privacidad\/","url":"https:\/\/www.oceanografic.org\/va\/politica-de-privacidad\/","name":"Pol\u00edtica de privacitat - Oceanogr\u00e0fic de Val\u00e8ncia","isPartOf":{"@id":"https:\/\/www.oceanografic.org\/va\/#website"},"datePublished":"2018-06-15T10:54:09+00:00","dateModified":"2024-07-31T06:50:50+00:00","breadcrumb":{"@id":"https:\/\/www.oceanografic.org\/va\/politica-de-privacidad\/#breadcrumb"},"inLanguage":"va","potentialAction":[{"@type":"ReadAction","target":["https:\/\/www.oceanografic.org\/va\/politica-de-privacidad\/"]}]},{"@type":"BreadcrumbList","@id":"https:\/\/www.oceanografic.org\/va\/politica-de-privacidad\/#breadcrumb","itemListElement":[{"@type":"ListItem","position":1,"name":"Portada","item":"https:\/\/www.oceanografic.org\/va\/"},{"@type":"ListItem","position":2,"name":"Pol\u00edtica de privacitat"}]},{"@type":"WebSite","@id":"https:\/\/www.oceanografic.org\/va\/#website","url":"https:\/\/www.oceanografic.org\/va\/","name":"Oceanogr\u00e0fic de Val\u00e8ncia","description":"","publisher":{"@id":"https:\/\/www.oceanografic.org\/va\/#organization"},"potentialAction":[{"@type":"SearchAction","target":{"@type":"EntryPoint","urlTemplate":"https:\/\/www.oceanografic.org\/va\/?s={search_term_string}"},"query-input":{"@type":"PropertyValueSpecification","valueRequired":true,"valueName":"search_term_string"}}],"inLanguage":"va"},{"@type":"Organization","@id":"https:\/\/www.oceanografic.org\/va\/#organization","name":"Oceanogr\u00e0fic de Val\u00e8ncia","url":"https:\/\/www.oceanografic.org\/va\/","logo":{"@type":"ImageObject","inLanguage":"va","@id":"https:\/\/www.oceanografic.org\/va\/#\/schema\/logo\/image\/","url":"https:\/\/www.oceanografic.org\/wp-content\/uploads\/2024\/10\/Logo-OCE.png","contentUrl":"https:\/\/www.oceanografic.org\/wp-content\/uploads\/2024\/10\/Logo-OCE.png","width":3543,"height":1286,"caption":"Oceanogr\u00e0fic de Val\u00e8ncia"},"image":{"@id":"https:\/\/www.oceanografic.org\/va\/#\/schema\/logo\/image\/"},"sameAs":["https:\/\/www.facebook.com\/oceanograficvl","https:\/\/x.com\/Oceanografic_vl"]}]}},"_links":{"self":[{"href":"https:\/\/www.oceanografic.org\/va\/wp-json\/wp\/v2\/pages\/21772","targetHints":{"allow":["GET"]}}],"collection":[{"href":"https:\/\/www.oceanografic.org\/va\/wp-json\/wp\/v2\/pages"}],"about":[{"href":"https:\/\/www.oceanografic.org\/va\/wp-json\/wp\/v2\/types\/page"}],"author":[{"embeddable":true,"href":"https:\/\/www.oceanografic.org\/va\/wp-json\/wp\/v2\/users\/2"}],"replies":[{"embeddable":true,"href":"https:\/\/www.oceanografic.org\/va\/wp-json\/wp\/v2\/comments?post=21772"}],"version-history":[{"count":1,"href":"https:\/\/www.oceanografic.org\/va\/wp-json\/wp\/v2\/pages\/21772\/revisions"}],"predecessor-version":[{"id":42551,"href":"https:\/\/www.oceanografic.org\/va\/wp-json\/wp\/v2\/pages\/21772\/revisions\/42551"}],"wp:attachment":[{"href":"https:\/\/www.oceanografic.org\/va\/wp-json\/wp\/v2\/media?parent=21772"}],"curies":[{"name":"wp","href":"https:\/\/api.w.org\/{rel}","templated":true}]}}