{"id":20728,"date":"2018-02-22T10:29:54","date_gmt":"2018-02-22T10:29:54","guid":{"rendered":"https:\/\/www.oceanografic.local\/sobre-el-acuario\/"},"modified":"2026-04-16T12:41:49","modified_gmt":"2026-04-16T12:41:49","slug":"sobre-el-acuario","status":"publish","type":"page","link":"https:\/\/www.oceanografic.org\/va\/sobre-el-acuario\/","title":{"rendered":"Sobre l&#8217;Oceanogr\u00e0fic"},"content":{"rendered":"<blockquote><p>Benvinguts al major aquari d&#8217;Europa<\/p><\/blockquote>\n<p>Situat en el complex arquitect\u00f2nic avantguardista de la Ciutat de les Arts i les Ci\u00e8ncies de Val\u00e8ncia, l\u2019aquari constitueix un aut\u00e8ntic homenatge als mars i oceans del planeta i cont\u00e9 aquaris de grans dimensions que reprodueixen fidelment els ecosistemes marins m\u00e9s importants.<\/p>\n<p>D&#8217;aquesta forma, l&#8217;Oceanogr\u00e0fic de Val\u00e8ncia es configura com un centre cient\u00edfic, educatiu i recreatiu de primer ordre.<\/p>\n","protected":false},"excerpt":{"rendered":"<p>Benvinguts al major aquari d&#8217;Europa Situat en el complex arquitect\u00f2nic avantguardista de la Ciutat de les Arts i les Ci\u00e8ncies de Val\u00e8ncia, l\u2019aquari constitueix un aut\u00e8ntic homenatge als mars i oceans del planeta i cont\u00e9 aquaris de grans dimensions que reprodueixen fidelment els ecosistemes marins m\u00e9s importants. D&#8217;aquesta forma, l&#8217;Oceanogr\u00e0fic de Val\u00e8ncia es configura com&hellip; <a class=\"arrow\" href=\"https:\/\/www.oceanografic.org\/va\/sobre-el-acuario\/\">Continua<\/a><\/p>\n","protected":false},"author":2,"featured_media":60105,"parent":0,"menu_order":0,"comment_status":"closed","ping_status":"closed","template":"template-blocks.php","meta":{"_acf_changed":false,"footnotes":""},"class_list":["post-20728","page","type-page","status-publish","has-post-thumbnail","hentry"],"acf":[],"yoast_head":"<!-- This site is optimized with the Yoast SEO plugin v27.5 - https:\/\/yoast.com\/product\/yoast-seo-wordpress\/ -->\n<title>Qu\u00e8 \u00e9s l&#039;Oceanogr\u00e0fic? | Oceanogr\u00e0fic Val\u00e8ncia<\/title>\n<meta name=\"description\" content=\"Situat al complex arquitect\u00f2nic de la Ciutat de les Arts i les Ci\u00e8ncies, l&#039;aquari constitueix un homenatge als mars i oceans del Planeta.\" \/>\n<meta name=\"robots\" content=\"index, follow, max-snippet:-1, max-image-preview:large, max-video-preview:-1\" \/>\n<link rel=\"canonical\" href=\"https:\/\/www.oceanografic.org\/va\/sobre-el-acuario\/\" \/>\n<meta property=\"og:locale\" content=\"en_US\" \/>\n<meta property=\"og:type\" content=\"article\" \/>\n<meta property=\"og:title\" content=\"Qu\u00e8 \u00e9s l&#039;Oceanogr\u00e0fic? | Oceanogr\u00e0fic Val\u00e8ncia\" \/>\n<meta property=\"og:description\" content=\"Situat al complex arquitect\u00f2nic de la Ciutat de les Arts i les Ci\u00e8ncies, l&#039;aquari constitueix un homenatge als mars i oceans del Planeta.\" \/>\n<meta property=\"og:url\" content=\"https:\/\/www.oceanografic.org\/va\/sobre-el-acuario\/\" \/>\n<meta property=\"og:site_name\" content=\"Oceanogr\u00e0fic de Val\u00e8ncia\" \/>\n<meta property=\"article:publisher\" content=\"https:\/\/www.facebook.com\/oceanograficvl\" \/>\n<meta property=\"article:modified_time\" content=\"2026-04-16T12:41:49+00:00\" \/>\n<meta property=\"og:image\" content=\"https:\/\/www.oceanografic.org\/wp-content\/uploads\/2022\/09\/Oceanografic-Valencia-edificios.jpg\" \/>\n\t<meta property=\"og:image:width\" content=\"1500\" \/>\n\t<meta property=\"og:image:height\" content=\"823\" \/>\n\t<meta property=\"og:image:type\" content=\"image\/jpeg\" \/>\n<meta name=\"twitter:card\" content=\"summary_large_image\" \/>\n<meta name=\"twitter:site\" content=\"@Oceanografic_vl\" \/>\n<meta name=\"twitter:label1\" content=\"Est. reading time\" \/>\n\t<meta name=\"twitter:data1\" content=\"1 minute\" \/>\n<script type=\"application\/ld+json\" class=\"yoast-schema-graph\">{\"@context\":\"https:\\\/\\\/schema.org\",\"@graph\":[{\"@type\":\"WebPage\",\"@id\":\"https:\\\/\\\/www.oceanografic.org\\\/va\\\/sobre-el-acuario\\\/\",\"url\":\"https:\\\/\\\/www.oceanografic.org\\\/va\\\/sobre-el-acuario\\\/\",\"name\":\"Qu\u00e8 \u00e9s l'Oceanogr\u00e0fic? | Oceanogr\u00e0fic Val\u00e8ncia\",\"isPartOf\":{\"@id\":\"https:\\\/\\\/www.oceanografic.org\\\/va\\\/#website\"},\"primaryImageOfPage\":{\"@id\":\"https:\\\/\\\/www.oceanografic.org\\\/va\\\/sobre-el-acuario\\\/#primaryimage\"},\"image\":{\"@id\":\"https:\\\/\\\/www.oceanografic.org\\\/va\\\/sobre-el-acuario\\\/#primaryimage\"},\"thumbnailUrl\":\"https:\\\/\\\/www.oceanografic.org\\\/wp-content\\\/uploads\\\/2022\\\/09\\\/Oceanografic-Valencia-edificios.jpg\",\"datePublished\":\"2018-02-22T10:29:54+00:00\",\"dateModified\":\"2026-04-16T12:41:49+00:00\",\"description\":\"Situat al complex arquitect\u00f2nic de la Ciutat de les Arts i les Ci\u00e8ncies, l'aquari constitueix un homenatge als mars i oceans del Planeta.\",\"breadcrumb\":{\"@id\":\"https:\\\/\\\/www.oceanografic.org\\\/va\\\/sobre-el-acuario\\\/#breadcrumb\"},\"inLanguage\":\"va\",\"potentialAction\":[{\"@type\":\"ReadAction\",\"target\":[\"https:\\\/\\\/www.oceanografic.org\\\/va\\\/sobre-el-acuario\\\/\"]}]},{\"@type\":\"ImageObject\",\"inLanguage\":\"va\",\"@id\":\"https:\\\/\\\/www.oceanografic.org\\\/va\\\/sobre-el-acuario\\\/#primaryimage\",\"url\":\"https:\\\/\\\/www.oceanografic.org\\\/wp-content\\\/uploads\\\/2022\\\/09\\\/Oceanografic-Valencia-edificios.jpg\",\"contentUrl\":\"https:\\\/\\\/www.oceanografic.org\\\/wp-content\\\/uploads\\\/2022\\\/09\\\/Oceanografic-Valencia-edificios.jpg\",\"width\":1500,\"height\":823},{\"@type\":\"BreadcrumbList\",\"@id\":\"https:\\\/\\\/www.oceanografic.org\\\/va\\\/sobre-el-acuario\\\/#breadcrumb\",\"itemListElement\":[{\"@type\":\"ListItem\",\"position\":1,\"name\":\"Portada\",\"item\":\"https:\\\/\\\/www.oceanografic.org\\\/va\\\/\"},{\"@type\":\"ListItem\",\"position\":2,\"name\":\"Sobre l&#8217;Oceanogr\u00e0fic\"}]},{\"@type\":\"WebSite\",\"@id\":\"https:\\\/\\\/www.oceanografic.org\\\/va\\\/#website\",\"url\":\"https:\\\/\\\/www.oceanografic.org\\\/va\\\/\",\"name\":\"Oceanogr\u00e0fic de Val\u00e8ncia\",\"description\":\"\",\"publisher\":{\"@id\":\"https:\\\/\\\/www.oceanografic.org\\\/va\\\/#organization\"},\"potentialAction\":[{\"@type\":\"SearchAction\",\"target\":{\"@type\":\"EntryPoint\",\"urlTemplate\":\"https:\\\/\\\/www.oceanografic.org\\\/va\\\/?s={search_term_string}\"},\"query-input\":{\"@type\":\"PropertyValueSpecification\",\"valueRequired\":true,\"valueName\":\"search_term_string\"}}],\"inLanguage\":\"va\"},{\"@type\":\"Organization\",\"@id\":\"https:\\\/\\\/www.oceanografic.org\\\/va\\\/#organization\",\"name\":\"Oceanogr\u00e0fic de Val\u00e8ncia\",\"url\":\"https:\\\/\\\/www.oceanografic.org\\\/va\\\/\",\"logo\":{\"@type\":\"ImageObject\",\"inLanguage\":\"va\",\"@id\":\"https:\\\/\\\/www.oceanografic.org\\\/va\\\/#\\\/schema\\\/logo\\\/image\\\/\",\"url\":\"https:\\\/\\\/www.oceanografic.org\\\/wp-content\\\/uploads\\\/2024\\\/10\\\/Logo-OCE.png\",\"contentUrl\":\"https:\\\/\\\/www.oceanografic.org\\\/wp-content\\\/uploads\\\/2024\\\/10\\\/Logo-OCE.png\",\"width\":3543,\"height\":1286,\"caption\":\"Oceanogr\u00e0fic de Val\u00e8ncia\"},\"image\":{\"@id\":\"https:\\\/\\\/www.oceanografic.org\\\/va\\\/#\\\/schema\\\/logo\\\/image\\\/\"},\"sameAs\":[\"https:\\\/\\\/www.facebook.com\\\/oceanograficvl\",\"https:\\\/\\\/x.com\\\/Oceanografic_vl\"]}]}<\/script>\n<!-- \/ Yoast SEO plugin. -->","yoast_head_json":{"title":"Qu\u00e8 \u00e9s l'Oceanogr\u00e0fic? | Oceanogr\u00e0fic Val\u00e8ncia","description":"Situat al complex arquitect\u00f2nic de la Ciutat de les Arts i les Ci\u00e8ncies, l'aquari constitueix un homenatge als mars i oceans del Planeta.","robots":{"index":"index","follow":"follow","max-snippet":"max-snippet:-1","max-image-preview":"max-image-preview:large","max-video-preview":"max-video-preview:-1"},"canonical":"https:\/\/www.oceanografic.org\/va\/sobre-el-acuario\/","og_locale":"en_US","og_type":"article","og_title":"Qu\u00e8 \u00e9s l'Oceanogr\u00e0fic? | Oceanogr\u00e0fic Val\u00e8ncia","og_description":"Situat al complex arquitect\u00f2nic de la Ciutat de les Arts i les Ci\u00e8ncies, l'aquari constitueix un homenatge als mars i oceans del Planeta.","og_url":"https:\/\/www.oceanografic.org\/va\/sobre-el-acuario\/","og_site_name":"Oceanogr\u00e0fic de Val\u00e8ncia","article_publisher":"https:\/\/www.facebook.com\/oceanograficvl","article_modified_time":"2026-04-16T12:41:49+00:00","og_image":[{"width":1500,"height":823,"url":"https:\/\/www.oceanografic.org\/wp-content\/uploads\/2022\/09\/Oceanografic-Valencia-edificios.jpg","type":"image\/jpeg"}],"twitter_card":"summary_large_image","twitter_site":"@Oceanografic_vl","twitter_misc":{"Est. reading time":"1 minute"},"schema":{"@context":"https:\/\/schema.org","@graph":[{"@type":"WebPage","@id":"https:\/\/www.oceanografic.org\/va\/sobre-el-acuario\/","url":"https:\/\/www.oceanografic.org\/va\/sobre-el-acuario\/","name":"Qu\u00e8 \u00e9s l'Oceanogr\u00e0fic? | Oceanogr\u00e0fic Val\u00e8ncia","isPartOf":{"@id":"https:\/\/www.oceanografic.org\/va\/#website"},"primaryImageOfPage":{"@id":"https:\/\/www.oceanografic.org\/va\/sobre-el-acuario\/#primaryimage"},"image":{"@id":"https:\/\/www.oceanografic.org\/va\/sobre-el-acuario\/#primaryimage"},"thumbnailUrl":"https:\/\/www.oceanografic.org\/wp-content\/uploads\/2022\/09\/Oceanografic-Valencia-edificios.jpg","datePublished":"2018-02-22T10:29:54+00:00","dateModified":"2026-04-16T12:41:49+00:00","description":"Situat al complex arquitect\u00f2nic de la Ciutat de les Arts i les Ci\u00e8ncies, l'aquari constitueix un homenatge als mars i oceans del Planeta.","breadcrumb":{"@id":"https:\/\/www.oceanografic.org\/va\/sobre-el-acuario\/#breadcrumb"},"inLanguage":"va","potentialAction":[{"@type":"ReadAction","target":["https:\/\/www.oceanografic.org\/va\/sobre-el-acuario\/"]}]},{"@type":"ImageObject","inLanguage":"va","@id":"https:\/\/www.oceanografic.org\/va\/sobre-el-acuario\/#primaryimage","url":"https:\/\/www.oceanografic.org\/wp-content\/uploads\/2022\/09\/Oceanografic-Valencia-edificios.jpg","contentUrl":"https:\/\/www.oceanografic.org\/wp-content\/uploads\/2022\/09\/Oceanografic-Valencia-edificios.jpg","width":1500,"height":823},{"@type":"BreadcrumbList","@id":"https:\/\/www.oceanografic.org\/va\/sobre-el-acuario\/#breadcrumb","itemListElement":[{"@type":"ListItem","position":1,"name":"Portada","item":"https:\/\/www.oceanografic.org\/va\/"},{"@type":"ListItem","position":2,"name":"Sobre l&#8217;Oceanogr\u00e0fic"}]},{"@type":"WebSite","@id":"https:\/\/www.oceanografic.org\/va\/#website","url":"https:\/\/www.oceanografic.org\/va\/","name":"Oceanogr\u00e0fic de Val\u00e8ncia","description":"","publisher":{"@id":"https:\/\/www.oceanografic.org\/va\/#organization"},"potentialAction":[{"@type":"SearchAction","target":{"@type":"EntryPoint","urlTemplate":"https:\/\/www.oceanografic.org\/va\/?s={search_term_string}"},"query-input":{"@type":"PropertyValueSpecification","valueRequired":true,"valueName":"search_term_string"}}],"inLanguage":"va"},{"@type":"Organization","@id":"https:\/\/www.oceanografic.org\/va\/#organization","name":"Oceanogr\u00e0fic de Val\u00e8ncia","url":"https:\/\/www.oceanografic.org\/va\/","logo":{"@type":"ImageObject","inLanguage":"va","@id":"https:\/\/www.oceanografic.org\/va\/#\/schema\/logo\/image\/","url":"https:\/\/www.oceanografic.org\/wp-content\/uploads\/2024\/10\/Logo-OCE.png","contentUrl":"https:\/\/www.oceanografic.org\/wp-content\/uploads\/2024\/10\/Logo-OCE.png","width":3543,"height":1286,"caption":"Oceanogr\u00e0fic de Val\u00e8ncia"},"image":{"@id":"https:\/\/www.oceanografic.org\/va\/#\/schema\/logo\/image\/"},"sameAs":["https:\/\/www.facebook.com\/oceanograficvl","https:\/\/x.com\/Oceanografic_vl"]}]}},"_links":{"self":[{"href":"https:\/\/www.oceanografic.org\/va\/wp-json\/wp\/v2\/pages\/20728","targetHints":{"allow":["GET"]}}],"collection":[{"href":"https:\/\/www.oceanografic.org\/va\/wp-json\/wp\/v2\/pages"}],"about":[{"href":"https:\/\/www.oceanografic.org\/va\/wp-json\/wp\/v2\/types\/page"}],"author":[{"embeddable":true,"href":"https:\/\/www.oceanografic.org\/va\/wp-json\/wp\/v2\/users\/2"}],"replies":[{"embeddable":true,"href":"https:\/\/www.oceanografic.org\/va\/wp-json\/wp\/v2\/comments?post=20728"}],"version-history":[{"count":2,"href":"https:\/\/www.oceanografic.org\/va\/wp-json\/wp\/v2\/pages\/20728\/revisions"}],"predecessor-version":[{"id":110152,"href":"https:\/\/www.oceanografic.org\/va\/wp-json\/wp\/v2\/pages\/20728\/revisions\/110152"}],"wp:featuredmedia":[{"embeddable":true,"href":"https:\/\/www.oceanografic.org\/va\/wp-json\/wp\/v2\/media\/60105"}],"wp:attachment":[{"href":"https:\/\/www.oceanografic.org\/va\/wp-json\/wp\/v2\/media?parent=20728"}],"curies":[{"name":"wp","href":"https:\/\/api.w.org\/{rel}","templated":true}]}}