{"id":110146,"date":"2018-06-15T11:16:45","date_gmt":"2018-06-15T11:16:45","guid":{"rendered":"https:\/\/www.oceanografic.org\/politica-de-condicions-de-la-venda-en-linia\/"},"modified":"2018-06-15T11:16:45","modified_gmt":"2018-06-15T11:16:45","slug":"politica-de-condicions-de-la-venda-en-linia","status":"publish","type":"page","link":"https:\/\/www.oceanografic.org\/va\/politica-de-condicions-de-la-venda-en-linia\/","title":{"rendered":"Pol\u00edtica de condicions de la venda en l\u00ednia"},"content":{"rendered":"<h4>CONDICIONS D\u2019\u00daS COMPRA D\u2019ENTRADES EN L\u00cdNIA<\/h4>\n<h5>IDENTIFICACI\u00d3<\/h5>\n<p>AVANQUA OCEANOGR\u00c0FIC,S.L. \u00e9s el nom comercial que s\u2019inclou al lloc web indicat m\u00e9s amunt i objecte del present av\u00eds legal. AVANQUA OCEANOGR\u00c0FIC,S.L, S.L., com a prestador de serveis de la societat de la informaci\u00f3, es regeix pel que estableix la Llei 34\/2002, d\u201911 de juliol, de Serveis de la Societat de la Informaci\u00f3 i Comer\u00e7 Electr\u00f2nic.<\/p>\n<p>Denominaci\u00f3 social: AVANQUA OCEANOGR\u00c0FIC,S.L S.L .(d\u2019ara endavant, AVANQUA) \u00e9s un nom comercial propietat d\u2019AVANQUA OCEANOGR\u00c0FIC,S.L<\/p>\n<p>Domicili: Gran Via Marqu\u00e9s del T\u00faria, 19. 46005 (Val\u00e8ncia)<br \/>\nCIF: B-98725252<br \/>\nAdre\u00e7a de correu electr\u00f2nic: Info@oceanografic.org<br \/>\nEl n\u00famero de tel\u00e8fon de contacte \u00e9s 960470647 <\/p>\n<p>La societat es troba registrada al Registre Mercantil de Val\u00e8ncia, Full V-164.783, escriptura d\u2019apoderament atorgada al seu favor, el 28 de juliol de 2015, davant el notari de Val\u00e8ncia, Alejandro Cervera Taulet, n\u00fam. 2.903 del seu protocol; entitat amb domicili a Val\u00e8ncia, Gran Via Marqu\u00e9s del T\u00faria, 19. 46005 de Val\u00e8ncia i prove\u00efda de C.I.F. n\u00famero B-98725252, i inscrita al Registre Mercantil<\/p>\n<h5>Condicions generals d\u2019\u00fas i de la contractaci\u00f3<\/h5>\n<p>Les presents Condicions Generals d\u2019\u00das i de la Contractaci\u00f3 (d\u2019ara endavant, les \u00abCondicions Generals\u00bb) regeixen l\u2019acc\u00e9s i la utilitzaci\u00f3 del lloc web accessible a trav\u00e9s del nom de domini https:\/\/oceanografic.experticket.com\/ i els seus subdominis (d\u2019ara endavant, el \u00abLloc Web\u00bb), aix\u00ed com la contractaci\u00f3 d\u2019entrades a trav\u00e9s del Lloc Web.<\/p>\n<p>El simple acc\u00e9s al Lloc Web, a l\u2019APP atribueix a qui el realitza la condici\u00f3 d\u2019usuari (d\u2019ara endavant, l\u2019\u00abUsuari\u00bb) i implica l\u2019acceptaci\u00f3 de tots els termes inclosos en aquestes Condicions Generals. En cas de no estar d\u2019acord amb aquestes Condicions Generals, l\u2019Usuari ha d\u2019abandonar qualsevol transacci\u00f3 de compra d\u2019entrades a trav\u00e9s dels Canals de Venda. <\/p>\n<p>Mitjan\u00e7ant l\u2019acceptaci\u00f3 de les presents Condicions Generals, l\u2019Usuari manifesta:<\/p>\n<ul>\n<li>Que ha llegit, ent\u00e9n i compr\u00e8n el que s\u2019hi exposa.<\/li>\n<li>Que, en cas que es disposi a contractar algun producte i\/o servei, t\u00e9 capacitat suficient per fer-ho.<\/li>\n<li>Que assumeix totes les obligacions aqu\u00ed disposades.<\/li>\n<li>Sistema de compra d\u2019entrades<\/li>\n<\/ul>\n<p>Per fer la compra, l\u2019Usuari ha de pr\u00e9mer la pestanya \u00abcompra d\u2019entrades\u00bb i seleccionar la data de la visita al calendari. A continuaci\u00f3, ha d\u2019escollir el tipus d\u2019entrada i la sessi\u00f3 de visita en cas que aquell dia s\u2019indiquin sessions amb horari. A peu de compra, si les dades s\u00f3n correctes, ha de pr\u00e9mer a comprar. Finalment, haur\u00e0 d\u2019indicar les seves dades personals*, procedint al pagament pr\u00e8via acceptaci\u00f3 de les Condicions Generals de Compra.  <\/p>\n<p>En finalitzar aquest proc\u00e9s, rebr\u00e0 un correu electr\u00f2nic de confirmaci\u00f3 de la compra.<\/p>\n<p>*Les dades de contacte s\u00f3n importants, ja que en cas de modificaci\u00f3 o cancel\u00b7laci\u00f3 de la visita, ens posar\u00edem en contacte amb l\u2019usuari.<\/p>\n<ul>\n<li>Correu electr\u00f2nic: per enviar-li les entrades.<\/li>\n<li>DNI: per identificar-lo inequ\u00edvocament en cas d\u2019incid\u00e8ncia.<\/li>\n<li>Targeta de cr\u00e8dit: per tramitar el pagament.<\/li>\n<\/ul>\n<p>Els preus dels productes exposats a la p\u00e0gina web inclouen l\u2019Impost sobre el Valor Afegit (IVA).<\/p>\n<p>En cas d\u2019adquirir la modalitat d\u2019entrada amb algun tipus de descompte, haur\u00e0 d\u2019acreditar-ho a l\u2019entrada al recinte amb el seu carnet acreditatiu. En cas de no complir els requisits, haur\u00e0 d\u2019abonar la difer\u00e8ncia del preu de l\u2019entrada. <\/p>\n<p>L\u2019adquisici\u00f3 de l\u2019entrada implica el compliment de les instruccions d\u2019\u00fas de les instal\u00b7lacions exposades a l\u2019acc\u00e9s als recintes i a www.oceanografic.org.<\/p>\n<p>S\u2019haur\u00e0 de conservar l\u2019entrada durant tota la visita i mostrar-la al nostre personal quan aquest aix\u00ed ho requereixi. L\u2019empresa es reserva el dret d\u2019admissi\u00f3 i de variar la programaci\u00f3. <\/p>\n<p>L\u2019entrada combinada dels 2 o 3 recintes \u00e9s v\u00e0lida per a 2 o 3 dies consecutius, sense possibilitat de repetir la visita al mateix element, en funci\u00f3 dels recintes adquirits.<\/p>\n<h5>Forma de pagament<\/h5>\n<p>AVANQUA OCEANOGR\u00c0FIC,S.L permet com a \u00fanic mitj\u00e0 de pagament l\u2019abonament de les compres que es realitzin mitjan\u00e7ant targeta de cr\u00e8dit o d\u00e8bit (Visa, Mastercard, Visa Electr\u00f3n i\/o targetes an\u00e0logues). La targeta amb qu\u00e8 es faci el pagament haur\u00e0 de tenir com a entitat financera emissora un banc o caixa d\u2019estalvis. <\/p>\n<p>AVANQUA OCEANOGR\u00c0FIC,S.L confirma la seva comanda en el moment en qu\u00e8 efectua el pagament. Totes les solucions de pagament s\u00f3n segures i garantides per les entitats banc\u00e0ries i financeres. No obstant aix\u00f2, l\u2019Usuari\/Client haur\u00e0 de notificar qualsevol c\u00e0rrec indegut o fraudulent a la targeta utilitzada per a les compres, mitjan\u00e7ant correu electr\u00f2nic a info@oceanografic.org, en el termini m\u00e9s breu possible perqu\u00e8 AVANQUA OCEANOGR\u00c0FIC,S.L pugui realitzar les gestions oportunes.  <\/p>\n<h5>Dret de desistiment<\/h5>\n<p>AVANQUA OCEANOGR\u00c0FIC,S.L l\u2019informa que, un cop adquirides les entrades, no s\u2019admeten devolucions ni anul\u00b7lacions.<\/p>\n<p>L\u2019usuari ha d\u2019assegurar-se fefaentment, abans de tramitar la compra, de l\u2019exactitud i l\u2019adequaci\u00f3 de les dades introdu\u00efdes. No poder assistir a la visita o cometre un error en adquirir l\u2019entrada no s\u00f3n motius que permetin la devoluci\u00f3. <\/p>\n<p>No obstant l\u2019anterior, quan un import d\u2019una compra hagu\u00e9s estat carregat fraudulentament o indegudament, utilitzant el n\u00famero de targeta de pagament, el titular d\u2019aquesta podr\u00e0 sol\u00b7licitar l\u2019anul\u00b7laci\u00f3 del c\u00e0rrec a AVANQUA OCEANOGR\u00c0FIC,S.L, sempre que s\u2019acrediti la pr\u00e8via presentaci\u00f3 de den\u00fancia per aquests fets.<\/p>\n<p>La devoluci\u00f3 d\u2019aquest import es realitzar\u00e0 mitjan\u00e7ant reclamaci\u00f3 per escrit, a la qual s\u2019hauran d\u2019adjuntar els documents (den\u00fancia) que acreditin la p\u00e8rdua o robatori de la targeta amb qu\u00e8 es va efectuar el pagament.<\/p>\n<h4>Tractament de les dades de car\u00e0cter personal<\/h4>\n<p>D\u2019acord amb la normativa vigent en mat\u00e8ria de protecci\u00f3 de dades, aix\u00ed com en mat\u00e8ria de serveis de la societat de la informaci\u00f3 i de comer\u00e7 electr\u00f2nic, l\u2019usuari accepta que les dades personals aportades en el moment del seu registre, o qualsevol altra facilitada a Avanqua Oceanogr\u00e0fic SL per al seu acc\u00e9s a alguns dels serveis del lloc web, siguin incorporades a fitxers titularitat d\u2019aquesta empresa, amb la finalitat de facilitar la prestaci\u00f3 dels serveis sol\u00b7licitats, per a la realitzaci\u00f3 d\u2019estudis estad\u00edstics dels usuaris registrats a Avanqua Oceanogr\u00e0fic SL que permetin dissenyar millores en els serveis prestats i per a la gesti\u00f3 de tasques b\u00e0siques d\u2019administraci\u00f3.<\/p>\n<p>Aix\u00ed mateix, l\u2019usuari presta el seu consentiment perqu\u00e8 Avanqua Oceanogr\u00e0fic SL cedeixi les seves dades al grup d\u2019empreses col\u00b7laboradores d\u2019Avanqua Oceanogr\u00e0fic SL, amb l\u2019\u00fanica finalitat de dur a terme i millorar la prestaci\u00f3 dels serveis pactats, respectant, en tot cas, la legislaci\u00f3 espanyola sobre protecci\u00f3 de les dades de car\u00e0cter personal.<\/p>\n<p>Avanqua Oceanogr\u00e0fic SL es compromet al compliment de la seva obligaci\u00f3 de secret de les dades de car\u00e0cter personal i del seu deure de tractar-les amb confidencialitat, i assumeix, a aquests efectes, les mesures de car\u00e0cter t\u00e8cnic, organitzatiu i de seguretat necess\u00e0ries per evitar-ne l\u2019alteraci\u00f3, la p\u00e8rdua, el tractament o l\u2019acc\u00e9s no autoritzat, d\u2019acord amb el que estableix la normativa vigent.<\/p>\n<p>L\u2019usuari respondr\u00e0, en qualsevol cas, de la veracitat de les dades facilitades, i Avanqua Oceanogr\u00e0fic SL es reserva el dret d\u2019excloure dels serveis registrats qualsevol usuari que hagi facilitat dades falses, sense perjudici de les altres accions que corresponguin en Dret.<\/p>\n<p>Qualsevol usuari registrat pot exercir en qualsevol moment el dret d\u2019accedir, rectificar i, si escau, cancel\u00b7lar les seves dades de car\u00e0cter personal subministrades, mitjan\u00e7ant petici\u00f3 escrita per correu electr\u00f2nic adre\u00e7ada a Avanqua Oceanogr\u00e0fic SL a l\u2019adre\u00e7a protecciondatos@oceanografic.org o utilitzant el formulari de contacte.<\/p>\n<h5>Queixes, reclamacions i sol\u00b7licituds d\u2019informaci\u00f3<\/h5>\n<p>L\u2019Usuari pot adre\u00e7ar les seves queixes, reclamacions o sol\u00b7licituds d\u2019informaci\u00f3 al Servei d\u2019Atenci\u00f3 al Client d\u2019Avanqua-Oceanogr\u00e0fic S.L., mitjan\u00e7ant l\u2019enviament d\u2019un correu electr\u00f2nic a l\u2019adre\u00e7a info@oceanografic.org<\/p>\n<p>AVANQUA OCEANOGR\u00c0FIC,S.L donar\u00e0 resposta a les reclamacions rebudes en el termini m\u00e9s breu possible i, en tot cas, en el termini m\u00e0xim de deu dies h\u00e0bils des de la presentaci\u00f3 de la reclamaci\u00f3.<\/p>\n<p>AVANQUA OCEANOGR\u00c0FIC,S.L disposa de fulls oficials de reclamaci\u00f3, que l\u2019Usuari pot sol\u00b7licitar al Servei d\u2019Atenci\u00f3 al Client del centre de visita.<\/p>\n","protected":false},"excerpt":{"rendered":"<p>CONDICIONS D\u2019\u00daS COMPRA D\u2019ENTRADES EN L\u00cdNIA IDENTIFICACI\u00d3 AVANQUA OCEANOGR\u00c0FIC,S.L. \u00e9s el nom comercial que s\u2019inclou al lloc web indicat m\u00e9s amunt i objecte del present av\u00eds legal. AVANQUA OCEANOGR\u00c0FIC,S.L, S.L., com a prestador de serveis de la societat de la informaci\u00f3, es regeix pel que estableix la Llei 34\/2002, d\u201911 de juliol, de Serveis de&hellip; <a class=\"arrow\" href=\"https:\/\/www.oceanografic.org\/va\/politica-de-condicions-de-la-venda-en-linia\/\">Continua<\/a><\/p>\n","protected":false},"author":2,"featured_media":0,"parent":0,"menu_order":0,"comment_status":"closed","ping_status":"closed","template":"template-legal.php","meta":{"_acf_changed":false,"footnotes":""},"class_list":["post-110146","page","type-page","status-publish","hentry"],"acf":[],"yoast_head":"<!-- This site is optimized with the Yoast SEO plugin v27.4 - https:\/\/yoast.com\/product\/yoast-seo-wordpress\/ -->\n<title>Pol\u00edtica de condicions de la venda en l\u00ednia - Oceanogr\u00e0fic de Val\u00e8ncia<\/title>\n<meta name=\"robots\" content=\"index, follow, max-snippet:-1, max-image-preview:large, max-video-preview:-1\" \/>\n<link rel=\"canonical\" href=\"https:\/\/www.oceanografic.org\/va\/politica-de-condicions-de-la-venda-en-linia\/\" \/>\n<meta property=\"og:locale\" content=\"en_US\" \/>\n<meta property=\"og:type\" content=\"article\" \/>\n<meta property=\"og:title\" content=\"Pol\u00edtica de condicions de la venda en l\u00ednia - Oceanogr\u00e0fic de Val\u00e8ncia\" \/>\n<meta property=\"og:description\" content=\"CONDICIONS D\u2019\u00daS COMPRA D\u2019ENTRADES EN L\u00cdNIA IDENTIFICACI\u00d3 AVANQUA OCEANOGR\u00c0FIC,S.L. \u00e9s el nom comercial que s\u2019inclou al lloc web indicat m\u00e9s amunt i objecte del present av\u00eds legal. AVANQUA OCEANOGR\u00c0FIC,S.L, S.L., com a prestador de serveis de la societat de la informaci\u00f3, es regeix pel que estableix la Llei 34\/2002, d\u201911 de juliol, de Serveis de&hellip; Continua\" \/>\n<meta property=\"og:url\" content=\"https:\/\/www.oceanografic.org\/va\/politica-de-condicions-de-la-venda-en-linia\/\" \/>\n<meta property=\"og:site_name\" content=\"Oceanogr\u00e0fic de Val\u00e8ncia\" \/>\n<meta property=\"article:publisher\" content=\"https:\/\/www.facebook.com\/oceanograficvl\" \/>\n<meta name=\"twitter:card\" content=\"summary_large_image\" \/>\n<meta name=\"twitter:site\" content=\"@Oceanografic_vl\" \/>\n<meta name=\"twitter:label1\" content=\"Est. reading time\" \/>\n\t<meta name=\"twitter:data1\" content=\"7 minutes\" \/>\n<script type=\"application\/ld+json\" class=\"yoast-schema-graph\">{\"@context\":\"https:\\\/\\\/schema.org\",\"@graph\":[{\"@type\":\"WebPage\",\"@id\":\"https:\\\/\\\/www.oceanografic.org\\\/va\\\/politica-de-condicions-de-la-venda-en-linia\\\/\",\"url\":\"https:\\\/\\\/www.oceanografic.org\\\/va\\\/politica-de-condicions-de-la-venda-en-linia\\\/\",\"name\":\"Pol\u00edtica de condicions de la venda en l\u00ednia - Oceanogr\u00e0fic de Val\u00e8ncia\",\"isPartOf\":{\"@id\":\"https:\\\/\\\/www.oceanografic.org\\\/va\\\/#website\"},\"datePublished\":\"2018-06-15T11:16:45+00:00\",\"breadcrumb\":{\"@id\":\"https:\\\/\\\/www.oceanografic.org\\\/va\\\/politica-de-condicions-de-la-venda-en-linia\\\/#breadcrumb\"},\"inLanguage\":\"va\",\"potentialAction\":[{\"@type\":\"ReadAction\",\"target\":[\"https:\\\/\\\/www.oceanografic.org\\\/va\\\/politica-de-condicions-de-la-venda-en-linia\\\/\"]}]},{\"@type\":\"BreadcrumbList\",\"@id\":\"https:\\\/\\\/www.oceanografic.org\\\/va\\\/politica-de-condicions-de-la-venda-en-linia\\\/#breadcrumb\",\"itemListElement\":[{\"@type\":\"ListItem\",\"position\":1,\"name\":\"Portada\",\"item\":\"https:\\\/\\\/www.oceanografic.org\\\/va\\\/\"},{\"@type\":\"ListItem\",\"position\":2,\"name\":\"Pol\u00edtica de condicions de la venda en l\u00ednia\"}]},{\"@type\":\"WebSite\",\"@id\":\"https:\\\/\\\/www.oceanografic.org\\\/va\\\/#website\",\"url\":\"https:\\\/\\\/www.oceanografic.org\\\/va\\\/\",\"name\":\"Oceanogr\u00e0fic de Val\u00e8ncia\",\"description\":\"\",\"publisher\":{\"@id\":\"https:\\\/\\\/www.oceanografic.org\\\/va\\\/#organization\"},\"potentialAction\":[{\"@type\":\"SearchAction\",\"target\":{\"@type\":\"EntryPoint\",\"urlTemplate\":\"https:\\\/\\\/www.oceanografic.org\\\/va\\\/?s={search_term_string}\"},\"query-input\":{\"@type\":\"PropertyValueSpecification\",\"valueRequired\":true,\"valueName\":\"search_term_string\"}}],\"inLanguage\":\"va\"},{\"@type\":\"Organization\",\"@id\":\"https:\\\/\\\/www.oceanografic.org\\\/va\\\/#organization\",\"name\":\"Oceanogr\u00e0fic de Val\u00e8ncia\",\"url\":\"https:\\\/\\\/www.oceanografic.org\\\/va\\\/\",\"logo\":{\"@type\":\"ImageObject\",\"inLanguage\":\"va\",\"@id\":\"https:\\\/\\\/www.oceanografic.org\\\/va\\\/#\\\/schema\\\/logo\\\/image\\\/\",\"url\":\"https:\\\/\\\/www.oceanografic.org\\\/wp-content\\\/uploads\\\/2024\\\/10\\\/Logo-OCE.png\",\"contentUrl\":\"https:\\\/\\\/www.oceanografic.org\\\/wp-content\\\/uploads\\\/2024\\\/10\\\/Logo-OCE.png\",\"width\":3543,\"height\":1286,\"caption\":\"Oceanogr\u00e0fic de Val\u00e8ncia\"},\"image\":{\"@id\":\"https:\\\/\\\/www.oceanografic.org\\\/va\\\/#\\\/schema\\\/logo\\\/image\\\/\"},\"sameAs\":[\"https:\\\/\\\/www.facebook.com\\\/oceanograficvl\",\"https:\\\/\\\/x.com\\\/Oceanografic_vl\"]}]}<\/script>\n<!-- \/ Yoast SEO plugin. -->","yoast_head_json":{"title":"Pol\u00edtica de condicions de la venda en l\u00ednia - Oceanogr\u00e0fic de Val\u00e8ncia","robots":{"index":"index","follow":"follow","max-snippet":"max-snippet:-1","max-image-preview":"max-image-preview:large","max-video-preview":"max-video-preview:-1"},"canonical":"https:\/\/www.oceanografic.org\/va\/politica-de-condicions-de-la-venda-en-linia\/","og_locale":"en_US","og_type":"article","og_title":"Pol\u00edtica de condicions de la venda en l\u00ednia - Oceanogr\u00e0fic de Val\u00e8ncia","og_description":"CONDICIONS D\u2019\u00daS COMPRA D\u2019ENTRADES EN L\u00cdNIA IDENTIFICACI\u00d3 AVANQUA OCEANOGR\u00c0FIC,S.L. \u00e9s el nom comercial que s\u2019inclou al lloc web indicat m\u00e9s amunt i objecte del present av\u00eds legal. AVANQUA OCEANOGR\u00c0FIC,S.L, S.L., com a prestador de serveis de la societat de la informaci\u00f3, es regeix pel que estableix la Llei 34\/2002, d\u201911 de juliol, de Serveis de&hellip; Continua","og_url":"https:\/\/www.oceanografic.org\/va\/politica-de-condicions-de-la-venda-en-linia\/","og_site_name":"Oceanogr\u00e0fic de Val\u00e8ncia","article_publisher":"https:\/\/www.facebook.com\/oceanograficvl","twitter_card":"summary_large_image","twitter_site":"@Oceanografic_vl","twitter_misc":{"Est. reading time":"7 minutes"},"schema":{"@context":"https:\/\/schema.org","@graph":[{"@type":"WebPage","@id":"https:\/\/www.oceanografic.org\/va\/politica-de-condicions-de-la-venda-en-linia\/","url":"https:\/\/www.oceanografic.org\/va\/politica-de-condicions-de-la-venda-en-linia\/","name":"Pol\u00edtica de condicions de la venda en l\u00ednia - Oceanogr\u00e0fic de Val\u00e8ncia","isPartOf":{"@id":"https:\/\/www.oceanografic.org\/va\/#website"},"datePublished":"2018-06-15T11:16:45+00:00","breadcrumb":{"@id":"https:\/\/www.oceanografic.org\/va\/politica-de-condicions-de-la-venda-en-linia\/#breadcrumb"},"inLanguage":"va","potentialAction":[{"@type":"ReadAction","target":["https:\/\/www.oceanografic.org\/va\/politica-de-condicions-de-la-venda-en-linia\/"]}]},{"@type":"BreadcrumbList","@id":"https:\/\/www.oceanografic.org\/va\/politica-de-condicions-de-la-venda-en-linia\/#breadcrumb","itemListElement":[{"@type":"ListItem","position":1,"name":"Portada","item":"https:\/\/www.oceanografic.org\/va\/"},{"@type":"ListItem","position":2,"name":"Pol\u00edtica de condicions de la venda en l\u00ednia"}]},{"@type":"WebSite","@id":"https:\/\/www.oceanografic.org\/va\/#website","url":"https:\/\/www.oceanografic.org\/va\/","name":"Oceanogr\u00e0fic de Val\u00e8ncia","description":"","publisher":{"@id":"https:\/\/www.oceanografic.org\/va\/#organization"},"potentialAction":[{"@type":"SearchAction","target":{"@type":"EntryPoint","urlTemplate":"https:\/\/www.oceanografic.org\/va\/?s={search_term_string}"},"query-input":{"@type":"PropertyValueSpecification","valueRequired":true,"valueName":"search_term_string"}}],"inLanguage":"va"},{"@type":"Organization","@id":"https:\/\/www.oceanografic.org\/va\/#organization","name":"Oceanogr\u00e0fic de Val\u00e8ncia","url":"https:\/\/www.oceanografic.org\/va\/","logo":{"@type":"ImageObject","inLanguage":"va","@id":"https:\/\/www.oceanografic.org\/va\/#\/schema\/logo\/image\/","url":"https:\/\/www.oceanografic.org\/wp-content\/uploads\/2024\/10\/Logo-OCE.png","contentUrl":"https:\/\/www.oceanografic.org\/wp-content\/uploads\/2024\/10\/Logo-OCE.png","width":3543,"height":1286,"caption":"Oceanogr\u00e0fic de Val\u00e8ncia"},"image":{"@id":"https:\/\/www.oceanografic.org\/va\/#\/schema\/logo\/image\/"},"sameAs":["https:\/\/www.facebook.com\/oceanograficvl","https:\/\/x.com\/Oceanografic_vl"]}]}},"_links":{"self":[{"href":"https:\/\/www.oceanografic.org\/va\/wp-json\/wp\/v2\/pages\/110146","targetHints":{"allow":["GET"]}}],"collection":[{"href":"https:\/\/www.oceanografic.org\/va\/wp-json\/wp\/v2\/pages"}],"about":[{"href":"https:\/\/www.oceanografic.org\/va\/wp-json\/wp\/v2\/types\/page"}],"author":[{"embeddable":true,"href":"https:\/\/www.oceanografic.org\/va\/wp-json\/wp\/v2\/users\/2"}],"replies":[{"embeddable":true,"href":"https:\/\/www.oceanografic.org\/va\/wp-json\/wp\/v2\/comments?post=110146"}],"version-history":[{"count":0,"href":"https:\/\/www.oceanografic.org\/va\/wp-json\/wp\/v2\/pages\/110146\/revisions"}],"wp:attachment":[{"href":"https:\/\/www.oceanografic.org\/va\/wp-json\/wp\/v2\/media?parent=110146"}],"curies":[{"name":"wp","href":"https:\/\/api.w.org\/{rel}","templated":true}]}}