{"id":24898,"date":"2019-03-04T14:59:17","date_gmt":"2019-03-04T14:59:17","guid":{"rendered":"https:\/\/www.oceanografic.local\/tiburones\/"},"modified":"2019-12-18T08:34:25","modified_gmt":"2019-12-18T08:34:25","slug":"squali","status":"publish","type":"page","link":"https:\/\/www.oceanografic.org\/it\/squali\/","title":{"rendered":"Squali 2020"},"content":{"rendered":"<blockquote><p>Oceanogr\u00e0fic Valencia. El acuario con m\u00e1s tiburones de Europa.<\/p><\/blockquote>\n<p>Este 2020, el Oceanogr\u00e0fic Valencia propone un viaje a trav\u00e9s de todos los mares con recorridos y actividades espec\u00edficas para conocer al animal m\u00e1s ic\u00f3nico de todos los oc\u00e9anos: el tibur\u00f3n.<\/p>\n<p>En muy pocos rincones del mundo se puede contemplar tantas especies de este cautivador animal ni tantos ejemplares juntos. En total, se muestran al p\u00fablico m\u00e1s de 100 tiburones de 21 especies distintas.<\/p>\n<p>Ven al mayor acuario de Europa y vive un cara a cara con tiburones.<\/p>\n","protected":false},"excerpt":{"rendered":"<p>Oceanogr\u00e0fic Valencia. El acuario con m\u00e1s tiburones de Europa. Este 2020, el Oceanogr\u00e0fic Valencia propone un viaje a trav\u00e9s de todos los mares con recorridos y actividades espec\u00edficas para conocer al animal m\u00e1s ic\u00f3nico de todos los oc\u00e9anos: el tibur\u00f3n. En muy pocos rincones del mundo se puede contemplar tantas especies de este cautivador animal&hellip; <a class=\"arrow\" href=\"https:\/\/www.oceanografic.org\/it\/squali\/\">Continued<\/a><\/p>\n","protected":false},"author":5,"featured_media":0,"parent":0,"menu_order":0,"comment_status":"closed","ping_status":"closed","template":"template-tiburones.php","meta":{"_acf_changed":false,"footnotes":""},"class_list":["post-24898","page","type-page","status-publish","hentry"],"acf":[],"yoast_head":"<!-- This site is optimized with the Yoast SEO plugin v27.5 - https:\/\/yoast.com\/product\/yoast-seo-wordpress\/ -->\n<title>Squali 2020 - Oceanogr\u00e0fic de Val\u00e8ncia<\/title>\n<meta name=\"robots\" content=\"index, follow, max-snippet:-1, max-image-preview:large, max-video-preview:-1\" \/>\n<link rel=\"canonical\" href=\"https:\/\/www.oceanografic.org\/it\/squali\/\" \/>\n<meta property=\"og:locale\" content=\"it_IT\" \/>\n<meta property=\"og:type\" content=\"article\" \/>\n<meta property=\"og:title\" content=\"Squali 2020 - Oceanogr\u00e0fic de Val\u00e8ncia\" \/>\n<meta property=\"og:description\" content=\"Oceanogr\u00e0fic Valencia. El acuario con m\u00e1s tiburones de Europa. Este 2020, el Oceanogr\u00e0fic Valencia propone un viaje a trav\u00e9s de todos los mares con recorridos y actividades espec\u00edficas para conocer al animal m\u00e1s ic\u00f3nico de todos los oc\u00e9anos: el tibur\u00f3n. En muy pocos rincones del mundo se puede contemplar tantas especies de este cautivador animal&hellip; Continued\" \/>\n<meta property=\"og:url\" content=\"https:\/\/www.oceanografic.org\/it\/squali\/\" \/>\n<meta property=\"og:site_name\" content=\"Oceanogr\u00e0fic de Val\u00e8ncia\" \/>\n<meta property=\"article:publisher\" content=\"https:\/\/www.facebook.com\/oceanograficvl\" \/>\n<meta property=\"article:modified_time\" content=\"2019-12-18T08:34:25+00:00\" \/>\n<meta name=\"twitter:card\" content=\"summary_large_image\" \/>\n<meta name=\"twitter:site\" content=\"@Oceanografic_vl\" \/>\n<script type=\"application\/ld+json\" class=\"yoast-schema-graph\">{\"@context\":\"https:\\\/\\\/schema.org\",\"@graph\":[{\"@type\":\"WebPage\",\"@id\":\"https:\\\/\\\/www.oceanografic.org\\\/it\\\/squali\\\/\",\"url\":\"https:\\\/\\\/www.oceanografic.org\\\/it\\\/squali\\\/\",\"name\":\"Squali 2020 - Oceanogr\u00e0fic de Val\u00e8ncia\",\"isPartOf\":{\"@id\":\"https:\\\/\\\/www.oceanografic.org\\\/it\\\/#website\"},\"datePublished\":\"2019-03-04T14:59:17+00:00\",\"dateModified\":\"2019-12-18T08:34:25+00:00\",\"breadcrumb\":{\"@id\":\"https:\\\/\\\/www.oceanografic.org\\\/it\\\/squali\\\/#breadcrumb\"},\"inLanguage\":\"it-IT\",\"potentialAction\":[{\"@type\":\"ReadAction\",\"target\":[\"https:\\\/\\\/www.oceanografic.org\\\/it\\\/squali\\\/\"]}]},{\"@type\":\"BreadcrumbList\",\"@id\":\"https:\\\/\\\/www.oceanografic.org\\\/it\\\/squali\\\/#breadcrumb\",\"itemListElement\":[{\"@type\":\"ListItem\",\"position\":1,\"name\":\"Portada\",\"item\":\"https:\\\/\\\/www.oceanografic.org\\\/it\\\/\"},{\"@type\":\"ListItem\",\"position\":2,\"name\":\"Squali 2020\"}]},{\"@type\":\"WebSite\",\"@id\":\"https:\\\/\\\/www.oceanografic.org\\\/it\\\/#website\",\"url\":\"https:\\\/\\\/www.oceanografic.org\\\/it\\\/\",\"name\":\"Oceanogr\u00e0fic de Val\u00e8ncia\",\"description\":\"\",\"publisher\":{\"@id\":\"https:\\\/\\\/www.oceanografic.org\\\/it\\\/#organization\"},\"potentialAction\":[{\"@type\":\"SearchAction\",\"target\":{\"@type\":\"EntryPoint\",\"urlTemplate\":\"https:\\\/\\\/www.oceanografic.org\\\/it\\\/?s={search_term_string}\"},\"query-input\":{\"@type\":\"PropertyValueSpecification\",\"valueRequired\":true,\"valueName\":\"search_term_string\"}}],\"inLanguage\":\"it-IT\"},{\"@type\":\"Organization\",\"@id\":\"https:\\\/\\\/www.oceanografic.org\\\/it\\\/#organization\",\"name\":\"Oceanogr\u00e0fic de Val\u00e8ncia\",\"url\":\"https:\\\/\\\/www.oceanografic.org\\\/it\\\/\",\"logo\":{\"@type\":\"ImageObject\",\"inLanguage\":\"it-IT\",\"@id\":\"https:\\\/\\\/www.oceanografic.org\\\/it\\\/#\\\/schema\\\/logo\\\/image\\\/\",\"url\":\"https:\\\/\\\/www.oceanografic.org\\\/wp-content\\\/uploads\\\/2024\\\/10\\\/Logo-OCE.png\",\"contentUrl\":\"https:\\\/\\\/www.oceanografic.org\\\/wp-content\\\/uploads\\\/2024\\\/10\\\/Logo-OCE.png\",\"width\":3543,\"height\":1286,\"caption\":\"Oceanogr\u00e0fic de Val\u00e8ncia\"},\"image\":{\"@id\":\"https:\\\/\\\/www.oceanografic.org\\\/it\\\/#\\\/schema\\\/logo\\\/image\\\/\"},\"sameAs\":[\"https:\\\/\\\/www.facebook.com\\\/oceanograficvl\",\"https:\\\/\\\/x.com\\\/Oceanografic_vl\"]}]}<\/script>\n<!-- \/ Yoast SEO plugin. -->","yoast_head_json":{"title":"Squali 2020 - Oceanogr\u00e0fic de Val\u00e8ncia","robots":{"index":"index","follow":"follow","max-snippet":"max-snippet:-1","max-image-preview":"max-image-preview:large","max-video-preview":"max-video-preview:-1"},"canonical":"https:\/\/www.oceanografic.org\/it\/squali\/","og_locale":"it_IT","og_type":"article","og_title":"Squali 2020 - Oceanogr\u00e0fic de Val\u00e8ncia","og_description":"Oceanogr\u00e0fic Valencia. El acuario con m\u00e1s tiburones de Europa. Este 2020, el Oceanogr\u00e0fic Valencia propone un viaje a trav\u00e9s de todos los mares con recorridos y actividades espec\u00edficas para conocer al animal m\u00e1s ic\u00f3nico de todos los oc\u00e9anos: el tibur\u00f3n. En muy pocos rincones del mundo se puede contemplar tantas especies de este cautivador animal&hellip; Continued","og_url":"https:\/\/www.oceanografic.org\/it\/squali\/","og_site_name":"Oceanogr\u00e0fic de Val\u00e8ncia","article_publisher":"https:\/\/www.facebook.com\/oceanograficvl","article_modified_time":"2019-12-18T08:34:25+00:00","twitter_card":"summary_large_image","twitter_site":"@Oceanografic_vl","schema":{"@context":"https:\/\/schema.org","@graph":[{"@type":"WebPage","@id":"https:\/\/www.oceanografic.org\/it\/squali\/","url":"https:\/\/www.oceanografic.org\/it\/squali\/","name":"Squali 2020 - Oceanogr\u00e0fic de Val\u00e8ncia","isPartOf":{"@id":"https:\/\/www.oceanografic.org\/it\/#website"},"datePublished":"2019-03-04T14:59:17+00:00","dateModified":"2019-12-18T08:34:25+00:00","breadcrumb":{"@id":"https:\/\/www.oceanografic.org\/it\/squali\/#breadcrumb"},"inLanguage":"it-IT","potentialAction":[{"@type":"ReadAction","target":["https:\/\/www.oceanografic.org\/it\/squali\/"]}]},{"@type":"BreadcrumbList","@id":"https:\/\/www.oceanografic.org\/it\/squali\/#breadcrumb","itemListElement":[{"@type":"ListItem","position":1,"name":"Portada","item":"https:\/\/www.oceanografic.org\/it\/"},{"@type":"ListItem","position":2,"name":"Squali 2020"}]},{"@type":"WebSite","@id":"https:\/\/www.oceanografic.org\/it\/#website","url":"https:\/\/www.oceanografic.org\/it\/","name":"Oceanogr\u00e0fic de Val\u00e8ncia","description":"","publisher":{"@id":"https:\/\/www.oceanografic.org\/it\/#organization"},"potentialAction":[{"@type":"SearchAction","target":{"@type":"EntryPoint","urlTemplate":"https:\/\/www.oceanografic.org\/it\/?s={search_term_string}"},"query-input":{"@type":"PropertyValueSpecification","valueRequired":true,"valueName":"search_term_string"}}],"inLanguage":"it-IT"},{"@type":"Organization","@id":"https:\/\/www.oceanografic.org\/it\/#organization","name":"Oceanogr\u00e0fic de Val\u00e8ncia","url":"https:\/\/www.oceanografic.org\/it\/","logo":{"@type":"ImageObject","inLanguage":"it-IT","@id":"https:\/\/www.oceanografic.org\/it\/#\/schema\/logo\/image\/","url":"https:\/\/www.oceanografic.org\/wp-content\/uploads\/2024\/10\/Logo-OCE.png","contentUrl":"https:\/\/www.oceanografic.org\/wp-content\/uploads\/2024\/10\/Logo-OCE.png","width":3543,"height":1286,"caption":"Oceanogr\u00e0fic de Val\u00e8ncia"},"image":{"@id":"https:\/\/www.oceanografic.org\/it\/#\/schema\/logo\/image\/"},"sameAs":["https:\/\/www.facebook.com\/oceanograficvl","https:\/\/x.com\/Oceanografic_vl"]}]}},"_links":{"self":[{"href":"https:\/\/www.oceanografic.org\/it\/wp-json\/wp\/v2\/pages\/24898","targetHints":{"allow":["GET"]}}],"collection":[{"href":"https:\/\/www.oceanografic.org\/it\/wp-json\/wp\/v2\/pages"}],"about":[{"href":"https:\/\/www.oceanografic.org\/it\/wp-json\/wp\/v2\/types\/page"}],"author":[{"embeddable":true,"href":"https:\/\/www.oceanografic.org\/it\/wp-json\/wp\/v2\/users\/5"}],"replies":[{"embeddable":true,"href":"https:\/\/www.oceanografic.org\/it\/wp-json\/wp\/v2\/comments?post=24898"}],"version-history":[{"count":0,"href":"https:\/\/www.oceanografic.org\/it\/wp-json\/wp\/v2\/pages\/24898\/revisions"}],"wp:attachment":[{"href":"https:\/\/www.oceanografic.org\/it\/wp-json\/wp\/v2\/media?parent=24898"}],"curies":[{"name":"wp","href":"https:\/\/api.w.org\/{rel}","templated":true}]}}