{"id":110157,"date":"2018-06-15T10:54:09","date_gmt":"2018-06-15T10:54:09","guid":{"rendered":"https:\/\/www.oceanografic.org\/informativa-sulla-privacy\/"},"modified":"2018-06-15T10:54:09","modified_gmt":"2018-06-15T10:54:09","slug":"informativa-sulla-privacy","status":"publish","type":"page","link":"https:\/\/www.oceanografic.org\/it\/informativa-sulla-privacy\/","title":{"rendered":"Informativa sulla privacy"},"content":{"rendered":"<p>Avanqua Oceanogr\u00e0fic S.L (di seguito, \u201c<strong>Avanqua Oceanogr\u00e0fic<\/strong>\u201d), in conformit\u00e0 con la normativa sulla protezione dei dati personali, informa l&#8217;utente di questo sito web (di seguito, l&#8217;\u201c<strong>Utente<\/strong>\u201d), contenuto nella presente pagina web (di seguito, il \u201c<strong>Sito Web<\/strong>\u201d), in merito alle seguenti condizioni che regoleranno il trattamento dei suoi dati personali nell&#8217;ambito dell&#8217;utilizzo e dell&#8217;interazione con il Sito Web, nonch\u00e9 il trattamento dei suoi dati per quanto riguarda il contatto che potr\u00e0 stabilire con il suo titolare.<\/p>\n<ol>\n<li><strong>Chi \u00e8 il Titolare del trattamento dei tuoi dati?<\/strong><\/li>\n<\/ol>\n<table width=\"576\">\n<tbody>\n<tr>\n<td width=\"140\"><strong>Titolare<\/strong><\/td>\n<td width=\"437\">Avanqua Oceanogr\u00e0fic S.L<\/td>\n<\/tr>\n<tr>\n<td width=\"140\"><strong>NIF (Codice fiscale spagnolo)<\/strong><\/td>\n<td width=\"437\">B-98725252<\/td>\n<\/tr>\n<tr>\n<td width=\"140\"><strong>Sede legale<\/strong><\/td>\n<td width=\"437\">Gran V\u00eda Marqu\u00e9s del T\u00faria, 19. 46005 (Valencia)<\/td>\n<\/tr>\n<tr>\n<td width=\"140\"><strong>E-mail <\/strong><\/td>\n<td width=\"437\"><a href=\"mailto:protecciondatos@oceanografic.org\">protecciondatos@oceanografic.org<\/a><\/td>\n<\/tr>\n<tr>\n<td width=\"140\"><strong>Telefono<\/strong><\/td>\n<td width=\"437\">960470647<\/td>\n<\/tr>\n<tr>\n<td width=\"140\"><strong>Responsabile della Protezione dei dati (DPO)<\/strong><\/td>\n<td width=\"437\">\n<p><a href=\"mailto:protecciondatos@oceanografic.org\">protecciondatos@oceanografic.org<\/a><\/td>\n<\/tr>\n<\/tbody>\n<\/table>\n<p>&nbsp;<\/p>\n<ol start=\"2\">\n<li><strong>Quali trattamenti di dati personali effettuiamo?<\/strong><\/li>\n<\/ol>\n<p>I dati personali dell&#8217;Utente saranno trattati da Avanqua Oceanogr\u00e0fic S.L con le seguenti finalit\u00e0 e sulle seguenti basi giuridiche:<\/p>\n<p><strong>Finalit\u00e0 1: gestione delle comunicazioni, risoluzione di incidenti e reclami, nonch\u00e9 richieste di informazioni e risoluzione di altri tipi di quesiti<\/strong><\/p>\n<ul>\n<li><strong>Dati trattati per questa finalit\u00e0: <\/strong>dati identificativi e di contatto comunicati attraverso i mezzi forniti da Avanqua Oceanogr\u00e0fic S.L, come i moduli del Sito Web, l&#8217;e-mail o il telefono. Nello specifico, e tra gli altri dati che potrebbero essere comunicati in base alla specifica richiesta o comunicazione inviata, \u00e8 previsto il trattamento di nome, cognome, indirizzo e-mail, telefono, posizione professionale e azienda o ente per cui l&#8217;Utente lavora. <\/li>\n<li><strong>Descrizione della finalit\u00e0: <\/strong>gestire la richiesta presentata e fornire le informazioni richieste dall&#8217;Utente.<\/li>\n<li><strong>Base giuridica: <\/strong>consenso dell&#8217;Utente mediante l&#8217;accettazione del trattamento dei propri dati per la finalit\u00e0 indicata nell&#8217;informativa di base sulla protezione dei dati e nella politica sulla privacy.<\/li>\n<li><strong>Periodo di conservazione<\/strong>: il tempo necessario per risolvere la richiesta o fornire le informazioni richieste, risolvere il reclamo o l&#8217;incidente, nonch\u00e9 per far fronte a eventuali responsabilit\u00e0 o obblighi legali che potrebbero derivarne; i dati potranno essere conservati debitamente bloccati successivamente per almeno 5 anni, termine generale di prescrizione per le azioni personali.<\/li>\n<\/ul>\n<p><strong>Finalit\u00e0 2: gestione del rapporto commerciale con il cliente, incluse le prenotazioni di attivit\u00e0 e ristorazione.<\/strong><\/p>\n<ul>\n<li><strong>Dati trattati per questa finalit\u00e0: <\/strong>dati identificativi, di contatto e, se del caso, di natura economica, formativa e accademica, comunicati attraverso i mezzi forniti da Avanqua Oceanogr\u00e0fic S.L, come i moduli del Sito Web, l&#8217;e-mail, il telefono o durante lo svolgimento del rapporto commerciale con Avanqua Oceanogr\u00e0fic S.L. Nello specifico, e tra gli altri dati che potrebbero essere comunicati, \u00e8 previsto il trattamento di nome, cognome, indirizzo e-mail, telefono, indirizzo di consegna o dati relativi a transazioni e finanziari necessari per portare a termine l&#8217;operazione di acquisto effettuata e la consegna dei beni acquistati.<\/li>\n<li><strong>Descrizione della finalit\u00e0: <\/strong>gestire, nell&#8217;ambito della prestazione dei propri servizi, tutti gli aspetti che potrebbero derivare dal rapporto commerciale instaurato con Avanqua Oceanogr\u00e0fic S.L a causa dell&#8217;acquisto di biglietti o prodotti nel suo negozio online e\/o del rapporto instaurato con Avanqua Oceanogr\u00e0fic S.L, inclusa la gestione dei dati di prenotazione o degli appuntamenti concordati.<\/li>\n<li><strong>Base giuridica: <\/strong>esecuzione del rapporto contrattuale.<\/li>\n<li><strong>Periodo di conservazione<\/strong>: per tutta la durata del rapporto contrattuale, nonch\u00e9 per far fronte a eventuali responsabilit\u00e0 o obblighi legali che potrebbero derivarne; i dati potranno essere conservati debitamente bloccati successivamente per almeno 5 anni, termine generale di prescrizione per le azioni personali.<\/li>\n<\/ul>\n<p><strong>Finalit\u00e0 3: analisi dei dati tramite cookie<\/strong><\/p>\n<ul>\n<li><strong>Dati trattati per questa finalit\u00e0:<\/strong> a seconda dei casi, potranno essere trattati dati identificativi, di contatto e di navigazione. Ad esempio: abitudini di navigazione (modelli di navigazione, funzionalit\u00e0 e servizi pi\u00f9 richiesti, preferenze, ecc.) o identificatori della navigazione (dispositivo di navigazione o indirizzo IP). <\/li>\n<li><strong>Descrizione della finalit\u00e0:<\/strong> analizzare la navigazione dell&#8217;Utente sul Sito Web al fine di conoscere i modelli di navigazione, migliorare il Sito Web e l&#8217;esperienza dell&#8217;Utente.<\/li>\n<li><strong>Base giuridica<\/strong>: consenso dell&#8217;interessato, fornito mediante l&#8217;accettazione del download dei cookie nell&#8217;informativa sui cookie visualizzata all&#8217;accesso al Sito Web.<\/li>\n<li><strong>Periodo di conservazione<\/strong>: finch\u00e9 non viene revocato il consenso e, nello specifico per ogni cookie, quello indicato nella colonna \u201cscadenza\u201d della sezione \u201c3. Quali cookie utilizziamo?\u201d della nostra <a href=\"https:\/\/www.oceanografic.org\/politica-de-cookies\/\">Informativa sui Cookie<\/a>.<\/li>\n<\/ul>\n<p><strong>Finalit\u00e0 4: invio di comunicazioni commerciali proprie<\/strong><\/p>\n<ul>\n<li><strong>Dati trattati per questa finalit\u00e0<\/strong>: dati identificativi e di contatto, come nome, cognome e indirizzo e-mail.<\/li>\n<li><strong>Descrizione della finalit\u00e0<\/strong>: inviare comunicazioni commerciali relative all&#8217;attivit\u00e0 di Avanqua Oceanogr\u00e0fic S.L.<\/li>\n<\/ul>\n<ul>\n<li><strong>Base giuridica: <\/strong>consenso dell&#8217;Utente (destinatario delle comunicazioni). L&#8217;Utente pu\u00f2 revocare il consenso prestato in qualsiasi momento scrivendo a <a href=\"mailto:protecciondatos@oceanografic.org\">protecciondatos@oceanografic.org<\/a>. <\/li>\n<li><strong>Periodo di conservazione<\/strong>: quello necessario per soddisfare la finalit\u00e0 indicata e finch\u00e9 l&#8217;utente non si oppone al trattamento o revoca il consenso, nonch\u00e9 per far fronte a eventuali responsabilit\u00e0 o obblighi legali che potrebbero derivarne; i dati potranno essere conservati debitamente bloccati successivamente per almeno 5 anni, termine generale di prescrizione per le azioni personali.<\/li>\n<\/ul>\n<p><strong>Finalit\u00e0 5: ricerca di talenti<\/strong><\/p>\n<ul>\n<li class=\"x_MsoNormal\"><b><span data-olk-copy-source=\"MessageBody\">Dati trattati per questa finalit\u00e0<\/span><\/b>: dati identificativi, di contatto e professionali, come nome, cognome, et\u00e0 (al solo scopo di identificare persone con piena capacit\u00e0 di agire), indirizzo e-mail, competenze, formazione accademica ed esperienza precedente.<\/li>\n<li class=\"x_MsoNormal\"><b>Descrizione della finalit\u00e0<\/b>: gestione delle candidature che potrebbero essere pubblicate di volta in volta, nonch\u00e9 gestione del database raccolto con mezzi elettronici, ai fini di valutare nuovi inserimenti.<\/li>\n<li class=\"x_MsoNormal\"><b>Base giuridica: (i) <\/b>adozione di misure precontrattuali su richiesta dell&#8217;interessato, in caso di invio spontaneo e proattivo del proprio curriculum con l&#8217;intenzione di concludere un contratto al di fuori di un processo di selezione o di un&#8217;offerta specifica; <b>(ii)<\/b> consenso dell&#8217;interessato per la conservazione del proprio curriculum nel database del lavoro.<\/li>\n<li class=\"x_MsoNormal\"><b>Periodo di conservazione<\/b>: per tutta la durata del processo di selezione o fino alla revoca del consenso e in ogni caso per non pi\u00f9 di 2 anni, a meno che non sia stato richiesto il consenso del candidato per conservarlo per un periodo pi\u00f9 lungo.<\/li>\n<\/ul>\n<p><strong>Finalit\u00e0 6: adempimento di obblighi legali  <\/strong><\/p>\n<ul>\n<li><strong>Dati trattati per questa finalit\u00e0<\/strong>: qualsiasi dato personale che possa essere oggetto di trattamento nell&#8217;ambito dell&#8217;adempimento degli obblighi legali a cui \u00e8 soggetta Avanqua Oceanogr\u00e0fic S.L<\/li>\n<li><strong>Descrizione della finalit\u00e0<\/strong>: adempiere a qualsiasi obbligo legale applicabile ad Avanqua Oceanogr\u00e0fic S.L.<\/li>\n<li><strong>Base giuridica: <\/strong>adempimento dello specifico obbligo legale applicabile.<\/li>\n<li><strong>Periodo di conservazione<\/strong>: quello indicato nella normativa applicabile in base all&#8217;obbligo legale imposto ad Avanqua Oceanogr\u00e0fic S.L<\/li>\n<\/ul>\n<ol start=\"3\">\n<li><strong>A quali destinatari saranno comunicati i tuoi dati?  <\/strong><\/li>\n<\/ol>\n<p>Avanqua Oceanogr\u00e0fic S.L, per una corretta prestazione dei servizi, potr\u00e0 comunicare i tuoi dati a fornitori che svolgeranno le loro funzioni in qualit\u00e0 di responsabili del trattamento.<\/p>\n<p>Inoltre, ti informiamo che determinati dati, in virt\u00f9 della normativa vigente o del rapporto contrattuale intercorrente con Avanqua Oceanogr\u00e0fic S.L, potranno essere comunicati a:<\/p>\n<ul>\n<li>Banche ed enti finanziari per la riscossione dei servizi contrattati e\/o dei prodotti acquistati.<\/li>\n<li>Pubbliche amministrazioni competenti nei settori di attivit\u00e0 di Avanqua Oceanogr\u00e0fic, quando stabilito dalla normativa vigente.<\/li>\n<\/ul>\n<ol start=\"4\">\n<li><strong>Vengono effettuati trasferimenti internazionali di dati?  <\/strong><\/li>\n<\/ol>\n<p>Avanqua Oceanogr\u00e0fic S.L potrebbe effettuare da questo Sito web trasferimenti internazionali di dati derivanti dall&#8217;accettazione dei cookie:<\/p>\n<p>Google LLC, Microsoft, Microsoft Clarity, TikTok, Cloudflare, HubSpot e Meta Platforms Inc. trasferiscono dati negli Stati Uniti sulla base del consenso dell&#8217;utente all&#8217;accettazione dei cookie. <\/p>\n<p>Accettando i cookie di queste entit\u00e0, l&#8217;utente acconsente al trasferimento dei propri dati personali, che potrebbero essere raccolti tramite il caricamento e la lettura dei cookie, negli Stati Uniti, paese per il quale la Commissione Europea ha adottato la Decisione di adeguatezza del 10 luglio 2023, <a href=\"https:\/\/ec.europa.eu\/commission\/presscorner\/detail\/en\/ip_23_3721\">EU-USA Data Privacy Framework<\/a>, dichiarando che le aziende situate negli USA che vi aderiscono offrono garanzie adeguate al livello di protezione della normativa europea.<\/p>\n<p>Nel caso in cui l&#8217;utente non acconsenta a questo trasferimento internazionale di dati negli Stati Uniti, dovr\u00e0 rifiutare questi cookie; in tal caso non verranno fornite n\u00e9 ottenute le funzionalit\u00e0 o i servizi offerti con tali cookie.<\/p>\n<p>Puoi informarti sui trasferimenti verso paesi terzi eventualmente effettuati dai soggetti terzi identificati nell&#8217;informativa sui cookie consultando le loro rispettive policy.<\/p>\n<ol start=\"5\">\n<li><strong>Quali sono i tuoi diritti quando ci fornisci i tuoi dati?<\/strong><\/li>\n<\/ol>\n<p>I diritti di protezione dei dati che gli interessati possono esercitare, ove applicabili, sono:<\/p>\n<ul>\n<li>Diritto di richiedere l&#8217;accesso ai dati personali relativi all&#8217;interessato.<\/li>\n<li>Diritto di rettifica o cancellazione.<\/li>\n<li>Diritto di opposizione.<\/li>\n<li>Diritto di richiedere la limitazione del trattamento.<\/li>\n<li>Diritto alla portabilit\u00e0 dei dati.<\/li>\n<li>Diritto di non essere sottoposto a decisioni basate unicamente sul trattamento automatizzato dei dati.<\/li>\n<\/ul>\n<p>I titolari dei dati personali ottenuti potranno esercitare i propri diritti di protezione dei dati personali inviando una comunicazione scritta alla sede legale di Avanqua Oceanogr\u00e0fic S.L o all&#8217;indirizzo e-mail <a href=\"mailto:protecciondatos@oceanografic.org\">protecciondatos@oceanografic.org<\/a><\/p>\n<p>Modelli, moduli e ulteriori informazioni sui tuoi diritti sono disponibili sul sito web dell&#8217;autorit\u00e0 di controllo nazionale, l&#8217;Agencia Espa\u00f1ola de Protecci\u00f3n de Datos (di seguito, AEPD), <a href=\"https:\/\/www.aepd.es\/\">www.aepd.es<\/a><\/p>\n<ol start=\"6\">\n<li><strong>Posso revocare il consenso?<\/strong><\/li>\n<\/ol>\n<p>Hai la possibilit\u00e0 e il diritto di revocare il consenso per qualsiasi finalit\u00e0 specifica concessa a suo tempo, senza che ci\u00f2 pregiudichi la liceit\u00e0 del trattamento basato sul consenso prima della sua revoca.<\/p>\n<ol start=\"7\">\n<li><strong>Dove posso presentare un reclamo se ritengo che i miei dati non siano trattati correttamente?<\/strong><\/li>\n<\/ol>\n<p>Se un interessato ritiene che i propri dati non siano trattati correttamente da Avanqua Oceanogr\u00e0fic S.L o che le richieste di esercizio dei diritti non siano state soddisfatte in modo soddisfacente, pu\u00f2 presentare un reclamo presso l&#8217;autorit\u00e0 di protezione dei dati competente, che nel territorio nazionale spagnolo \u00e8 l&#8217;AEPD, <a href=\"http:\/\/www.aepd.es\">www.aepd.es<\/a>.<\/p>\n<ol start=\"8\">\n<li><strong>Sicurezza e aggiornamento dei tuoi dati personali<\/strong><\/li>\n<\/ol>\n<p>Al fine di salvaguardare la sicurezza dei tuoi dati personali, ti informiamo che sono state adottate tutte le misure tecniche e organizzative necessarie per garantire la sicurezza dei dati personali forniti. Tutto ci\u00f2 per evitarne l&#8217;alterazione, la perdita e\/o trattamenti o accessi non autorizzati, come richiesto dalla normativa, sebbene la sicurezza assoluta non esista. <\/p>\n<p>\u00c8 importante che, per consentirci di mantenere aggiornati i tuoi dati personali, ci informi ogni volta che si verifica una modifica degli stessi.<\/p>\n<ol start=\"9\">\n<li><strong>Riservatezza<\/strong><\/li>\n<\/ol>\n<p>Avanqua Oceanogr\u00e0fic S.L ti informa che i tuoi dati saranno trattati con la massima cura e riservatezza da tutto il personale che interviene in qualsiasi fase del trattamento. Non cederemo n\u00e9 comunicheremo i tuoi dati a terzi, tranne nei casi previsti dalla legge o a meno che l&#8217;interessato non ci abbia espressamente autorizzato. <\/p>\n<p>&nbsp;<\/p>\n","protected":false},"excerpt":{"rendered":"<p>Avanqua Oceanogr\u00e0fic S.L (di seguito, \u201cAvanqua Oceanogr\u00e0fic\u201d), in conformit\u00e0 con la normativa sulla protezione dei dati personali, informa l&#8217;utente di questo sito web (di seguito, l&#8217;\u201cUtente\u201d), contenuto nella presente pagina web (di seguito, il \u201cSito Web\u201d), in merito alle seguenti condizioni che regoleranno il trattamento dei suoi dati personali nell&#8217;ambito dell&#8217;utilizzo e dell&#8217;interazione con il&hellip; <a class=\"arrow\" href=\"https:\/\/www.oceanografic.org\/it\/informativa-sulla-privacy\/\">Continued<\/a><\/p>\n","protected":false},"author":2,"featured_media":0,"parent":0,"menu_order":0,"comment_status":"closed","ping_status":"closed","template":"template-legal.php","meta":{"_acf_changed":false,"footnotes":""},"class_list":["post-110157","page","type-page","status-publish","hentry"],"acf":[],"yoast_head":"<!-- This site is optimized with the Yoast SEO plugin v27.4 - https:\/\/yoast.com\/product\/yoast-seo-wordpress\/ -->\n<title>Informativa sulla privacy - Oceanogr\u00e0fic de Val\u00e8ncia<\/title>\n<meta name=\"robots\" content=\"index, follow, max-snippet:-1, max-image-preview:large, max-video-preview:-1\" \/>\n<link rel=\"canonical\" href=\"https:\/\/www.oceanografic.org\/it\/informativa-sulla-privacy\/\" \/>\n<meta property=\"og:locale\" content=\"it_IT\" \/>\n<meta property=\"og:type\" content=\"article\" \/>\n<meta property=\"og:title\" content=\"Informativa sulla privacy - Oceanogr\u00e0fic de Val\u00e8ncia\" \/>\n<meta property=\"og:description\" content=\"Avanqua Oceanogr\u00e0fic S.L (di seguito, \u201cAvanqua Oceanogr\u00e0fic\u201d), in conformit\u00e0 con la normativa sulla protezione dei dati personali, informa l&#8217;utente di questo sito web (di seguito, l&#8217;\u201cUtente\u201d), contenuto nella presente pagina web (di seguito, il \u201cSito Web\u201d), in merito alle seguenti condizioni che regoleranno il trattamento dei suoi dati personali nell&#8217;ambito dell&#8217;utilizzo e dell&#8217;interazione con il&hellip; Continued\" \/>\n<meta property=\"og:url\" content=\"https:\/\/www.oceanografic.org\/it\/informativa-sulla-privacy\/\" \/>\n<meta property=\"og:site_name\" content=\"Oceanogr\u00e0fic de Val\u00e8ncia\" \/>\n<meta property=\"article:publisher\" content=\"https:\/\/www.facebook.com\/oceanograficvl\" \/>\n<meta name=\"twitter:card\" content=\"summary_large_image\" \/>\n<meta name=\"twitter:site\" content=\"@Oceanografic_vl\" \/>\n<meta name=\"twitter:label1\" content=\"Tempo di lettura stimato\" \/>\n\t<meta name=\"twitter:data1\" content=\"8 minuti\" \/>\n<script type=\"application\/ld+json\" class=\"yoast-schema-graph\">{\"@context\":\"https:\\\/\\\/schema.org\",\"@graph\":[{\"@type\":\"WebPage\",\"@id\":\"https:\\\/\\\/www.oceanografic.org\\\/it\\\/informativa-sulla-privacy\\\/\",\"url\":\"https:\\\/\\\/www.oceanografic.org\\\/it\\\/informativa-sulla-privacy\\\/\",\"name\":\"Informativa sulla privacy - Oceanogr\u00e0fic de Val\u00e8ncia\",\"isPartOf\":{\"@id\":\"https:\\\/\\\/www.oceanografic.org\\\/it\\\/#website\"},\"datePublished\":\"2018-06-15T10:54:09+00:00\",\"breadcrumb\":{\"@id\":\"https:\\\/\\\/www.oceanografic.org\\\/it\\\/informativa-sulla-privacy\\\/#breadcrumb\"},\"inLanguage\":\"it-IT\",\"potentialAction\":[{\"@type\":\"ReadAction\",\"target\":[\"https:\\\/\\\/www.oceanografic.org\\\/it\\\/informativa-sulla-privacy\\\/\"]}]},{\"@type\":\"BreadcrumbList\",\"@id\":\"https:\\\/\\\/www.oceanografic.org\\\/it\\\/informativa-sulla-privacy\\\/#breadcrumb\",\"itemListElement\":[{\"@type\":\"ListItem\",\"position\":1,\"name\":\"Portada\",\"item\":\"https:\\\/\\\/www.oceanografic.org\\\/it\\\/\"},{\"@type\":\"ListItem\",\"position\":2,\"name\":\"Informativa sulla privacy\"}]},{\"@type\":\"WebSite\",\"@id\":\"https:\\\/\\\/www.oceanografic.org\\\/it\\\/#website\",\"url\":\"https:\\\/\\\/www.oceanografic.org\\\/it\\\/\",\"name\":\"Oceanogr\u00e0fic de Val\u00e8ncia\",\"description\":\"\",\"publisher\":{\"@id\":\"https:\\\/\\\/www.oceanografic.org\\\/it\\\/#organization\"},\"potentialAction\":[{\"@type\":\"SearchAction\",\"target\":{\"@type\":\"EntryPoint\",\"urlTemplate\":\"https:\\\/\\\/www.oceanografic.org\\\/it\\\/?s={search_term_string}\"},\"query-input\":{\"@type\":\"PropertyValueSpecification\",\"valueRequired\":true,\"valueName\":\"search_term_string\"}}],\"inLanguage\":\"it-IT\"},{\"@type\":\"Organization\",\"@id\":\"https:\\\/\\\/www.oceanografic.org\\\/it\\\/#organization\",\"name\":\"Oceanogr\u00e0fic de Val\u00e8ncia\",\"url\":\"https:\\\/\\\/www.oceanografic.org\\\/it\\\/\",\"logo\":{\"@type\":\"ImageObject\",\"inLanguage\":\"it-IT\",\"@id\":\"https:\\\/\\\/www.oceanografic.org\\\/it\\\/#\\\/schema\\\/logo\\\/image\\\/\",\"url\":\"https:\\\/\\\/www.oceanografic.org\\\/wp-content\\\/uploads\\\/2024\\\/10\\\/Logo-OCE.png\",\"contentUrl\":\"https:\\\/\\\/www.oceanografic.org\\\/wp-content\\\/uploads\\\/2024\\\/10\\\/Logo-OCE.png\",\"width\":3543,\"height\":1286,\"caption\":\"Oceanogr\u00e0fic de Val\u00e8ncia\"},\"image\":{\"@id\":\"https:\\\/\\\/www.oceanografic.org\\\/it\\\/#\\\/schema\\\/logo\\\/image\\\/\"},\"sameAs\":[\"https:\\\/\\\/www.facebook.com\\\/oceanograficvl\",\"https:\\\/\\\/x.com\\\/Oceanografic_vl\"]}]}<\/script>\n<!-- \/ Yoast SEO plugin. -->","yoast_head_json":{"title":"Informativa sulla privacy - Oceanogr\u00e0fic de Val\u00e8ncia","robots":{"index":"index","follow":"follow","max-snippet":"max-snippet:-1","max-image-preview":"max-image-preview:large","max-video-preview":"max-video-preview:-1"},"canonical":"https:\/\/www.oceanografic.org\/it\/informativa-sulla-privacy\/","og_locale":"it_IT","og_type":"article","og_title":"Informativa sulla privacy - Oceanogr\u00e0fic de Val\u00e8ncia","og_description":"Avanqua Oceanogr\u00e0fic S.L (di seguito, \u201cAvanqua Oceanogr\u00e0fic\u201d), in conformit\u00e0 con la normativa sulla protezione dei dati personali, informa l&#8217;utente di questo sito web (di seguito, l&#8217;\u201cUtente\u201d), contenuto nella presente pagina web (di seguito, il \u201cSito Web\u201d), in merito alle seguenti condizioni che regoleranno il trattamento dei suoi dati personali nell&#8217;ambito dell&#8217;utilizzo e dell&#8217;interazione con il&hellip; Continued","og_url":"https:\/\/www.oceanografic.org\/it\/informativa-sulla-privacy\/","og_site_name":"Oceanogr\u00e0fic de Val\u00e8ncia","article_publisher":"https:\/\/www.facebook.com\/oceanograficvl","twitter_card":"summary_large_image","twitter_site":"@Oceanografic_vl","twitter_misc":{"Tempo di lettura stimato":"8 minuti"},"schema":{"@context":"https:\/\/schema.org","@graph":[{"@type":"WebPage","@id":"https:\/\/www.oceanografic.org\/it\/informativa-sulla-privacy\/","url":"https:\/\/www.oceanografic.org\/it\/informativa-sulla-privacy\/","name":"Informativa sulla privacy - Oceanogr\u00e0fic de Val\u00e8ncia","isPartOf":{"@id":"https:\/\/www.oceanografic.org\/it\/#website"},"datePublished":"2018-06-15T10:54:09+00:00","breadcrumb":{"@id":"https:\/\/www.oceanografic.org\/it\/informativa-sulla-privacy\/#breadcrumb"},"inLanguage":"it-IT","potentialAction":[{"@type":"ReadAction","target":["https:\/\/www.oceanografic.org\/it\/informativa-sulla-privacy\/"]}]},{"@type":"BreadcrumbList","@id":"https:\/\/www.oceanografic.org\/it\/informativa-sulla-privacy\/#breadcrumb","itemListElement":[{"@type":"ListItem","position":1,"name":"Portada","item":"https:\/\/www.oceanografic.org\/it\/"},{"@type":"ListItem","position":2,"name":"Informativa sulla privacy"}]},{"@type":"WebSite","@id":"https:\/\/www.oceanografic.org\/it\/#website","url":"https:\/\/www.oceanografic.org\/it\/","name":"Oceanogr\u00e0fic de Val\u00e8ncia","description":"","publisher":{"@id":"https:\/\/www.oceanografic.org\/it\/#organization"},"potentialAction":[{"@type":"SearchAction","target":{"@type":"EntryPoint","urlTemplate":"https:\/\/www.oceanografic.org\/it\/?s={search_term_string}"},"query-input":{"@type":"PropertyValueSpecification","valueRequired":true,"valueName":"search_term_string"}}],"inLanguage":"it-IT"},{"@type":"Organization","@id":"https:\/\/www.oceanografic.org\/it\/#organization","name":"Oceanogr\u00e0fic de Val\u00e8ncia","url":"https:\/\/www.oceanografic.org\/it\/","logo":{"@type":"ImageObject","inLanguage":"it-IT","@id":"https:\/\/www.oceanografic.org\/it\/#\/schema\/logo\/image\/","url":"https:\/\/www.oceanografic.org\/wp-content\/uploads\/2024\/10\/Logo-OCE.png","contentUrl":"https:\/\/www.oceanografic.org\/wp-content\/uploads\/2024\/10\/Logo-OCE.png","width":3543,"height":1286,"caption":"Oceanogr\u00e0fic de Val\u00e8ncia"},"image":{"@id":"https:\/\/www.oceanografic.org\/it\/#\/schema\/logo\/image\/"},"sameAs":["https:\/\/www.facebook.com\/oceanograficvl","https:\/\/x.com\/Oceanografic_vl"]}]}},"_links":{"self":[{"href":"https:\/\/www.oceanografic.org\/it\/wp-json\/wp\/v2\/pages\/110157","targetHints":{"allow":["GET"]}}],"collection":[{"href":"https:\/\/www.oceanografic.org\/it\/wp-json\/wp\/v2\/pages"}],"about":[{"href":"https:\/\/www.oceanografic.org\/it\/wp-json\/wp\/v2\/types\/page"}],"author":[{"embeddable":true,"href":"https:\/\/www.oceanografic.org\/it\/wp-json\/wp\/v2\/users\/2"}],"replies":[{"embeddable":true,"href":"https:\/\/www.oceanografic.org\/it\/wp-json\/wp\/v2\/comments?post=110157"}],"version-history":[{"count":0,"href":"https:\/\/www.oceanografic.org\/it\/wp-json\/wp\/v2\/pages\/110157\/revisions"}],"wp:attachment":[{"href":"https:\/\/www.oceanografic.org\/it\/wp-json\/wp\/v2\/media?parent=110157"}],"curies":[{"name":"wp","href":"https:\/\/api.w.org\/{rel}","templated":true}]}}