{"id":109574,"date":"2023-05-10T11:54:52","date_gmt":"2023-05-10T11:54:52","guid":{"rendered":"https:\/\/www.oceanografic.org\/installazione-tropicali\/"},"modified":"2023-05-10T11:54:52","modified_gmt":"2023-05-10T11:54:52","slug":"installazione-tropicali","status":"publish","type":"page","link":"https:\/\/www.oceanografic.org\/it\/installazione-tropicali\/","title":{"rendered":"Installazione Tropicali"},"content":{"rendered":"<h2>I mari tropicali si estendono dal Tropico del Cancro a quello del Capricorno, circondando cos\u00ec la zona pi\u00f9 equatoriale del pianeta.<\/h2>\n<p>&nbsp;<\/p>\n<p class=\"\" data-start=\"25\" data-end=\"404\">I mari tropicali, con acque calde di circa 25\u202f\u00b0C, si distinguono per la loro limpidezza e l\u2019elevata radiazione solare, che favoriscono la maggiore biodiversit\u00e0 marina del pianeta. Nella sala ovale dell\u2019Oceanogr\u00e0fic, due grandi acquari contrapposti mostrano barriere coralline tropicali: una caraibica e l\u2019altra indo-pacifica. Sullo sfondo si trova uno spettacolare acquario che ricrea una barriera corallina viva.  <\/p>\n<p class=\"\" data-start=\"431\" data-end=\"792\"><em>I mari tropicali, con acque superficiali calde intorno ai 25\u202f\u00b0C, sono noti per la loro limpidezza e l\u2019elevata radiazione solare, che consentono la maggiore biodiversit\u00e0 marina del pianeta. Nella sala ovale dell\u2019Oceanogr\u00e0fic, due grandi acquari contrapposti mostrano barriere coralline tropicali: una caraibica e l\u2019altra indo-pacifica. Sullo sfondo c\u2019\u00e8 uno splendido acquario che ricrea una barriera corallina viva.  <\/em><\/p>\n","protected":false},"excerpt":{"rendered":"<p>I mari tropicali si estendono dal Tropico del Cancro a quello del Capricorno, circondando cos\u00ec la zona pi\u00f9 equatoriale del pianeta. &nbsp; I mari tropicali, con acque calde di circa 25\u202f\u00b0C, si distinguono per la loro limpidezza e l\u2019elevata radiazione solare, che favoriscono la maggiore biodiversit\u00e0 marina del pianeta. Nella sala ovale dell\u2019Oceanogr\u00e0fic, due grandi&hellip; <a class=\"arrow\" href=\"https:\/\/www.oceanografic.org\/it\/installazione-tropicali\/\">Continued<\/a><\/p>\n","protected":false},"author":15,"featured_media":75683,"parent":0,"menu_order":0,"comment_status":"closed","ping_status":"closed","template":"template-blocks-collapsable.php","meta":{"_acf_changed":false,"footnotes":""},"class_list":["post-109574","page","type-page","status-publish","has-post-thumbnail","hentry"],"acf":[],"yoast_head":"<!-- This site is optimized with the Yoast SEO plugin v27.5 - https:\/\/yoast.com\/product\/yoast-seo-wordpress\/ -->\n<title>Installazione Tropicali - Oceanogr\u00e0fic de Val\u00e8ncia<\/title>\n<meta name=\"robots\" content=\"index, follow, max-snippet:-1, max-image-preview:large, max-video-preview:-1\" \/>\n<link rel=\"canonical\" href=\"https:\/\/www.oceanografic.org\/it\/installazione-tropicali\/\" \/>\n<meta property=\"og:locale\" content=\"it_IT\" \/>\n<meta property=\"og:type\" content=\"article\" \/>\n<meta property=\"og:title\" content=\"Installazione Tropicali - Oceanogr\u00e0fic de Val\u00e8ncia\" \/>\n<meta property=\"og:description\" content=\"I mari tropicali si estendono dal Tropico del Cancro a quello del Capricorno, circondando cos\u00ec la zona pi\u00f9 equatoriale del pianeta. &nbsp; I mari tropicali, con acque calde di circa 25\u202f\u00b0C, si distinguono per la loro limpidezza e l\u2019elevata radiazione solare, che favoriscono la maggiore biodiversit\u00e0 marina del pianeta. Nella sala ovale dell\u2019Oceanogr\u00e0fic, due grandi&hellip; Continued\" \/>\n<meta property=\"og:url\" content=\"https:\/\/www.oceanografic.org\/it\/installazione-tropicali\/\" \/>\n<meta property=\"og:site_name\" content=\"Oceanogr\u00e0fic de Val\u00e8ncia\" \/>\n<meta property=\"article:publisher\" content=\"https:\/\/www.facebook.com\/oceanograficvl\" \/>\n<meta property=\"og:image\" content=\"https:\/\/www.oceanografic.org\/wp-content\/uploads\/2023\/05\/caballito-de-mar.jpg\" \/>\n\t<meta property=\"og:image:width\" content=\"1206\" \/>\n\t<meta property=\"og:image:height\" content=\"726\" \/>\n\t<meta property=\"og:image:type\" content=\"image\/jpeg\" \/>\n<meta name=\"twitter:card\" content=\"summary_large_image\" \/>\n<meta name=\"twitter:site\" content=\"@Oceanografic_vl\" \/>\n<meta name=\"twitter:label1\" content=\"Tempo di lettura stimato\" \/>\n\t<meta name=\"twitter:data1\" content=\"1 minuto\" \/>\n<script type=\"application\/ld+json\" class=\"yoast-schema-graph\">{\"@context\":\"https:\\\/\\\/schema.org\",\"@graph\":[{\"@type\":\"WebPage\",\"@id\":\"https:\\\/\\\/www.oceanografic.org\\\/it\\\/installazione-tropicali\\\/\",\"url\":\"https:\\\/\\\/www.oceanografic.org\\\/it\\\/installazione-tropicali\\\/\",\"name\":\"Installazione Tropicali - Oceanogr\u00e0fic de Val\u00e8ncia\",\"isPartOf\":{\"@id\":\"https:\\\/\\\/www.oceanografic.org\\\/it\\\/#website\"},\"primaryImageOfPage\":{\"@id\":\"https:\\\/\\\/www.oceanografic.org\\\/it\\\/installazione-tropicali\\\/#primaryimage\"},\"image\":{\"@id\":\"https:\\\/\\\/www.oceanografic.org\\\/it\\\/installazione-tropicali\\\/#primaryimage\"},\"thumbnailUrl\":\"https:\\\/\\\/www.oceanografic.org\\\/wp-content\\\/uploads\\\/2023\\\/05\\\/caballito-de-mar.jpg\",\"datePublished\":\"2023-05-10T11:54:52+00:00\",\"breadcrumb\":{\"@id\":\"https:\\\/\\\/www.oceanografic.org\\\/it\\\/installazione-tropicali\\\/#breadcrumb\"},\"inLanguage\":\"it-IT\",\"potentialAction\":[{\"@type\":\"ReadAction\",\"target\":[\"https:\\\/\\\/www.oceanografic.org\\\/it\\\/installazione-tropicali\\\/\"]}]},{\"@type\":\"ImageObject\",\"inLanguage\":\"it-IT\",\"@id\":\"https:\\\/\\\/www.oceanografic.org\\\/it\\\/installazione-tropicali\\\/#primaryimage\",\"url\":\"https:\\\/\\\/www.oceanografic.org\\\/wp-content\\\/uploads\\\/2023\\\/05\\\/caballito-de-mar.jpg\",\"contentUrl\":\"https:\\\/\\\/www.oceanografic.org\\\/wp-content\\\/uploads\\\/2023\\\/05\\\/caballito-de-mar.jpg\",\"width\":1206,\"height\":726},{\"@type\":\"BreadcrumbList\",\"@id\":\"https:\\\/\\\/www.oceanografic.org\\\/it\\\/installazione-tropicali\\\/#breadcrumb\",\"itemListElement\":[{\"@type\":\"ListItem\",\"position\":1,\"name\":\"Portada\",\"item\":\"https:\\\/\\\/www.oceanografic.org\\\/it\\\/\"},{\"@type\":\"ListItem\",\"position\":2,\"name\":\"Installazione Tropicali\"}]},{\"@type\":\"WebSite\",\"@id\":\"https:\\\/\\\/www.oceanografic.org\\\/it\\\/#website\",\"url\":\"https:\\\/\\\/www.oceanografic.org\\\/it\\\/\",\"name\":\"Oceanogr\u00e0fic de Val\u00e8ncia\",\"description\":\"\",\"publisher\":{\"@id\":\"https:\\\/\\\/www.oceanografic.org\\\/it\\\/#organization\"},\"potentialAction\":[{\"@type\":\"SearchAction\",\"target\":{\"@type\":\"EntryPoint\",\"urlTemplate\":\"https:\\\/\\\/www.oceanografic.org\\\/it\\\/?s={search_term_string}\"},\"query-input\":{\"@type\":\"PropertyValueSpecification\",\"valueRequired\":true,\"valueName\":\"search_term_string\"}}],\"inLanguage\":\"it-IT\"},{\"@type\":\"Organization\",\"@id\":\"https:\\\/\\\/www.oceanografic.org\\\/it\\\/#organization\",\"name\":\"Oceanogr\u00e0fic de Val\u00e8ncia\",\"url\":\"https:\\\/\\\/www.oceanografic.org\\\/it\\\/\",\"logo\":{\"@type\":\"ImageObject\",\"inLanguage\":\"it-IT\",\"@id\":\"https:\\\/\\\/www.oceanografic.org\\\/it\\\/#\\\/schema\\\/logo\\\/image\\\/\",\"url\":\"https:\\\/\\\/www.oceanografic.org\\\/wp-content\\\/uploads\\\/2024\\\/10\\\/Logo-OCE.png\",\"contentUrl\":\"https:\\\/\\\/www.oceanografic.org\\\/wp-content\\\/uploads\\\/2024\\\/10\\\/Logo-OCE.png\",\"width\":3543,\"height\":1286,\"caption\":\"Oceanogr\u00e0fic de Val\u00e8ncia\"},\"image\":{\"@id\":\"https:\\\/\\\/www.oceanografic.org\\\/it\\\/#\\\/schema\\\/logo\\\/image\\\/\"},\"sameAs\":[\"https:\\\/\\\/www.facebook.com\\\/oceanograficvl\",\"https:\\\/\\\/x.com\\\/Oceanografic_vl\"]}]}<\/script>\n<!-- \/ Yoast SEO plugin. -->","yoast_head_json":{"title":"Installazione Tropicali - Oceanogr\u00e0fic de Val\u00e8ncia","robots":{"index":"index","follow":"follow","max-snippet":"max-snippet:-1","max-image-preview":"max-image-preview:large","max-video-preview":"max-video-preview:-1"},"canonical":"https:\/\/www.oceanografic.org\/it\/installazione-tropicali\/","og_locale":"it_IT","og_type":"article","og_title":"Installazione Tropicali - Oceanogr\u00e0fic de Val\u00e8ncia","og_description":"I mari tropicali si estendono dal Tropico del Cancro a quello del Capricorno, circondando cos\u00ec la zona pi\u00f9 equatoriale del pianeta. &nbsp; I mari tropicali, con acque calde di circa 25\u202f\u00b0C, si distinguono per la loro limpidezza e l\u2019elevata radiazione solare, che favoriscono la maggiore biodiversit\u00e0 marina del pianeta. Nella sala ovale dell\u2019Oceanogr\u00e0fic, due grandi&hellip; Continued","og_url":"https:\/\/www.oceanografic.org\/it\/installazione-tropicali\/","og_site_name":"Oceanogr\u00e0fic de Val\u00e8ncia","article_publisher":"https:\/\/www.facebook.com\/oceanograficvl","og_image":[{"width":1206,"height":726,"url":"https:\/\/www.oceanografic.org\/wp-content\/uploads\/2023\/05\/caballito-de-mar.jpg","type":"image\/jpeg"}],"twitter_card":"summary_large_image","twitter_site":"@Oceanografic_vl","twitter_misc":{"Tempo di lettura stimato":"1 minuto"},"schema":{"@context":"https:\/\/schema.org","@graph":[{"@type":"WebPage","@id":"https:\/\/www.oceanografic.org\/it\/installazione-tropicali\/","url":"https:\/\/www.oceanografic.org\/it\/installazione-tropicali\/","name":"Installazione Tropicali - Oceanogr\u00e0fic de Val\u00e8ncia","isPartOf":{"@id":"https:\/\/www.oceanografic.org\/it\/#website"},"primaryImageOfPage":{"@id":"https:\/\/www.oceanografic.org\/it\/installazione-tropicali\/#primaryimage"},"image":{"@id":"https:\/\/www.oceanografic.org\/it\/installazione-tropicali\/#primaryimage"},"thumbnailUrl":"https:\/\/www.oceanografic.org\/wp-content\/uploads\/2023\/05\/caballito-de-mar.jpg","datePublished":"2023-05-10T11:54:52+00:00","breadcrumb":{"@id":"https:\/\/www.oceanografic.org\/it\/installazione-tropicali\/#breadcrumb"},"inLanguage":"it-IT","potentialAction":[{"@type":"ReadAction","target":["https:\/\/www.oceanografic.org\/it\/installazione-tropicali\/"]}]},{"@type":"ImageObject","inLanguage":"it-IT","@id":"https:\/\/www.oceanografic.org\/it\/installazione-tropicali\/#primaryimage","url":"https:\/\/www.oceanografic.org\/wp-content\/uploads\/2023\/05\/caballito-de-mar.jpg","contentUrl":"https:\/\/www.oceanografic.org\/wp-content\/uploads\/2023\/05\/caballito-de-mar.jpg","width":1206,"height":726},{"@type":"BreadcrumbList","@id":"https:\/\/www.oceanografic.org\/it\/installazione-tropicali\/#breadcrumb","itemListElement":[{"@type":"ListItem","position":1,"name":"Portada","item":"https:\/\/www.oceanografic.org\/it\/"},{"@type":"ListItem","position":2,"name":"Installazione Tropicali"}]},{"@type":"WebSite","@id":"https:\/\/www.oceanografic.org\/it\/#website","url":"https:\/\/www.oceanografic.org\/it\/","name":"Oceanogr\u00e0fic de Val\u00e8ncia","description":"","publisher":{"@id":"https:\/\/www.oceanografic.org\/it\/#organization"},"potentialAction":[{"@type":"SearchAction","target":{"@type":"EntryPoint","urlTemplate":"https:\/\/www.oceanografic.org\/it\/?s={search_term_string}"},"query-input":{"@type":"PropertyValueSpecification","valueRequired":true,"valueName":"search_term_string"}}],"inLanguage":"it-IT"},{"@type":"Organization","@id":"https:\/\/www.oceanografic.org\/it\/#organization","name":"Oceanogr\u00e0fic de Val\u00e8ncia","url":"https:\/\/www.oceanografic.org\/it\/","logo":{"@type":"ImageObject","inLanguage":"it-IT","@id":"https:\/\/www.oceanografic.org\/it\/#\/schema\/logo\/image\/","url":"https:\/\/www.oceanografic.org\/wp-content\/uploads\/2024\/10\/Logo-OCE.png","contentUrl":"https:\/\/www.oceanografic.org\/wp-content\/uploads\/2024\/10\/Logo-OCE.png","width":3543,"height":1286,"caption":"Oceanogr\u00e0fic de Val\u00e8ncia"},"image":{"@id":"https:\/\/www.oceanografic.org\/it\/#\/schema\/logo\/image\/"},"sameAs":["https:\/\/www.facebook.com\/oceanograficvl","https:\/\/x.com\/Oceanografic_vl"]}]}},"_links":{"self":[{"href":"https:\/\/www.oceanografic.org\/it\/wp-json\/wp\/v2\/pages\/109574","targetHints":{"allow":["GET"]}}],"collection":[{"href":"https:\/\/www.oceanografic.org\/it\/wp-json\/wp\/v2\/pages"}],"about":[{"href":"https:\/\/www.oceanografic.org\/it\/wp-json\/wp\/v2\/types\/page"}],"author":[{"embeddable":true,"href":"https:\/\/www.oceanografic.org\/it\/wp-json\/wp\/v2\/users\/15"}],"replies":[{"embeddable":true,"href":"https:\/\/www.oceanografic.org\/it\/wp-json\/wp\/v2\/comments?post=109574"}],"version-history":[{"count":0,"href":"https:\/\/www.oceanografic.org\/it\/wp-json\/wp\/v2\/pages\/109574\/revisions"}],"wp:featuredmedia":[{"embeddable":true,"href":"https:\/\/www.oceanografic.org\/it\/wp-json\/wp\/v2\/media\/75683"}],"wp:attachment":[{"href":"https:\/\/www.oceanografic.org\/it\/wp-json\/wp\/v2\/media?parent=109574"}],"curies":[{"name":"wp","href":"https:\/\/api.w.org\/{rel}","templated":true}]}}