{"id":109552,"date":"2018-06-15T16:50:12","date_gmt":"2018-06-15T16:50:12","guid":{"rendered":"https:\/\/www.oceanografic.org\/fundacion\/divulgazione\/"},"modified":"2018-06-15T16:50:12","modified_gmt":"2018-06-15T16:50:12","slug":"divulgazione","status":"publish","type":"page","link":"https:\/\/www.oceanografic.org\/it\/fundacion\/divulgazione\/","title":{"rendered":"Divulgazione"},"content":{"rendered":"<blockquote><p>Avviciniamo la societ\u00e0 alla conoscenza dell&#8217;affascinante mondo marino con l&#8217;obiettivo di risvegliare la sua sensibilit\u00e0 e promuovere la cura degli oceani.<\/p><\/blockquote>\n","protected":false},"excerpt":{"rendered":"<p>Avviciniamo la societ\u00e0 alla conoscenza dell&#8217;affascinante mondo marino con l&#8217;obiettivo di risvegliare la sua sensibilit\u00e0 e promuovere la cura degli oceani.<\/p>\n","protected":false},"author":2,"featured_media":66546,"parent":24915,"menu_order":0,"comment_status":"closed","ping_status":"closed","template":"template-blocks-collapsable.php","meta":{"_acf_changed":false,"footnotes":""},"class_list":["post-109552","page","type-page","status-publish","has-post-thumbnail","hentry"],"acf":[],"yoast_head":"<!-- This site is optimized with the Yoast SEO plugin v27.5 - https:\/\/yoast.com\/product\/yoast-seo-wordpress\/ -->\n<title>Divulgazione - Oceanogr\u00e0fic de Val\u00e8ncia<\/title>\n<meta name=\"robots\" content=\"noindex, follow\" \/>\n<meta property=\"og:locale\" content=\"it_IT\" \/>\n<meta property=\"og:type\" content=\"article\" \/>\n<meta property=\"og:title\" content=\"Divulgazione - Oceanogr\u00e0fic de Val\u00e8ncia\" \/>\n<meta property=\"og:description\" content=\"Avviciniamo la societ\u00e0 alla conoscenza dell&#8217;affascinante mondo marino con l&#8217;obiettivo di risvegliare la sua sensibilit\u00e0 e promuovere la cura degli oceani.\" \/>\n<meta property=\"og:url\" content=\"https:\/\/www.oceanografic.org\/it\/fundacion\/divulgazione\/\" \/>\n<meta property=\"og:site_name\" content=\"Oceanogr\u00e0fic de Val\u00e8ncia\" \/>\n<meta property=\"article:publisher\" content=\"https:\/\/www.facebook.com\/oceanograficvl\" \/>\n<meta property=\"og:image\" content=\"https:\/\/www.oceanografic.org\/wp-content\/uploads\/2018\/11\/pag.-28-divulgaci\u00f3n-2-scaled.jpg\" \/>\n\t<meta property=\"og:image:width\" content=\"2560\" \/>\n\t<meta property=\"og:image:height\" content=\"1543\" \/>\n\t<meta property=\"og:image:type\" content=\"image\/jpeg\" \/>\n<meta name=\"twitter:card\" content=\"summary_large_image\" \/>\n<meta name=\"twitter:site\" content=\"@Oceanografic_vl\" \/>\n<script type=\"application\/ld+json\" class=\"yoast-schema-graph\">{\"@context\":\"https:\\\/\\\/schema.org\",\"@graph\":[{\"@type\":\"WebPage\",\"@id\":\"https:\\\/\\\/www.oceanografic.org\\\/it\\\/fundacion\\\/divulgazione\\\/\",\"url\":\"https:\\\/\\\/www.oceanografic.org\\\/it\\\/fundacion\\\/divulgazione\\\/\",\"name\":\"Divulgazione - Oceanogr\u00e0fic de Val\u00e8ncia\",\"isPartOf\":{\"@id\":\"https:\\\/\\\/www.oceanografic.org\\\/it\\\/#website\"},\"primaryImageOfPage\":{\"@id\":\"https:\\\/\\\/www.oceanografic.org\\\/it\\\/fundacion\\\/divulgazione\\\/#primaryimage\"},\"image\":{\"@id\":\"https:\\\/\\\/www.oceanografic.org\\\/it\\\/fundacion\\\/divulgazione\\\/#primaryimage\"},\"thumbnailUrl\":\"https:\\\/\\\/www.oceanografic.org\\\/wp-content\\\/uploads\\\/2018\\\/11\\\/pag.-28-divulgaci\u00f3n-2-scaled.jpg\",\"datePublished\":\"2018-06-15T16:50:12+00:00\",\"breadcrumb\":{\"@id\":\"https:\\\/\\\/www.oceanografic.org\\\/it\\\/fundacion\\\/divulgazione\\\/#breadcrumb\"},\"inLanguage\":\"it-IT\",\"potentialAction\":[{\"@type\":\"ReadAction\",\"target\":[\"https:\\\/\\\/www.oceanografic.org\\\/it\\\/fundacion\\\/divulgazione\\\/\"]}]},{\"@type\":\"ImageObject\",\"inLanguage\":\"it-IT\",\"@id\":\"https:\\\/\\\/www.oceanografic.org\\\/it\\\/fundacion\\\/divulgazione\\\/#primaryimage\",\"url\":\"https:\\\/\\\/www.oceanografic.org\\\/wp-content\\\/uploads\\\/2018\\\/11\\\/pag.-28-divulgaci\u00f3n-2-scaled.jpg\",\"contentUrl\":\"https:\\\/\\\/www.oceanografic.org\\\/wp-content\\\/uploads\\\/2018\\\/11\\\/pag.-28-divulgaci\u00f3n-2-scaled.jpg\",\"width\":2560,\"height\":1543,\"caption\":\"Conservazione\"},{\"@type\":\"BreadcrumbList\",\"@id\":\"https:\\\/\\\/www.oceanografic.org\\\/it\\\/fundacion\\\/divulgazione\\\/#breadcrumb\",\"itemListElement\":[{\"@type\":\"ListItem\",\"position\":1,\"name\":\"Portada\",\"item\":\"https:\\\/\\\/www.oceanografic.org\\\/it\\\/\"},{\"@type\":\"ListItem\",\"position\":2,\"name\":\"La Fundaci\u00f3n\",\"item\":\"https:\\\/\\\/www.oceanografic.org\\\/it\\\/fundacion\\\/\"},{\"@type\":\"ListItem\",\"position\":3,\"name\":\"Divulgazione\"}]},{\"@type\":\"WebSite\",\"@id\":\"https:\\\/\\\/www.oceanografic.org\\\/it\\\/#website\",\"url\":\"https:\\\/\\\/www.oceanografic.org\\\/it\\\/\",\"name\":\"Oceanogr\u00e0fic de Val\u00e8ncia\",\"description\":\"\",\"publisher\":{\"@id\":\"https:\\\/\\\/www.oceanografic.org\\\/it\\\/#organization\"},\"potentialAction\":[{\"@type\":\"SearchAction\",\"target\":{\"@type\":\"EntryPoint\",\"urlTemplate\":\"https:\\\/\\\/www.oceanografic.org\\\/it\\\/?s={search_term_string}\"},\"query-input\":{\"@type\":\"PropertyValueSpecification\",\"valueRequired\":true,\"valueName\":\"search_term_string\"}}],\"inLanguage\":\"it-IT\"},{\"@type\":\"Organization\",\"@id\":\"https:\\\/\\\/www.oceanografic.org\\\/it\\\/#organization\",\"name\":\"Oceanogr\u00e0fic de Val\u00e8ncia\",\"url\":\"https:\\\/\\\/www.oceanografic.org\\\/it\\\/\",\"logo\":{\"@type\":\"ImageObject\",\"inLanguage\":\"it-IT\",\"@id\":\"https:\\\/\\\/www.oceanografic.org\\\/it\\\/#\\\/schema\\\/logo\\\/image\\\/\",\"url\":\"https:\\\/\\\/www.oceanografic.org\\\/wp-content\\\/uploads\\\/2024\\\/10\\\/Logo-OCE.png\",\"contentUrl\":\"https:\\\/\\\/www.oceanografic.org\\\/wp-content\\\/uploads\\\/2024\\\/10\\\/Logo-OCE.png\",\"width\":3543,\"height\":1286,\"caption\":\"Oceanogr\u00e0fic de Val\u00e8ncia\"},\"image\":{\"@id\":\"https:\\\/\\\/www.oceanografic.org\\\/it\\\/#\\\/schema\\\/logo\\\/image\\\/\"},\"sameAs\":[\"https:\\\/\\\/www.facebook.com\\\/oceanograficvl\",\"https:\\\/\\\/x.com\\\/Oceanografic_vl\"]}]}<\/script>\n<!-- \/ Yoast SEO plugin. -->","yoast_head_json":{"title":"Divulgazione - Oceanogr\u00e0fic de Val\u00e8ncia","robots":{"index":"noindex","follow":"follow"},"og_locale":"it_IT","og_type":"article","og_title":"Divulgazione - Oceanogr\u00e0fic de Val\u00e8ncia","og_description":"Avviciniamo la societ\u00e0 alla conoscenza dell&#8217;affascinante mondo marino con l&#8217;obiettivo di risvegliare la sua sensibilit\u00e0 e promuovere la cura degli oceani.","og_url":"https:\/\/www.oceanografic.org\/it\/fundacion\/divulgazione\/","og_site_name":"Oceanogr\u00e0fic de Val\u00e8ncia","article_publisher":"https:\/\/www.facebook.com\/oceanograficvl","og_image":[{"width":2560,"height":1543,"url":"https:\/\/www.oceanografic.org\/wp-content\/uploads\/2018\/11\/pag.-28-divulgaci\u00f3n-2-scaled.jpg","type":"image\/jpeg"}],"twitter_card":"summary_large_image","twitter_site":"@Oceanografic_vl","schema":{"@context":"https:\/\/schema.org","@graph":[{"@type":"WebPage","@id":"https:\/\/www.oceanografic.org\/it\/fundacion\/divulgazione\/","url":"https:\/\/www.oceanografic.org\/it\/fundacion\/divulgazione\/","name":"Divulgazione - Oceanogr\u00e0fic de Val\u00e8ncia","isPartOf":{"@id":"https:\/\/www.oceanografic.org\/it\/#website"},"primaryImageOfPage":{"@id":"https:\/\/www.oceanografic.org\/it\/fundacion\/divulgazione\/#primaryimage"},"image":{"@id":"https:\/\/www.oceanografic.org\/it\/fundacion\/divulgazione\/#primaryimage"},"thumbnailUrl":"https:\/\/www.oceanografic.org\/wp-content\/uploads\/2018\/11\/pag.-28-divulgaci\u00f3n-2-scaled.jpg","datePublished":"2018-06-15T16:50:12+00:00","breadcrumb":{"@id":"https:\/\/www.oceanografic.org\/it\/fundacion\/divulgazione\/#breadcrumb"},"inLanguage":"it-IT","potentialAction":[{"@type":"ReadAction","target":["https:\/\/www.oceanografic.org\/it\/fundacion\/divulgazione\/"]}]},{"@type":"ImageObject","inLanguage":"it-IT","@id":"https:\/\/www.oceanografic.org\/it\/fundacion\/divulgazione\/#primaryimage","url":"https:\/\/www.oceanografic.org\/wp-content\/uploads\/2018\/11\/pag.-28-divulgaci\u00f3n-2-scaled.jpg","contentUrl":"https:\/\/www.oceanografic.org\/wp-content\/uploads\/2018\/11\/pag.-28-divulgaci\u00f3n-2-scaled.jpg","width":2560,"height":1543,"caption":"Conservazione"},{"@type":"BreadcrumbList","@id":"https:\/\/www.oceanografic.org\/it\/fundacion\/divulgazione\/#breadcrumb","itemListElement":[{"@type":"ListItem","position":1,"name":"Portada","item":"https:\/\/www.oceanografic.org\/it\/"},{"@type":"ListItem","position":2,"name":"La Fundaci\u00f3n","item":"https:\/\/www.oceanografic.org\/it\/fundacion\/"},{"@type":"ListItem","position":3,"name":"Divulgazione"}]},{"@type":"WebSite","@id":"https:\/\/www.oceanografic.org\/it\/#website","url":"https:\/\/www.oceanografic.org\/it\/","name":"Oceanogr\u00e0fic de Val\u00e8ncia","description":"","publisher":{"@id":"https:\/\/www.oceanografic.org\/it\/#organization"},"potentialAction":[{"@type":"SearchAction","target":{"@type":"EntryPoint","urlTemplate":"https:\/\/www.oceanografic.org\/it\/?s={search_term_string}"},"query-input":{"@type":"PropertyValueSpecification","valueRequired":true,"valueName":"search_term_string"}}],"inLanguage":"it-IT"},{"@type":"Organization","@id":"https:\/\/www.oceanografic.org\/it\/#organization","name":"Oceanogr\u00e0fic de Val\u00e8ncia","url":"https:\/\/www.oceanografic.org\/it\/","logo":{"@type":"ImageObject","inLanguage":"it-IT","@id":"https:\/\/www.oceanografic.org\/it\/#\/schema\/logo\/image\/","url":"https:\/\/www.oceanografic.org\/wp-content\/uploads\/2024\/10\/Logo-OCE.png","contentUrl":"https:\/\/www.oceanografic.org\/wp-content\/uploads\/2024\/10\/Logo-OCE.png","width":3543,"height":1286,"caption":"Oceanogr\u00e0fic de Val\u00e8ncia"},"image":{"@id":"https:\/\/www.oceanografic.org\/it\/#\/schema\/logo\/image\/"},"sameAs":["https:\/\/www.facebook.com\/oceanograficvl","https:\/\/x.com\/Oceanografic_vl"]}]}},"_links":{"self":[{"href":"https:\/\/www.oceanografic.org\/it\/wp-json\/wp\/v2\/pages\/109552","targetHints":{"allow":["GET"]}}],"collection":[{"href":"https:\/\/www.oceanografic.org\/it\/wp-json\/wp\/v2\/pages"}],"about":[{"href":"https:\/\/www.oceanografic.org\/it\/wp-json\/wp\/v2\/types\/page"}],"author":[{"embeddable":true,"href":"https:\/\/www.oceanografic.org\/it\/wp-json\/wp\/v2\/users\/2"}],"replies":[{"embeddable":true,"href":"https:\/\/www.oceanografic.org\/it\/wp-json\/wp\/v2\/comments?post=109552"}],"version-history":[{"count":0,"href":"https:\/\/www.oceanografic.org\/it\/wp-json\/wp\/v2\/pages\/109552\/revisions"}],"up":[{"embeddable":true,"href":"https:\/\/www.oceanografic.org\/it\/wp-json\/wp\/v2\/pages\/24915"}],"wp:featuredmedia":[{"embeddable":true,"href":"https:\/\/www.oceanografic.org\/it\/wp-json\/wp\/v2\/media\/66546"}],"wp:attachment":[{"href":"https:\/\/www.oceanografic.org\/it\/wp-json\/wp\/v2\/media?parent=109552"}],"curies":[{"name":"wp","href":"https:\/\/api.w.org\/{rel}","templated":true}]}}