{"id":109382,"date":"2022-11-22T16:22:00","date_gmt":"2022-11-22T16:22:00","guid":{"rendered":"https:\/\/www.oceanografic.org\/modulo-collaborazioni\/"},"modified":"2022-11-22T16:22:00","modified_gmt":"2022-11-22T16:22:00","slug":"modulo-collaborazioni","status":"publish","type":"page","link":"https:\/\/www.oceanografic.org\/it\/modulo-collaborazioni\/","title":{"rendered":"Modulo collaborazioni"},"content":{"rendered":"<h5>Vorresti collaborare con l&#8217;Oceanogr\u00e0fic? Compila il modulo e se il tuo profilo ci sembra interessante, ti contatteremo. <\/h5>\n<p>&nbsp;<\/p>\n\n<div class=\"wpcf7 no-js\" id=\"wpcf7-f109056-o1\" lang=\"it-IT\" dir=\"ltr\" data-wpcf7-id=\"109056\">\n<div class=\"screen-reader-response\"><p role=\"status\" aria-live=\"polite\" aria-atomic=\"true\"><\/p> <ul><\/ul><\/div>\n<form action=\"\/it\/wp-json\/wp\/v2\/pages\/109382#wpcf7-f109056-o1\" method=\"post\" class=\"wpcf7-form init\" aria-label=\"Modulo di contatto\" novalidate=\"novalidate\" data-status=\"init\">\n<fieldset class=\"hidden-fields-container\"><input type=\"hidden\" name=\"_wpcf7\" value=\"109056\" \/><input type=\"hidden\" name=\"_wpcf7_version\" value=\"6.1.5\" \/><input type=\"hidden\" name=\"_wpcf7_locale\" value=\"it_IT\" \/><input type=\"hidden\" name=\"_wpcf7_unit_tag\" value=\"wpcf7-f109056-o1\" \/><input type=\"hidden\" name=\"_wpcf7_container_post\" value=\"0\" \/><input type=\"hidden\" name=\"_wpcf7_posted_data_hash\" value=\"\" \/>\n<\/fieldset>\n<div class=\"form-row\">\n\t<div class=\"form-group col-md-12\">\n\t\t<p><span class=\"wpcf7-form-control-wrap\" data-name=\"tb-nombre\"><input size=\"40\" maxlength=\"400\" class=\"wpcf7-form-control wpcf7-text wpcf7-validates-as-required form-control\" aria-required=\"true\" aria-invalid=\"false\" placeholder=\"Nome e Cognome*\" value=\"\" type=\"text\" name=\"tb-nombre\" \/><\/span>\n\t\t<\/p>\n\t<\/div>\n<\/div>\n<div class=\"form-row\">\n\t<div class=\"form-group col-md-12\">\n\t\t<p><span class=\"wpcf7-form-control-wrap\" data-name=\"tb-email\"><input size=\"40\" maxlength=\"400\" class=\"wpcf7-form-control wpcf7-email wpcf7-validates-as-required wpcf7-text wpcf7-validates-as-email form-control\" aria-required=\"true\" aria-invalid=\"false\" placeholder=\"Email*\" value=\"\" type=\"email\" name=\"tb-email\" \/><\/span>\n\t\t<\/p>\n\t<\/div>\n<\/div>\n<div class=\"form-row\">\n\t<div class=\"form-group col-md-12\">\n\t\t<p><span class=\"wpcf7-form-control-wrap\" data-name=\"tb-telefono\"><input size=\"40\" maxlength=\"400\" class=\"wpcf7-form-control wpcf7-text wpcf7-validates-as-required form-control\" aria-required=\"true\" aria-invalid=\"false\" placeholder=\"Telefono*\" value=\"\" type=\"text\" name=\"tb-telefono\" \/><\/span>\n\t\t<\/p>\n\t<\/div>\n<\/div>\n<div class=\"form-row\">\n\t<div class=\"form-group col-md-12\">\n\t\t<p><span class=\"wpcf7-form-control-wrap\" data-name=\"tb-motivo\"><input size=\"40\" maxlength=\"400\" class=\"wpcf7-form-control wpcf7-text wpcf7-validates-as-required form-control\" aria-required=\"true\" aria-invalid=\"false\" placeholder=\"Motivo del contatto - Tipo di collaborazione*\" value=\"\" type=\"text\" name=\"tb-motivo\" \/><\/span>\n\t\t<\/p>\n\t<\/div>\n<\/div>\n<div class=\"form-row\">\n\t<div class=\"form-group col-md-12\">\n\t\t<p><span class=\"wpcf7-form-control-wrap\" data-name=\"tb-seguidoresinstagram\"><select class=\"wpcf7-form-control wpcf7-select wpcf7-validates-as-required form-control\" aria-required=\"true\" aria-invalid=\"false\" name=\"tb-seguidoresinstagram\"><option value=\"Follower Instagram*\">Follower Instagram*<\/option><option value=\"Meno di 50.000\">Meno di 50.000<\/option><option value=\"Da 50.000 a 100.000\">Da 50.000 a 100.000<\/option><option value=\"Da 100.000 a 500.000\">Da 100.000 a 500.000<\/option><option value=\"Pi\u00f9 di 500.000\">Pi\u00f9 di 500.000<\/option><\/select><\/span>\n\t\t<\/p>\n\t<\/div>\n<\/div>\n<div class=\"form-row\">\n\t<div class=\"form-group col-md-12\">\n\t\t<p><span class=\"wpcf7-form-control-wrap\" data-name=\"tb-perfilinstagram\"><input size=\"40\" maxlength=\"400\" class=\"wpcf7-form-control wpcf7-text wpcf7-validates-as-required form-control\" aria-required=\"true\" aria-invalid=\"false\" placeholder=\"Profilo Instagram*\" value=\"\" type=\"text\" name=\"tb-perfilinstagram\" \/><\/span>\n\t\t<\/p>\n\t<\/div>\n<\/div>\n<div class=\"form-row\">\n\t<div class=\"form-group col-md-12\">\n\t\t<p><span class=\"wpcf7-form-control-wrap\" data-name=\"tb-seguidorestiktok\"><select class=\"wpcf7-form-control wpcf7-select wpcf7-validates-as-required form-control\" aria-required=\"true\" aria-invalid=\"false\" name=\"tb-seguidorestiktok\"><option value=\"Follower TikTok\">Follower TikTok<\/option><option value=\"Meno di 50.000\">Meno di 50.000<\/option><option value=\"Da 50.000 a 100.000\">Da 50.000 a 100.000<\/option><option value=\"Da 100.000 a 500.000\">Da 100.000 a 500.000<\/option><option value=\"Pi\u00f9 di 500.000\">Pi\u00f9 di 500.000<\/option><\/select><\/span>\n\t\t<\/p>\n\t<\/div>\n<\/div>\n<div class=\"form-row\">\n\t<div class=\"form-group col-md-12\">\n\t\t<p><span class=\"wpcf7-form-control-wrap\" data-name=\"tb-perfiltiktok\"><input size=\"40\" maxlength=\"400\" class=\"wpcf7-form-control wpcf7-text wpcf7-validates-as-required form-control\" aria-required=\"true\" aria-invalid=\"false\" placeholder=\"Profilo TikTok\" value=\"\" type=\"text\" name=\"tb-perfiltiktok\" \/><\/span>\n\t\t<\/p>\n\t<\/div>\n<\/div>\n<div class=\"form-row\">\n\t<div class=\"form-group col-md-12\">\n\t\t<p><span class=\"wpcf7-form-control-wrap\" data-name=\"tb-blogweb\"><input size=\"40\" maxlength=\"400\" class=\"wpcf7-form-control wpcf7-text form-control\" aria-invalid=\"false\" placeholder=\"Blog\/Sito Web\" value=\"\" type=\"text\" name=\"tb-blogweb\" \/><\/span>\n\t\t<\/p>\n\t<\/div>\n<\/div>\n<div class=\"form-row\">\n\t<div class=\"form-group col-md-12\">\n\t\t<p><label>Settore (scegline uno)<\/label><br \/>\n<span class=\"wpcf7-form-control-wrap\" data-name=\"tb-sector\"><select class=\"wpcf7-form-control wpcf7-select wpcf7-validates-as-required form-control\" aria-required=\"true\" aria-invalid=\"false\" name=\"tb-sector\"><option value=\"Turismo - Viaggi\">Turismo - Viaggi<\/option><option value=\"Attivit\u00e0 in famiglia\">Attivit\u00e0 in famiglia<\/option><option value=\"Attivit\u00e0 di coppia\">Attivit\u00e0 di coppia<\/option><option value=\"Fotografia\">Fotografia<\/option><option value=\"Biologia - Veterinaria\">Biologia - Veterinaria<\/option><option value=\"Divulgazione scientifica\">Divulgazione scientifica<\/option><option value=\"Mezzo di comunicazione\">Mezzo di comunicazione<\/option><option value=\"Altri\">Altri<\/option><\/select><\/span>\n\t\t<\/p>\n\t<\/div>\n<\/div>\n<div class=\"form-row form-row-button-container\" style=\"margin-bottom: 30px;\">\n\t<p><input class=\"wpcf7-form-control wpcf7-submit has-spinner btn btn-primary btn-contact\" type=\"submit\" value=\"Invia\" \/>\n\t<\/p>\n<\/div><div class=\"wpcf7-response-output\" aria-hidden=\"true\"><\/div>\n<\/form>\n<\/div>\n\n<p>Grazie per aver compilato il modulo, se il tuo profilo ci sembra interessante, ti contatteremo. \ud83d\udc99<\/p>\n<p>&nbsp;<\/p>\n<p>&nbsp;<\/p>\n","protected":false},"excerpt":{"rendered":"<p>Vorresti collaborare con l&#8217;Oceanogr\u00e0fic? Compila il modulo e se il tuo profilo ci sembra interessante, ti contatteremo. &nbsp; Grazie per aver compilato il modulo, se il tuo profilo ci sembra interessante, ti contatteremo. \ud83d\udc99 &nbsp; &nbsp;<\/p>\n","protected":false},"author":15,"featured_media":0,"parent":0,"menu_order":0,"comment_status":"closed","ping_status":"closed","template":"","meta":{"_acf_changed":false,"footnotes":""},"class_list":["post-109382","page","type-page","status-publish","hentry"],"acf":[],"yoast_head":"<!-- This site is optimized with the Yoast SEO plugin v27.5 - https:\/\/yoast.com\/product\/yoast-seo-wordpress\/ -->\n<title>Modulo collaborazioni - Oceanogr\u00e0fic de Val\u00e8ncia<\/title>\n<meta name=\"robots\" content=\"index, follow, max-snippet:-1, max-image-preview:large, max-video-preview:-1\" \/>\n<link rel=\"canonical\" href=\"https:\/\/www.oceanografic.org\/it\/modulo-collaborazioni\/\" \/>\n<meta property=\"og:locale\" content=\"it_IT\" \/>\n<meta property=\"og:type\" content=\"article\" \/>\n<meta property=\"og:title\" content=\"Modulo collaborazioni - Oceanogr\u00e0fic de Val\u00e8ncia\" \/>\n<meta property=\"og:description\" content=\"Vorresti collaborare con l&#8217;Oceanogr\u00e0fic? Compila il modulo e se il tuo profilo ci sembra interessante, ti contatteremo. &nbsp; Grazie per aver compilato il modulo, se il tuo profilo ci sembra interessante, ti contatteremo. \ud83d\udc99 &nbsp; &nbsp;\" \/>\n<meta property=\"og:url\" content=\"https:\/\/www.oceanografic.org\/it\/modulo-collaborazioni\/\" \/>\n<meta property=\"og:site_name\" content=\"Oceanogr\u00e0fic de Val\u00e8ncia\" \/>\n<meta property=\"article:publisher\" content=\"https:\/\/www.facebook.com\/oceanograficvl\" \/>\n<meta name=\"twitter:card\" content=\"summary_large_image\" \/>\n<meta name=\"twitter:site\" content=\"@Oceanografic_vl\" \/>\n<script type=\"application\/ld+json\" class=\"yoast-schema-graph\">{\"@context\":\"https:\\\/\\\/schema.org\",\"@graph\":[{\"@type\":\"WebPage\",\"@id\":\"https:\\\/\\\/www.oceanografic.org\\\/it\\\/modulo-collaborazioni\\\/\",\"url\":\"https:\\\/\\\/www.oceanografic.org\\\/it\\\/modulo-collaborazioni\\\/\",\"name\":\"Modulo collaborazioni - Oceanogr\u00e0fic de Val\u00e8ncia\",\"isPartOf\":{\"@id\":\"https:\\\/\\\/www.oceanografic.org\\\/it\\\/#website\"},\"datePublished\":\"2022-11-22T16:22:00+00:00\",\"breadcrumb\":{\"@id\":\"https:\\\/\\\/www.oceanografic.org\\\/it\\\/modulo-collaborazioni\\\/#breadcrumb\"},\"inLanguage\":\"it-IT\",\"potentialAction\":[{\"@type\":\"ReadAction\",\"target\":[\"https:\\\/\\\/www.oceanografic.org\\\/it\\\/modulo-collaborazioni\\\/\"]}]},{\"@type\":\"BreadcrumbList\",\"@id\":\"https:\\\/\\\/www.oceanografic.org\\\/it\\\/modulo-collaborazioni\\\/#breadcrumb\",\"itemListElement\":[{\"@type\":\"ListItem\",\"position\":1,\"name\":\"Portada\",\"item\":\"https:\\\/\\\/www.oceanografic.org\\\/it\\\/\"},{\"@type\":\"ListItem\",\"position\":2,\"name\":\"Modulo collaborazioni\"}]},{\"@type\":\"WebSite\",\"@id\":\"https:\\\/\\\/www.oceanografic.org\\\/it\\\/#website\",\"url\":\"https:\\\/\\\/www.oceanografic.org\\\/it\\\/\",\"name\":\"Oceanogr\u00e0fic de Val\u00e8ncia\",\"description\":\"\",\"publisher\":{\"@id\":\"https:\\\/\\\/www.oceanografic.org\\\/it\\\/#organization\"},\"potentialAction\":[{\"@type\":\"SearchAction\",\"target\":{\"@type\":\"EntryPoint\",\"urlTemplate\":\"https:\\\/\\\/www.oceanografic.org\\\/it\\\/?s={search_term_string}\"},\"query-input\":{\"@type\":\"PropertyValueSpecification\",\"valueRequired\":true,\"valueName\":\"search_term_string\"}}],\"inLanguage\":\"it-IT\"},{\"@type\":\"Organization\",\"@id\":\"https:\\\/\\\/www.oceanografic.org\\\/it\\\/#organization\",\"name\":\"Oceanogr\u00e0fic de Val\u00e8ncia\",\"url\":\"https:\\\/\\\/www.oceanografic.org\\\/it\\\/\",\"logo\":{\"@type\":\"ImageObject\",\"inLanguage\":\"it-IT\",\"@id\":\"https:\\\/\\\/www.oceanografic.org\\\/it\\\/#\\\/schema\\\/logo\\\/image\\\/\",\"url\":\"https:\\\/\\\/www.oceanografic.org\\\/wp-content\\\/uploads\\\/2024\\\/10\\\/Logo-OCE.png\",\"contentUrl\":\"https:\\\/\\\/www.oceanografic.org\\\/wp-content\\\/uploads\\\/2024\\\/10\\\/Logo-OCE.png\",\"width\":3543,\"height\":1286,\"caption\":\"Oceanogr\u00e0fic de Val\u00e8ncia\"},\"image\":{\"@id\":\"https:\\\/\\\/www.oceanografic.org\\\/it\\\/#\\\/schema\\\/logo\\\/image\\\/\"},\"sameAs\":[\"https:\\\/\\\/www.facebook.com\\\/oceanograficvl\",\"https:\\\/\\\/x.com\\\/Oceanografic_vl\"]}]}<\/script>\n<!-- \/ Yoast SEO plugin. -->","yoast_head_json":{"title":"Modulo collaborazioni - Oceanogr\u00e0fic de Val\u00e8ncia","robots":{"index":"index","follow":"follow","max-snippet":"max-snippet:-1","max-image-preview":"max-image-preview:large","max-video-preview":"max-video-preview:-1"},"canonical":"https:\/\/www.oceanografic.org\/it\/modulo-collaborazioni\/","og_locale":"it_IT","og_type":"article","og_title":"Modulo collaborazioni - Oceanogr\u00e0fic de Val\u00e8ncia","og_description":"Vorresti collaborare con l&#8217;Oceanogr\u00e0fic? Compila il modulo e se il tuo profilo ci sembra interessante, ti contatteremo. &nbsp; Grazie per aver compilato il modulo, se il tuo profilo ci sembra interessante, ti contatteremo. \ud83d\udc99 &nbsp; &nbsp;","og_url":"https:\/\/www.oceanografic.org\/it\/modulo-collaborazioni\/","og_site_name":"Oceanogr\u00e0fic de Val\u00e8ncia","article_publisher":"https:\/\/www.facebook.com\/oceanograficvl","twitter_card":"summary_large_image","twitter_site":"@Oceanografic_vl","schema":{"@context":"https:\/\/schema.org","@graph":[{"@type":"WebPage","@id":"https:\/\/www.oceanografic.org\/it\/modulo-collaborazioni\/","url":"https:\/\/www.oceanografic.org\/it\/modulo-collaborazioni\/","name":"Modulo collaborazioni - Oceanogr\u00e0fic de Val\u00e8ncia","isPartOf":{"@id":"https:\/\/www.oceanografic.org\/it\/#website"},"datePublished":"2022-11-22T16:22:00+00:00","breadcrumb":{"@id":"https:\/\/www.oceanografic.org\/it\/modulo-collaborazioni\/#breadcrumb"},"inLanguage":"it-IT","potentialAction":[{"@type":"ReadAction","target":["https:\/\/www.oceanografic.org\/it\/modulo-collaborazioni\/"]}]},{"@type":"BreadcrumbList","@id":"https:\/\/www.oceanografic.org\/it\/modulo-collaborazioni\/#breadcrumb","itemListElement":[{"@type":"ListItem","position":1,"name":"Portada","item":"https:\/\/www.oceanografic.org\/it\/"},{"@type":"ListItem","position":2,"name":"Modulo collaborazioni"}]},{"@type":"WebSite","@id":"https:\/\/www.oceanografic.org\/it\/#website","url":"https:\/\/www.oceanografic.org\/it\/","name":"Oceanogr\u00e0fic de Val\u00e8ncia","description":"","publisher":{"@id":"https:\/\/www.oceanografic.org\/it\/#organization"},"potentialAction":[{"@type":"SearchAction","target":{"@type":"EntryPoint","urlTemplate":"https:\/\/www.oceanografic.org\/it\/?s={search_term_string}"},"query-input":{"@type":"PropertyValueSpecification","valueRequired":true,"valueName":"search_term_string"}}],"inLanguage":"it-IT"},{"@type":"Organization","@id":"https:\/\/www.oceanografic.org\/it\/#organization","name":"Oceanogr\u00e0fic de Val\u00e8ncia","url":"https:\/\/www.oceanografic.org\/it\/","logo":{"@type":"ImageObject","inLanguage":"it-IT","@id":"https:\/\/www.oceanografic.org\/it\/#\/schema\/logo\/image\/","url":"https:\/\/www.oceanografic.org\/wp-content\/uploads\/2024\/10\/Logo-OCE.png","contentUrl":"https:\/\/www.oceanografic.org\/wp-content\/uploads\/2024\/10\/Logo-OCE.png","width":3543,"height":1286,"caption":"Oceanogr\u00e0fic de Val\u00e8ncia"},"image":{"@id":"https:\/\/www.oceanografic.org\/it\/#\/schema\/logo\/image\/"},"sameAs":["https:\/\/www.facebook.com\/oceanograficvl","https:\/\/x.com\/Oceanografic_vl"]}]}},"_links":{"self":[{"href":"https:\/\/www.oceanografic.org\/it\/wp-json\/wp\/v2\/pages\/109382","targetHints":{"allow":["GET"]}}],"collection":[{"href":"https:\/\/www.oceanografic.org\/it\/wp-json\/wp\/v2\/pages"}],"about":[{"href":"https:\/\/www.oceanografic.org\/it\/wp-json\/wp\/v2\/types\/page"}],"author":[{"embeddable":true,"href":"https:\/\/www.oceanografic.org\/it\/wp-json\/wp\/v2\/users\/15"}],"replies":[{"embeddable":true,"href":"https:\/\/www.oceanografic.org\/it\/wp-json\/wp\/v2\/comments?post=109382"}],"version-history":[{"count":0,"href":"https:\/\/www.oceanografic.org\/it\/wp-json\/wp\/v2\/pages\/109382\/revisions"}],"wp:attachment":[{"href":"https:\/\/www.oceanografic.org\/it\/wp-json\/wp\/v2\/media?parent=109382"}],"curies":[{"name":"wp","href":"https:\/\/api.w.org\/{rel}","templated":true}]}}