{"id":109338,"date":"2024-07-02T06:38:36","date_gmt":"2024-07-02T06:38:36","guid":{"rendered":"https:\/\/www.oceanografic.org\/avviso-legale\/"},"modified":"2024-07-02T06:38:36","modified_gmt":"2024-07-02T06:38:36","slug":"avviso-legale","status":"publish","type":"page","link":"https:\/\/www.oceanografic.org\/it\/avviso-legale\/","title":{"rendered":"Avviso legale"},"content":{"rendered":"<h5><strong>Denominazione Sociale<\/strong><\/h5>\n<p>Avanqua Oceanogr\u00e0fic S.L<\/p>\n<h5><strong>NIF<\/strong><\/h5>\n<p>B-98725252<\/p>\n<h5><strong>Sede Legale<\/strong><\/h5>\n<p>Gran V\u00eda Marqu\u00e9s del T\u00faria, 19. 46005 (Valencia) <\/p>\n<h5><strong>E-mail:<\/strong><\/h5>\n<p><a href=\"mailto:info@oceanografic.org\">info@oceanografic.org<\/a><\/p>\n<h5><strong>Dati di iscrizione al registro delle imprese:  <\/strong><\/h5>\n<p class=\"x_MsoNormal\">N. 511089.<\/p>\n<p class=\"x_MsoNormal\">Volume: T 9959,<\/p>\n<p class=\"x_MsoNormal\">Libro: L 7241,<\/p>\n<p class=\"x_MsoNormal\">Foglio: F 114,<\/p>\n<p class=\"x_MsoNormal\">Sezione: S 8,<\/p>\n<p class=\"x_MsoNormal\">Pagina: H V 164783, I\/A 15<\/p>\n<p>&nbsp;<\/p>\n<ol>\n<li><strong>INTRODUZIONE<\/strong><\/li>\n<\/ol>\n<p>I presenti TERMINI E CONDIZIONI D&#8217;USO DEL SITO WEB regolano i termini e le condizioni di accesso e utilizzo di <a href=\"https:\/\/www.oceanografic.org\/it\/\">https:\/\/www.oceanografic.org\/<\/a>, di seguito il \u201c<strong>Sito Web<\/strong>\u201d, di propriet\u00e0 di Avanqua Oceanogr\u00e0fic S.L, con sede legale in Gran V\u00eda Marqu\u00e9s del T\u00faria, 19. 46005 (Valencia) e con NIF B-98725252, che l&#8217;utente del Sito Web dovr\u00e0 leggere e accettare per utilizzare tutti i servizi e le informazioni fornite dal Sito Web.<\/p>\n<p>L&#8217;utente, cos\u00ec come Avanqua Oceanogr\u00e0fic S.L, proprietaria del Sito Web, potranno essere denominati congiuntamente come le parti.<\/p>\n<p>Il mero accesso o utilizzo del Sito Web, di tutti o parte dei suoi contenuti e servizi, implica la piena accettazione delle presenti condizioni d&#8217;uso. La messa a disposizione e l&#8217;uso del Sito Web si intende soggetta al rigoroso rispetto dei termini contenuti nelle presenti condizioni d&#8217;uso del Sito Web. <\/p>\n<ol start=\"2\">\n<li><strong>TERMINI E CONDIZIONI D&#8217;USO <\/strong><\/li>\n<\/ol>\n<p>I presenti termini e condizioni d&#8217;uso del Sito Web, di seguito \u201c<strong>TERMINI E CONDIZIONI D&#8217;USO DEL SITO WEB<\/strong>\u201d regolano l&#8217;accesso e l&#8217;utilizzo del Sito Web, inclusi i contenuti e i servizi messi a disposizione degli utenti nel e\/o tramite il Sito Web, sia da Avanqua Oceanogr\u00e0fic S.L, sia dai suoi utenti o da qualsiasi terzo. Tuttavia, l&#8217;accesso e l&#8217;utilizzo di determinati contenuti e\/o servizi possono essere soggetti a specifiche condizioni. <\/p>\n<ol start=\"3\">\n<li><strong>MODIFICHE<\/strong><\/li>\n<\/ol>\n<p>Avanqua Oceanogr\u00e0fic S.L si riserva la facolt\u00e0 di modificare in qualsiasi momento i presenti Termini e Condizioni d&#8217;Uso. In ogni caso, si raccomanda di consultarli periodicamente, in quanto possono essere modificati. <\/p>\n<ol start=\"4\">\n<li><strong>INFORMAZIONI E SERVIZI:<\/strong><\/li>\n<\/ol>\n<p>Gli utenti possono accedere tramite il Sito Web a diversi tipi di informazioni e servizi. Avanqua Oceanogr\u00e0fic S.L si riserva la facolt\u00e0 di modificare, in qualsiasi momento e senza preavviso, la presentazione e la configurazione delle informazioni e dei servizi offerti dal Sito Web. L&#8217;utente riconosce e accetta espressamente che in qualsiasi momento Avanqua Oceanogr\u00e0fic S.L possa interrompere, disattivare e\/o cancellare qualsiasi informazione o servizio. Avanqua Oceanogr\u00e0fic S.L far\u00e0 del suo meglio per garantire la disponibilit\u00e0 e l&#8217;accessibilit\u00e0 al sito web. Tuttavia, a volte, per motivi di manutenzione, aggiornamento, cambio di posizione, ecc., l&#8217;accesso al Sito Web potrebbe essere interrotto.    <\/p>\n<ol start=\"5\">\n<li><strong>DISPONIBILIT\u00c0 DELLE INFORMAZIONI E DEI SERVIZI DEL SITO WEB:<\/strong><\/li>\n<\/ol>\n<p>Avanqua Oceanogr\u00e0fic S.L non garantisce la disponibilit\u00e0 continua e permanente dei servizi, rimanendo cos\u00ec esonerata da qualsiasi responsabilit\u00e0 per eventuali danni e pregiudizi causati dalla mancanza di disponibilit\u00e0 del servizio per motivi di forza maggiore o errori nelle reti telematiche di trasferimento dati, al di fuori della sua volont\u00e0, o per disconnessioni effettuate per lavori di miglioramento o manutenzione delle apparecchiature e dei sistemi informatici.<\/p>\n<p>In questi casi, Avanqua Oceanogr\u00e0fic S.L far\u00e0 del suo meglio per ripristinare la piena disponibilit\u00e0 dei servizi, nonch\u00e9 per notificare l&#8217;eventuale indisponibilit\u00e0 degli stessi. Avanqua Oceanogr\u00e0fic S.L non sar\u00e0 responsabile per l&#8217;interruzione, la sospensione o la cessazione delle informazioni o dei servizi. Allo stesso modo, non \u00e8 responsabile per eventuali omissioni, perdite di informazioni, dati, configurazioni, accessi impropri o violazione della riservatezza che abbiano origine da problemi tecnici, di comunicazione o omissioni umane, causate da terzi o non imputabili ad Avanqua Oceanogr\u00e0fic S.L. N\u00e9 risponder\u00e0 dei danni prodotti da attacchi informatici o causati da virus che influenzano programmi informatici, sistemi di comunicazione o apparecchiature utilizzate da Avanqua Oceanogr\u00e0fic S.L ma fabbricati o forniti da terzi.  <\/p>\n<p>Avanqua Oceanogr\u00e0fic S.L potr\u00e0, a sua esclusiva discrezione, negare, ritirare, sospendere e\/o bloccare in qualsiasi momento e senza necessit\u00e0 di preavviso l&#8217;accesso alle informazioni e ai servizi a quegli utenti che violano le presenti norme.<\/p>\n<ol start=\"6\">\n<li><strong>RESPONSABILIT\u00c0 DEL SITO WEB:<\/strong><\/li>\n<\/ol>\n<p>Fatti salvi i casi in cui la Legge imponga espressamente il contrario, e esclusivamente nella misura e nell&#8217;estensione in cui lo imponga, Avanqua Oceanogr\u00e0fic S.L non garantisce n\u00e9 si assume alcuna responsabilit\u00e0 per eventuali danni e pregiudizi causati dall&#8217;uso e dall&#8217;utilizzo delle informazioni, dei dati e dei servizi del Sito Web.<\/p>\n<p>In ogni caso, Avanqua Oceanogr\u00e0fic S.L \u00e8 esclusa da qualsiasi responsabilit\u00e0 per i danni e i pregiudizi che possano essere dovuti alle informazioni e\/o ai servizi forniti o erogati da terzi diversi da Avanqua Oceanogr\u00e0fic S.L. Tutta la responsabilit\u00e0 sar\u00e0 del terzo, sia esso fornitore o collaboratore.<\/p>\n<ol start=\"7\">\n<li><strong>OBBLIGHI DELL&#8217;UTENTE<\/strong><\/li>\n<\/ol>\n<p>L&#8217;utente dovr\u00e0 rispettare in ogni momento i presenti Termini e Condizioni d&#8217;Uso. L&#8217;utente dichiara espressamente che utilizzer\u00e0 il Sito Web in modo diligente e assumendosi qualsiasi responsabilit\u00e0 che possa derivare dall&#8217;inadempimento delle norme. <\/p>\n<p>L&#8217;utente si impegna, nei casi in cui gli vengano richiesti dati o informazioni, a non falsificare la propria identit\u00e0 spacciandosi per un&#8217;altra persona. L&#8217;utente accetta che l&#8217;utilizzo del Sito Web sar\u00e0 effettuato per scopi strettamente personali, privati e particolari. L&#8217;utente non potr\u00e0 utilizzare il Sito Web per attivit\u00e0 contrarie alla Legge, alla morale e all&#8217;ordine pubblico, nonch\u00e9 per finalit\u00e0 proibite o che violino o ledano diritti di terzi.  <\/p>\n<p>\u00c8 altres\u00ec vietata la diffusione, l&#8217;archiviazione e\/o la gestione di dati o contenuti che violino diritti di terzi o qualsiasi normativa che regoli i diritti di propriet\u00e0 intellettuale o industriale.<\/p>\n<p>L&#8217;utente non potr\u00e0 utilizzare il Sito Web per trasmettere, archiviare, divulgare, promuovere o distribuire dati o contenuti che siano portatori di virus o qualsiasi altro codice informatico, file o programmi progettati per interrompere, distruggere o danneggiare il funzionamento di qualsiasi programma o apparecchiatura informatica o di telecomunicazioni.<\/p>\n<p>L&#8217;utente si impegna a indennizzare e a tenere indenne Avanqua Oceanogr\u00e0fic S.L per qualsiasi danno, pregiudizio, sanzione, multa, pena o risarcimento che Avanqua Oceanogr\u00e0fic S.L debba affrontare a seguito dell&#8217;inadempimento da parte dell&#8217;utente degli obblighi contenuti nel presente documento.<\/p>\n<ol start=\"8\">\n<li><strong>DATI DI CARATTERE PERSONALE<\/strong><\/li>\n<\/ol>\n<p>Le informazioni o i dati personali forniti dall&#8217;utente saranno trattati in conformit\u00e0 a quanto stabilito nella Politica sulla Privacy inclusa in questo Sito Web.<\/p>\n<ol start=\"9\">\n<li><strong>COLLEGAMENTI AD ALTRI SITI WEB<\/strong><\/li>\n<\/ol>\n<p>Avanqua Oceanogr\u00e0fic S.L non garantisce n\u00e9 si assume alcun tipo di responsabilit\u00e0 per i danni e i pregiudizi subiti dall&#8217;accesso a Servizi di terzi tramite connessioni, link o collegamenti dei siti collegati n\u00e9 sull&#8217;esattezza o affidabilit\u00e0 degli stessi. La funzione dei collegamenti che appaiono \u00e8 esclusivamente quella di informare il Cliente sull&#8217;esistenza di altre fonti di informazione su Internet, dove potr\u00e0 ampliare i Servizi offerti dal Portale. Avanqua Oceanogr\u00e0fic S.L non sar\u00e0 in nessun caso responsabile del risultato ottenuto tramite tali collegamenti o delle conseguenze che derivano dall&#8217;accesso dei Clienti agli stessi. Questi Servizi di terzi sono forniti da questi ultimi, pertanto Avanqua Oceanogr\u00e0fic S.L non pu\u00f2 controllare e non controlla la liceit\u00e0 dei Servizi n\u00e9 la loro qualit\u00e0. Di conseguenza, il Cliente deve esercitare la massima prudenza nella valutazione e nell&#8217;utilizzo delle informazioni e dei servizi esistenti nei contenuti di terzi.    <\/p>\n<ol start=\"10\">\n<li><strong>PROPRIET\u00c0 INTELLETTUALE E INDUSTRIALE<\/strong><\/li>\n<\/ol>\n<p>Tutti i contenuti, marchi, loghi, disegni, documentazione, programmi informatici o qualsiasi altro elemento suscettibile di protezione dalla legislazione sulla propriet\u00e0 intellettuale o industriale, accessibili nel Sito Web, appartengono esclusivamente ad Avanqua Oceanogr\u00e0fic S.L o ai suoi legittimi titolari e tutti i diritti su di essi sono espressamente riservati. \u00c8 espressamente vietata la creazione di collegamenti ipertestuali (link) a qualsiasi elemento integrante del Sito Web senza l&#8217;autorizzazione di Avanqua Oceanogr\u00e0fic S.L, a meno che non si tratti di una sezione del Sito Web che non richieda identificazione o autenticazione per l&#8217;accesso, o che lo stesso sia ristretto. <\/p>\n<p>In ogni caso, Avanqua Oceanogr\u00e0fic S.L si riserva tutti i diritti sui contenuti, informazioni, dati e servizi che detiene su di essi. Avanqua Oceanogr\u00e0fic S.L non concede alcuna licenza o autorizzazione d&#8217;uso all&#8217;utente sui suoi contenuti, dati o servizi, diversa da quella espressamente dettagliata nei presenti Avanqua Oceanogr\u00e0fic S.L. <\/p>\n<ol start=\"11\">\n<li><strong>LEGISLAZIONE APPLICABILE, GIURISDIZIONE COMPETENTE E NOTIFICHE<\/strong><\/li>\n<\/ol>\n<p>I presenti Termini e Condizioni d&#8217;Uso sono regolati e interpretati in conformit\u00e0 con le Leggi della Spagna. Per qualsiasi reclamo saranno competenti i tribunali del territorio spagnolo. Tutte le notifiche, richieste, petizioni e altre comunicazioni che l&#8217;Utente desidera effettuare ad Avanqua Oceanogr\u00e0fic S.L titolare del presente Sito Web, dovranno essere fatte per iscritto e si intender\u00e0 che sono state correttamente effettuate quando saranno state ricevute al seguente indirizzo <a href=\"mailto:info@oceanografic.org\">info@oceanografic.org<\/a>.  <\/p>\n<ol start=\"12\">\n<li><strong>CODICI DI CONDOTTA<\/strong><\/li>\n<\/ol>\n<p>L&#8217;Oceanogr\u00e0fic di Val\u00e8ncia si basa su principi di trasparenza, responsabilit\u00e0 e impegno per la sostenibilit\u00e0, il benessere animale e l&#8217;educazione ambientale. Con l&#8217;obiettivo di garantire il rispetto delle migliori pratiche, aderiamo a diversi codici di <span class=\"markqljkw06j3\" data-markjs=\"true\" data-ogac=\"\" data-ogab=\"\" data-ogsc=\"\" data-ogsb=\"\">condotta<\/span>, raccomandazioni di <span class=\"markqljkw06j3\" data-markjs=\"true\" data-ogac=\"\" data-ogab=\"\" data-ogsc=\"\" data-ogsb=\"\">condotta<\/span> e normative di enti riconosciuti a livello nazionale e internazionale. <a title=\"https:\/\/www.oceanografic.org\/nuestro-compromiso\/\" href=\"https:\/\/www.oceanografic.org\/it\/il-nostro-impegno\/\" data-auth=\"NotApplicable\" data-linkindex=\"0\">Qui<\/a> puoi trovare tutte le informazioni. <\/p>\n","protected":false},"excerpt":{"rendered":"<p>Denominazione Sociale Avanqua Oceanogr\u00e0fic S.L NIF B-98725252 Sede Legale Gran V\u00eda Marqu\u00e9s del T\u00faria, 19. 46005 (Valencia) E-mail: info@oceanografic.org Dati di iscrizione al registro delle imprese: N. 511089. Volume: T 9959, Libro: L 7241, Foglio: F 114, Sezione: S 8, Pagina: H V 164783, I\/A 15 &nbsp; INTRODUZIONE I presenti TERMINI E CONDIZIONI D&#8217;USO DEL&hellip; <a class=\"arrow\" href=\"https:\/\/www.oceanografic.org\/it\/avviso-legale\/\">Continued<\/a><\/p>\n","protected":false},"author":15,"featured_media":0,"parent":0,"menu_order":0,"comment_status":"closed","ping_status":"closed","template":"template-legal.php","meta":{"_acf_changed":false,"footnotes":""},"class_list":["post-109338","page","type-page","status-publish","hentry"],"acf":[],"yoast_head":"<!-- This site is optimized with the Yoast SEO plugin v27.4 - https:\/\/yoast.com\/product\/yoast-seo-wordpress\/ -->\n<title>Avviso legale - Oceanogr\u00e0fic de Val\u00e8ncia<\/title>\n<meta name=\"robots\" content=\"index, follow, max-snippet:-1, max-image-preview:large, max-video-preview:-1\" \/>\n<link rel=\"canonical\" href=\"https:\/\/www.oceanografic.org\/it\/avviso-legale\/\" \/>\n<meta property=\"og:locale\" content=\"it_IT\" \/>\n<meta property=\"og:type\" content=\"article\" \/>\n<meta property=\"og:title\" content=\"Avviso legale - Oceanogr\u00e0fic de Val\u00e8ncia\" \/>\n<meta property=\"og:description\" content=\"Denominazione Sociale Avanqua Oceanogr\u00e0fic S.L NIF B-98725252 Sede Legale Gran V\u00eda Marqu\u00e9s del T\u00faria, 19. 46005 (Valencia) E-mail: info@oceanografic.org Dati di iscrizione al registro delle imprese: N. 511089. Volume: T 9959, Libro: L 7241, Foglio: F 114, Sezione: S 8, Pagina: H V 164783, I\/A 15 &nbsp; INTRODUZIONE I presenti TERMINI E CONDIZIONI D&#8217;USO DEL&hellip; Continued\" \/>\n<meta property=\"og:url\" content=\"https:\/\/www.oceanografic.org\/it\/avviso-legale\/\" \/>\n<meta property=\"og:site_name\" content=\"Oceanogr\u00e0fic de Val\u00e8ncia\" \/>\n<meta property=\"article:publisher\" content=\"https:\/\/www.facebook.com\/oceanograficvl\" \/>\n<meta name=\"twitter:card\" content=\"summary_large_image\" \/>\n<meta name=\"twitter:site\" content=\"@Oceanografic_vl\" \/>\n<meta name=\"twitter:label1\" content=\"Tempo di lettura stimato\" \/>\n\t<meta name=\"twitter:data1\" content=\"7 minuti\" \/>\n<script type=\"application\/ld+json\" class=\"yoast-schema-graph\">{\"@context\":\"https:\\\/\\\/schema.org\",\"@graph\":[{\"@type\":\"WebPage\",\"@id\":\"https:\\\/\\\/www.oceanografic.org\\\/it\\\/avviso-legale\\\/\",\"url\":\"https:\\\/\\\/www.oceanografic.org\\\/it\\\/avviso-legale\\\/\",\"name\":\"Avviso legale - Oceanogr\u00e0fic de Val\u00e8ncia\",\"isPartOf\":{\"@id\":\"https:\\\/\\\/www.oceanografic.org\\\/it\\\/#website\"},\"datePublished\":\"2024-07-02T06:38:36+00:00\",\"breadcrumb\":{\"@id\":\"https:\\\/\\\/www.oceanografic.org\\\/it\\\/avviso-legale\\\/#breadcrumb\"},\"inLanguage\":\"it-IT\",\"potentialAction\":[{\"@type\":\"ReadAction\",\"target\":[\"https:\\\/\\\/www.oceanografic.org\\\/it\\\/avviso-legale\\\/\"]}]},{\"@type\":\"BreadcrumbList\",\"@id\":\"https:\\\/\\\/www.oceanografic.org\\\/it\\\/avviso-legale\\\/#breadcrumb\",\"itemListElement\":[{\"@type\":\"ListItem\",\"position\":1,\"name\":\"Portada\",\"item\":\"https:\\\/\\\/www.oceanografic.org\\\/it\\\/\"},{\"@type\":\"ListItem\",\"position\":2,\"name\":\"Avviso legale\"}]},{\"@type\":\"WebSite\",\"@id\":\"https:\\\/\\\/www.oceanografic.org\\\/it\\\/#website\",\"url\":\"https:\\\/\\\/www.oceanografic.org\\\/it\\\/\",\"name\":\"Oceanogr\u00e0fic de Val\u00e8ncia\",\"description\":\"\",\"publisher\":{\"@id\":\"https:\\\/\\\/www.oceanografic.org\\\/it\\\/#organization\"},\"potentialAction\":[{\"@type\":\"SearchAction\",\"target\":{\"@type\":\"EntryPoint\",\"urlTemplate\":\"https:\\\/\\\/www.oceanografic.org\\\/it\\\/?s={search_term_string}\"},\"query-input\":{\"@type\":\"PropertyValueSpecification\",\"valueRequired\":true,\"valueName\":\"search_term_string\"}}],\"inLanguage\":\"it-IT\"},{\"@type\":\"Organization\",\"@id\":\"https:\\\/\\\/www.oceanografic.org\\\/it\\\/#organization\",\"name\":\"Oceanogr\u00e0fic de Val\u00e8ncia\",\"url\":\"https:\\\/\\\/www.oceanografic.org\\\/it\\\/\",\"logo\":{\"@type\":\"ImageObject\",\"inLanguage\":\"it-IT\",\"@id\":\"https:\\\/\\\/www.oceanografic.org\\\/it\\\/#\\\/schema\\\/logo\\\/image\\\/\",\"url\":\"https:\\\/\\\/www.oceanografic.org\\\/wp-content\\\/uploads\\\/2024\\\/10\\\/Logo-OCE.png\",\"contentUrl\":\"https:\\\/\\\/www.oceanografic.org\\\/wp-content\\\/uploads\\\/2024\\\/10\\\/Logo-OCE.png\",\"width\":3543,\"height\":1286,\"caption\":\"Oceanogr\u00e0fic de Val\u00e8ncia\"},\"image\":{\"@id\":\"https:\\\/\\\/www.oceanografic.org\\\/it\\\/#\\\/schema\\\/logo\\\/image\\\/\"},\"sameAs\":[\"https:\\\/\\\/www.facebook.com\\\/oceanograficvl\",\"https:\\\/\\\/x.com\\\/Oceanografic_vl\"]}]}<\/script>\n<!-- \/ Yoast SEO plugin. -->","yoast_head_json":{"title":"Avviso legale - Oceanogr\u00e0fic de Val\u00e8ncia","robots":{"index":"index","follow":"follow","max-snippet":"max-snippet:-1","max-image-preview":"max-image-preview:large","max-video-preview":"max-video-preview:-1"},"canonical":"https:\/\/www.oceanografic.org\/it\/avviso-legale\/","og_locale":"it_IT","og_type":"article","og_title":"Avviso legale - Oceanogr\u00e0fic de Val\u00e8ncia","og_description":"Denominazione Sociale Avanqua Oceanogr\u00e0fic S.L NIF B-98725252 Sede Legale Gran V\u00eda Marqu\u00e9s del T\u00faria, 19. 46005 (Valencia) E-mail: info@oceanografic.org Dati di iscrizione al registro delle imprese: N. 511089. Volume: T 9959, Libro: L 7241, Foglio: F 114, Sezione: S 8, Pagina: H V 164783, I\/A 15 &nbsp; INTRODUZIONE I presenti TERMINI E CONDIZIONI D&#8217;USO DEL&hellip; Continued","og_url":"https:\/\/www.oceanografic.org\/it\/avviso-legale\/","og_site_name":"Oceanogr\u00e0fic de Val\u00e8ncia","article_publisher":"https:\/\/www.facebook.com\/oceanograficvl","twitter_card":"summary_large_image","twitter_site":"@Oceanografic_vl","twitter_misc":{"Tempo di lettura stimato":"7 minuti"},"schema":{"@context":"https:\/\/schema.org","@graph":[{"@type":"WebPage","@id":"https:\/\/www.oceanografic.org\/it\/avviso-legale\/","url":"https:\/\/www.oceanografic.org\/it\/avviso-legale\/","name":"Avviso legale - Oceanogr\u00e0fic de Val\u00e8ncia","isPartOf":{"@id":"https:\/\/www.oceanografic.org\/it\/#website"},"datePublished":"2024-07-02T06:38:36+00:00","breadcrumb":{"@id":"https:\/\/www.oceanografic.org\/it\/avviso-legale\/#breadcrumb"},"inLanguage":"it-IT","potentialAction":[{"@type":"ReadAction","target":["https:\/\/www.oceanografic.org\/it\/avviso-legale\/"]}]},{"@type":"BreadcrumbList","@id":"https:\/\/www.oceanografic.org\/it\/avviso-legale\/#breadcrumb","itemListElement":[{"@type":"ListItem","position":1,"name":"Portada","item":"https:\/\/www.oceanografic.org\/it\/"},{"@type":"ListItem","position":2,"name":"Avviso legale"}]},{"@type":"WebSite","@id":"https:\/\/www.oceanografic.org\/it\/#website","url":"https:\/\/www.oceanografic.org\/it\/","name":"Oceanogr\u00e0fic de Val\u00e8ncia","description":"","publisher":{"@id":"https:\/\/www.oceanografic.org\/it\/#organization"},"potentialAction":[{"@type":"SearchAction","target":{"@type":"EntryPoint","urlTemplate":"https:\/\/www.oceanografic.org\/it\/?s={search_term_string}"},"query-input":{"@type":"PropertyValueSpecification","valueRequired":true,"valueName":"search_term_string"}}],"inLanguage":"it-IT"},{"@type":"Organization","@id":"https:\/\/www.oceanografic.org\/it\/#organization","name":"Oceanogr\u00e0fic de Val\u00e8ncia","url":"https:\/\/www.oceanografic.org\/it\/","logo":{"@type":"ImageObject","inLanguage":"it-IT","@id":"https:\/\/www.oceanografic.org\/it\/#\/schema\/logo\/image\/","url":"https:\/\/www.oceanografic.org\/wp-content\/uploads\/2024\/10\/Logo-OCE.png","contentUrl":"https:\/\/www.oceanografic.org\/wp-content\/uploads\/2024\/10\/Logo-OCE.png","width":3543,"height":1286,"caption":"Oceanogr\u00e0fic de Val\u00e8ncia"},"image":{"@id":"https:\/\/www.oceanografic.org\/it\/#\/schema\/logo\/image\/"},"sameAs":["https:\/\/www.facebook.com\/oceanograficvl","https:\/\/x.com\/Oceanografic_vl"]}]}},"_links":{"self":[{"href":"https:\/\/www.oceanografic.org\/it\/wp-json\/wp\/v2\/pages\/109338","targetHints":{"allow":["GET"]}}],"collection":[{"href":"https:\/\/www.oceanografic.org\/it\/wp-json\/wp\/v2\/pages"}],"about":[{"href":"https:\/\/www.oceanografic.org\/it\/wp-json\/wp\/v2\/types\/page"}],"author":[{"embeddable":true,"href":"https:\/\/www.oceanografic.org\/it\/wp-json\/wp\/v2\/users\/15"}],"replies":[{"embeddable":true,"href":"https:\/\/www.oceanografic.org\/it\/wp-json\/wp\/v2\/comments?post=109338"}],"version-history":[{"count":0,"href":"https:\/\/www.oceanografic.org\/it\/wp-json\/wp\/v2\/pages\/109338\/revisions"}],"wp:attachment":[{"href":"https:\/\/www.oceanografic.org\/it\/wp-json\/wp\/v2\/media?parent=109338"}],"curies":[{"name":"wp","href":"https:\/\/api.w.org\/{rel}","templated":true}]}}