{"id":41281,"date":"2018-02-22T10:32:03","date_gmt":"2018-02-22T10:32:03","guid":{"rendered":"https:\/\/www.oceanografic.local\/como-llegar\/"},"modified":"2023-12-19T23:57:46","modified_gmt":"2023-12-19T23:57:46","slug":"comment-sy-rendre-et-parking","status":"publish","type":"page","link":"https:\/\/www.oceanografic.org\/fr\/comment-sy-rendre-et-parking\/","title":{"rendered":"Comment s&rsquo;y rendre et parking"},"content":{"rendered":"<blockquote><p>Trouvez le meilleur itin\u00e9raire pour vous rendre \u00e0 l\u2019Oceanogr\u00e0fic.<\/p><\/blockquote>\n<p>C\u2019est facile en suivant les indications que vous trouverez partout dans la ville. De plus, nous avons un parking o\u00f9 vous pourrez stationner votre v\u00e9hicule, des parkings v\u00e9los et un r\u00e9seau de bus qui relient l\u2019Oceanogr\u00e0fic \u00e0 diff\u00e9rents points de Valence<\/p>\n","protected":false},"excerpt":{"rendered":"<p>Trouvez le meilleur itin\u00e9raire pour vous rendre \u00e0 l\u2019Oceanogr\u00e0fic. C\u2019est facile en suivant les indications que vous trouverez partout dans la ville. De plus, nous avons un parking o\u00f9 vous pourrez stationner votre v\u00e9hicule, des parkings v\u00e9los et un r\u00e9seau de bus qui relient l\u2019Oceanogr\u00e0fic \u00e0 diff\u00e9rents points de Valence<\/p>\n","protected":false},"author":2,"featured_media":41287,"parent":0,"menu_order":0,"comment_status":"closed","ping_status":"closed","template":"template-como-llegar.php","meta":{"_acf_changed":false,"footnotes":""},"class_list":["post-41281","page","type-page","status-publish","has-post-thumbnail","hentry"],"acf":[],"yoast_head":"<!-- This site is optimized with the Yoast SEO plugin v27.3 - https:\/\/yoast.com\/product\/yoast-seo-wordpress\/ -->\n<title>C\u00f3mo llegar y Parking - Mejor Ruta | Oceanogr\u00e0fic Val\u00e8ncia<\/title>\n<meta name=\"description\" content=\"Encuentra la mejor ruta para llegar al Oceanogr\u00e0fic. Adem\u00e1s contamos con un parking, parking de bicicletas y una red de autobuses. \u00a1Ven al acuario!\" \/>\n<meta name=\"robots\" content=\"index, follow, max-snippet:-1, max-image-preview:large, max-video-preview:-1\" \/>\n<link rel=\"canonical\" href=\"https:\/\/www.oceanografic.org\/fr\/comment-sy-rendre-et-parking\/\" \/>\n<meta property=\"og:locale\" content=\"fr_FR\" \/>\n<meta property=\"og:type\" content=\"article\" \/>\n<meta property=\"og:title\" content=\"C\u00f3mo llegar y Parking - Mejor Ruta | Oceanogr\u00e0fic Val\u00e8ncia\" \/>\n<meta property=\"og:description\" content=\"Encuentra la mejor ruta para llegar al Oceanogr\u00e0fic. Adem\u00e1s contamos con un parking, parking de bicicletas y una red de autobuses. \u00a1Ven al acuario!\" \/>\n<meta property=\"og:url\" content=\"https:\/\/www.oceanografic.org\/fr\/comment-sy-rendre-et-parking\/\" \/>\n<meta property=\"og:site_name\" content=\"Oceanogr\u00e0fic de Val\u00e8ncia\" \/>\n<meta property=\"article:publisher\" content=\"https:\/\/www.facebook.com\/oceanograficvl\" \/>\n<meta property=\"article:modified_time\" content=\"2023-12-19T23:57:46+00:00\" \/>\n<meta property=\"og:image\" content=\"https:\/\/www.oceanografic.org\/wp-content\/uploads\/2023\/12\/como-llegar-y-parking-1.png\" \/>\n\t<meta property=\"og:image:width\" content=\"1094\" \/>\n\t<meta property=\"og:image:height\" content=\"729\" \/>\n\t<meta property=\"og:image:type\" content=\"image\/png\" \/>\n<meta name=\"twitter:card\" content=\"summary_large_image\" \/>\n<meta name=\"twitter:site\" content=\"@Oceanografic_vl\" \/>\n<meta name=\"twitter:label1\" content=\"Dur\u00e9e de lecture estim\u00e9e\" \/>\n\t<meta name=\"twitter:data1\" content=\"1 minute\" \/>\n<script type=\"application\/ld+json\" class=\"yoast-schema-graph\">{\"@context\":\"https:\\\/\\\/schema.org\",\"@graph\":[{\"@type\":\"WebPage\",\"@id\":\"https:\\\/\\\/www.oceanografic.org\\\/fr\\\/comment-sy-rendre-et-parking\\\/\",\"url\":\"https:\\\/\\\/www.oceanografic.org\\\/fr\\\/comment-sy-rendre-et-parking\\\/\",\"name\":\"C\u00f3mo llegar y Parking - Mejor Ruta | Oceanogr\u00e0fic Val\u00e8ncia\",\"isPartOf\":{\"@id\":\"https:\\\/\\\/www.oceanografic.org\\\/fr\\\/#website\"},\"primaryImageOfPage\":{\"@id\":\"https:\\\/\\\/www.oceanografic.org\\\/fr\\\/comment-sy-rendre-et-parking\\\/#primaryimage\"},\"image\":{\"@id\":\"https:\\\/\\\/www.oceanografic.org\\\/fr\\\/comment-sy-rendre-et-parking\\\/#primaryimage\"},\"thumbnailUrl\":\"https:\\\/\\\/www.oceanografic.org\\\/wp-content\\\/uploads\\\/2023\\\/12\\\/como-llegar-y-parking-1.png\",\"datePublished\":\"2018-02-22T10:32:03+00:00\",\"dateModified\":\"2023-12-19T23:57:46+00:00\",\"description\":\"Encuentra la mejor ruta para llegar al Oceanogr\u00e0fic. Adem\u00e1s contamos con un parking, parking de bicicletas y una red de autobuses. \u00a1Ven al acuario!\",\"breadcrumb\":{\"@id\":\"https:\\\/\\\/www.oceanografic.org\\\/fr\\\/comment-sy-rendre-et-parking\\\/#breadcrumb\"},\"inLanguage\":\"fr-FR\",\"potentialAction\":[{\"@type\":\"ReadAction\",\"target\":[\"https:\\\/\\\/www.oceanografic.org\\\/fr\\\/comment-sy-rendre-et-parking\\\/\"]}]},{\"@type\":\"ImageObject\",\"inLanguage\":\"fr-FR\",\"@id\":\"https:\\\/\\\/www.oceanografic.org\\\/fr\\\/comment-sy-rendre-et-parking\\\/#primaryimage\",\"url\":\"https:\\\/\\\/www.oceanografic.org\\\/wp-content\\\/uploads\\\/2023\\\/12\\\/como-llegar-y-parking-1.png\",\"contentUrl\":\"https:\\\/\\\/www.oceanografic.org\\\/wp-content\\\/uploads\\\/2023\\\/12\\\/como-llegar-y-parking-1.png\",\"width\":1094,\"height\":729},{\"@type\":\"BreadcrumbList\",\"@id\":\"https:\\\/\\\/www.oceanografic.org\\\/fr\\\/comment-sy-rendre-et-parking\\\/#breadcrumb\",\"itemListElement\":[{\"@type\":\"ListItem\",\"position\":1,\"name\":\"Portada\",\"item\":\"https:\\\/\\\/www.oceanografic.org\\\/fr\\\/\"},{\"@type\":\"ListItem\",\"position\":2,\"name\":\"Comment s&rsquo;y rendre et parking\"}]},{\"@type\":\"WebSite\",\"@id\":\"https:\\\/\\\/www.oceanografic.org\\\/fr\\\/#website\",\"url\":\"https:\\\/\\\/www.oceanografic.org\\\/fr\\\/\",\"name\":\"Oceanogr\u00e0fic de Val\u00e8ncia\",\"description\":\"\",\"publisher\":{\"@id\":\"https:\\\/\\\/www.oceanografic.org\\\/fr\\\/#organization\"},\"potentialAction\":[{\"@type\":\"SearchAction\",\"target\":{\"@type\":\"EntryPoint\",\"urlTemplate\":\"https:\\\/\\\/www.oceanografic.org\\\/fr\\\/?s={search_term_string}\"},\"query-input\":{\"@type\":\"PropertyValueSpecification\",\"valueRequired\":true,\"valueName\":\"search_term_string\"}}],\"inLanguage\":\"fr-FR\"},{\"@type\":\"Organization\",\"@id\":\"https:\\\/\\\/www.oceanografic.org\\\/fr\\\/#organization\",\"name\":\"Oceanogr\u00e0fic de Val\u00e8ncia\",\"url\":\"https:\\\/\\\/www.oceanografic.org\\\/fr\\\/\",\"logo\":{\"@type\":\"ImageObject\",\"inLanguage\":\"fr-FR\",\"@id\":\"https:\\\/\\\/www.oceanografic.org\\\/fr\\\/#\\\/schema\\\/logo\\\/image\\\/\",\"url\":\"https:\\\/\\\/www.oceanografic.org\\\/wp-content\\\/uploads\\\/2024\\\/10\\\/Logo-OCE.png\",\"contentUrl\":\"https:\\\/\\\/www.oceanografic.org\\\/wp-content\\\/uploads\\\/2024\\\/10\\\/Logo-OCE.png\",\"width\":3543,\"height\":1286,\"caption\":\"Oceanogr\u00e0fic de Val\u00e8ncia\"},\"image\":{\"@id\":\"https:\\\/\\\/www.oceanografic.org\\\/fr\\\/#\\\/schema\\\/logo\\\/image\\\/\"},\"sameAs\":[\"https:\\\/\\\/www.facebook.com\\\/oceanograficvl\",\"https:\\\/\\\/x.com\\\/Oceanografic_vl\"]}]}<\/script>\n<!-- \/ Yoast SEO plugin. -->","yoast_head_json":{"title":"C\u00f3mo llegar y Parking - Mejor Ruta | Oceanogr\u00e0fic Val\u00e8ncia","description":"Encuentra la mejor ruta para llegar al Oceanogr\u00e0fic. Adem\u00e1s contamos con un parking, parking de bicicletas y una red de autobuses. \u00a1Ven al acuario!","robots":{"index":"index","follow":"follow","max-snippet":"max-snippet:-1","max-image-preview":"max-image-preview:large","max-video-preview":"max-video-preview:-1"},"canonical":"https:\/\/www.oceanografic.org\/fr\/comment-sy-rendre-et-parking\/","og_locale":"fr_FR","og_type":"article","og_title":"C\u00f3mo llegar y Parking - Mejor Ruta | Oceanogr\u00e0fic Val\u00e8ncia","og_description":"Encuentra la mejor ruta para llegar al Oceanogr\u00e0fic. Adem\u00e1s contamos con un parking, parking de bicicletas y una red de autobuses. \u00a1Ven al acuario!","og_url":"https:\/\/www.oceanografic.org\/fr\/comment-sy-rendre-et-parking\/","og_site_name":"Oceanogr\u00e0fic de Val\u00e8ncia","article_publisher":"https:\/\/www.facebook.com\/oceanograficvl","article_modified_time":"2023-12-19T23:57:46+00:00","og_image":[{"width":1094,"height":729,"url":"https:\/\/www.oceanografic.org\/wp-content\/uploads\/2023\/12\/como-llegar-y-parking-1.png","type":"image\/png"}],"twitter_card":"summary_large_image","twitter_site":"@Oceanografic_vl","twitter_misc":{"Dur\u00e9e de lecture estim\u00e9e":"1 minute"},"schema":{"@context":"https:\/\/schema.org","@graph":[{"@type":"WebPage","@id":"https:\/\/www.oceanografic.org\/fr\/comment-sy-rendre-et-parking\/","url":"https:\/\/www.oceanografic.org\/fr\/comment-sy-rendre-et-parking\/","name":"C\u00f3mo llegar y Parking - Mejor Ruta | Oceanogr\u00e0fic Val\u00e8ncia","isPartOf":{"@id":"https:\/\/www.oceanografic.org\/fr\/#website"},"primaryImageOfPage":{"@id":"https:\/\/www.oceanografic.org\/fr\/comment-sy-rendre-et-parking\/#primaryimage"},"image":{"@id":"https:\/\/www.oceanografic.org\/fr\/comment-sy-rendre-et-parking\/#primaryimage"},"thumbnailUrl":"https:\/\/www.oceanografic.org\/wp-content\/uploads\/2023\/12\/como-llegar-y-parking-1.png","datePublished":"2018-02-22T10:32:03+00:00","dateModified":"2023-12-19T23:57:46+00:00","description":"Encuentra la mejor ruta para llegar al Oceanogr\u00e0fic. Adem\u00e1s contamos con un parking, parking de bicicletas y una red de autobuses. \u00a1Ven al acuario!","breadcrumb":{"@id":"https:\/\/www.oceanografic.org\/fr\/comment-sy-rendre-et-parking\/#breadcrumb"},"inLanguage":"fr-FR","potentialAction":[{"@type":"ReadAction","target":["https:\/\/www.oceanografic.org\/fr\/comment-sy-rendre-et-parking\/"]}]},{"@type":"ImageObject","inLanguage":"fr-FR","@id":"https:\/\/www.oceanografic.org\/fr\/comment-sy-rendre-et-parking\/#primaryimage","url":"https:\/\/www.oceanografic.org\/wp-content\/uploads\/2023\/12\/como-llegar-y-parking-1.png","contentUrl":"https:\/\/www.oceanografic.org\/wp-content\/uploads\/2023\/12\/como-llegar-y-parking-1.png","width":1094,"height":729},{"@type":"BreadcrumbList","@id":"https:\/\/www.oceanografic.org\/fr\/comment-sy-rendre-et-parking\/#breadcrumb","itemListElement":[{"@type":"ListItem","position":1,"name":"Portada","item":"https:\/\/www.oceanografic.org\/fr\/"},{"@type":"ListItem","position":2,"name":"Comment s&rsquo;y rendre et parking"}]},{"@type":"WebSite","@id":"https:\/\/www.oceanografic.org\/fr\/#website","url":"https:\/\/www.oceanografic.org\/fr\/","name":"Oceanogr\u00e0fic de Val\u00e8ncia","description":"","publisher":{"@id":"https:\/\/www.oceanografic.org\/fr\/#organization"},"potentialAction":[{"@type":"SearchAction","target":{"@type":"EntryPoint","urlTemplate":"https:\/\/www.oceanografic.org\/fr\/?s={search_term_string}"},"query-input":{"@type":"PropertyValueSpecification","valueRequired":true,"valueName":"search_term_string"}}],"inLanguage":"fr-FR"},{"@type":"Organization","@id":"https:\/\/www.oceanografic.org\/fr\/#organization","name":"Oceanogr\u00e0fic de Val\u00e8ncia","url":"https:\/\/www.oceanografic.org\/fr\/","logo":{"@type":"ImageObject","inLanguage":"fr-FR","@id":"https:\/\/www.oceanografic.org\/fr\/#\/schema\/logo\/image\/","url":"https:\/\/www.oceanografic.org\/wp-content\/uploads\/2024\/10\/Logo-OCE.png","contentUrl":"https:\/\/www.oceanografic.org\/wp-content\/uploads\/2024\/10\/Logo-OCE.png","width":3543,"height":1286,"caption":"Oceanogr\u00e0fic de Val\u00e8ncia"},"image":{"@id":"https:\/\/www.oceanografic.org\/fr\/#\/schema\/logo\/image\/"},"sameAs":["https:\/\/www.facebook.com\/oceanograficvl","https:\/\/x.com\/Oceanografic_vl"]}]}},"_links":{"self":[{"href":"https:\/\/www.oceanografic.org\/fr\/wp-json\/wp\/v2\/pages\/41281","targetHints":{"allow":["GET"]}}],"collection":[{"href":"https:\/\/www.oceanografic.org\/fr\/wp-json\/wp\/v2\/pages"}],"about":[{"href":"https:\/\/www.oceanografic.org\/fr\/wp-json\/wp\/v2\/types\/page"}],"author":[{"embeddable":true,"href":"https:\/\/www.oceanografic.org\/fr\/wp-json\/wp\/v2\/users\/2"}],"replies":[{"embeddable":true,"href":"https:\/\/www.oceanografic.org\/fr\/wp-json\/wp\/v2\/comments?post=41281"}],"version-history":[{"count":0,"href":"https:\/\/www.oceanografic.org\/fr\/wp-json\/wp\/v2\/pages\/41281\/revisions"}],"wp:featuredmedia":[{"embeddable":true,"href":"https:\/\/www.oceanografic.org\/fr\/wp-json\/wp\/v2\/media\/41287"}],"wp:attachment":[{"href":"https:\/\/www.oceanografic.org\/fr\/wp-json\/wp\/v2\/media?parent=41281"}],"curies":[{"name":"wp","href":"https:\/\/api.w.org\/{rel}","templated":true}]}}