{"id":36750,"date":"2022-05-24T14:22:59","date_gmt":"2022-05-24T14:22:59","guid":{"rendered":"https:\/\/www.oceanografic.local\/prices-and-schedules\/"},"modified":"2026-02-24T14:44:30","modified_gmt":"2026-02-24T14:44:30","slug":"tarifas-y-horarios","status":"publish","type":"page","link":"https:\/\/www.oceanografic.org\/fr\/planifica-tu-visita-al-oceanografic-de-valencia\/tarifas-y-horarios\/","title":{"rendered":"Tarifs et horaires"},"content":{"rendered":"<blockquote><p>Vous pouvez acheter vos billets en ligne, sans file d\u2019attente, ou directement au guichet.<\/p><\/blockquote>\n","protected":false},"excerpt":{"rendered":"<p>Vous pouvez acheter vos billets en ligne, sans file d\u2019attente, ou directement au guichet.<\/p>\n","protected":false},"author":2,"featured_media":60095,"parent":60901,"menu_order":0,"comment_status":"closed","ping_status":"closed","template":"template-tarifas-y-horarios2.php","meta":{"_acf_changed":false,"footnotes":""},"class_list":["post-36750","page","type-page","status-publish","has-post-thumbnail","hentry"],"acf":[],"yoast_head":"<!-- This site is optimized with the Yoast SEO plugin v27.4 - https:\/\/yoast.com\/product\/yoast-seo-wordpress\/ -->\n<title>Entradas, Precios y Horarios | Oceanogr\u00e0fic Val\u00e8ncia<\/title>\n<meta name=\"description\" content=\"Entradas del Oceanogr\u00e0fic, precios y todos los horarios. Puedes comprar tus entradas online, sin colas ni esperas, o directamente en taquilla.\" \/>\n<meta name=\"robots\" content=\"index, follow, max-snippet:-1, max-image-preview:large, max-video-preview:-1\" \/>\n<link rel=\"canonical\" href=\"https:\/\/www.oceanografic.org\/fr\/planifica-tu-visita-al-oceanografic-de-valencia\/tarifas-y-horarios\/\" \/>\n<meta property=\"og:locale\" content=\"fr_FR\" \/>\n<meta property=\"og:type\" content=\"article\" \/>\n<meta property=\"og:title\" content=\"Entradas, Precios y Horarios | Oceanogr\u00e0fic Val\u00e8ncia\" \/>\n<meta property=\"og:description\" content=\"Entradas del Oceanogr\u00e0fic, precios y todos los horarios. Puedes comprar tus entradas online, sin colas ni esperas, o directamente en taquilla.\" \/>\n<meta property=\"og:url\" content=\"https:\/\/www.oceanografic.org\/fr\/planifica-tu-visita-al-oceanografic-de-valencia\/tarifas-y-horarios\/\" \/>\n<meta property=\"og:site_name\" content=\"Oceanogr\u00e0fic de Val\u00e8ncia\" \/>\n<meta property=\"article:publisher\" content=\"https:\/\/www.facebook.com\/oceanograficvl\" \/>\n<meta property=\"article:modified_time\" content=\"2026-02-24T14:44:30+00:00\" \/>\n<meta property=\"og:image\" content=\"https:\/\/www.oceanografic.org\/wp-content\/uploads\/2018\/06\/lago-vivo-scaled.jpg\" \/>\n\t<meta property=\"og:image:width\" content=\"2560\" \/>\n\t<meta property=\"og:image:height\" content=\"1707\" \/>\n\t<meta property=\"og:image:type\" content=\"image\/jpeg\" \/>\n<meta name=\"twitter:card\" content=\"summary_large_image\" \/>\n<meta name=\"twitter:site\" content=\"@Oceanografic_vl\" \/>\n<meta name=\"twitter:label1\" content=\"Dur\u00e9e de lecture estim\u00e9e\" \/>\n\t<meta name=\"twitter:data1\" content=\"1 minute\" \/>\n<script type=\"application\/ld+json\" class=\"yoast-schema-graph\">{\"@context\":\"https:\\\/\\\/schema.org\",\"@graph\":[{\"@type\":\"WebPage\",\"@id\":\"https:\\\/\\\/www.oceanografic.org\\\/fr\\\/planifica-tu-visita-al-oceanografic-de-valencia\\\/tarifas-y-horarios\\\/\",\"url\":\"https:\\\/\\\/www.oceanografic.org\\\/fr\\\/planifica-tu-visita-al-oceanografic-de-valencia\\\/tarifas-y-horarios\\\/\",\"name\":\"Entradas, Precios y Horarios | Oceanogr\u00e0fic Val\u00e8ncia\",\"isPartOf\":{\"@id\":\"https:\\\/\\\/www.oceanografic.org\\\/fr\\\/#website\"},\"primaryImageOfPage\":{\"@id\":\"https:\\\/\\\/www.oceanografic.org\\\/fr\\\/planifica-tu-visita-al-oceanografic-de-valencia\\\/tarifas-y-horarios\\\/#primaryimage\"},\"image\":{\"@id\":\"https:\\\/\\\/www.oceanografic.org\\\/fr\\\/planifica-tu-visita-al-oceanografic-de-valencia\\\/tarifas-y-horarios\\\/#primaryimage\"},\"thumbnailUrl\":\"https:\\\/\\\/www.oceanografic.org\\\/wp-content\\\/uploads\\\/2018\\\/06\\\/lago-vivo-scaled.jpg\",\"datePublished\":\"2022-05-24T14:22:59+00:00\",\"dateModified\":\"2026-02-24T14:44:30+00:00\",\"description\":\"Entradas del Oceanogr\u00e0fic, precios y todos los horarios. Puedes comprar tus entradas online, sin colas ni esperas, o directamente en taquilla.\",\"breadcrumb\":{\"@id\":\"https:\\\/\\\/www.oceanografic.org\\\/fr\\\/planifica-tu-visita-al-oceanografic-de-valencia\\\/tarifas-y-horarios\\\/#breadcrumb\"},\"inLanguage\":\"fr-FR\",\"potentialAction\":[{\"@type\":\"ReadAction\",\"target\":[\"https:\\\/\\\/www.oceanografic.org\\\/fr\\\/planifica-tu-visita-al-oceanografic-de-valencia\\\/tarifas-y-horarios\\\/\"]}]},{\"@type\":\"ImageObject\",\"inLanguage\":\"fr-FR\",\"@id\":\"https:\\\/\\\/www.oceanografic.org\\\/fr\\\/planifica-tu-visita-al-oceanografic-de-valencia\\\/tarifas-y-horarios\\\/#primaryimage\",\"url\":\"https:\\\/\\\/www.oceanografic.org\\\/wp-content\\\/uploads\\\/2018\\\/06\\\/lago-vivo-scaled.jpg\",\"contentUrl\":\"https:\\\/\\\/www.oceanografic.org\\\/wp-content\\\/uploads\\\/2018\\\/06\\\/lago-vivo-scaled.jpg\",\"width\":2560,\"height\":1707},{\"@type\":\"BreadcrumbList\",\"@id\":\"https:\\\/\\\/www.oceanografic.org\\\/fr\\\/planifica-tu-visita-al-oceanografic-de-valencia\\\/tarifas-y-horarios\\\/#breadcrumb\",\"itemListElement\":[{\"@type\":\"ListItem\",\"position\":1,\"name\":\"Portada\",\"item\":\"https:\\\/\\\/www.oceanografic.org\\\/fr\\\/\"},{\"@type\":\"ListItem\",\"position\":2,\"name\":\"Planifiez votre visite \u00e0 l\u2019Oceanogr\u00e0fic de Val\u00e8ncia\",\"item\":\"https:\\\/\\\/www.oceanografic.org\\\/fr\\\/planifica-tu-visita-al-oceanografic-de-valencia\\\/\"},{\"@type\":\"ListItem\",\"position\":3,\"name\":\"Tarifs et horaires\"}]},{\"@type\":\"WebSite\",\"@id\":\"https:\\\/\\\/www.oceanografic.org\\\/fr\\\/#website\",\"url\":\"https:\\\/\\\/www.oceanografic.org\\\/fr\\\/\",\"name\":\"Oceanogr\u00e0fic de Val\u00e8ncia\",\"description\":\"\",\"publisher\":{\"@id\":\"https:\\\/\\\/www.oceanografic.org\\\/fr\\\/#organization\"},\"potentialAction\":[{\"@type\":\"SearchAction\",\"target\":{\"@type\":\"EntryPoint\",\"urlTemplate\":\"https:\\\/\\\/www.oceanografic.org\\\/fr\\\/?s={search_term_string}\"},\"query-input\":{\"@type\":\"PropertyValueSpecification\",\"valueRequired\":true,\"valueName\":\"search_term_string\"}}],\"inLanguage\":\"fr-FR\"},{\"@type\":\"Organization\",\"@id\":\"https:\\\/\\\/www.oceanografic.org\\\/fr\\\/#organization\",\"name\":\"Oceanogr\u00e0fic de Val\u00e8ncia\",\"url\":\"https:\\\/\\\/www.oceanografic.org\\\/fr\\\/\",\"logo\":{\"@type\":\"ImageObject\",\"inLanguage\":\"fr-FR\",\"@id\":\"https:\\\/\\\/www.oceanografic.org\\\/fr\\\/#\\\/schema\\\/logo\\\/image\\\/\",\"url\":\"https:\\\/\\\/www.oceanografic.org\\\/wp-content\\\/uploads\\\/2024\\\/10\\\/Logo-OCE.png\",\"contentUrl\":\"https:\\\/\\\/www.oceanografic.org\\\/wp-content\\\/uploads\\\/2024\\\/10\\\/Logo-OCE.png\",\"width\":3543,\"height\":1286,\"caption\":\"Oceanogr\u00e0fic de Val\u00e8ncia\"},\"image\":{\"@id\":\"https:\\\/\\\/www.oceanografic.org\\\/fr\\\/#\\\/schema\\\/logo\\\/image\\\/\"},\"sameAs\":[\"https:\\\/\\\/www.facebook.com\\\/oceanograficvl\",\"https:\\\/\\\/x.com\\\/Oceanografic_vl\"]}]}<\/script>\n<!-- \/ Yoast SEO plugin. -->","yoast_head_json":{"title":"Entradas, Precios y Horarios | Oceanogr\u00e0fic Val\u00e8ncia","description":"Entradas del Oceanogr\u00e0fic, precios y todos los horarios. Puedes comprar tus entradas online, sin colas ni esperas, o directamente en taquilla.","robots":{"index":"index","follow":"follow","max-snippet":"max-snippet:-1","max-image-preview":"max-image-preview:large","max-video-preview":"max-video-preview:-1"},"canonical":"https:\/\/www.oceanografic.org\/fr\/planifica-tu-visita-al-oceanografic-de-valencia\/tarifas-y-horarios\/","og_locale":"fr_FR","og_type":"article","og_title":"Entradas, Precios y Horarios | Oceanogr\u00e0fic Val\u00e8ncia","og_description":"Entradas del Oceanogr\u00e0fic, precios y todos los horarios. Puedes comprar tus entradas online, sin colas ni esperas, o directamente en taquilla.","og_url":"https:\/\/www.oceanografic.org\/fr\/planifica-tu-visita-al-oceanografic-de-valencia\/tarifas-y-horarios\/","og_site_name":"Oceanogr\u00e0fic de Val\u00e8ncia","article_publisher":"https:\/\/www.facebook.com\/oceanograficvl","article_modified_time":"2026-02-24T14:44:30+00:00","og_image":[{"width":2560,"height":1707,"url":"https:\/\/www.oceanografic.org\/wp-content\/uploads\/2018\/06\/lago-vivo-scaled.jpg","type":"image\/jpeg"}],"twitter_card":"summary_large_image","twitter_site":"@Oceanografic_vl","twitter_misc":{"Dur\u00e9e de lecture estim\u00e9e":"1 minute"},"schema":{"@context":"https:\/\/schema.org","@graph":[{"@type":"WebPage","@id":"https:\/\/www.oceanografic.org\/fr\/planifica-tu-visita-al-oceanografic-de-valencia\/tarifas-y-horarios\/","url":"https:\/\/www.oceanografic.org\/fr\/planifica-tu-visita-al-oceanografic-de-valencia\/tarifas-y-horarios\/","name":"Entradas, Precios y Horarios | Oceanogr\u00e0fic Val\u00e8ncia","isPartOf":{"@id":"https:\/\/www.oceanografic.org\/fr\/#website"},"primaryImageOfPage":{"@id":"https:\/\/www.oceanografic.org\/fr\/planifica-tu-visita-al-oceanografic-de-valencia\/tarifas-y-horarios\/#primaryimage"},"image":{"@id":"https:\/\/www.oceanografic.org\/fr\/planifica-tu-visita-al-oceanografic-de-valencia\/tarifas-y-horarios\/#primaryimage"},"thumbnailUrl":"https:\/\/www.oceanografic.org\/wp-content\/uploads\/2018\/06\/lago-vivo-scaled.jpg","datePublished":"2022-05-24T14:22:59+00:00","dateModified":"2026-02-24T14:44:30+00:00","description":"Entradas del Oceanogr\u00e0fic, precios y todos los horarios. Puedes comprar tus entradas online, sin colas ni esperas, o directamente en taquilla.","breadcrumb":{"@id":"https:\/\/www.oceanografic.org\/fr\/planifica-tu-visita-al-oceanografic-de-valencia\/tarifas-y-horarios\/#breadcrumb"},"inLanguage":"fr-FR","potentialAction":[{"@type":"ReadAction","target":["https:\/\/www.oceanografic.org\/fr\/planifica-tu-visita-al-oceanografic-de-valencia\/tarifas-y-horarios\/"]}]},{"@type":"ImageObject","inLanguage":"fr-FR","@id":"https:\/\/www.oceanografic.org\/fr\/planifica-tu-visita-al-oceanografic-de-valencia\/tarifas-y-horarios\/#primaryimage","url":"https:\/\/www.oceanografic.org\/wp-content\/uploads\/2018\/06\/lago-vivo-scaled.jpg","contentUrl":"https:\/\/www.oceanografic.org\/wp-content\/uploads\/2018\/06\/lago-vivo-scaled.jpg","width":2560,"height":1707},{"@type":"BreadcrumbList","@id":"https:\/\/www.oceanografic.org\/fr\/planifica-tu-visita-al-oceanografic-de-valencia\/tarifas-y-horarios\/#breadcrumb","itemListElement":[{"@type":"ListItem","position":1,"name":"Portada","item":"https:\/\/www.oceanografic.org\/fr\/"},{"@type":"ListItem","position":2,"name":"Planifiez votre visite \u00e0 l\u2019Oceanogr\u00e0fic de Val\u00e8ncia","item":"https:\/\/www.oceanografic.org\/fr\/planifica-tu-visita-al-oceanografic-de-valencia\/"},{"@type":"ListItem","position":3,"name":"Tarifs et horaires"}]},{"@type":"WebSite","@id":"https:\/\/www.oceanografic.org\/fr\/#website","url":"https:\/\/www.oceanografic.org\/fr\/","name":"Oceanogr\u00e0fic de Val\u00e8ncia","description":"","publisher":{"@id":"https:\/\/www.oceanografic.org\/fr\/#organization"},"potentialAction":[{"@type":"SearchAction","target":{"@type":"EntryPoint","urlTemplate":"https:\/\/www.oceanografic.org\/fr\/?s={search_term_string}"},"query-input":{"@type":"PropertyValueSpecification","valueRequired":true,"valueName":"search_term_string"}}],"inLanguage":"fr-FR"},{"@type":"Organization","@id":"https:\/\/www.oceanografic.org\/fr\/#organization","name":"Oceanogr\u00e0fic de Val\u00e8ncia","url":"https:\/\/www.oceanografic.org\/fr\/","logo":{"@type":"ImageObject","inLanguage":"fr-FR","@id":"https:\/\/www.oceanografic.org\/fr\/#\/schema\/logo\/image\/","url":"https:\/\/www.oceanografic.org\/wp-content\/uploads\/2024\/10\/Logo-OCE.png","contentUrl":"https:\/\/www.oceanografic.org\/wp-content\/uploads\/2024\/10\/Logo-OCE.png","width":3543,"height":1286,"caption":"Oceanogr\u00e0fic de Val\u00e8ncia"},"image":{"@id":"https:\/\/www.oceanografic.org\/fr\/#\/schema\/logo\/image\/"},"sameAs":["https:\/\/www.facebook.com\/oceanograficvl","https:\/\/x.com\/Oceanografic_vl"]}]}},"_links":{"self":[{"href":"https:\/\/www.oceanografic.org\/fr\/wp-json\/wp\/v2\/pages\/36750","targetHints":{"allow":["GET"]}}],"collection":[{"href":"https:\/\/www.oceanografic.org\/fr\/wp-json\/wp\/v2\/pages"}],"about":[{"href":"https:\/\/www.oceanografic.org\/fr\/wp-json\/wp\/v2\/types\/page"}],"author":[{"embeddable":true,"href":"https:\/\/www.oceanografic.org\/fr\/wp-json\/wp\/v2\/users\/2"}],"replies":[{"embeddable":true,"href":"https:\/\/www.oceanografic.org\/fr\/wp-json\/wp\/v2\/comments?post=36750"}],"version-history":[{"count":4,"href":"https:\/\/www.oceanografic.org\/fr\/wp-json\/wp\/v2\/pages\/36750\/revisions"}],"predecessor-version":[{"id":62777,"href":"https:\/\/www.oceanografic.org\/fr\/wp-json\/wp\/v2\/pages\/36750\/revisions\/62777"}],"up":[{"embeddable":true,"href":"https:\/\/www.oceanografic.org\/fr\/wp-json\/wp\/v2\/pages\/60901"}],"wp:featuredmedia":[{"embeddable":true,"href":"https:\/\/www.oceanografic.org\/fr\/wp-json\/wp\/v2\/media\/60095"}],"wp:attachment":[{"href":"https:\/\/www.oceanografic.org\/fr\/wp-json\/wp\/v2\/media?parent=36750"}],"curies":[{"name":"wp","href":"https:\/\/api.w.org\/{rel}","templated":true}]}}