{"id":110145,"date":"2018-06-15T11:16:45","date_gmt":"2018-06-15T11:16:45","guid":{"rendered":"https:\/\/www.oceanografic.org\/politique-des-conditions-de-vente-en-ligne\/"},"modified":"2018-06-15T11:16:45","modified_gmt":"2018-06-15T11:16:45","slug":"politique-des-conditions-de-vente-en-ligne","status":"publish","type":"page","link":"https:\/\/www.oceanografic.org\/fr\/politique-des-conditions-de-vente-en-ligne\/","title":{"rendered":"Politique des conditions de vente en ligne"},"content":{"rendered":"<h4>CONDITIONS D&rsquo;UTILISATION ACHAT DE BILLETS EN LIGNE<\/h4>\n<h5>IDENTIFICATION<\/h5>\n<p>AVANQUA OCEANOGR\u00c0FIC, S.L. est le nom commercial figurant sur le site Web indiqu\u00e9 ci-dessus et faisant l&rsquo;objet de la pr\u00e9sente mention l\u00e9gale. AVANQUA OCEANOGR\u00c0FIC, S.L., en tant que prestataire de services de la soci\u00e9t\u00e9 de l&rsquo;information, est r\u00e9gie par les dispositions de la loi 34\/2002 du 11 juillet relative aux services de la soci\u00e9t\u00e9 de l&rsquo;information et au commerce \u00e9lectronique.<\/p>\n<p>D\u00e9nomination sociale : AVANQUA OCEANOGR\u00c0FIC, S.L. (ci-apr\u00e8s AVANQUA) est un nom commercial propri\u00e9t\u00e9 d&rsquo;AVANQUA OCEANOGR\u00c0FIC, S.L.<\/p>\n<p>Si\u00e8ge social : Gran V\u00eda Marqu\u00e9s del T\u00faria, 19. 46005 (Valence)<br \/>\nNIF : B-98725252<br \/>\nAdresse e-mail : Info@oceanografic.org<br \/>\nNum\u00e9ro de t\u00e9l\u00e9phone de contact : 960470647 <\/p>\n<p>La soci\u00e9t\u00e9 est enregistr\u00e9e au Registre du commerce de Valence, feuille V-164.783, acte de procuration accord\u00e9 en sa faveur le 28 juillet 2015 devant le notaire de Valence, M. Alejandro Cervera Taulet, n\u00b0 2.903 de son protocole ; entit\u00e9 domicili\u00e9e \u00e0 Valence, Gran V\u00eda Marqu\u00e9s del Turia, 19. 46005 Valence et dot\u00e9e du NIF num\u00e9ro B-98725252, et inscrite au Registre du commerce<\/p>\n<h5>Conditions g\u00e9n\u00e9rales d&rsquo;utilisation et de contractualisation<\/h5>\n<p>Les pr\u00e9sentes Conditions g\u00e9n\u00e9rales d&rsquo;utilisation et de contractualisation (ci-apr\u00e8s, les \u00ab Conditions g\u00e9n\u00e9rales \u00bb) r\u00e9gissent l&rsquo;acc\u00e8s et l&rsquo;utilisation du site Web accessible via le nom de domaine https:\/\/oceanografic.experticket.com\/ et ses sous-domaines (ci-apr\u00e8s, le \u00ab Site Web \u00bb), ainsi que la contractualisation de billets via le Site Web.<\/p>\n<p>Le simple acc\u00e8s au Site Web, \u00e0 l&rsquo;APP conf\u00e8re \u00e0 celui qui l&rsquo;effectue la qualit\u00e9 d&rsquo;utilisateur (ci-apr\u00e8s, l&rsquo;\u00ab Utilisateur \u00bb) et implique l&rsquo;acceptation de tous les termes inclus dans ces Conditions g\u00e9n\u00e9rales. En cas de d\u00e9saccord avec ces Conditions g\u00e9n\u00e9rales, l&rsquo;Utilisateur doit abandonner toute transaction d&rsquo;achat de billets via les Canaux de vente. <\/p>\n<p>Par l&rsquo;acceptation des pr\u00e9sentes Conditions g\u00e9n\u00e9rales, l&rsquo;Utilisateur d\u00e9clare :<\/p>\n<ul>\n<li>Qu&rsquo;il a lu, comprend et accepte ce qui est expos\u00e9 ici.<\/li>\n<li>Que, dans le cas o\u00f9 il s&rsquo;appr\u00eate \u00e0 contracter un produit et\/ou service, il a la capacit\u00e9 suffisante pour ce faire.<\/li>\n<li>Qu&rsquo;il assume toutes les obligations \u00e9tablies ici.<\/li>\n<li>Syst\u00e8me d&rsquo;achat de billets<\/li>\n<\/ul>\n<p>Pour effectuer l&rsquo;achat, l&rsquo;Utilisateur doit cliquer sur l&rsquo;onglet \u00ab achat de billets \u00bb et s\u00e9lectionner la date de la visite dans le calendrier. Il doit ensuite choisir le type de billet et la session de visite dans le cas o\u00f9 des sessions avec horaire sont indiqu\u00e9es ce jour-l\u00e0. Au pied de l&rsquo;achat, si les donn\u00e9es sont correctes, il doit cliquer sur acheter. Enfin, il devra indiquer ses donn\u00e9es personnelles*, en proc\u00e9dant au paiement apr\u00e8s acceptation des Conditions g\u00e9n\u00e9rales d&rsquo;achat.  <\/p>\n<p>\u00c0 la fin de ce processus, vous recevrez un e-mail de confirmation de l&rsquo;achat.<\/p>\n<p>*Les donn\u00e9es de contact sont importantes car en cas de modification ou d&rsquo;annulation de la visite, nous contacterions l&rsquo;utilisateur.<\/p>\n<ul>\n<li>E-mail : Pour vous envoyer les billets.<\/li>\n<li>Pi\u00e8ce d&rsquo;identit\u00e9 : Pour vous identifier de mani\u00e8re univoque en cas d&rsquo;incident.<\/li>\n<li>Carte de cr\u00e9dit : Pour traiter le paiement.<\/li>\n<\/ul>\n<p>Les prix des produits affich\u00e9s sur le site Web incluent la taxe sur la valeur ajout\u00e9e (TVA).<\/p>\n<p>En cas d&rsquo;acquisition d&rsquo;un billet avec un type de r\u00e9duction, vous devrez pr\u00e9senter votre carte justificative \u00e0 l&rsquo;entr\u00e9e de l&rsquo;enceinte. Si vous ne remplissez pas les conditions requises, vous devrez payer la diff\u00e9rence du prix du billet. <\/p>\n<p>L&rsquo;acquisition du billet implique le respect des instructions d&rsquo;utilisation des installations affich\u00e9es \u00e0 l&rsquo;acc\u00e8s aux enceintes et sur www.oceanografic.org.<\/p>\n<p>Vous devrez conserver le billet pendant toute la visite et le pr\u00e9senter \u00e0 notre personnel lorsque celui-ci le demandera. L&rsquo;entreprise se r\u00e9serve le droit d&rsquo;admission et de modifier la programmation. <\/p>\n<p>Le billet combin\u00e9 pour 2 ou 3 enceintes est valable pour 2 ou 3 jours cons\u00e9cutifs sans possibilit\u00e9 de r\u00e9p\u00e9ter la visite du m\u00eame \u00e9l\u00e9ment, selon les enceintes acquises.<\/p>\n<h5>Mode de paiement<\/h5>\n<p>AVANQUA OCEANOGR\u00c0FIC, S.L. autorise comme unique moyen de paiement le r\u00e8glement des achats effectu\u00e9s par carte de cr\u00e9dit ou de d\u00e9bit (Visa, Mastercard, Visa Electron et\/ou cartes analogues). La carte avec laquelle le paiement est effectu\u00e9 devra avoir pour entit\u00e9 financi\u00e8re \u00e9mettrice une banque ou une caisse d&rsquo;\u00e9pargne. <\/p>\n<p>AVANQUA OCEANOGR\u00c0FIC, S.L. confirme votre commande au moment o\u00f9 vous effectuez le paiement. Toutes les solutions de paiement sont s\u00e9curis\u00e9es et garanties par les entit\u00e9s bancaires et financi\u00e8res. N\u00e9anmoins, l&rsquo;Utilisateur\/Client devra notifier tout d\u00e9bit indu ou frauduleux sur la carte utilis\u00e9e pour les achats, par e-mail \u00e0 info@oceanografic.org, dans les plus brefs d\u00e9lais afin qu&rsquo;AVANQUA OCEANOGR\u00c0FIC, S.L. puisse effectuer les d\u00e9marches appropri\u00e9es.  <\/p>\n<h5>Droit de r\u00e9tractation<\/h5>\n<p>AVANQUA OCEANOGR\u00c0FIC, S.L. vous informe qu&rsquo;une fois les billets acquis, aucun remboursement ni annulation n&rsquo;est accept\u00e9.<\/p>\n<p>L&rsquo;utilisateur doit s&rsquo;assurer de mani\u00e8re certaine avant de traiter l&rsquo;achat de l&rsquo;exactitude et de l&rsquo;ad\u00e9quation des donn\u00e9es saisies. Ne pas pouvoir assister \u00e0 la visite ou commettre une erreur lors de l&rsquo;acquisition du billet ne sont pas des motifs permettant le remboursement. <\/p>\n<p>Nonobstant ce qui pr\u00e9c\u00e8de, lorsqu&rsquo;un montant d&rsquo;un achat aurait \u00e9t\u00e9 d\u00e9bit\u00e9 frauduleusement ou ind\u00fbment, en utilisant le num\u00e9ro de carte de paiement, le titulaire de celle-ci pourra demander l&rsquo;annulation du d\u00e9bit \u00e0 AVANQUA OCEANOGR\u00c0FIC, S.L., \u00e0 condition de prouver le d\u00e9p\u00f4t pr\u00e9alable d&rsquo;une plainte pour ces faits.<\/p>\n<p>Le remboursement dudit montant sera effectu\u00e9 sur r\u00e9clamation \u00e9crite, \u00e0 laquelle devront \u00eatre joints les documents (plainte) attestant de la perte ou du vol de la carte avec laquelle le paiement a \u00e9t\u00e9 effectu\u00e9.<\/p>\n<h4>Traitement des donn\u00e9es \u00e0 caract\u00e8re personnel<\/h4>\n<p>Conform\u00e9ment \u00e0 la r\u00e9glementation en vigueur en mati\u00e8re de protection des donn\u00e9es, ainsi qu&rsquo;en mati\u00e8re de services de la soci\u00e9t\u00e9 de l&rsquo;information et de commerce \u00e9lectronique, l&rsquo;utilisateur accepte que les donn\u00e9es personnelles fournies au moment de son inscription, ou toute autre donn\u00e9e communiqu\u00e9e \u00e0 Avanqua Oceanogr\u00e0fic SL pour son acc\u00e8s \u00e0 certains services du site Web, soient incorpor\u00e9es dans des fichiers dont cette entreprise est titulaire, dans le but de faciliter la prestation des services demand\u00e9s, de r\u00e9aliser des \u00e9tudes statistiques des utilisateurs inscrits \u00e0 Avanqua Oceanogr\u00e0fic SL permettant de concevoir des am\u00e9liorations dans les services fournis et pour la gestion de t\u00e2ches administratives de base.<\/p>\n<p>De m\u00eame, l&rsquo;utilisateur donne son consentement pour qu&rsquo;Avanqua Oceanogr\u00e0fic SL c\u00e8de ses donn\u00e9es au groupe d&rsquo;entreprises collaboratrices d&rsquo;Avanqua Oceanogr\u00e0fic SL, dans le seul but de r\u00e9aliser et d&rsquo;am\u00e9liorer la prestation des services convenus, en respectant, en tout \u00e9tat de cause, la l\u00e9gislation espagnole sur la protection des donn\u00e9es \u00e0 caract\u00e8re personnel.<\/p>\n<p>Avanqua Oceanogr\u00e0fic SL s&rsquo;engage \u00e0 respecter son obligation de secret des donn\u00e9es \u00e0 caract\u00e8re personnel et son devoir de les traiter de mani\u00e8re confidentielle, et adopte, \u00e0 ces fins, les mesures techniques, organisationnelles et de s\u00e9curit\u00e9 n\u00e9cessaires pour \u00e9viter leur alt\u00e9ration, perte, traitement ou acc\u00e8s non autoris\u00e9, conform\u00e9ment aux dispositions de la r\u00e9glementation en vigueur.<\/p>\n<p>L&rsquo;utilisateur r\u00e9pondra, en tout \u00e9tat de cause, de la v\u00e9racit\u00e9 des donn\u00e9es fournies, Avanqua Oceanogr\u00e0fic SL se r\u00e9servant le droit d&rsquo;exclure des services enregistr\u00e9s tout utilisateur ayant fourni de fausses donn\u00e9es, sans pr\u00e9judice des autres actions qui proc\u00e8dent en Droit.<\/p>\n<p>Tout utilisateur enregistr\u00e9 peut \u00e0 tout moment exercer le droit d&rsquo;acc\u00e9der, de rectifier et, le cas \u00e9ch\u00e9ant, de supprimer ses donn\u00e9es \u00e0 caract\u00e8re personnel fournies, sur demande \u00e9crite par e-mail adress\u00e9e \u00e0 Avanqua Oceanogr\u00e0fic SL \u00e0 l&rsquo;adresse protecciondatos@oceanografic.org ou en utilisant le formulaire de contact.<\/p>\n<h5>Plaintes, r\u00e9clamations et demandes d&rsquo;information<\/h5>\n<p>L&rsquo;Utilisateur peut adresser ses plaintes, r\u00e9clamations ou demandes d&rsquo;information au Service client\u00e8le d&rsquo;Avanqua-Oceanogr\u00e0fic S.L., en envoyant un e-mail \u00e0 l&rsquo;adresse info@oceanografic.org<\/p>\n<p>AVANQUA OCEANOGR\u00c0FIC, S.L. r\u00e9pondra aux r\u00e9clamations re\u00e7ues dans les plus brefs d\u00e9lais et en tout \u00e9tat de cause dans un d\u00e9lai maximum de dix jours ouvrables \u00e0 compter de la pr\u00e9sentation de la r\u00e9clamation.<\/p>\n<p>AVANQUA OCEANOGR\u00c0FIC, S.L. dispose de feuilles de r\u00e9clamation officielles, que l&rsquo;Utilisateur peut demander au Service client\u00e8le du centre de visite.<\/p>\n","protected":false},"excerpt":{"rendered":"<p>CONDITIONS D&rsquo;UTILISATION ACHAT DE BILLETS EN LIGNE IDENTIFICATION AVANQUA OCEANOGR\u00c0FIC, S.L. est le nom commercial figurant sur le site Web indiqu\u00e9 ci-dessus et faisant l&rsquo;objet de la pr\u00e9sente mention l\u00e9gale. AVANQUA OCEANOGR\u00c0FIC, S.L., en tant que prestataire de services de la soci\u00e9t\u00e9 de l&rsquo;information, est r\u00e9gie par les dispositions de la loi 34\/2002 du 11&hellip; <a class=\"arrow\" href=\"https:\/\/www.oceanografic.org\/fr\/politique-des-conditions-de-vente-en-ligne\/\">Continued<\/a><\/p>\n","protected":false},"author":2,"featured_media":0,"parent":0,"menu_order":0,"comment_status":"closed","ping_status":"closed","template":"template-legal.php","meta":{"_acf_changed":false,"footnotes":""},"class_list":["post-110145","page","type-page","status-publish","hentry"],"acf":[],"yoast_head":"<!-- This site is optimized with the Yoast SEO plugin v27.4 - https:\/\/yoast.com\/product\/yoast-seo-wordpress\/ -->\n<title>Politique des conditions de vente en ligne - Oceanogr\u00e0fic de Val\u00e8ncia<\/title>\n<meta name=\"robots\" content=\"index, follow, max-snippet:-1, max-image-preview:large, max-video-preview:-1\" \/>\n<link rel=\"canonical\" href=\"https:\/\/www.oceanografic.org\/fr\/politique-des-conditions-de-vente-en-ligne\/\" \/>\n<meta property=\"og:locale\" content=\"fr_FR\" \/>\n<meta property=\"og:type\" content=\"article\" \/>\n<meta property=\"og:title\" content=\"Politique des conditions de vente en ligne - Oceanogr\u00e0fic de Val\u00e8ncia\" \/>\n<meta property=\"og:description\" content=\"CONDITIONS D&rsquo;UTILISATION ACHAT DE BILLETS EN LIGNE IDENTIFICATION AVANQUA OCEANOGR\u00c0FIC, S.L. est le nom commercial figurant sur le site Web indiqu\u00e9 ci-dessus et faisant l&rsquo;objet de la pr\u00e9sente mention l\u00e9gale. AVANQUA OCEANOGR\u00c0FIC, S.L., en tant que prestataire de services de la soci\u00e9t\u00e9 de l&rsquo;information, est r\u00e9gie par les dispositions de la loi 34\/2002 du 11&hellip; Continued\" \/>\n<meta property=\"og:url\" content=\"https:\/\/www.oceanografic.org\/fr\/politique-des-conditions-de-vente-en-ligne\/\" \/>\n<meta property=\"og:site_name\" content=\"Oceanogr\u00e0fic de Val\u00e8ncia\" \/>\n<meta property=\"article:publisher\" content=\"https:\/\/www.facebook.com\/oceanograficvl\" \/>\n<meta name=\"twitter:card\" content=\"summary_large_image\" \/>\n<meta name=\"twitter:site\" content=\"@Oceanografic_vl\" \/>\n<meta name=\"twitter:label1\" content=\"Dur\u00e9e de lecture estim\u00e9e\" \/>\n\t<meta name=\"twitter:data1\" content=\"7 minutes\" \/>\n<script type=\"application\/ld+json\" class=\"yoast-schema-graph\">{\"@context\":\"https:\\\/\\\/schema.org\",\"@graph\":[{\"@type\":\"WebPage\",\"@id\":\"https:\\\/\\\/www.oceanografic.org\\\/fr\\\/politique-des-conditions-de-vente-en-ligne\\\/\",\"url\":\"https:\\\/\\\/www.oceanografic.org\\\/fr\\\/politique-des-conditions-de-vente-en-ligne\\\/\",\"name\":\"Politique des conditions de vente en ligne - Oceanogr\u00e0fic de Val\u00e8ncia\",\"isPartOf\":{\"@id\":\"https:\\\/\\\/www.oceanografic.org\\\/fr\\\/#website\"},\"datePublished\":\"2018-06-15T11:16:45+00:00\",\"breadcrumb\":{\"@id\":\"https:\\\/\\\/www.oceanografic.org\\\/fr\\\/politique-des-conditions-de-vente-en-ligne\\\/#breadcrumb\"},\"inLanguage\":\"fr-FR\",\"potentialAction\":[{\"@type\":\"ReadAction\",\"target\":[\"https:\\\/\\\/www.oceanografic.org\\\/fr\\\/politique-des-conditions-de-vente-en-ligne\\\/\"]}]},{\"@type\":\"BreadcrumbList\",\"@id\":\"https:\\\/\\\/www.oceanografic.org\\\/fr\\\/politique-des-conditions-de-vente-en-ligne\\\/#breadcrumb\",\"itemListElement\":[{\"@type\":\"ListItem\",\"position\":1,\"name\":\"Portada\",\"item\":\"https:\\\/\\\/www.oceanografic.org\\\/fr\\\/\"},{\"@type\":\"ListItem\",\"position\":2,\"name\":\"Politique des conditions de vente en ligne\"}]},{\"@type\":\"WebSite\",\"@id\":\"https:\\\/\\\/www.oceanografic.org\\\/fr\\\/#website\",\"url\":\"https:\\\/\\\/www.oceanografic.org\\\/fr\\\/\",\"name\":\"Oceanogr\u00e0fic de Val\u00e8ncia\",\"description\":\"\",\"publisher\":{\"@id\":\"https:\\\/\\\/www.oceanografic.org\\\/fr\\\/#organization\"},\"potentialAction\":[{\"@type\":\"SearchAction\",\"target\":{\"@type\":\"EntryPoint\",\"urlTemplate\":\"https:\\\/\\\/www.oceanografic.org\\\/fr\\\/?s={search_term_string}\"},\"query-input\":{\"@type\":\"PropertyValueSpecification\",\"valueRequired\":true,\"valueName\":\"search_term_string\"}}],\"inLanguage\":\"fr-FR\"},{\"@type\":\"Organization\",\"@id\":\"https:\\\/\\\/www.oceanografic.org\\\/fr\\\/#organization\",\"name\":\"Oceanogr\u00e0fic de Val\u00e8ncia\",\"url\":\"https:\\\/\\\/www.oceanografic.org\\\/fr\\\/\",\"logo\":{\"@type\":\"ImageObject\",\"inLanguage\":\"fr-FR\",\"@id\":\"https:\\\/\\\/www.oceanografic.org\\\/fr\\\/#\\\/schema\\\/logo\\\/image\\\/\",\"url\":\"https:\\\/\\\/www.oceanografic.org\\\/wp-content\\\/uploads\\\/2024\\\/10\\\/Logo-OCE.png\",\"contentUrl\":\"https:\\\/\\\/www.oceanografic.org\\\/wp-content\\\/uploads\\\/2024\\\/10\\\/Logo-OCE.png\",\"width\":3543,\"height\":1286,\"caption\":\"Oceanogr\u00e0fic de Val\u00e8ncia\"},\"image\":{\"@id\":\"https:\\\/\\\/www.oceanografic.org\\\/fr\\\/#\\\/schema\\\/logo\\\/image\\\/\"},\"sameAs\":[\"https:\\\/\\\/www.facebook.com\\\/oceanograficvl\",\"https:\\\/\\\/x.com\\\/Oceanografic_vl\"]}]}<\/script>\n<!-- \/ Yoast SEO plugin. -->","yoast_head_json":{"title":"Politique des conditions de vente en ligne - Oceanogr\u00e0fic de Val\u00e8ncia","robots":{"index":"index","follow":"follow","max-snippet":"max-snippet:-1","max-image-preview":"max-image-preview:large","max-video-preview":"max-video-preview:-1"},"canonical":"https:\/\/www.oceanografic.org\/fr\/politique-des-conditions-de-vente-en-ligne\/","og_locale":"fr_FR","og_type":"article","og_title":"Politique des conditions de vente en ligne - Oceanogr\u00e0fic de Val\u00e8ncia","og_description":"CONDITIONS D&rsquo;UTILISATION ACHAT DE BILLETS EN LIGNE IDENTIFICATION AVANQUA OCEANOGR\u00c0FIC, S.L. est le nom commercial figurant sur le site Web indiqu\u00e9 ci-dessus et faisant l&rsquo;objet de la pr\u00e9sente mention l\u00e9gale. AVANQUA OCEANOGR\u00c0FIC, S.L., en tant que prestataire de services de la soci\u00e9t\u00e9 de l&rsquo;information, est r\u00e9gie par les dispositions de la loi 34\/2002 du 11&hellip; Continued","og_url":"https:\/\/www.oceanografic.org\/fr\/politique-des-conditions-de-vente-en-ligne\/","og_site_name":"Oceanogr\u00e0fic de Val\u00e8ncia","article_publisher":"https:\/\/www.facebook.com\/oceanograficvl","twitter_card":"summary_large_image","twitter_site":"@Oceanografic_vl","twitter_misc":{"Dur\u00e9e de lecture estim\u00e9e":"7 minutes"},"schema":{"@context":"https:\/\/schema.org","@graph":[{"@type":"WebPage","@id":"https:\/\/www.oceanografic.org\/fr\/politique-des-conditions-de-vente-en-ligne\/","url":"https:\/\/www.oceanografic.org\/fr\/politique-des-conditions-de-vente-en-ligne\/","name":"Politique des conditions de vente en ligne - Oceanogr\u00e0fic de Val\u00e8ncia","isPartOf":{"@id":"https:\/\/www.oceanografic.org\/fr\/#website"},"datePublished":"2018-06-15T11:16:45+00:00","breadcrumb":{"@id":"https:\/\/www.oceanografic.org\/fr\/politique-des-conditions-de-vente-en-ligne\/#breadcrumb"},"inLanguage":"fr-FR","potentialAction":[{"@type":"ReadAction","target":["https:\/\/www.oceanografic.org\/fr\/politique-des-conditions-de-vente-en-ligne\/"]}]},{"@type":"BreadcrumbList","@id":"https:\/\/www.oceanografic.org\/fr\/politique-des-conditions-de-vente-en-ligne\/#breadcrumb","itemListElement":[{"@type":"ListItem","position":1,"name":"Portada","item":"https:\/\/www.oceanografic.org\/fr\/"},{"@type":"ListItem","position":2,"name":"Politique des conditions de vente en ligne"}]},{"@type":"WebSite","@id":"https:\/\/www.oceanografic.org\/fr\/#website","url":"https:\/\/www.oceanografic.org\/fr\/","name":"Oceanogr\u00e0fic de Val\u00e8ncia","description":"","publisher":{"@id":"https:\/\/www.oceanografic.org\/fr\/#organization"},"potentialAction":[{"@type":"SearchAction","target":{"@type":"EntryPoint","urlTemplate":"https:\/\/www.oceanografic.org\/fr\/?s={search_term_string}"},"query-input":{"@type":"PropertyValueSpecification","valueRequired":true,"valueName":"search_term_string"}}],"inLanguage":"fr-FR"},{"@type":"Organization","@id":"https:\/\/www.oceanografic.org\/fr\/#organization","name":"Oceanogr\u00e0fic de Val\u00e8ncia","url":"https:\/\/www.oceanografic.org\/fr\/","logo":{"@type":"ImageObject","inLanguage":"fr-FR","@id":"https:\/\/www.oceanografic.org\/fr\/#\/schema\/logo\/image\/","url":"https:\/\/www.oceanografic.org\/wp-content\/uploads\/2024\/10\/Logo-OCE.png","contentUrl":"https:\/\/www.oceanografic.org\/wp-content\/uploads\/2024\/10\/Logo-OCE.png","width":3543,"height":1286,"caption":"Oceanogr\u00e0fic de Val\u00e8ncia"},"image":{"@id":"https:\/\/www.oceanografic.org\/fr\/#\/schema\/logo\/image\/"},"sameAs":["https:\/\/www.facebook.com\/oceanograficvl","https:\/\/x.com\/Oceanografic_vl"]}]}},"_links":{"self":[{"href":"https:\/\/www.oceanografic.org\/fr\/wp-json\/wp\/v2\/pages\/110145","targetHints":{"allow":["GET"]}}],"collection":[{"href":"https:\/\/www.oceanografic.org\/fr\/wp-json\/wp\/v2\/pages"}],"about":[{"href":"https:\/\/www.oceanografic.org\/fr\/wp-json\/wp\/v2\/types\/page"}],"author":[{"embeddable":true,"href":"https:\/\/www.oceanografic.org\/fr\/wp-json\/wp\/v2\/users\/2"}],"replies":[{"embeddable":true,"href":"https:\/\/www.oceanografic.org\/fr\/wp-json\/wp\/v2\/comments?post=110145"}],"version-history":[{"count":0,"href":"https:\/\/www.oceanografic.org\/fr\/wp-json\/wp\/v2\/pages\/110145\/revisions"}],"wp:attachment":[{"href":"https:\/\/www.oceanografic.org\/fr\/wp-json\/wp\/v2\/media?parent=110145"}],"curies":[{"name":"wp","href":"https:\/\/api.w.org\/{rel}","templated":true}]}}