{"id":109572,"date":"2023-02-01T16:05:04","date_gmt":"2023-02-01T16:05:04","guid":{"rendered":"https:\/\/www.oceanografic.org\/installation-mediterranee\/"},"modified":"2023-02-01T16:05:04","modified_gmt":"2023-02-01T16:05:04","slug":"installation-mediterranee","status":"publish","type":"page","link":"https:\/\/www.oceanografic.org\/fr\/installation-mediterranee\/","title":{"rendered":"Installation M\u00e9diterran\u00e9e"},"content":{"rendered":"<h2>D\u00e9couvrez-en plus sur les aquariums qui composent la M\u00e9diterran\u00e9e<\/h2>\n<p>&nbsp;<\/p>\n<p>La M\u00e9diterran\u00e9e se situe dans la zone des mers temp\u00e9r\u00e9es. Elle est situ\u00e9e entre les continents et ses seules connexions avec d&rsquo;autres masses d&rsquo;eau sont le canal de Suez et le d\u00e9troit de Gibraltar. <\/p>\n<p>Peu profonde, relativement petite et pratiquement ferm\u00e9e entre les continents qui l&rsquo;entourent, la M\u00e9diterran\u00e9e pr\u00e9sente une circulation d&rsquo;eau particuli\u00e8re, ce qui a g\u00e9n\u00e9r\u00e9 des \u00e9cosyst\u00e8mes uniques et une biodiversit\u00e9 tr\u00e8s vari\u00e9e. En entrant dans l&rsquo;installation M\u00e9diterran\u00e9e de l&rsquo;Oceanogr\u00e0fic, les diff\u00e9rents environnements marins repr\u00e9sent\u00e9s ici suivront le cours de votre immersion et, \u00e0 mesure que votre profondeur augmentera, vous verrez devant vous un \u00e9chantillon d&rsquo;un \u00e9cosyst\u00e8me diff\u00e9rent.  <\/p>\n","protected":false},"excerpt":{"rendered":"<p>D\u00e9couvrez-en plus sur les aquariums qui composent la M\u00e9diterran\u00e9e &nbsp; La M\u00e9diterran\u00e9e se situe dans la zone des mers temp\u00e9r\u00e9es. Elle est situ\u00e9e entre les continents et ses seules connexions avec d&rsquo;autres masses d&rsquo;eau sont le canal de Suez et le d\u00e9troit de Gibraltar. Peu profonde, relativement petite et pratiquement ferm\u00e9e entre les continents qui&hellip; <a class=\"arrow\" href=\"https:\/\/www.oceanografic.org\/fr\/installation-mediterranee\/\">Continued<\/a><\/p>\n","protected":false},"author":15,"featured_media":0,"parent":0,"menu_order":0,"comment_status":"closed","ping_status":"closed","template":"template-blocks-collapsable.php","meta":{"_acf_changed":false,"footnotes":""},"class_list":["post-109572","page","type-page","status-publish","hentry"],"acf":[],"yoast_head":"<!-- This site is optimized with the Yoast SEO plugin v27.5 - https:\/\/yoast.com\/product\/yoast-seo-wordpress\/ -->\n<title>Installation M\u00e9diterran\u00e9e - Oceanogr\u00e0fic de Val\u00e8ncia<\/title>\n<meta name=\"robots\" content=\"index, follow, max-snippet:-1, max-image-preview:large, max-video-preview:-1\" \/>\n<link rel=\"canonical\" href=\"https:\/\/www.oceanografic.org\/fr\/installation-mediterranee\/\" \/>\n<meta property=\"og:locale\" content=\"fr_FR\" \/>\n<meta property=\"og:type\" content=\"article\" \/>\n<meta property=\"og:title\" content=\"Installation M\u00e9diterran\u00e9e - Oceanogr\u00e0fic de Val\u00e8ncia\" \/>\n<meta property=\"og:description\" content=\"D\u00e9couvrez-en plus sur les aquariums qui composent la M\u00e9diterran\u00e9e &nbsp; La M\u00e9diterran\u00e9e se situe dans la zone des mers temp\u00e9r\u00e9es. Elle est situ\u00e9e entre les continents et ses seules connexions avec d&rsquo;autres masses d&rsquo;eau sont le canal de Suez et le d\u00e9troit de Gibraltar. Peu profonde, relativement petite et pratiquement ferm\u00e9e entre les continents qui&hellip; Continued\" \/>\n<meta property=\"og:url\" content=\"https:\/\/www.oceanografic.org\/fr\/installation-mediterranee\/\" \/>\n<meta property=\"og:site_name\" content=\"Oceanogr\u00e0fic de Val\u00e8ncia\" \/>\n<meta property=\"article:publisher\" content=\"https:\/\/www.facebook.com\/oceanograficvl\" \/>\n<meta name=\"twitter:card\" content=\"summary_large_image\" \/>\n<meta name=\"twitter:site\" content=\"@Oceanografic_vl\" \/>\n<meta name=\"twitter:label1\" content=\"Dur\u00e9e de lecture estim\u00e9e\" \/>\n\t<meta name=\"twitter:data1\" content=\"1 minute\" \/>\n<script type=\"application\/ld+json\" class=\"yoast-schema-graph\">{\"@context\":\"https:\\\/\\\/schema.org\",\"@graph\":[{\"@type\":\"WebPage\",\"@id\":\"https:\\\/\\\/www.oceanografic.org\\\/fr\\\/installation-mediterranee\\\/\",\"url\":\"https:\\\/\\\/www.oceanografic.org\\\/fr\\\/installation-mediterranee\\\/\",\"name\":\"Installation M\u00e9diterran\u00e9e - Oceanogr\u00e0fic de Val\u00e8ncia\",\"isPartOf\":{\"@id\":\"https:\\\/\\\/www.oceanografic.org\\\/fr\\\/#website\"},\"datePublished\":\"2023-02-01T16:05:04+00:00\",\"breadcrumb\":{\"@id\":\"https:\\\/\\\/www.oceanografic.org\\\/fr\\\/installation-mediterranee\\\/#breadcrumb\"},\"inLanguage\":\"fr-FR\",\"potentialAction\":[{\"@type\":\"ReadAction\",\"target\":[\"https:\\\/\\\/www.oceanografic.org\\\/fr\\\/installation-mediterranee\\\/\"]}]},{\"@type\":\"BreadcrumbList\",\"@id\":\"https:\\\/\\\/www.oceanografic.org\\\/fr\\\/installation-mediterranee\\\/#breadcrumb\",\"itemListElement\":[{\"@type\":\"ListItem\",\"position\":1,\"name\":\"Portada\",\"item\":\"https:\\\/\\\/www.oceanografic.org\\\/fr\\\/\"},{\"@type\":\"ListItem\",\"position\":2,\"name\":\"Installation M\u00e9diterran\u00e9e\"}]},{\"@type\":\"WebSite\",\"@id\":\"https:\\\/\\\/www.oceanografic.org\\\/fr\\\/#website\",\"url\":\"https:\\\/\\\/www.oceanografic.org\\\/fr\\\/\",\"name\":\"Oceanogr\u00e0fic de Val\u00e8ncia\",\"description\":\"\",\"publisher\":{\"@id\":\"https:\\\/\\\/www.oceanografic.org\\\/fr\\\/#organization\"},\"potentialAction\":[{\"@type\":\"SearchAction\",\"target\":{\"@type\":\"EntryPoint\",\"urlTemplate\":\"https:\\\/\\\/www.oceanografic.org\\\/fr\\\/?s={search_term_string}\"},\"query-input\":{\"@type\":\"PropertyValueSpecification\",\"valueRequired\":true,\"valueName\":\"search_term_string\"}}],\"inLanguage\":\"fr-FR\"},{\"@type\":\"Organization\",\"@id\":\"https:\\\/\\\/www.oceanografic.org\\\/fr\\\/#organization\",\"name\":\"Oceanogr\u00e0fic de Val\u00e8ncia\",\"url\":\"https:\\\/\\\/www.oceanografic.org\\\/fr\\\/\",\"logo\":{\"@type\":\"ImageObject\",\"inLanguage\":\"fr-FR\",\"@id\":\"https:\\\/\\\/www.oceanografic.org\\\/fr\\\/#\\\/schema\\\/logo\\\/image\\\/\",\"url\":\"https:\\\/\\\/www.oceanografic.org\\\/wp-content\\\/uploads\\\/2024\\\/10\\\/Logo-OCE.png\",\"contentUrl\":\"https:\\\/\\\/www.oceanografic.org\\\/wp-content\\\/uploads\\\/2024\\\/10\\\/Logo-OCE.png\",\"width\":3543,\"height\":1286,\"caption\":\"Oceanogr\u00e0fic de Val\u00e8ncia\"},\"image\":{\"@id\":\"https:\\\/\\\/www.oceanografic.org\\\/fr\\\/#\\\/schema\\\/logo\\\/image\\\/\"},\"sameAs\":[\"https:\\\/\\\/www.facebook.com\\\/oceanograficvl\",\"https:\\\/\\\/x.com\\\/Oceanografic_vl\"]}]}<\/script>\n<!-- \/ Yoast SEO plugin. -->","yoast_head_json":{"title":"Installation M\u00e9diterran\u00e9e - Oceanogr\u00e0fic de Val\u00e8ncia","robots":{"index":"index","follow":"follow","max-snippet":"max-snippet:-1","max-image-preview":"max-image-preview:large","max-video-preview":"max-video-preview:-1"},"canonical":"https:\/\/www.oceanografic.org\/fr\/installation-mediterranee\/","og_locale":"fr_FR","og_type":"article","og_title":"Installation M\u00e9diterran\u00e9e - Oceanogr\u00e0fic de Val\u00e8ncia","og_description":"D\u00e9couvrez-en plus sur les aquariums qui composent la M\u00e9diterran\u00e9e &nbsp; La M\u00e9diterran\u00e9e se situe dans la zone des mers temp\u00e9r\u00e9es. Elle est situ\u00e9e entre les continents et ses seules connexions avec d&rsquo;autres masses d&rsquo;eau sont le canal de Suez et le d\u00e9troit de Gibraltar. Peu profonde, relativement petite et pratiquement ferm\u00e9e entre les continents qui&hellip; Continued","og_url":"https:\/\/www.oceanografic.org\/fr\/installation-mediterranee\/","og_site_name":"Oceanogr\u00e0fic de Val\u00e8ncia","article_publisher":"https:\/\/www.facebook.com\/oceanograficvl","twitter_card":"summary_large_image","twitter_site":"@Oceanografic_vl","twitter_misc":{"Dur\u00e9e de lecture estim\u00e9e":"1 minute"},"schema":{"@context":"https:\/\/schema.org","@graph":[{"@type":"WebPage","@id":"https:\/\/www.oceanografic.org\/fr\/installation-mediterranee\/","url":"https:\/\/www.oceanografic.org\/fr\/installation-mediterranee\/","name":"Installation M\u00e9diterran\u00e9e - Oceanogr\u00e0fic de Val\u00e8ncia","isPartOf":{"@id":"https:\/\/www.oceanografic.org\/fr\/#website"},"datePublished":"2023-02-01T16:05:04+00:00","breadcrumb":{"@id":"https:\/\/www.oceanografic.org\/fr\/installation-mediterranee\/#breadcrumb"},"inLanguage":"fr-FR","potentialAction":[{"@type":"ReadAction","target":["https:\/\/www.oceanografic.org\/fr\/installation-mediterranee\/"]}]},{"@type":"BreadcrumbList","@id":"https:\/\/www.oceanografic.org\/fr\/installation-mediterranee\/#breadcrumb","itemListElement":[{"@type":"ListItem","position":1,"name":"Portada","item":"https:\/\/www.oceanografic.org\/fr\/"},{"@type":"ListItem","position":2,"name":"Installation M\u00e9diterran\u00e9e"}]},{"@type":"WebSite","@id":"https:\/\/www.oceanografic.org\/fr\/#website","url":"https:\/\/www.oceanografic.org\/fr\/","name":"Oceanogr\u00e0fic de Val\u00e8ncia","description":"","publisher":{"@id":"https:\/\/www.oceanografic.org\/fr\/#organization"},"potentialAction":[{"@type":"SearchAction","target":{"@type":"EntryPoint","urlTemplate":"https:\/\/www.oceanografic.org\/fr\/?s={search_term_string}"},"query-input":{"@type":"PropertyValueSpecification","valueRequired":true,"valueName":"search_term_string"}}],"inLanguage":"fr-FR"},{"@type":"Organization","@id":"https:\/\/www.oceanografic.org\/fr\/#organization","name":"Oceanogr\u00e0fic de Val\u00e8ncia","url":"https:\/\/www.oceanografic.org\/fr\/","logo":{"@type":"ImageObject","inLanguage":"fr-FR","@id":"https:\/\/www.oceanografic.org\/fr\/#\/schema\/logo\/image\/","url":"https:\/\/www.oceanografic.org\/wp-content\/uploads\/2024\/10\/Logo-OCE.png","contentUrl":"https:\/\/www.oceanografic.org\/wp-content\/uploads\/2024\/10\/Logo-OCE.png","width":3543,"height":1286,"caption":"Oceanogr\u00e0fic de Val\u00e8ncia"},"image":{"@id":"https:\/\/www.oceanografic.org\/fr\/#\/schema\/logo\/image\/"},"sameAs":["https:\/\/www.facebook.com\/oceanograficvl","https:\/\/x.com\/Oceanografic_vl"]}]}},"_links":{"self":[{"href":"https:\/\/www.oceanografic.org\/fr\/wp-json\/wp\/v2\/pages\/109572","targetHints":{"allow":["GET"]}}],"collection":[{"href":"https:\/\/www.oceanografic.org\/fr\/wp-json\/wp\/v2\/pages"}],"about":[{"href":"https:\/\/www.oceanografic.org\/fr\/wp-json\/wp\/v2\/types\/page"}],"author":[{"embeddable":true,"href":"https:\/\/www.oceanografic.org\/fr\/wp-json\/wp\/v2\/users\/15"}],"replies":[{"embeddable":true,"href":"https:\/\/www.oceanografic.org\/fr\/wp-json\/wp\/v2\/comments?post=109572"}],"version-history":[{"count":0,"href":"https:\/\/www.oceanografic.org\/fr\/wp-json\/wp\/v2\/pages\/109572\/revisions"}],"wp:attachment":[{"href":"https:\/\/www.oceanografic.org\/fr\/wp-json\/wp\/v2\/media?parent=109572"}],"curies":[{"name":"wp","href":"https:\/\/api.w.org\/{rel}","templated":true}]}}