{"id":109494,"date":"2018-10-15T07:30:33","date_gmt":"2018-10-15T07:30:33","guid":{"rendered":"https:\/\/www.oceanografic.org\/conditions-des-communications-commerciales\/"},"modified":"2018-10-15T07:30:33","modified_gmt":"2018-10-15T07:30:33","slug":"conditions-des-communications-commerciales","status":"publish","type":"page","link":"https:\/\/www.oceanografic.org\/fr\/conditions-des-communications-commerciales\/","title":{"rendered":"Conditions des communications commerciales"},"content":{"rendered":"<h4>CONDITIONS DES COMMUNICATIONS COMMERCIALES<\/h4>\n<p>Conform\u00e9ment \u00e0 la r\u00e9glementation en vigueur en mati\u00e8re de protection des donn\u00e9es, ainsi qu&rsquo;en mati\u00e8re de services de la soci\u00e9t\u00e9 de l&rsquo;information et de commerce \u00e9lectronique, l&rsquo;utilisateur accepte que les donn\u00e9es personnelles fournies au moment de son inscription, ou toute autre donn\u00e9e communiqu\u00e9e \u00e0 Oceanogr\u00e0fic Valencia pour acc\u00e9der \u00e0 certains services du site web, soient int\u00e9gr\u00e9es aux fichiers dont cette entreprise est propri\u00e9taire, dans le but de le tenir inform\u00e9, soit par courrier \u00e9lectronique soit par tout autre moyen, des nouveaut\u00e9s, produits et services li\u00e9s \u00e0 Avanqua Oceanogr\u00e0fic SL. Dans le cas de communications commerciales par courrier \u00e9lectronique ou moyen \u00e9quivalent, l&rsquo;utilisateur donne son consentement expr\u00e8s pour l&rsquo;envoi de publicit\u00e9 par ce moyen. <\/p>\n","protected":false},"excerpt":{"rendered":"<p>CONDITIONS DES COMMUNICATIONS COMMERCIALES Conform\u00e9ment \u00e0 la r\u00e9glementation en vigueur en mati\u00e8re de protection des donn\u00e9es, ainsi qu&rsquo;en mati\u00e8re de services de la soci\u00e9t\u00e9 de l&rsquo;information et de commerce \u00e9lectronique, l&rsquo;utilisateur accepte que les donn\u00e9es personnelles fournies au moment de son inscription, ou toute autre donn\u00e9e communiqu\u00e9e \u00e0 Oceanogr\u00e0fic Valencia pour acc\u00e9der \u00e0 certains services&hellip; <a class=\"arrow\" href=\"https:\/\/www.oceanografic.org\/fr\/conditions-des-communications-commerciales\/\">Continued<\/a><\/p>\n","protected":false},"author":6,"featured_media":0,"parent":0,"menu_order":0,"comment_status":"closed","ping_status":"closed","template":"","meta":{"_acf_changed":false,"footnotes":""},"class_list":["post-109494","page","type-page","status-publish","hentry"],"acf":[],"yoast_head":"<!-- This site is optimized with the Yoast SEO plugin v27.5 - https:\/\/yoast.com\/product\/yoast-seo-wordpress\/ -->\n<title>Conditions des communications commerciales - Oceanogr\u00e0fic de Val\u00e8ncia<\/title>\n<meta name=\"robots\" content=\"index, follow, max-snippet:-1, max-image-preview:large, max-video-preview:-1\" \/>\n<link rel=\"canonical\" href=\"https:\/\/www.oceanografic.org\/fr\/conditions-des-communications-commerciales\/\" \/>\n<meta property=\"og:locale\" content=\"fr_FR\" \/>\n<meta property=\"og:type\" content=\"article\" \/>\n<meta property=\"og:title\" content=\"Conditions des communications commerciales - Oceanogr\u00e0fic de Val\u00e8ncia\" \/>\n<meta property=\"og:description\" content=\"CONDITIONS DES COMMUNICATIONS COMMERCIALES Conform\u00e9ment \u00e0 la r\u00e9glementation en vigueur en mati\u00e8re de protection des donn\u00e9es, ainsi qu&rsquo;en mati\u00e8re de services de la soci\u00e9t\u00e9 de l&rsquo;information et de commerce \u00e9lectronique, l&rsquo;utilisateur accepte que les donn\u00e9es personnelles fournies au moment de son inscription, ou toute autre donn\u00e9e communiqu\u00e9e \u00e0 Oceanogr\u00e0fic Valencia pour acc\u00e9der \u00e0 certains services&hellip; Continued\" \/>\n<meta property=\"og:url\" content=\"https:\/\/www.oceanografic.org\/fr\/conditions-des-communications-commerciales\/\" \/>\n<meta property=\"og:site_name\" content=\"Oceanogr\u00e0fic de Val\u00e8ncia\" \/>\n<meta property=\"article:publisher\" content=\"https:\/\/www.facebook.com\/oceanograficvl\" \/>\n<meta name=\"twitter:card\" content=\"summary_large_image\" \/>\n<meta name=\"twitter:site\" content=\"@Oceanografic_vl\" \/>\n<meta name=\"twitter:label1\" content=\"Dur\u00e9e de lecture estim\u00e9e\" \/>\n\t<meta name=\"twitter:data1\" content=\"1 minute\" \/>\n<script type=\"application\/ld+json\" class=\"yoast-schema-graph\">{\"@context\":\"https:\\\/\\\/schema.org\",\"@graph\":[{\"@type\":\"WebPage\",\"@id\":\"https:\\\/\\\/www.oceanografic.org\\\/fr\\\/conditions-des-communications-commerciales\\\/\",\"url\":\"https:\\\/\\\/www.oceanografic.org\\\/fr\\\/conditions-des-communications-commerciales\\\/\",\"name\":\"Conditions des communications commerciales - Oceanogr\u00e0fic de Val\u00e8ncia\",\"isPartOf\":{\"@id\":\"https:\\\/\\\/www.oceanografic.org\\\/fr\\\/#website\"},\"datePublished\":\"2018-10-15T07:30:33+00:00\",\"breadcrumb\":{\"@id\":\"https:\\\/\\\/www.oceanografic.org\\\/fr\\\/conditions-des-communications-commerciales\\\/#breadcrumb\"},\"inLanguage\":\"fr-FR\",\"potentialAction\":[{\"@type\":\"ReadAction\",\"target\":[\"https:\\\/\\\/www.oceanografic.org\\\/fr\\\/conditions-des-communications-commerciales\\\/\"]}]},{\"@type\":\"BreadcrumbList\",\"@id\":\"https:\\\/\\\/www.oceanografic.org\\\/fr\\\/conditions-des-communications-commerciales\\\/#breadcrumb\",\"itemListElement\":[{\"@type\":\"ListItem\",\"position\":1,\"name\":\"Portada\",\"item\":\"https:\\\/\\\/www.oceanografic.org\\\/fr\\\/\"},{\"@type\":\"ListItem\",\"position\":2,\"name\":\"Conditions des communications commerciales\"}]},{\"@type\":\"WebSite\",\"@id\":\"https:\\\/\\\/www.oceanografic.org\\\/fr\\\/#website\",\"url\":\"https:\\\/\\\/www.oceanografic.org\\\/fr\\\/\",\"name\":\"Oceanogr\u00e0fic de Val\u00e8ncia\",\"description\":\"\",\"publisher\":{\"@id\":\"https:\\\/\\\/www.oceanografic.org\\\/fr\\\/#organization\"},\"potentialAction\":[{\"@type\":\"SearchAction\",\"target\":{\"@type\":\"EntryPoint\",\"urlTemplate\":\"https:\\\/\\\/www.oceanografic.org\\\/fr\\\/?s={search_term_string}\"},\"query-input\":{\"@type\":\"PropertyValueSpecification\",\"valueRequired\":true,\"valueName\":\"search_term_string\"}}],\"inLanguage\":\"fr-FR\"},{\"@type\":\"Organization\",\"@id\":\"https:\\\/\\\/www.oceanografic.org\\\/fr\\\/#organization\",\"name\":\"Oceanogr\u00e0fic de Val\u00e8ncia\",\"url\":\"https:\\\/\\\/www.oceanografic.org\\\/fr\\\/\",\"logo\":{\"@type\":\"ImageObject\",\"inLanguage\":\"fr-FR\",\"@id\":\"https:\\\/\\\/www.oceanografic.org\\\/fr\\\/#\\\/schema\\\/logo\\\/image\\\/\",\"url\":\"https:\\\/\\\/www.oceanografic.org\\\/wp-content\\\/uploads\\\/2024\\\/10\\\/Logo-OCE.png\",\"contentUrl\":\"https:\\\/\\\/www.oceanografic.org\\\/wp-content\\\/uploads\\\/2024\\\/10\\\/Logo-OCE.png\",\"width\":3543,\"height\":1286,\"caption\":\"Oceanogr\u00e0fic de Val\u00e8ncia\"},\"image\":{\"@id\":\"https:\\\/\\\/www.oceanografic.org\\\/fr\\\/#\\\/schema\\\/logo\\\/image\\\/\"},\"sameAs\":[\"https:\\\/\\\/www.facebook.com\\\/oceanograficvl\",\"https:\\\/\\\/x.com\\\/Oceanografic_vl\"]}]}<\/script>\n<!-- \/ Yoast SEO plugin. -->","yoast_head_json":{"title":"Conditions des communications commerciales - Oceanogr\u00e0fic de Val\u00e8ncia","robots":{"index":"index","follow":"follow","max-snippet":"max-snippet:-1","max-image-preview":"max-image-preview:large","max-video-preview":"max-video-preview:-1"},"canonical":"https:\/\/www.oceanografic.org\/fr\/conditions-des-communications-commerciales\/","og_locale":"fr_FR","og_type":"article","og_title":"Conditions des communications commerciales - Oceanogr\u00e0fic de Val\u00e8ncia","og_description":"CONDITIONS DES COMMUNICATIONS COMMERCIALES Conform\u00e9ment \u00e0 la r\u00e9glementation en vigueur en mati\u00e8re de protection des donn\u00e9es, ainsi qu&rsquo;en mati\u00e8re de services de la soci\u00e9t\u00e9 de l&rsquo;information et de commerce \u00e9lectronique, l&rsquo;utilisateur accepte que les donn\u00e9es personnelles fournies au moment de son inscription, ou toute autre donn\u00e9e communiqu\u00e9e \u00e0 Oceanogr\u00e0fic Valencia pour acc\u00e9der \u00e0 certains services&hellip; Continued","og_url":"https:\/\/www.oceanografic.org\/fr\/conditions-des-communications-commerciales\/","og_site_name":"Oceanogr\u00e0fic de Val\u00e8ncia","article_publisher":"https:\/\/www.facebook.com\/oceanograficvl","twitter_card":"summary_large_image","twitter_site":"@Oceanografic_vl","twitter_misc":{"Dur\u00e9e de lecture estim\u00e9e":"1 minute"},"schema":{"@context":"https:\/\/schema.org","@graph":[{"@type":"WebPage","@id":"https:\/\/www.oceanografic.org\/fr\/conditions-des-communications-commerciales\/","url":"https:\/\/www.oceanografic.org\/fr\/conditions-des-communications-commerciales\/","name":"Conditions des communications commerciales - Oceanogr\u00e0fic de Val\u00e8ncia","isPartOf":{"@id":"https:\/\/www.oceanografic.org\/fr\/#website"},"datePublished":"2018-10-15T07:30:33+00:00","breadcrumb":{"@id":"https:\/\/www.oceanografic.org\/fr\/conditions-des-communications-commerciales\/#breadcrumb"},"inLanguage":"fr-FR","potentialAction":[{"@type":"ReadAction","target":["https:\/\/www.oceanografic.org\/fr\/conditions-des-communications-commerciales\/"]}]},{"@type":"BreadcrumbList","@id":"https:\/\/www.oceanografic.org\/fr\/conditions-des-communications-commerciales\/#breadcrumb","itemListElement":[{"@type":"ListItem","position":1,"name":"Portada","item":"https:\/\/www.oceanografic.org\/fr\/"},{"@type":"ListItem","position":2,"name":"Conditions des communications commerciales"}]},{"@type":"WebSite","@id":"https:\/\/www.oceanografic.org\/fr\/#website","url":"https:\/\/www.oceanografic.org\/fr\/","name":"Oceanogr\u00e0fic de Val\u00e8ncia","description":"","publisher":{"@id":"https:\/\/www.oceanografic.org\/fr\/#organization"},"potentialAction":[{"@type":"SearchAction","target":{"@type":"EntryPoint","urlTemplate":"https:\/\/www.oceanografic.org\/fr\/?s={search_term_string}"},"query-input":{"@type":"PropertyValueSpecification","valueRequired":true,"valueName":"search_term_string"}}],"inLanguage":"fr-FR"},{"@type":"Organization","@id":"https:\/\/www.oceanografic.org\/fr\/#organization","name":"Oceanogr\u00e0fic de Val\u00e8ncia","url":"https:\/\/www.oceanografic.org\/fr\/","logo":{"@type":"ImageObject","inLanguage":"fr-FR","@id":"https:\/\/www.oceanografic.org\/fr\/#\/schema\/logo\/image\/","url":"https:\/\/www.oceanografic.org\/wp-content\/uploads\/2024\/10\/Logo-OCE.png","contentUrl":"https:\/\/www.oceanografic.org\/wp-content\/uploads\/2024\/10\/Logo-OCE.png","width":3543,"height":1286,"caption":"Oceanogr\u00e0fic de Val\u00e8ncia"},"image":{"@id":"https:\/\/www.oceanografic.org\/fr\/#\/schema\/logo\/image\/"},"sameAs":["https:\/\/www.facebook.com\/oceanograficvl","https:\/\/x.com\/Oceanografic_vl"]}]}},"_links":{"self":[{"href":"https:\/\/www.oceanografic.org\/fr\/wp-json\/wp\/v2\/pages\/109494","targetHints":{"allow":["GET"]}}],"collection":[{"href":"https:\/\/www.oceanografic.org\/fr\/wp-json\/wp\/v2\/pages"}],"about":[{"href":"https:\/\/www.oceanografic.org\/fr\/wp-json\/wp\/v2\/types\/page"}],"author":[{"embeddable":true,"href":"https:\/\/www.oceanografic.org\/fr\/wp-json\/wp\/v2\/users\/6"}],"replies":[{"embeddable":true,"href":"https:\/\/www.oceanografic.org\/fr\/wp-json\/wp\/v2\/comments?post=109494"}],"version-history":[{"count":0,"href":"https:\/\/www.oceanografic.org\/fr\/wp-json\/wp\/v2\/pages\/109494\/revisions"}],"wp:attachment":[{"href":"https:\/\/www.oceanografic.org\/fr\/wp-json\/wp\/v2\/media?parent=109494"}],"curies":[{"name":"wp","href":"https:\/\/api.w.org\/{rel}","templated":true}]}}