{"id":109339,"date":"2024-07-02T06:38:36","date_gmt":"2024-07-02T06:38:36","guid":{"rendered":"https:\/\/www.oceanografic.org\/mentions-legales\/"},"modified":"2024-07-02T06:38:36","modified_gmt":"2024-07-02T06:38:36","slug":"mentions-legales","status":"publish","type":"page","link":"https:\/\/www.oceanografic.org\/fr\/mentions-legales\/","title":{"rendered":"Mentions l\u00e9gales"},"content":{"rendered":"<h5><strong>D\u00e9nomination sociale<\/strong><\/h5>\n<p>Avanqua Oceanogr\u00e0fic S.L<\/p>\n<h5><strong>NIF<\/strong><\/h5>\n<p>B-98725252<\/p>\n<h5><strong>Si\u00e8ge social<\/strong><\/h5>\n<p>Gran V\u00eda Marqu\u00e9s del T\u00faria, 19. 46005 (Valence) <\/p>\n<h5><strong>E-mail :<\/strong><\/h5>\n<p><a href=\"mailto:info@oceanografic.org\">info@oceanografic.org<\/a><\/p>\n<h5><strong>Donn\u00e9es d\u2019inscription au registre du commerce :  <\/strong><\/h5>\n<p class=\"x_MsoNormal\">N\u00b0 511089.<\/p>\n<p class=\"x_MsoNormal\">Tome : T 9959,<\/p>\n<p class=\"x_MsoNormal\">Livre : L 7241,<\/p>\n<p class=\"x_MsoNormal\">Folio : F 114,<\/p>\n<p class=\"x_MsoNormal\">Section : S 8,<\/p>\n<p class=\"x_MsoNormal\">Feuille : H V 164783, I\/A 15<\/p>\n<p>&nbsp;<\/p>\n<ol>\n<li><strong>INTRODUCTION<\/strong><\/li>\n<\/ol>\n<p>Les pr\u00e9sentes CONDITIONS G\u00c9N\u00c9RALES D\u2019UTILISATION DU SITE WEB r\u00e9gissent les conditions d\u2019acc\u00e8s et d\u2019utilisation de <a href=\"https:\/\/www.oceanografic.org\/fr\/\">https:\/\/www.oceanografic.org\/<\/a>, ci-apr\u00e8s le \u00ab <strong>Site Web<\/strong> \u00bb, propri\u00e9t\u00e9 d\u2019Avanqua Oceanogr\u00e0fic S.L, dont le si\u00e8ge social est situ\u00e9 Gran V\u00eda Marqu\u00e9s del T\u00faria, 19. 46005 (Valence) et titulaire du NIF B-98725252, que l\u2019utilisateur du Site Web devra lire et accepter pour utiliser tous les services et informations fournis par le Site Web.<\/p>\n<p>L\u2019utilisateur, ainsi qu\u2019Avanqua Oceanogr\u00e0fic S.L, propri\u00e9taire du Site Web, pourront \u00eatre d\u00e9sign\u00e9s conjointement comme les parties.<\/p>\n<p>Le simple acc\u00e8s ou l\u2019utilisation du Site Web, de tout ou partie de ses contenus et services, implique l\u2019acceptation pleine et enti\u00e8re des pr\u00e9sentes conditions d\u2019utilisation. La mise \u00e0 disposition et l\u2019utilisation du Site Web sont soumises au strict respect des termes \u00e9nonc\u00e9s dans les pr\u00e9sentes conditions d\u2019utilisation du Site Web. <\/p>\n<ol start=\"2\">\n<li><strong>CONDITIONS G\u00c9N\u00c9RALES D\u2019UTILISATION  <\/strong><\/li>\n<\/ol>\n<p>Les pr\u00e9sentes conditions d\u2019utilisation du Site Web, ci-apr\u00e8s \u00ab <strong>CONDITIONS G\u00c9N\u00c9RALES D\u2019UTILISATION DU SITE WEB<\/strong> \u00bb, r\u00e9gissent l\u2019acc\u00e8s et l\u2019utilisation du Site Web, y compris les contenus et les services mis \u00e0 la disposition des utilisateurs sur et\/ou via le Site Web, soit par Avanqua Oceanogr\u00e0fic S.L, soit par ses utilisateurs ou par tout tiers. N\u00e9anmoins, l\u2019acc\u00e8s et l\u2019utilisation de certains contenus et\/ou services peuvent \u00eatre soumis \u00e0 certaines conditions sp\u00e9cifiques. <\/p>\n<ol start=\"3\">\n<li><strong>MODIFICATIONS<\/strong><\/li>\n<\/ol>\n<p>Avanqua Oceanogr\u00e0fic S.L se r\u00e9serve la facult\u00e9 de modifier \u00e0 tout moment les pr\u00e9sentes Conditions G\u00e9n\u00e9rales d\u2019Utilisation. En tout \u00e9tat de cause, il est recommand\u00e9 de les consulter p\u00e9riodiquement, car elles sont susceptibles d\u2019\u00eatre modifi\u00e9es. <\/p>\n<ol start=\"4\">\n<li><strong>INFORMATIONS ET SERVICES :<\/strong><\/li>\n<\/ol>\n<p>Les utilisateurs peuvent acc\u00e9der via le Site Web \u00e0 diff\u00e9rents types d\u2019informations et de services. Avanqua Oceanogr\u00e0fic S.L se r\u00e9serve la facult\u00e9 de modifier, \u00e0 tout moment et sans pr\u00e9avis, la pr\u00e9sentation et la configuration des informations et services propos\u00e9s sur le Site Web. L\u2019utilisateur reconna\u00eet et accepte express\u00e9ment qu\u2019\u00e0 tout moment Avanqua Oceanogr\u00e0fic S.L puisse interrompre, d\u00e9sactiver et\/ou annuler toute information ou service. Avanqua Oceanogr\u00e0fic S.L fera ses meilleurs efforts pour tenter de garantir la disponibilit\u00e9 et l\u2019accessibilit\u00e9 au site. Toutefois, l\u2019acc\u00e8s au Site Web pourra occasionnellement \u00eatre interrompu pour des raisons de maintenance, de mise \u00e0 jour, de changement d\u2019emplacement, etc.    <\/p>\n<ol start=\"5\">\n<li><strong>DISPONIBILIT\u00c9 DES INFORMATIONS ET SERVICES DU SITE WEB :<\/strong><\/li>\n<\/ol>\n<p>Avanqua Oceanogr\u00e0fic S.L ne garantit pas la disponibilit\u00e9 continue et permanente des services, et se trouve ainsi exon\u00e9r\u00e9e de toute responsabilit\u00e9 pour d\u2019\u00e9ventuels dommages et int\u00e9r\u00eats caus\u00e9s par le manque de disponibilit\u00e9 du service pour des raisons de force majeure ou des erreurs dans les r\u00e9seaux t\u00e9l\u00e9matiques de transfert de donn\u00e9es, ind\u00e9pendants de sa volont\u00e9, ou par des d\u00e9connexions effectu\u00e9es pour des travaux d\u2019am\u00e9lioration ou de maintenance des \u00e9quipements et syst\u00e8mes informatiques.<\/p>\n<p>Dans ces cas, Avanqua Oceanogr\u00e0fic S.L fera ses meilleurs efforts pour r\u00e9tablir la pleine disponibilit\u00e9 des services, ainsi que pour notifier l\u2019\u00e9ventuel manque de disponibilit\u00e9 de ceux-ci. Avanqua Oceanogr\u00e0fic S.L ne sera pas responsable de l\u2019interruption, de la suspension ou de la fin des informations ou des services. De m\u00eame, elle ne saurait \u00eatre tenue responsable des \u00e9ventuelles omissions, pertes d\u2019informations, de donn\u00e9es, de configurations, d\u2019acc\u00e8s indus ou de violation de la confidentialit\u00e9 ayant pour origine des probl\u00e8mes techniques, de communication ou des omissions humaines, caus\u00e9s par des tiers ou non imputables \u00e0 Avanqua Oceanogr\u00e0fic S.L. Elle ne r\u00e9pondra pas non plus des dommages produits par des attaques informatiques ou caus\u00e9s par des virus affectant les programmes informatiques, les syst\u00e8mes de communication ou les \u00e9quipements utilis\u00e9s par Avanqua Oceanogr\u00e0fic S.L mais fabriqu\u00e9s ou fournis par un tiers.  <\/p>\n<p>Avanqua Oceanogr\u00e0fic S.L pourra, \u00e0 sa seule discr\u00e9tion, refuser, retirer, suspendre et\/ou bloquer \u00e0 tout moment et sans pr\u00e9avis l\u2019acc\u00e8s aux informations et services aux utilisateurs qui ne respecteraient pas les pr\u00e9sentes r\u00e8gles.<\/p>\n<ol start=\"6\">\n<li><strong>RESPONSABILIT\u00c9 DU SITE WEB :<\/strong><\/li>\n<\/ol>\n<p>\u00c0 l\u2019exception des cas o\u00f9 la loi impose express\u00e9ment le contraire, et exclusivement dans la mesure et l\u2019\u00e9tendue impos\u00e9es par celle-ci, Avanqua Oceanogr\u00e0fic S.L ne garantit ni n\u2019assume aucune responsabilit\u00e9 concernant les \u00e9ventuels dommages et int\u00e9r\u00eats caus\u00e9s par l\u2019usage et l\u2019utilisation des informations, donn\u00e9es et services du Site Web.<\/p>\n<p>En tout \u00e9tat de cause, Avanqua Oceanogr\u00e0fic S.L est exclue de toute responsabilit\u00e9 pour les dommages et int\u00e9r\u00eats pouvant \u00eatre dus aux informations et\/ou services pr\u00eat\u00e9s ou fournis par des tiers autres qu\u2019Avanqua Oceanogr\u00e0fic S.L. Toute responsabilit\u00e9 incombera au tiers, qu\u2019il soit fournisseur ou collaborateur.<\/p>\n<ol start=\"7\">\n<li><strong>OBLIGATIONS DE L\u2019UTILISATEUR<\/strong><\/li>\n<\/ol>\n<p>L\u2019utilisateur devra respecter \u00e0 tout moment les pr\u00e9sentes Conditions G\u00e9n\u00e9rales d\u2019Utilisation. L\u2019utilisateur d\u00e9clare express\u00e9ment qu\u2019il utilisera le Site Web de mani\u00e8re diligente et en assumant toute responsabilit\u00e9 pouvant d\u00e9couler du non-respect des r\u00e8gles. <\/p>\n<p>L\u2019utilisateur s\u2019oblige, dans les cas o\u00f9 des donn\u00e9es ou des informations lui sont demand\u00e9es, \u00e0 ne pas usurper l\u2019identit\u00e9 d\u2019une autre personne. L\u2019utilisateur accepte que l\u2019utilisation du Site Web soit effectu\u00e9e \u00e0 des fins strictement personnelles, priv\u00e9es et particuli\u00e8res. L\u2019utilisateur ne pourra pas utiliser le Site Web pour des activit\u00e9s contraires \u00e0 la loi, \u00e0 la morale et \u00e0 l\u2019ordre public, ni \u00e0 des fins interdites ou qui porteraient atteinte aux droits de tiers.  <\/p>\n<p>De m\u00eame, la diffusion, le stockage et\/ou la gestion de donn\u00e9es ou de contenus enfreignant les droits de tiers ou toute r\u00e9glementation relative aux droits de propri\u00e9t\u00e9 intellectuelle ou industrielle sont interdits.<\/p>\n<p>L\u2019utilisateur ne pourra pas utiliser le Site Web pour transmettre, stocker, divulguer, promouvoir ou distribuer des donn\u00e9es ou des contenus porteurs de virus ou de tout autre code informatique, fichiers ou programmes con\u00e7us pour interrompre, d\u00e9truire ou nuire au fonctionnement de tout programme ou \u00e9quipement informatique ou de t\u00e9l\u00e9communications.<\/p>\n<p>L\u2019utilisateur s\u2019engage \u00e0 indemniser et \u00e0 d\u00e9gager de toute responsabilit\u00e9 Avanqua Oceanogr\u00e0fic S.L pour tout dommage, pr\u00e9judice, sanction, amende ou indemnit\u00e9 auxquels Avanqua Oceanogr\u00e0fic S.L devrait faire face en cons\u00e9quence du non-respect par l\u2019utilisateur des obligations contenues dans le pr\u00e9sent document.<\/p>\n<ol start=\"8\">\n<li><strong>DONN\u00c9ES \u00c0 CARACT\u00c8RE PERSONNEL<\/strong><\/li>\n<\/ol>\n<p>Les informations ou donn\u00e9es personnelles fournies par l\u2019utilisateur seront trait\u00e9es conform\u00e9ment aux dispositions de la Politique de Confidentialit\u00e9 incluse sur ce Site Web.<\/p>\n<ol start=\"9\">\n<li><strong>LIENS VERS D\u2019AUTRES SITES WEB<\/strong><\/li>\n<\/ol>\n<p>Avanqua Oceanogr\u00e0fic S.L ne garantit ni n\u2019assume aucune responsabilit\u00e9 pour les dommages et int\u00e9r\u00eats subis du fait de l\u2019acc\u00e8s \u00e0 des services de tiers via des connexions ou des liens (links) des sites li\u00e9s, ni sur l\u2019exactitude ou la fiabilit\u00e9 de ceux-ci. La fonction des liens qui apparaissent est exclusivement d\u2019informer le Client sur l\u2019existence d\u2019autres sources d\u2019information sur Internet, o\u00f9 il pourra approfondir les services offerts par le Portail. Avanqua Oceanogr\u00e0fic S.L ne sera en aucun cas responsable du r\u00e9sultat obtenu via ces liens ou des cons\u00e9quences d\u00e9coulant de l\u2019acc\u00e8s des Clients \u00e0 ceux-ci. Ces services de tiers sont fournis par ces derniers, par cons\u00e9quent Avanqua Oceanogr\u00e0fic S.L ne peut pas contr\u00f4ler et ne contr\u00f4le pas la lic\u00e9it\u00e9 des services ni leur qualit\u00e9. En cons\u00e9quence, le Client doit faire preuve de la plus grande prudence dans l\u2019\u00e9valuation et l\u2019utilisation des informations et services existants dans les contenus de tiers.    <\/p>\n<ol start=\"10\">\n<li><strong>PROPRI\u00c9T\u00c9 INTELLECTUELLE ET INDUSTRIELLE<\/strong><\/li>\n<\/ol>\n<p>Tous les contenus, marques, logos, dessins, documentation, programmes informatiques ou tout autre \u00e9l\u00e9ment susceptible de protection par la l\u00e9gislation sur la propri\u00e9t\u00e9 intellectuelle ou industrielle, accessibles sur le Site Web, appartiennent exclusivement \u00e0 Avanqua Oceanogr\u00e0fic S.L ou \u00e0 leurs titulaires l\u00e9gitimes, et tous les droits sur ceux-ci sont express\u00e9ment r\u00e9serv\u00e9s. La cr\u00e9ation de liens hypertextes (links) vers tout \u00e9l\u00e9ment int\u00e9grant le Site Web est express\u00e9ment interdite sans l\u2019autorisation d\u2019Avanqua Oceanogr\u00e0fic S.L, \u00e0 moins qu\u2019il ne s\u2019agisse d\u2019une section du Site Web ne n\u00e9cessitant pas d\u2019identification ou d\u2019authentification pour son acc\u00e8s, ou que celui-ci ne soit pas restreint. <\/p>\n<p>En tout \u00e9tat de cause, Avanqua Oceanogr\u00e0fic S.L se r\u00e9serve tous les droits sur les contenus, informations, donn\u00e9es et services qu\u2019elle d\u00e9tient sur ceux-ci. Avanqua Oceanogr\u00e0fic S.L ne conc\u00e8de aucune licence ou autorisation d\u2019utilisation \u00e0 l\u2019utilisateur sur ses contenus, donn\u00e9es ou services, autre que celle express\u00e9ment d\u00e9taill\u00e9e dans les pr\u00e9sentes conditions d\u2019Avanqua Oceanogr\u00e0fic S.L. <\/p>\n<ol start=\"11\">\n<li><strong>L\u00c9GISLATION APPLICABLE, JURIDICTION COMP\u00c9TENTE ET NOTIFICATIONS<\/strong><\/li>\n<\/ol>\n<p>Les pr\u00e9sentes Conditions G\u00e9n\u00e9rales d\u2019Utilisation sont r\u00e9gies et interpr\u00e9t\u00e9es conform\u00e9ment aux lois de l\u2019Espagne. Pour toute r\u00e9clamation, les cours et tribunaux du territoire espagnol seront comp\u00e9tents. Toutes les notifications, mises en demeure, demandes et autres communications que l\u2019Utilisateur souhaite effectuer aupr\u00e8s d\u2019Avanqua Oceanogr\u00e0fic S.L, titulaire du pr\u00e9sent Site Web, devront \u00eatre faites par \u00e9crit et seront consid\u00e9r\u00e9es comme valablement effectu\u00e9es lorsqu\u2019elles auront \u00e9t\u00e9 re\u00e7ues \u00e0 l\u2019adresse suivante : <a href=\"mailto:info@oceanografic.org\">info@oceanografic.org<\/a>.  <\/p>\n<ol start=\"12\">\n<li><strong>CODES DE CONDUITE<\/strong><\/li>\n<\/ol>\n<p>L\u2019Oceanogr\u00e0fic de Val\u00e8ncia est r\u00e9gi par des principes de transparence, de responsabilit\u00e9 et d\u2019engagement envers la durabilit\u00e9, le bien-\u00eatre animal et l\u2019\u00e9ducation environnementale. Afin de garantir le respect des meilleures pratiques, nous adh\u00e9rons \u00e0 divers codes de <span class=\"markqljkw06j3\" data-markjs=\"true\" data-ogac=\"\" data-ogab=\"\" data-ogsc=\"\" data-ogsb=\"\">conduite<\/span>, recommandations de <span class=\"markqljkw06j3\" data-markjs=\"true\" data-ogac=\"\" data-ogab=\"\" data-ogsc=\"\" data-ogsb=\"\">conduite<\/span> et r\u00e9glementations d\u2019entit\u00e9s reconnues au niveau national et international. Vous pouvez trouver toutes les informations <a title=\"https:\/\/www.oceanografic.org\/nuestro-compromiso\/\" href=\"https:\/\/www.oceanografic.org\/fr\/notre-engagement\/\" data-auth=\"NotApplicable\" data-linkindex=\"0\">ici<\/a>. <\/p>\n","protected":false},"excerpt":{"rendered":"<p>D\u00e9nomination sociale Avanqua Oceanogr\u00e0fic S.L NIF B-98725252 Si\u00e8ge social Gran V\u00eda Marqu\u00e9s del T\u00faria, 19. 46005 (Valence) E-mail : info@oceanografic.org Donn\u00e9es d\u2019inscription au registre du commerce : N\u00b0 511089. Tome : T 9959, Livre : L 7241, Folio : F 114, Section : S 8, Feuille : H V 164783, I\/A 15 &nbsp; INTRODUCTION Les&hellip; <a class=\"arrow\" href=\"https:\/\/www.oceanografic.org\/fr\/mentions-legales\/\">Continued<\/a><\/p>\n","protected":false},"author":15,"featured_media":0,"parent":0,"menu_order":0,"comment_status":"closed","ping_status":"closed","template":"template-legal.php","meta":{"_acf_changed":false,"footnotes":""},"class_list":["post-109339","page","type-page","status-publish","hentry"],"acf":[],"yoast_head":"<!-- This site is optimized with the Yoast SEO plugin v27.4 - https:\/\/yoast.com\/product\/yoast-seo-wordpress\/ -->\n<title>Mentions l\u00e9gales - Oceanogr\u00e0fic de Val\u00e8ncia<\/title>\n<meta name=\"robots\" content=\"index, follow, max-snippet:-1, max-image-preview:large, max-video-preview:-1\" \/>\n<link rel=\"canonical\" href=\"https:\/\/www.oceanografic.org\/fr\/mentions-legales\/\" \/>\n<meta property=\"og:locale\" content=\"fr_FR\" \/>\n<meta property=\"og:type\" content=\"article\" \/>\n<meta property=\"og:title\" content=\"Mentions l\u00e9gales - Oceanogr\u00e0fic de Val\u00e8ncia\" \/>\n<meta property=\"og:description\" content=\"D\u00e9nomination sociale Avanqua Oceanogr\u00e0fic S.L NIF B-98725252 Si\u00e8ge social Gran V\u00eda Marqu\u00e9s del T\u00faria, 19. 46005 (Valence) E-mail : info@oceanografic.org Donn\u00e9es d\u2019inscription au registre du commerce : N\u00b0 511089. Tome : T 9959, Livre : L 7241, Folio : F 114, Section : S 8, Feuille : H V 164783, I\/A 15 &nbsp; INTRODUCTION Les&hellip; Continued\" \/>\n<meta property=\"og:url\" content=\"https:\/\/www.oceanografic.org\/fr\/mentions-legales\/\" \/>\n<meta property=\"og:site_name\" content=\"Oceanogr\u00e0fic de Val\u00e8ncia\" \/>\n<meta property=\"article:publisher\" content=\"https:\/\/www.facebook.com\/oceanograficvl\" \/>\n<meta name=\"twitter:card\" content=\"summary_large_image\" \/>\n<meta name=\"twitter:site\" content=\"@Oceanografic_vl\" \/>\n<meta name=\"twitter:label1\" content=\"Dur\u00e9e de lecture estim\u00e9e\" \/>\n\t<meta name=\"twitter:data1\" content=\"9 minutes\" \/>\n<script type=\"application\/ld+json\" class=\"yoast-schema-graph\">{\"@context\":\"https:\\\/\\\/schema.org\",\"@graph\":[{\"@type\":\"WebPage\",\"@id\":\"https:\\\/\\\/www.oceanografic.org\\\/fr\\\/mentions-legales\\\/\",\"url\":\"https:\\\/\\\/www.oceanografic.org\\\/fr\\\/mentions-legales\\\/\",\"name\":\"Mentions l\u00e9gales - Oceanogr\u00e0fic de Val\u00e8ncia\",\"isPartOf\":{\"@id\":\"https:\\\/\\\/www.oceanografic.org\\\/fr\\\/#website\"},\"datePublished\":\"2024-07-02T06:38:36+00:00\",\"breadcrumb\":{\"@id\":\"https:\\\/\\\/www.oceanografic.org\\\/fr\\\/mentions-legales\\\/#breadcrumb\"},\"inLanguage\":\"fr-FR\",\"potentialAction\":[{\"@type\":\"ReadAction\",\"target\":[\"https:\\\/\\\/www.oceanografic.org\\\/fr\\\/mentions-legales\\\/\"]}]},{\"@type\":\"BreadcrumbList\",\"@id\":\"https:\\\/\\\/www.oceanografic.org\\\/fr\\\/mentions-legales\\\/#breadcrumb\",\"itemListElement\":[{\"@type\":\"ListItem\",\"position\":1,\"name\":\"Portada\",\"item\":\"https:\\\/\\\/www.oceanografic.org\\\/fr\\\/\"},{\"@type\":\"ListItem\",\"position\":2,\"name\":\"Mentions l\u00e9gales\"}]},{\"@type\":\"WebSite\",\"@id\":\"https:\\\/\\\/www.oceanografic.org\\\/fr\\\/#website\",\"url\":\"https:\\\/\\\/www.oceanografic.org\\\/fr\\\/\",\"name\":\"Oceanogr\u00e0fic de Val\u00e8ncia\",\"description\":\"\",\"publisher\":{\"@id\":\"https:\\\/\\\/www.oceanografic.org\\\/fr\\\/#organization\"},\"potentialAction\":[{\"@type\":\"SearchAction\",\"target\":{\"@type\":\"EntryPoint\",\"urlTemplate\":\"https:\\\/\\\/www.oceanografic.org\\\/fr\\\/?s={search_term_string}\"},\"query-input\":{\"@type\":\"PropertyValueSpecification\",\"valueRequired\":true,\"valueName\":\"search_term_string\"}}],\"inLanguage\":\"fr-FR\"},{\"@type\":\"Organization\",\"@id\":\"https:\\\/\\\/www.oceanografic.org\\\/fr\\\/#organization\",\"name\":\"Oceanogr\u00e0fic de Val\u00e8ncia\",\"url\":\"https:\\\/\\\/www.oceanografic.org\\\/fr\\\/\",\"logo\":{\"@type\":\"ImageObject\",\"inLanguage\":\"fr-FR\",\"@id\":\"https:\\\/\\\/www.oceanografic.org\\\/fr\\\/#\\\/schema\\\/logo\\\/image\\\/\",\"url\":\"https:\\\/\\\/www.oceanografic.org\\\/wp-content\\\/uploads\\\/2024\\\/10\\\/Logo-OCE.png\",\"contentUrl\":\"https:\\\/\\\/www.oceanografic.org\\\/wp-content\\\/uploads\\\/2024\\\/10\\\/Logo-OCE.png\",\"width\":3543,\"height\":1286,\"caption\":\"Oceanogr\u00e0fic de Val\u00e8ncia\"},\"image\":{\"@id\":\"https:\\\/\\\/www.oceanografic.org\\\/fr\\\/#\\\/schema\\\/logo\\\/image\\\/\"},\"sameAs\":[\"https:\\\/\\\/www.facebook.com\\\/oceanograficvl\",\"https:\\\/\\\/x.com\\\/Oceanografic_vl\"]}]}<\/script>\n<!-- \/ Yoast SEO plugin. -->","yoast_head_json":{"title":"Mentions l\u00e9gales - Oceanogr\u00e0fic de Val\u00e8ncia","robots":{"index":"index","follow":"follow","max-snippet":"max-snippet:-1","max-image-preview":"max-image-preview:large","max-video-preview":"max-video-preview:-1"},"canonical":"https:\/\/www.oceanografic.org\/fr\/mentions-legales\/","og_locale":"fr_FR","og_type":"article","og_title":"Mentions l\u00e9gales - Oceanogr\u00e0fic de Val\u00e8ncia","og_description":"D\u00e9nomination sociale Avanqua Oceanogr\u00e0fic S.L NIF B-98725252 Si\u00e8ge social Gran V\u00eda Marqu\u00e9s del T\u00faria, 19. 46005 (Valence) E-mail : info@oceanografic.org Donn\u00e9es d\u2019inscription au registre du commerce : N\u00b0 511089. Tome : T 9959, Livre : L 7241, Folio : F 114, Section : S 8, Feuille : H V 164783, I\/A 15 &nbsp; INTRODUCTION Les&hellip; Continued","og_url":"https:\/\/www.oceanografic.org\/fr\/mentions-legales\/","og_site_name":"Oceanogr\u00e0fic de Val\u00e8ncia","article_publisher":"https:\/\/www.facebook.com\/oceanograficvl","twitter_card":"summary_large_image","twitter_site":"@Oceanografic_vl","twitter_misc":{"Dur\u00e9e de lecture estim\u00e9e":"9 minutes"},"schema":{"@context":"https:\/\/schema.org","@graph":[{"@type":"WebPage","@id":"https:\/\/www.oceanografic.org\/fr\/mentions-legales\/","url":"https:\/\/www.oceanografic.org\/fr\/mentions-legales\/","name":"Mentions l\u00e9gales - Oceanogr\u00e0fic de Val\u00e8ncia","isPartOf":{"@id":"https:\/\/www.oceanografic.org\/fr\/#website"},"datePublished":"2024-07-02T06:38:36+00:00","breadcrumb":{"@id":"https:\/\/www.oceanografic.org\/fr\/mentions-legales\/#breadcrumb"},"inLanguage":"fr-FR","potentialAction":[{"@type":"ReadAction","target":["https:\/\/www.oceanografic.org\/fr\/mentions-legales\/"]}]},{"@type":"BreadcrumbList","@id":"https:\/\/www.oceanografic.org\/fr\/mentions-legales\/#breadcrumb","itemListElement":[{"@type":"ListItem","position":1,"name":"Portada","item":"https:\/\/www.oceanografic.org\/fr\/"},{"@type":"ListItem","position":2,"name":"Mentions l\u00e9gales"}]},{"@type":"WebSite","@id":"https:\/\/www.oceanografic.org\/fr\/#website","url":"https:\/\/www.oceanografic.org\/fr\/","name":"Oceanogr\u00e0fic de Val\u00e8ncia","description":"","publisher":{"@id":"https:\/\/www.oceanografic.org\/fr\/#organization"},"potentialAction":[{"@type":"SearchAction","target":{"@type":"EntryPoint","urlTemplate":"https:\/\/www.oceanografic.org\/fr\/?s={search_term_string}"},"query-input":{"@type":"PropertyValueSpecification","valueRequired":true,"valueName":"search_term_string"}}],"inLanguage":"fr-FR"},{"@type":"Organization","@id":"https:\/\/www.oceanografic.org\/fr\/#organization","name":"Oceanogr\u00e0fic de Val\u00e8ncia","url":"https:\/\/www.oceanografic.org\/fr\/","logo":{"@type":"ImageObject","inLanguage":"fr-FR","@id":"https:\/\/www.oceanografic.org\/fr\/#\/schema\/logo\/image\/","url":"https:\/\/www.oceanografic.org\/wp-content\/uploads\/2024\/10\/Logo-OCE.png","contentUrl":"https:\/\/www.oceanografic.org\/wp-content\/uploads\/2024\/10\/Logo-OCE.png","width":3543,"height":1286,"caption":"Oceanogr\u00e0fic de Val\u00e8ncia"},"image":{"@id":"https:\/\/www.oceanografic.org\/fr\/#\/schema\/logo\/image\/"},"sameAs":["https:\/\/www.facebook.com\/oceanograficvl","https:\/\/x.com\/Oceanografic_vl"]}]}},"_links":{"self":[{"href":"https:\/\/www.oceanografic.org\/fr\/wp-json\/wp\/v2\/pages\/109339","targetHints":{"allow":["GET"]}}],"collection":[{"href":"https:\/\/www.oceanografic.org\/fr\/wp-json\/wp\/v2\/pages"}],"about":[{"href":"https:\/\/www.oceanografic.org\/fr\/wp-json\/wp\/v2\/types\/page"}],"author":[{"embeddable":true,"href":"https:\/\/www.oceanografic.org\/fr\/wp-json\/wp\/v2\/users\/15"}],"replies":[{"embeddable":true,"href":"https:\/\/www.oceanografic.org\/fr\/wp-json\/wp\/v2\/comments?post=109339"}],"version-history":[{"count":0,"href":"https:\/\/www.oceanografic.org\/fr\/wp-json\/wp\/v2\/pages\/109339\/revisions"}],"wp:attachment":[{"href":"https:\/\/www.oceanografic.org\/fr\/wp-json\/wp\/v2\/media?parent=109339"}],"curies":[{"name":"wp","href":"https:\/\/api.w.org\/{rel}","templated":true}]}}