{"id":109071,"date":"2018-02-22T10:31:27","date_gmt":"2018-02-22T10:31:27","guid":{"rendered":"https:\/\/www.oceanografic.org\/planifica-tu-visita-al-oceanografic-de-valencia\/plan-de-laquarium\/"},"modified":"2018-02-22T10:31:27","modified_gmt":"2018-02-22T10:31:27","slug":"plan-de-laquarium","status":"publish","type":"page","link":"https:\/\/www.oceanografic.org\/fr\/planifica-tu-visita-al-oceanografic-de-valencia\/plan-de-laquarium\/","title":{"rendered":"Plan de l\u2019aquarium"},"content":{"rendered":"","protected":false},"excerpt":{"rendered":"","protected":false},"author":2,"featured_media":0,"parent":60901,"menu_order":0,"comment_status":"closed","ping_status":"closed","template":"template-plano.php","meta":{"_acf_changed":false,"footnotes":""},"class_list":["post-109071","page","type-page","status-publish","hentry"],"acf":[],"yoast_head":"<!-- This site is optimized with the Yoast SEO plugin v27.4 - https:\/\/yoast.com\/product\/yoast-seo-wordpress\/ -->\n<title>Carte et plan de l\u2019aquarium | Oceanogr\u00e0fic Val\u00e8ncia<\/title>\n<meta name=\"description\" content=\"Retrouvez sur la carte les diff\u00e9rentes zones, restaurants, horaires et tarifs de l\u2019Oceanogr\u00e0fic de Val\u00e8ncia. T\u00e9l\u00e9chargez le plan sur votre mobile !\" \/>\n<meta name=\"robots\" content=\"index, follow, max-snippet:-1, max-image-preview:large, max-video-preview:-1\" \/>\n<link rel=\"canonical\" href=\"https:\/\/www.oceanografic.org\/fr\/planifica-tu-visita-al-oceanografic-de-valencia\/plan-de-laquarium\/\" \/>\n<meta property=\"og:locale\" content=\"fr_FR\" \/>\n<meta property=\"og:type\" content=\"article\" \/>\n<meta property=\"og:title\" content=\"Carte et plan de l\u2019aquarium | Oceanogr\u00e0fic Val\u00e8ncia\" \/>\n<meta property=\"og:description\" content=\"Retrouvez sur la carte les diff\u00e9rentes zones, restaurants, horaires et tarifs de l\u2019Oceanogr\u00e0fic de Val\u00e8ncia. T\u00e9l\u00e9chargez le plan sur votre mobile !\" \/>\n<meta property=\"og:url\" content=\"https:\/\/www.oceanografic.org\/fr\/planifica-tu-visita-al-oceanografic-de-valencia\/plan-de-laquarium\/\" \/>\n<meta property=\"og:site_name\" content=\"Oceanogr\u00e0fic de Val\u00e8ncia\" \/>\n<meta property=\"article:publisher\" content=\"https:\/\/www.facebook.com\/oceanograficvl\" \/>\n<meta name=\"twitter:card\" content=\"summary_large_image\" \/>\n<meta name=\"twitter:site\" content=\"@Oceanografic_vl\" \/>\n<script type=\"application\/ld+json\" class=\"yoast-schema-graph\">{\"@context\":\"https:\\\/\\\/schema.org\",\"@graph\":[{\"@type\":\"WebPage\",\"@id\":\"https:\\\/\\\/www.oceanografic.org\\\/fr\\\/planifica-tu-visita-al-oceanografic-de-valencia\\\/plan-de-laquarium\\\/\",\"url\":\"https:\\\/\\\/www.oceanografic.org\\\/fr\\\/planifica-tu-visita-al-oceanografic-de-valencia\\\/plan-de-laquarium\\\/\",\"name\":\"Carte et plan de l\u2019aquarium | Oceanogr\u00e0fic Val\u00e8ncia\",\"isPartOf\":{\"@id\":\"https:\\\/\\\/www.oceanografic.org\\\/fr\\\/#website\"},\"datePublished\":\"2018-02-22T10:31:27+00:00\",\"description\":\"Retrouvez sur la carte les diff\u00e9rentes zones, restaurants, horaires et tarifs de l\u2019Oceanogr\u00e0fic de Val\u00e8ncia. T\u00e9l\u00e9chargez le plan sur votre mobile !\",\"breadcrumb\":{\"@id\":\"https:\\\/\\\/www.oceanografic.org\\\/fr\\\/planifica-tu-visita-al-oceanografic-de-valencia\\\/plan-de-laquarium\\\/#breadcrumb\"},\"inLanguage\":\"fr-FR\",\"potentialAction\":[{\"@type\":\"ReadAction\",\"target\":[\"https:\\\/\\\/www.oceanografic.org\\\/fr\\\/planifica-tu-visita-al-oceanografic-de-valencia\\\/plan-de-laquarium\\\/\"]}]},{\"@type\":\"BreadcrumbList\",\"@id\":\"https:\\\/\\\/www.oceanografic.org\\\/fr\\\/planifica-tu-visita-al-oceanografic-de-valencia\\\/plan-de-laquarium\\\/#breadcrumb\",\"itemListElement\":[{\"@type\":\"ListItem\",\"position\":1,\"name\":\"Portada\",\"item\":\"https:\\\/\\\/www.oceanografic.org\\\/fr\\\/\"},{\"@type\":\"ListItem\",\"position\":2,\"name\":\"Planifiez votre visite \u00e0 l\u2019Oceanogr\u00e0fic de Val\u00e8ncia\",\"item\":\"https:\\\/\\\/www.oceanografic.org\\\/fr\\\/planifica-tu-visita-al-oceanografic-de-valencia\\\/\"},{\"@type\":\"ListItem\",\"position\":3,\"name\":\"Plan de l\u2019aquarium\"}]},{\"@type\":\"WebSite\",\"@id\":\"https:\\\/\\\/www.oceanografic.org\\\/fr\\\/#website\",\"url\":\"https:\\\/\\\/www.oceanografic.org\\\/fr\\\/\",\"name\":\"Oceanogr\u00e0fic de Val\u00e8ncia\",\"description\":\"\",\"publisher\":{\"@id\":\"https:\\\/\\\/www.oceanografic.org\\\/fr\\\/#organization\"},\"potentialAction\":[{\"@type\":\"SearchAction\",\"target\":{\"@type\":\"EntryPoint\",\"urlTemplate\":\"https:\\\/\\\/www.oceanografic.org\\\/fr\\\/?s={search_term_string}\"},\"query-input\":{\"@type\":\"PropertyValueSpecification\",\"valueRequired\":true,\"valueName\":\"search_term_string\"}}],\"inLanguage\":\"fr-FR\"},{\"@type\":\"Organization\",\"@id\":\"https:\\\/\\\/www.oceanografic.org\\\/fr\\\/#organization\",\"name\":\"Oceanogr\u00e0fic de Val\u00e8ncia\",\"url\":\"https:\\\/\\\/www.oceanografic.org\\\/fr\\\/\",\"logo\":{\"@type\":\"ImageObject\",\"inLanguage\":\"fr-FR\",\"@id\":\"https:\\\/\\\/www.oceanografic.org\\\/fr\\\/#\\\/schema\\\/logo\\\/image\\\/\",\"url\":\"https:\\\/\\\/www.oceanografic.org\\\/wp-content\\\/uploads\\\/2024\\\/10\\\/Logo-OCE.png\",\"contentUrl\":\"https:\\\/\\\/www.oceanografic.org\\\/wp-content\\\/uploads\\\/2024\\\/10\\\/Logo-OCE.png\",\"width\":3543,\"height\":1286,\"caption\":\"Oceanogr\u00e0fic de Val\u00e8ncia\"},\"image\":{\"@id\":\"https:\\\/\\\/www.oceanografic.org\\\/fr\\\/#\\\/schema\\\/logo\\\/image\\\/\"},\"sameAs\":[\"https:\\\/\\\/www.facebook.com\\\/oceanograficvl\",\"https:\\\/\\\/x.com\\\/Oceanografic_vl\"]}]}<\/script>\n<!-- \/ Yoast SEO plugin. -->","yoast_head_json":{"title":"Carte et plan de l\u2019aquarium | Oceanogr\u00e0fic Val\u00e8ncia","description":"Retrouvez sur la carte les diff\u00e9rentes zones, restaurants, horaires et tarifs de l\u2019Oceanogr\u00e0fic de Val\u00e8ncia. T\u00e9l\u00e9chargez le plan sur votre mobile !","robots":{"index":"index","follow":"follow","max-snippet":"max-snippet:-1","max-image-preview":"max-image-preview:large","max-video-preview":"max-video-preview:-1"},"canonical":"https:\/\/www.oceanografic.org\/fr\/planifica-tu-visita-al-oceanografic-de-valencia\/plan-de-laquarium\/","og_locale":"fr_FR","og_type":"article","og_title":"Carte et plan de l\u2019aquarium | Oceanogr\u00e0fic Val\u00e8ncia","og_description":"Retrouvez sur la carte les diff\u00e9rentes zones, restaurants, horaires et tarifs de l\u2019Oceanogr\u00e0fic de Val\u00e8ncia. T\u00e9l\u00e9chargez le plan sur votre mobile !","og_url":"https:\/\/www.oceanografic.org\/fr\/planifica-tu-visita-al-oceanografic-de-valencia\/plan-de-laquarium\/","og_site_name":"Oceanogr\u00e0fic de Val\u00e8ncia","article_publisher":"https:\/\/www.facebook.com\/oceanograficvl","twitter_card":"summary_large_image","twitter_site":"@Oceanografic_vl","schema":{"@context":"https:\/\/schema.org","@graph":[{"@type":"WebPage","@id":"https:\/\/www.oceanografic.org\/fr\/planifica-tu-visita-al-oceanografic-de-valencia\/plan-de-laquarium\/","url":"https:\/\/www.oceanografic.org\/fr\/planifica-tu-visita-al-oceanografic-de-valencia\/plan-de-laquarium\/","name":"Carte et plan de l\u2019aquarium | Oceanogr\u00e0fic Val\u00e8ncia","isPartOf":{"@id":"https:\/\/www.oceanografic.org\/fr\/#website"},"datePublished":"2018-02-22T10:31:27+00:00","description":"Retrouvez sur la carte les diff\u00e9rentes zones, restaurants, horaires et tarifs de l\u2019Oceanogr\u00e0fic de Val\u00e8ncia. T\u00e9l\u00e9chargez le plan sur votre mobile !","breadcrumb":{"@id":"https:\/\/www.oceanografic.org\/fr\/planifica-tu-visita-al-oceanografic-de-valencia\/plan-de-laquarium\/#breadcrumb"},"inLanguage":"fr-FR","potentialAction":[{"@type":"ReadAction","target":["https:\/\/www.oceanografic.org\/fr\/planifica-tu-visita-al-oceanografic-de-valencia\/plan-de-laquarium\/"]}]},{"@type":"BreadcrumbList","@id":"https:\/\/www.oceanografic.org\/fr\/planifica-tu-visita-al-oceanografic-de-valencia\/plan-de-laquarium\/#breadcrumb","itemListElement":[{"@type":"ListItem","position":1,"name":"Portada","item":"https:\/\/www.oceanografic.org\/fr\/"},{"@type":"ListItem","position":2,"name":"Planifiez votre visite \u00e0 l\u2019Oceanogr\u00e0fic de Val\u00e8ncia","item":"https:\/\/www.oceanografic.org\/fr\/planifica-tu-visita-al-oceanografic-de-valencia\/"},{"@type":"ListItem","position":3,"name":"Plan de l\u2019aquarium"}]},{"@type":"WebSite","@id":"https:\/\/www.oceanografic.org\/fr\/#website","url":"https:\/\/www.oceanografic.org\/fr\/","name":"Oceanogr\u00e0fic de Val\u00e8ncia","description":"","publisher":{"@id":"https:\/\/www.oceanografic.org\/fr\/#organization"},"potentialAction":[{"@type":"SearchAction","target":{"@type":"EntryPoint","urlTemplate":"https:\/\/www.oceanografic.org\/fr\/?s={search_term_string}"},"query-input":{"@type":"PropertyValueSpecification","valueRequired":true,"valueName":"search_term_string"}}],"inLanguage":"fr-FR"},{"@type":"Organization","@id":"https:\/\/www.oceanografic.org\/fr\/#organization","name":"Oceanogr\u00e0fic de Val\u00e8ncia","url":"https:\/\/www.oceanografic.org\/fr\/","logo":{"@type":"ImageObject","inLanguage":"fr-FR","@id":"https:\/\/www.oceanografic.org\/fr\/#\/schema\/logo\/image\/","url":"https:\/\/www.oceanografic.org\/wp-content\/uploads\/2024\/10\/Logo-OCE.png","contentUrl":"https:\/\/www.oceanografic.org\/wp-content\/uploads\/2024\/10\/Logo-OCE.png","width":3543,"height":1286,"caption":"Oceanogr\u00e0fic de Val\u00e8ncia"},"image":{"@id":"https:\/\/www.oceanografic.org\/fr\/#\/schema\/logo\/image\/"},"sameAs":["https:\/\/www.facebook.com\/oceanograficvl","https:\/\/x.com\/Oceanografic_vl"]}]}},"_links":{"self":[{"href":"https:\/\/www.oceanografic.org\/fr\/wp-json\/wp\/v2\/pages\/109071","targetHints":{"allow":["GET"]}}],"collection":[{"href":"https:\/\/www.oceanografic.org\/fr\/wp-json\/wp\/v2\/pages"}],"about":[{"href":"https:\/\/www.oceanografic.org\/fr\/wp-json\/wp\/v2\/types\/page"}],"author":[{"embeddable":true,"href":"https:\/\/www.oceanografic.org\/fr\/wp-json\/wp\/v2\/users\/2"}],"replies":[{"embeddable":true,"href":"https:\/\/www.oceanografic.org\/fr\/wp-json\/wp\/v2\/comments?post=109071"}],"version-history":[{"count":0,"href":"https:\/\/www.oceanografic.org\/fr\/wp-json\/wp\/v2\/pages\/109071\/revisions"}],"up":[{"embeddable":true,"href":"https:\/\/www.oceanografic.org\/fr\/wp-json\/wp\/v2\/pages\/60901"}],"wp:attachment":[{"href":"https:\/\/www.oceanografic.org\/fr\/wp-json\/wp\/v2\/media?parent=109071"}],"curies":[{"name":"wp","href":"https:\/\/api.w.org\/{rel}","templated":true}]}}