{"id":60905,"date":"2025-05-15T15:03:19","date_gmt":"2025-05-15T15:03:19","guid":{"rendered":"https:\/\/www.oceanografic.org\/planifica-tu-visita-al-oceanografic-de-valencia\/"},"modified":"2025-05-19T13:57:00","modified_gmt":"2025-05-19T13:57:00","slug":"planifica-tu-visita-al-oceanografic-de-valencia","status":"publish","type":"page","link":"https:\/\/www.oceanografic.org\/en\/planifica-tu-visita-al-oceanografic-de-valencia\/","title":{"rendered":"Plan your visit to the Oceanogr\u00e0fic of Val\u00e8ncia"},"content":{"rendered":"<p class=\"\" data-start=\"639\" data-end=\"854\">Organize your experience before you arrive. Check opening hours, ticket prices, unique experiences, services, and all the practical information you need to make the most of your visit to the largest aquarium in Europe.<\/p>\n","protected":false},"excerpt":{"rendered":"<p>Organize your experience before you arrive. Check opening hours, ticket prices, unique experiences, services, and all the practical information you need to make the most of your visit to the largest aquarium in Europe.<\/p>\n","protected":false},"author":15,"featured_media":60940,"parent":0,"menu_order":0,"comment_status":"closed","ping_status":"closed","template":"template-blocks.php","meta":{"_acf_changed":false,"footnotes":""},"class_list":["post-60905","page","type-page","status-publish","has-post-thumbnail","hentry"],"acf":[],"yoast_head":"<!-- This site is optimized with the Yoast SEO plugin v27.5 - https:\/\/yoast.com\/product\/yoast-seo-wordpress\/ -->\n<title>Plan your visit to the Oceanogr\u00e0fic of Val\u00e8ncia - Oceanogr\u00e0fic de Val\u00e8ncia<\/title>\n<meta name=\"robots\" content=\"index, follow, max-snippet:-1, max-image-preview:large, max-video-preview:-1\" \/>\n<link rel=\"canonical\" href=\"https:\/\/www.oceanografic.org\/en\/planifica-tu-visita-al-oceanografic-de-valencia\/\" \/>\n<meta property=\"og:locale\" content=\"en_US\" \/>\n<meta property=\"og:type\" content=\"article\" \/>\n<meta property=\"og:title\" content=\"Plan your visit to the Oceanogr\u00e0fic of Val\u00e8ncia - Oceanogr\u00e0fic de Val\u00e8ncia\" \/>\n<meta property=\"og:description\" content=\"Organize your experience before you arrive. Check opening hours, ticket prices, unique experiences, services, and all the practical information you need to make the most of your visit to the largest aquarium in Europe.\" \/>\n<meta property=\"og:url\" content=\"https:\/\/www.oceanografic.org\/en\/planifica-tu-visita-al-oceanografic-de-valencia\/\" \/>\n<meta property=\"og:site_name\" content=\"Oceanogr\u00e0fic de Val\u00e8ncia\" \/>\n<meta property=\"article:publisher\" content=\"https:\/\/www.facebook.com\/oceanograficvl\" \/>\n<meta property=\"article:modified_time\" content=\"2025-05-19T13:57:00+00:00\" \/>\n<meta property=\"og:image\" content=\"https:\/\/www.oceanografic.org\/wp-content\/uploads\/2025\/05\/Lago-vivo-1-scaled.jpg\" \/>\n\t<meta property=\"og:image:width\" content=\"2560\" \/>\n\t<meta property=\"og:image:height\" content=\"1585\" \/>\n\t<meta property=\"og:image:type\" content=\"image\/jpeg\" \/>\n<meta name=\"twitter:card\" content=\"summary_large_image\" \/>\n<meta name=\"twitter:site\" content=\"@Oceanografic_vl\" \/>\n<meta name=\"twitter:label1\" content=\"Est. reading time\" \/>\n\t<meta name=\"twitter:data1\" content=\"1 minute\" \/>\n<script type=\"application\/ld+json\" class=\"yoast-schema-graph\">{\"@context\":\"https:\\\/\\\/schema.org\",\"@graph\":[{\"@type\":\"WebPage\",\"@id\":\"https:\\\/\\\/www.oceanografic.org\\\/en\\\/planifica-tu-visita-al-oceanografic-de-valencia\\\/\",\"url\":\"https:\\\/\\\/www.oceanografic.org\\\/en\\\/planifica-tu-visita-al-oceanografic-de-valencia\\\/\",\"name\":\"Plan your visit to the Oceanogr\u00e0fic of Val\u00e8ncia - Oceanogr\u00e0fic de Val\u00e8ncia\",\"isPartOf\":{\"@id\":\"https:\\\/\\\/www.oceanografic.org\\\/en\\\/#website\"},\"primaryImageOfPage\":{\"@id\":\"https:\\\/\\\/www.oceanografic.org\\\/en\\\/planifica-tu-visita-al-oceanografic-de-valencia\\\/#primaryimage\"},\"image\":{\"@id\":\"https:\\\/\\\/www.oceanografic.org\\\/en\\\/planifica-tu-visita-al-oceanografic-de-valencia\\\/#primaryimage\"},\"thumbnailUrl\":\"https:\\\/\\\/www.oceanografic.org\\\/wp-content\\\/uploads\\\/2025\\\/05\\\/Lago-vivo-1-scaled.jpg\",\"datePublished\":\"2025-05-15T15:03:19+00:00\",\"dateModified\":\"2025-05-19T13:57:00+00:00\",\"breadcrumb\":{\"@id\":\"https:\\\/\\\/www.oceanografic.org\\\/en\\\/planifica-tu-visita-al-oceanografic-de-valencia\\\/#breadcrumb\"},\"inLanguage\":\"en-US\",\"potentialAction\":[{\"@type\":\"ReadAction\",\"target\":[\"https:\\\/\\\/www.oceanografic.org\\\/en\\\/planifica-tu-visita-al-oceanografic-de-valencia\\\/\"]}]},{\"@type\":\"ImageObject\",\"inLanguage\":\"en-US\",\"@id\":\"https:\\\/\\\/www.oceanografic.org\\\/en\\\/planifica-tu-visita-al-oceanografic-de-valencia\\\/#primaryimage\",\"url\":\"https:\\\/\\\/www.oceanografic.org\\\/wp-content\\\/uploads\\\/2025\\\/05\\\/Lago-vivo-1-scaled.jpg\",\"contentUrl\":\"https:\\\/\\\/www.oceanografic.org\\\/wp-content\\\/uploads\\\/2025\\\/05\\\/Lago-vivo-1-scaled.jpg\",\"width\":2560,\"height\":1585},{\"@type\":\"BreadcrumbList\",\"@id\":\"https:\\\/\\\/www.oceanografic.org\\\/en\\\/planifica-tu-visita-al-oceanografic-de-valencia\\\/#breadcrumb\",\"itemListElement\":[{\"@type\":\"ListItem\",\"position\":1,\"name\":\"Portada\",\"item\":\"https:\\\/\\\/www.oceanografic.org\\\/en\\\/\"},{\"@type\":\"ListItem\",\"position\":2,\"name\":\"Plan your visit to the Oceanogr\u00e0fic of Val\u00e8ncia\"}]},{\"@type\":\"WebSite\",\"@id\":\"https:\\\/\\\/www.oceanografic.org\\\/en\\\/#website\",\"url\":\"https:\\\/\\\/www.oceanografic.org\\\/en\\\/\",\"name\":\"Oceanogr\u00e0fic de Val\u00e8ncia\",\"description\":\"\",\"publisher\":{\"@id\":\"https:\\\/\\\/www.oceanografic.org\\\/en\\\/#organization\"},\"potentialAction\":[{\"@type\":\"SearchAction\",\"target\":{\"@type\":\"EntryPoint\",\"urlTemplate\":\"https:\\\/\\\/www.oceanografic.org\\\/en\\\/?s={search_term_string}\"},\"query-input\":{\"@type\":\"PropertyValueSpecification\",\"valueRequired\":true,\"valueName\":\"search_term_string\"}}],\"inLanguage\":\"en-US\"},{\"@type\":\"Organization\",\"@id\":\"https:\\\/\\\/www.oceanografic.org\\\/en\\\/#organization\",\"name\":\"Oceanogr\u00e0fic de Val\u00e8ncia\",\"url\":\"https:\\\/\\\/www.oceanografic.org\\\/en\\\/\",\"logo\":{\"@type\":\"ImageObject\",\"inLanguage\":\"en-US\",\"@id\":\"https:\\\/\\\/www.oceanografic.org\\\/en\\\/#\\\/schema\\\/logo\\\/image\\\/\",\"url\":\"https:\\\/\\\/www.oceanografic.org\\\/wp-content\\\/uploads\\\/2024\\\/10\\\/Logo-OCE.png\",\"contentUrl\":\"https:\\\/\\\/www.oceanografic.org\\\/wp-content\\\/uploads\\\/2024\\\/10\\\/Logo-OCE.png\",\"width\":3543,\"height\":1286,\"caption\":\"Oceanogr\u00e0fic de Val\u00e8ncia\"},\"image\":{\"@id\":\"https:\\\/\\\/www.oceanografic.org\\\/en\\\/#\\\/schema\\\/logo\\\/image\\\/\"},\"sameAs\":[\"https:\\\/\\\/www.facebook.com\\\/oceanograficvl\",\"https:\\\/\\\/x.com\\\/Oceanografic_vl\"]}]}<\/script>\n<!-- \/ Yoast SEO plugin. -->","yoast_head_json":{"title":"Plan your visit to the Oceanogr\u00e0fic of Val\u00e8ncia - Oceanogr\u00e0fic de Val\u00e8ncia","robots":{"index":"index","follow":"follow","max-snippet":"max-snippet:-1","max-image-preview":"max-image-preview:large","max-video-preview":"max-video-preview:-1"},"canonical":"https:\/\/www.oceanografic.org\/en\/planifica-tu-visita-al-oceanografic-de-valencia\/","og_locale":"en_US","og_type":"article","og_title":"Plan your visit to the Oceanogr\u00e0fic of Val\u00e8ncia - Oceanogr\u00e0fic de Val\u00e8ncia","og_description":"Organize your experience before you arrive. Check opening hours, ticket prices, unique experiences, services, and all the practical information you need to make the most of your visit to the largest aquarium in Europe.","og_url":"https:\/\/www.oceanografic.org\/en\/planifica-tu-visita-al-oceanografic-de-valencia\/","og_site_name":"Oceanogr\u00e0fic de Val\u00e8ncia","article_publisher":"https:\/\/www.facebook.com\/oceanograficvl","article_modified_time":"2025-05-19T13:57:00+00:00","og_image":[{"width":2560,"height":1585,"url":"https:\/\/www.oceanografic.org\/wp-content\/uploads\/2025\/05\/Lago-vivo-1-scaled.jpg","type":"image\/jpeg"}],"twitter_card":"summary_large_image","twitter_site":"@Oceanografic_vl","twitter_misc":{"Est. reading time":"1 minute"},"schema":{"@context":"https:\/\/schema.org","@graph":[{"@type":"WebPage","@id":"https:\/\/www.oceanografic.org\/en\/planifica-tu-visita-al-oceanografic-de-valencia\/","url":"https:\/\/www.oceanografic.org\/en\/planifica-tu-visita-al-oceanografic-de-valencia\/","name":"Plan your visit to the Oceanogr\u00e0fic of Val\u00e8ncia - Oceanogr\u00e0fic de Val\u00e8ncia","isPartOf":{"@id":"https:\/\/www.oceanografic.org\/en\/#website"},"primaryImageOfPage":{"@id":"https:\/\/www.oceanografic.org\/en\/planifica-tu-visita-al-oceanografic-de-valencia\/#primaryimage"},"image":{"@id":"https:\/\/www.oceanografic.org\/en\/planifica-tu-visita-al-oceanografic-de-valencia\/#primaryimage"},"thumbnailUrl":"https:\/\/www.oceanografic.org\/wp-content\/uploads\/2025\/05\/Lago-vivo-1-scaled.jpg","datePublished":"2025-05-15T15:03:19+00:00","dateModified":"2025-05-19T13:57:00+00:00","breadcrumb":{"@id":"https:\/\/www.oceanografic.org\/en\/planifica-tu-visita-al-oceanografic-de-valencia\/#breadcrumb"},"inLanguage":"en-US","potentialAction":[{"@type":"ReadAction","target":["https:\/\/www.oceanografic.org\/en\/planifica-tu-visita-al-oceanografic-de-valencia\/"]}]},{"@type":"ImageObject","inLanguage":"en-US","@id":"https:\/\/www.oceanografic.org\/en\/planifica-tu-visita-al-oceanografic-de-valencia\/#primaryimage","url":"https:\/\/www.oceanografic.org\/wp-content\/uploads\/2025\/05\/Lago-vivo-1-scaled.jpg","contentUrl":"https:\/\/www.oceanografic.org\/wp-content\/uploads\/2025\/05\/Lago-vivo-1-scaled.jpg","width":2560,"height":1585},{"@type":"BreadcrumbList","@id":"https:\/\/www.oceanografic.org\/en\/planifica-tu-visita-al-oceanografic-de-valencia\/#breadcrumb","itemListElement":[{"@type":"ListItem","position":1,"name":"Portada","item":"https:\/\/www.oceanografic.org\/en\/"},{"@type":"ListItem","position":2,"name":"Plan your visit to the Oceanogr\u00e0fic of Val\u00e8ncia"}]},{"@type":"WebSite","@id":"https:\/\/www.oceanografic.org\/en\/#website","url":"https:\/\/www.oceanografic.org\/en\/","name":"Oceanogr\u00e0fic de Val\u00e8ncia","description":"","publisher":{"@id":"https:\/\/www.oceanografic.org\/en\/#organization"},"potentialAction":[{"@type":"SearchAction","target":{"@type":"EntryPoint","urlTemplate":"https:\/\/www.oceanografic.org\/en\/?s={search_term_string}"},"query-input":{"@type":"PropertyValueSpecification","valueRequired":true,"valueName":"search_term_string"}}],"inLanguage":"en-US"},{"@type":"Organization","@id":"https:\/\/www.oceanografic.org\/en\/#organization","name":"Oceanogr\u00e0fic de Val\u00e8ncia","url":"https:\/\/www.oceanografic.org\/en\/","logo":{"@type":"ImageObject","inLanguage":"en-US","@id":"https:\/\/www.oceanografic.org\/en\/#\/schema\/logo\/image\/","url":"https:\/\/www.oceanografic.org\/wp-content\/uploads\/2024\/10\/Logo-OCE.png","contentUrl":"https:\/\/www.oceanografic.org\/wp-content\/uploads\/2024\/10\/Logo-OCE.png","width":3543,"height":1286,"caption":"Oceanogr\u00e0fic de Val\u00e8ncia"},"image":{"@id":"https:\/\/www.oceanografic.org\/en\/#\/schema\/logo\/image\/"},"sameAs":["https:\/\/www.facebook.com\/oceanograficvl","https:\/\/x.com\/Oceanografic_vl"]}]}},"_links":{"self":[{"href":"https:\/\/www.oceanografic.org\/en\/wp-json\/wp\/v2\/pages\/60905","targetHints":{"allow":["GET"]}}],"collection":[{"href":"https:\/\/www.oceanografic.org\/en\/wp-json\/wp\/v2\/pages"}],"about":[{"href":"https:\/\/www.oceanografic.org\/en\/wp-json\/wp\/v2\/types\/page"}],"author":[{"embeddable":true,"href":"https:\/\/www.oceanografic.org\/en\/wp-json\/wp\/v2\/users\/15"}],"replies":[{"embeddable":true,"href":"https:\/\/www.oceanografic.org\/en\/wp-json\/wp\/v2\/comments?post=60905"}],"version-history":[{"count":2,"href":"https:\/\/www.oceanografic.org\/en\/wp-json\/wp\/v2\/pages\/60905\/revisions"}],"predecessor-version":[{"id":60941,"href":"https:\/\/www.oceanografic.org\/en\/wp-json\/wp\/v2\/pages\/60905\/revisions\/60941"}],"wp:featuredmedia":[{"embeddable":true,"href":"https:\/\/www.oceanografic.org\/en\/wp-json\/wp\/v2\/media\/60940"}],"wp:attachment":[{"href":"https:\/\/www.oceanografic.org\/en\/wp-json\/wp\/v2\/media?parent=60905"}],"curies":[{"name":"wp","href":"https:\/\/api.w.org\/{rel}","templated":true}]}}