{"id":60369,"date":"2024-09-12T14:36:43","date_gmt":"2024-09-12T14:36:43","guid":{"rendered":"https:\/\/www.oceanografic.org\/planifica-tu-visita\/tiendas-del-oceanografic\/"},"modified":"2026-04-16T11:55:29","modified_gmt":"2026-04-16T11:55:29","slug":"tiendas-del-oceanografic","status":"publish","type":"page","link":"https:\/\/www.oceanografic.org\/en\/planifica-tu-visita-al-oceanografic-de-valencia\/tiendas-del-oceanografic\/","title":{"rendered":"Shops"},"content":{"rendered":"<div class=\"flex-shrink-0 flex flex-col relative items-end\">\n<div class=\"pt-0\">\n<div class=\"gizmo-bot-avatar flex h-8 w-8 items-center justify-center overflow-hidden rounded-full\">\n<div class=\"relative p-1 rounded-sm flex items-center justify-center bg-token-main-surface-primary text-token-text-primary h-8 w-8\"><span style=\"font-size: 1.15rem;\">Find the perfect souvenir of your experience at Oceanogr\u00e0fic and throughout the rest of the City of Arts and Sciences complex. Souvenirs, gifts, and unique products for everyone. <\/span><\/div>\n<\/div>\n<\/div>\n<\/div>\n","protected":false},"excerpt":{"rendered":"<p>Find the perfect souvenir of your experience at Oceanogr\u00e0fic and throughout the rest of the City of Arts and Sciences complex. Souvenirs, gifts, and unique products for everyone.<\/p>\n","protected":false},"author":15,"featured_media":60370,"parent":60905,"menu_order":0,"comment_status":"closed","ping_status":"closed","template":"template-blocks.php","meta":{"_acf_changed":false,"footnotes":""},"class_list":["post-60369","page","type-page","status-publish","has-post-thumbnail","hentry"],"acf":[],"yoast_head":"<!-- This site is optimized with the Yoast SEO plugin v27.4 - https:\/\/yoast.com\/product\/yoast-seo-wordpress\/ -->\n<title>Shops - Oceanogr\u00e0fic de Val\u00e8ncia<\/title>\n<meta name=\"robots\" content=\"index, follow, max-snippet:-1, max-image-preview:large, max-video-preview:-1\" \/>\n<link rel=\"canonical\" href=\"https:\/\/www.oceanografic.org\/en\/planifica-tu-visita-al-oceanografic-de-valencia\/tiendas-del-oceanografic\/\" \/>\n<meta property=\"og:locale\" content=\"en_US\" \/>\n<meta property=\"og:type\" content=\"article\" \/>\n<meta property=\"og:title\" content=\"Shops - Oceanogr\u00e0fic de Val\u00e8ncia\" \/>\n<meta property=\"og:description\" content=\"Find the perfect souvenir of your experience at Oceanogr\u00e0fic and throughout the rest of the City of Arts and Sciences complex. Souvenirs, gifts, and unique products for everyone.\" \/>\n<meta property=\"og:url\" content=\"https:\/\/www.oceanografic.org\/en\/planifica-tu-visita-al-oceanografic-de-valencia\/tiendas-del-oceanografic\/\" \/>\n<meta property=\"og:site_name\" content=\"Oceanogr\u00e0fic de Val\u00e8ncia\" \/>\n<meta property=\"article:publisher\" content=\"https:\/\/www.facebook.com\/oceanograficvl\" \/>\n<meta property=\"article:modified_time\" content=\"2026-04-16T11:55:29+00:00\" \/>\n<meta property=\"og:image\" content=\"https:\/\/www.oceanografic.org\/wp-content\/uploads\/2024\/07\/TIENDAPRINCIPAL_OCE.jpg\" \/>\n\t<meta property=\"og:image:width\" content=\"2048\" \/>\n\t<meta property=\"og:image:height\" content=\"1152\" \/>\n\t<meta property=\"og:image:type\" content=\"image\/jpeg\" \/>\n<meta name=\"twitter:card\" content=\"summary_large_image\" \/>\n<meta name=\"twitter:site\" content=\"@Oceanografic_vl\" \/>\n<meta name=\"twitter:label1\" content=\"Est. reading time\" \/>\n\t<meta name=\"twitter:data1\" content=\"1 minute\" \/>\n<script type=\"application\/ld+json\" class=\"yoast-schema-graph\">{\"@context\":\"https:\\\/\\\/schema.org\",\"@graph\":[{\"@type\":\"WebPage\",\"@id\":\"https:\\\/\\\/www.oceanografic.org\\\/en\\\/planifica-tu-visita-al-oceanografic-de-valencia\\\/tiendas-del-oceanografic\\\/\",\"url\":\"https:\\\/\\\/www.oceanografic.org\\\/en\\\/planifica-tu-visita-al-oceanografic-de-valencia\\\/tiendas-del-oceanografic\\\/\",\"name\":\"Shops - Oceanogr\u00e0fic de Val\u00e8ncia\",\"isPartOf\":{\"@id\":\"https:\\\/\\\/www.oceanografic.org\\\/en\\\/#website\"},\"primaryImageOfPage\":{\"@id\":\"https:\\\/\\\/www.oceanografic.org\\\/en\\\/planifica-tu-visita-al-oceanografic-de-valencia\\\/tiendas-del-oceanografic\\\/#primaryimage\"},\"image\":{\"@id\":\"https:\\\/\\\/www.oceanografic.org\\\/en\\\/planifica-tu-visita-al-oceanografic-de-valencia\\\/tiendas-del-oceanografic\\\/#primaryimage\"},\"thumbnailUrl\":\"https:\\\/\\\/www.oceanografic.org\\\/wp-content\\\/uploads\\\/2024\\\/07\\\/TIENDAPRINCIPAL_OCE.jpg\",\"datePublished\":\"2024-09-12T14:36:43+00:00\",\"dateModified\":\"2026-04-16T11:55:29+00:00\",\"breadcrumb\":{\"@id\":\"https:\\\/\\\/www.oceanografic.org\\\/en\\\/planifica-tu-visita-al-oceanografic-de-valencia\\\/tiendas-del-oceanografic\\\/#breadcrumb\"},\"inLanguage\":\"en-US\",\"potentialAction\":[{\"@type\":\"ReadAction\",\"target\":[\"https:\\\/\\\/www.oceanografic.org\\\/en\\\/planifica-tu-visita-al-oceanografic-de-valencia\\\/tiendas-del-oceanografic\\\/\"]}]},{\"@type\":\"ImageObject\",\"inLanguage\":\"en-US\",\"@id\":\"https:\\\/\\\/www.oceanografic.org\\\/en\\\/planifica-tu-visita-al-oceanografic-de-valencia\\\/tiendas-del-oceanografic\\\/#primaryimage\",\"url\":\"https:\\\/\\\/www.oceanografic.org\\\/wp-content\\\/uploads\\\/2024\\\/07\\\/TIENDAPRINCIPAL_OCE.jpg\",\"contentUrl\":\"https:\\\/\\\/www.oceanografic.org\\\/wp-content\\\/uploads\\\/2024\\\/07\\\/TIENDAPRINCIPAL_OCE.jpg\",\"width\":2048,\"height\":1152},{\"@type\":\"BreadcrumbList\",\"@id\":\"https:\\\/\\\/www.oceanografic.org\\\/en\\\/planifica-tu-visita-al-oceanografic-de-valencia\\\/tiendas-del-oceanografic\\\/#breadcrumb\",\"itemListElement\":[{\"@type\":\"ListItem\",\"position\":1,\"name\":\"Portada\",\"item\":\"https:\\\/\\\/www.oceanografic.org\\\/en\\\/\"},{\"@type\":\"ListItem\",\"position\":2,\"name\":\"Plan your visit to the Oceanogr\u00e0fic of Val\u00e8ncia\",\"item\":\"https:\\\/\\\/www.oceanografic.org\\\/en\\\/planifica-tu-visita-al-oceanografic-de-valencia\\\/\"},{\"@type\":\"ListItem\",\"position\":3,\"name\":\"Shops\"}]},{\"@type\":\"WebSite\",\"@id\":\"https:\\\/\\\/www.oceanografic.org\\\/en\\\/#website\",\"url\":\"https:\\\/\\\/www.oceanografic.org\\\/en\\\/\",\"name\":\"Oceanogr\u00e0fic de Val\u00e8ncia\",\"description\":\"\",\"publisher\":{\"@id\":\"https:\\\/\\\/www.oceanografic.org\\\/en\\\/#organization\"},\"potentialAction\":[{\"@type\":\"SearchAction\",\"target\":{\"@type\":\"EntryPoint\",\"urlTemplate\":\"https:\\\/\\\/www.oceanografic.org\\\/en\\\/?s={search_term_string}\"},\"query-input\":{\"@type\":\"PropertyValueSpecification\",\"valueRequired\":true,\"valueName\":\"search_term_string\"}}],\"inLanguage\":\"en-US\"},{\"@type\":\"Organization\",\"@id\":\"https:\\\/\\\/www.oceanografic.org\\\/en\\\/#organization\",\"name\":\"Oceanogr\u00e0fic de Val\u00e8ncia\",\"url\":\"https:\\\/\\\/www.oceanografic.org\\\/en\\\/\",\"logo\":{\"@type\":\"ImageObject\",\"inLanguage\":\"en-US\",\"@id\":\"https:\\\/\\\/www.oceanografic.org\\\/en\\\/#\\\/schema\\\/logo\\\/image\\\/\",\"url\":\"https:\\\/\\\/www.oceanografic.org\\\/wp-content\\\/uploads\\\/2024\\\/10\\\/Logo-OCE.png\",\"contentUrl\":\"https:\\\/\\\/www.oceanografic.org\\\/wp-content\\\/uploads\\\/2024\\\/10\\\/Logo-OCE.png\",\"width\":3543,\"height\":1286,\"caption\":\"Oceanogr\u00e0fic de Val\u00e8ncia\"},\"image\":{\"@id\":\"https:\\\/\\\/www.oceanografic.org\\\/en\\\/#\\\/schema\\\/logo\\\/image\\\/\"},\"sameAs\":[\"https:\\\/\\\/www.facebook.com\\\/oceanograficvl\",\"https:\\\/\\\/x.com\\\/Oceanografic_vl\"]}]}<\/script>\n<!-- \/ Yoast SEO plugin. -->","yoast_head_json":{"title":"Shops - Oceanogr\u00e0fic de Val\u00e8ncia","robots":{"index":"index","follow":"follow","max-snippet":"max-snippet:-1","max-image-preview":"max-image-preview:large","max-video-preview":"max-video-preview:-1"},"canonical":"https:\/\/www.oceanografic.org\/en\/planifica-tu-visita-al-oceanografic-de-valencia\/tiendas-del-oceanografic\/","og_locale":"en_US","og_type":"article","og_title":"Shops - Oceanogr\u00e0fic de Val\u00e8ncia","og_description":"Find the perfect souvenir of your experience at Oceanogr\u00e0fic and throughout the rest of the City of Arts and Sciences complex. Souvenirs, gifts, and unique products for everyone.","og_url":"https:\/\/www.oceanografic.org\/en\/planifica-tu-visita-al-oceanografic-de-valencia\/tiendas-del-oceanografic\/","og_site_name":"Oceanogr\u00e0fic de Val\u00e8ncia","article_publisher":"https:\/\/www.facebook.com\/oceanograficvl","article_modified_time":"2026-04-16T11:55:29+00:00","og_image":[{"width":2048,"height":1152,"url":"https:\/\/www.oceanografic.org\/wp-content\/uploads\/2024\/07\/TIENDAPRINCIPAL_OCE.jpg","type":"image\/jpeg"}],"twitter_card":"summary_large_image","twitter_site":"@Oceanografic_vl","twitter_misc":{"Est. reading time":"1 minute"},"schema":{"@context":"https:\/\/schema.org","@graph":[{"@type":"WebPage","@id":"https:\/\/www.oceanografic.org\/en\/planifica-tu-visita-al-oceanografic-de-valencia\/tiendas-del-oceanografic\/","url":"https:\/\/www.oceanografic.org\/en\/planifica-tu-visita-al-oceanografic-de-valencia\/tiendas-del-oceanografic\/","name":"Shops - Oceanogr\u00e0fic de Val\u00e8ncia","isPartOf":{"@id":"https:\/\/www.oceanografic.org\/en\/#website"},"primaryImageOfPage":{"@id":"https:\/\/www.oceanografic.org\/en\/planifica-tu-visita-al-oceanografic-de-valencia\/tiendas-del-oceanografic\/#primaryimage"},"image":{"@id":"https:\/\/www.oceanografic.org\/en\/planifica-tu-visita-al-oceanografic-de-valencia\/tiendas-del-oceanografic\/#primaryimage"},"thumbnailUrl":"https:\/\/www.oceanografic.org\/wp-content\/uploads\/2024\/07\/TIENDAPRINCIPAL_OCE.jpg","datePublished":"2024-09-12T14:36:43+00:00","dateModified":"2026-04-16T11:55:29+00:00","breadcrumb":{"@id":"https:\/\/www.oceanografic.org\/en\/planifica-tu-visita-al-oceanografic-de-valencia\/tiendas-del-oceanografic\/#breadcrumb"},"inLanguage":"en-US","potentialAction":[{"@type":"ReadAction","target":["https:\/\/www.oceanografic.org\/en\/planifica-tu-visita-al-oceanografic-de-valencia\/tiendas-del-oceanografic\/"]}]},{"@type":"ImageObject","inLanguage":"en-US","@id":"https:\/\/www.oceanografic.org\/en\/planifica-tu-visita-al-oceanografic-de-valencia\/tiendas-del-oceanografic\/#primaryimage","url":"https:\/\/www.oceanografic.org\/wp-content\/uploads\/2024\/07\/TIENDAPRINCIPAL_OCE.jpg","contentUrl":"https:\/\/www.oceanografic.org\/wp-content\/uploads\/2024\/07\/TIENDAPRINCIPAL_OCE.jpg","width":2048,"height":1152},{"@type":"BreadcrumbList","@id":"https:\/\/www.oceanografic.org\/en\/planifica-tu-visita-al-oceanografic-de-valencia\/tiendas-del-oceanografic\/#breadcrumb","itemListElement":[{"@type":"ListItem","position":1,"name":"Portada","item":"https:\/\/www.oceanografic.org\/en\/"},{"@type":"ListItem","position":2,"name":"Plan your visit to the Oceanogr\u00e0fic of Val\u00e8ncia","item":"https:\/\/www.oceanografic.org\/en\/planifica-tu-visita-al-oceanografic-de-valencia\/"},{"@type":"ListItem","position":3,"name":"Shops"}]},{"@type":"WebSite","@id":"https:\/\/www.oceanografic.org\/en\/#website","url":"https:\/\/www.oceanografic.org\/en\/","name":"Oceanogr\u00e0fic de Val\u00e8ncia","description":"","publisher":{"@id":"https:\/\/www.oceanografic.org\/en\/#organization"},"potentialAction":[{"@type":"SearchAction","target":{"@type":"EntryPoint","urlTemplate":"https:\/\/www.oceanografic.org\/en\/?s={search_term_string}"},"query-input":{"@type":"PropertyValueSpecification","valueRequired":true,"valueName":"search_term_string"}}],"inLanguage":"en-US"},{"@type":"Organization","@id":"https:\/\/www.oceanografic.org\/en\/#organization","name":"Oceanogr\u00e0fic de Val\u00e8ncia","url":"https:\/\/www.oceanografic.org\/en\/","logo":{"@type":"ImageObject","inLanguage":"en-US","@id":"https:\/\/www.oceanografic.org\/en\/#\/schema\/logo\/image\/","url":"https:\/\/www.oceanografic.org\/wp-content\/uploads\/2024\/10\/Logo-OCE.png","contentUrl":"https:\/\/www.oceanografic.org\/wp-content\/uploads\/2024\/10\/Logo-OCE.png","width":3543,"height":1286,"caption":"Oceanogr\u00e0fic de Val\u00e8ncia"},"image":{"@id":"https:\/\/www.oceanografic.org\/en\/#\/schema\/logo\/image\/"},"sameAs":["https:\/\/www.facebook.com\/oceanograficvl","https:\/\/x.com\/Oceanografic_vl"]}]}},"_links":{"self":[{"href":"https:\/\/www.oceanografic.org\/en\/wp-json\/wp\/v2\/pages\/60369","targetHints":{"allow":["GET"]}}],"collection":[{"href":"https:\/\/www.oceanografic.org\/en\/wp-json\/wp\/v2\/pages"}],"about":[{"href":"https:\/\/www.oceanografic.org\/en\/wp-json\/wp\/v2\/types\/page"}],"author":[{"embeddable":true,"href":"https:\/\/www.oceanografic.org\/en\/wp-json\/wp\/v2\/users\/15"}],"replies":[{"embeddable":true,"href":"https:\/\/www.oceanografic.org\/en\/wp-json\/wp\/v2\/comments?post=60369"}],"version-history":[{"count":2,"href":"https:\/\/www.oceanografic.org\/en\/wp-json\/wp\/v2\/pages\/60369\/revisions"}],"predecessor-version":[{"id":109035,"href":"https:\/\/www.oceanografic.org\/en\/wp-json\/wp\/v2\/pages\/60369\/revisions\/109035"}],"up":[{"embeddable":true,"href":"https:\/\/www.oceanografic.org\/en\/wp-json\/wp\/v2\/pages\/60905"}],"wp:featuredmedia":[{"embeddable":true,"href":"https:\/\/www.oceanografic.org\/en\/wp-json\/wp\/v2\/media\/60370"}],"wp:attachment":[{"href":"https:\/\/www.oceanografic.org\/en\/wp-json\/wp\/v2\/media?parent=60369"}],"curies":[{"name":"wp","href":"https:\/\/api.w.org\/{rel}","templated":true}]}}