{"id":42690,"date":"2024-07-17T07:36:52","date_gmt":"2024-07-17T07:36:52","guid":{"rendered":"https:\/\/www.oceanografic.local\/politica-de-cookies\/"},"modified":"2026-04-16T12:44:18","modified_gmt":"2026-04-16T12:44:18","slug":"politica-de-cookies","status":"publish","type":"page","link":"https:\/\/www.oceanografic.org\/en\/politica-de-cookies\/","title":{"rendered":"Cookie Policy"},"content":{"rendered":"<p><strong> <\/strong><strong style=\"font-size: 1.15rem;\">What are cookies?<\/strong><\/p>\n<p>The website owned by Avanqua Oceanogr\u00e0fic S.L (hereinafter referred to as &#8220;the website&#8221;) uses cookies and\/or similar technologies that store and retrieve information when you browse. In general, these technologies can serve various purposes, such as recognizing you as a user, obtaining information about your browsing habits, or customizing how content is displayed. <\/p>\n<p>You can configure your browser to notify you and reject the installation of cookies sent by the website, without affecting your ability to access the content of said website, but the quality of the website&#8217;s operation may decrease.<\/p>\n<p>The specific uses we make of these technologies are described below.<\/p>\n<ol start=\"2\">\n<li><strong>What types of cookies exist?<\/strong><\/li>\n<\/ol>\n<p>Cookies, depending on their <strong>Permanence<\/strong>, can be divided into:<\/p>\n<table>\n<tbody>\n<tr>\n<td width=\"98\"><strong>Session cookies<\/strong><\/td>\n<td width=\"471\">These are designed to collect and store data while the user accesses a website. They are typically used to store information that is only relevant to retain for the provision of the requested service. They expire when the user closes the browser.<\/td>\n<\/tr>\n<tr>\n<td width=\"98\"><strong>Persistent cookies<\/strong><\/td>\n<td width=\"471\">These are cookies where data remains stored on the terminal and can be accessed and processed for a defined period, depending on when the purpose for which they serve is met (e.g., to keep the user logged into the Services) or when they are manually deleted.<\/td>\n<\/tr>\n<\/tbody>\n<\/table>\n<p>Depending on their <strong>Owner<\/strong>, they can be divided into:<\/p>\n<table>\n<tbody>\n<tr>\n<td width=\"98\"><strong>First-party cookies<\/strong><\/td>\n<td width=\"471\">These are cookies sent to the user&#8217;s terminal equipment from a computer or domain managed by the editor itself and from which the service requested by the user is provided.<\/td>\n<\/tr>\n<tr>\n<td width=\"98\"><strong>Third-party cookies<\/strong><\/td>\n<td width=\"471\">These are cookies sent to the user&#8217;s terminal equipment from a computer or domain that is not managed by the editor, but by another entity that processes the data obtained through the cookies.<\/td>\n<\/tr>\n<\/tbody>\n<\/table>\n<p>Additionally, depending on their purpose, cookies can be classified as follows:<\/p>\n<table width=\"576\">\n<tbody>\n<tr>\n<td width=\"99\"><strong><em>Technical<\/em><\/strong><strong> cookies<\/strong><\/td>\n<td colspan=\"2\" width=\"478\">These allow the user to navigate through a website, platform, or application and use the different options or services that exist on it, including those that the editor uses to enable the management and operation of the website and to enable its functions and services, such as identifying the session or controlling traffic and data communication.<\/td>\n<\/tr>\n<tr>\n<td rowspan=\"3\" width=\"99\"><strong><em>Preference or personalization<\/em><\/strong><strong> cookies<\/strong><\/td>\n<td colspan=\"2\" width=\"478\">This type of cookie remembers your preferences for the tools found in the services, so you don&#8217;t have to reconfigure the service every time you visit. Examples of this type include:<\/td>\n<\/tr>\n<tr>\n<td rowspan=\"2\" width=\"16\"><\/td>\n<td width=\"462\">Volume settings for video or sound players.<\/td>\n<\/tr>\n<tr>\n<td width=\"462\">Video transmission speeds compatible with your browser.<\/td>\n<\/tr>\n<\/tbody>\n<\/table>\n<p>&nbsp;<\/p>\n<table width=\"576\">\n<tbody>\n<tr>\n<td width=\"115\"><strong><em>Geo-location<\/em><\/strong><strong> cookies<\/strong><\/p>\n<p><strong><\/strong>\n<\/td>\n<td width=\"461\">These cookies are used to determine which country you are in when a service is requested. This cookie is completely anonymous and is only used to help target content to your location.<\/td>\n<\/tr>\n<\/tbody>\n<\/table>\n<p>&nbsp;<\/p>\n<table width=\"576\">\n<tbody>\n<tr>\n<td rowspan=\"3\" width=\"95\"><strong><em>Registration<\/em><\/strong><strong> cookies<\/strong><\/td>\n<td colspan=\"2\" width=\"482\">Registration cookies are generated once the user has registered or subsequently logged in, and are used to identify them in the services for the following purposes:<\/td>\n<\/tr>\n<tr>\n<td rowspan=\"2\" width=\"16\"><\/td>\n<td width=\"466\">To keep the user identified so that if they close a service, browser, or computer and later or on another day re-enter that service, they will remain identified, thus facilitating their navigation without having to log in again. This functionality can be removed if the user clicks the &#8220;log out&#8221; function, which deletes this cookie, and the next time they enter the service, the user will have to log in to be identified. <\/td>\n<\/tr>\n<tr>\n<td width=\"466\">To check if the user is authorized to access certain services, for example, to participate in a contest.<\/td>\n<\/tr>\n<\/tbody>\n<\/table>\n<p>&nbsp;<\/p>\n<table width=\"576\">\n<tbody>\n<tr>\n<td rowspan=\"5\" width=\"96\"><strong><em>Analytics or measurement cookies<\/em><\/strong><\/td>\n<td colspan=\"2\" width=\"480\">Each time a user visits a service, a third-party provider&#8217;s tool generates an analytical cookie on the user&#8217;s computer. This cookie, which is only generated during the visit, will serve to anonymously identify the visitor on subsequent visits to the website&#8217;s services. The main objectives pursued are:<\/td>\n<\/tr>\n<tr>\n<td rowspan=\"4\" width=\"16\"><\/td>\n<td width=\"464\">To allow the anonymous identification of browsing users through the &#8220;<em>Cookie<\/em>&#8221; (identifies browsers and devices, not people) and therefore the approximate counting of the number of visitors and their trend over time.<\/td>\n<\/tr>\n<tr>\n<td width=\"464\">To anonymously identify the most visited content and therefore the most attractive to users.<\/td>\n<\/tr>\n<tr>\n<td width=\"464\">To know if the user accessing is new or a repeat visitor.<\/td>\n<\/tr>\n<tr>\n<td width=\"464\"><u>Important<\/u>: Unless the user decides to register for a website service<strong>,<\/strong> the &#8220;<em>Cookie<\/em>&#8221; will never be associated with any personal data that could identify them. These cookies will only be used for statistical purposes that help optimize the user experience on the site. <\/td>\n<\/tr>\n<\/tbody>\n<\/table>\n<p>&nbsp;<\/p>\n<table width=\"576\">\n<tbody>\n<tr>\n<td width=\"127\"><strong><em>Behavioral advertising<\/em><\/strong><strong> cookies<\/strong><\/p>\n<p><strong><\/strong>\n<\/td>\n<td width=\"449\">This type of &#8220;<em>Cookie<\/em>&#8221; allows for expanding the information of the ads shown to each anonymous user in the website&#8217;s services<strong>.<\/strong> Among other things, it stores the duration or frequency of ad views, interaction with them, or the user&#8217;s browsing patterns and\/or behaviors, as they help to form an advertising interest profile. In this way, they allow for offering advertising relevant to the user&#8217;s interests.<\/td>\n<\/tr>\n<\/tbody>\n<\/table>\n<p>&nbsp;<\/p>\n<table width=\"576\">\n<tbody>\n<tr>\n<td width=\"125\"><strong><em>Third-party advertising<\/em><\/strong><strong> cookies<\/strong><\/td>\n<td width=\"452\">In addition to the advertising managed by the website in its Services, the website offers its advertisers the option to serve ads through third parties (&#8220;AdServers&#8221;). In this way, these third parties can store <em>Cookies<\/em> sent from the website&#8217;s Services from users&#8217; browsers, as well as access the data stored in them.<\/td>\n<\/tr>\n<\/tbody>\n<\/table>\n<p>&nbsp;<\/p>\n<ol start=\"3\">\n<li><strong>What cookies do we use<\/strong><strong>?<\/strong><\/li>\n<\/ol>\n<p>The cookies we use on our website are:<\/p>\n<p><script id=\"CookieDeclaration\" src=\"https:\/\/consent.cookiebot.com\/2fafee50-1899-41c9-8c4f-0eea1f188d6e\/cd.js\" type=\"text\/javascript\" async=\"\"><\/script><\/p>\n<ol start=\"4\">\n<li><strong>How to disable cookies?<\/strong><\/li>\n<\/ol>\n<p>It is usually possible to stop accepting browser cookies, or to stop accepting cookies from a particular service.<\/p>\n<p>All modern browsers allow you to change cookie settings. These settings are usually found in the &#8220;options&#8221; or &#8220;preferences&#8221; menu of your browser. Likewise, you can configure your browser or email manager, as well as install free add-ons to prevent Web <em>Bugs<\/em> from being downloaded when opening an email.  <\/p>\n<p>The Website offers guidance to the User on the steps to access the <em>cookie<\/em> configuration menu and, where applicable, private browsing in each of the main browsers:<\/p>\n<ul>\n<li><a href=\"http:\/\/windows.microsoft.com\/es-xl\/internet-explorer\/delete-manage-cookies#ie=ie-10\">Internet Explorer<\/a><\/li>\n<li><a href=\"https:\/\/support.mozilla.org\/es\/kb\/Borrar%20cookies\">Firefox<\/a><\/li>\n<li><a href=\"https:\/\/support.google.com\/chrome\/answer\/95647?hl=es\">Chrome<\/a><\/li>\n<li><a href=\"http:\/\/www.apple.com\/legal\/privacy\/es\/cookies\/\">Safari<\/a><\/li>\n<\/ul>\n<p>Likewise, the user can modify, configure, and, if applicable, revoke the consent granted for the installation of cookies, using the modal located on all tabs of the website, and\/or by clicking on the following <u>link<\/u>.<\/p>\n<ol start=\"5\">\n<li><strong>Data transfers to third countries<\/strong><\/li>\n<\/ol>\n<p>The installation of cookies described in section 3 of this cookie policy may involve the transfer of data to third countries. In this regard, international data transfers involve a flow of personal data from Spanish territory to recipients established in countries outside the European Economic Area (the countries of the European Union plus Liechtenstein, Iceland, and Norway). <\/p>\n<p>For all the above reasons, the international data transfers we carry out on our website are:<\/p>\n<table width=\"699\">\n<tbody>\n<tr>\n<td colspan=\"6\" width=\"699\"><strong>INTERNATIONAL DATA TRANSFERS<\/strong><\/td>\n<\/tr>\n<tr>\n<td width=\"275\"><strong>NAME <\/strong><\/td>\n<td width=\"94\"><strong>TYPE<\/strong><\/td>\n<td width=\"76\"><strong>ENTITY<\/strong><\/td>\n<td width=\"66\"><strong>COUNTRY<\/strong><\/td>\n<td width=\"82\"><strong> <\/strong><\/p>\n<p><strong>GDPR ARTICLE<\/strong><\/p>\n<p><strong> <\/strong><\/td>\n<td width=\"106\"><strong>MORE INFORMATION<\/strong><\/td>\n<\/tr>\n<tr>\n<td width=\"275\"><strong> <\/strong><\/p>\n<p><strong>_ga, _ga_3J7Z35RK84<\/strong><\/p>\n<p><strong> <\/strong><\/td>\n<td width=\"94\">Analytics<\/td>\n<td width=\"76\">Google, LLC<\/td>\n<td width=\"66\">USA<\/td>\n<td width=\"82\">Adequacy Decision (Article 45.1 of the GDPR)<\/td>\n<td width=\"106\"><strong> <\/strong><\/p>\n<p>Access to Google, LLC&#8217;s adherence to the Data Privacy Framework: <a href=\"https:\/\/policies.google.com\/privacy\/frameworks?hl=es\">here<\/a>.<\/p>\n<p>&nbsp;<\/td>\n<\/tr>\n<tr>\n<td width=\"275\"><strong>AEC, SOCS<\/strong><\/td>\n<td width=\"94\">Technical<\/td>\n<td width=\"76\">Google, LLC<\/td>\n<td width=\"66\">USA<\/td>\n<td width=\"82\">Adequacy Decision (Article 45.1 of the GDPR)<\/td>\n<td width=\"106\">Access to Google, LLC&#8217;s adherence to the Data Privacy Framework <a href=\"https:\/\/policies.google.com\/privacy\/frameworks?hl=es\">here<\/a>.<\/td>\n<\/tr>\n<tr>\n<td width=\"275\"><strong>Test_cookie, IDE, NID, __gcl_au<\/strong><\/td>\n<td width=\"94\">Advertising<\/td>\n<td width=\"76\">Google, LLC<\/td>\n<td width=\"66\">USA<\/td>\n<td width=\"82\">Adequacy Decision (Article 45.1 of the GDPR)<\/td>\n<td width=\"106\">Access to Google, LLC&#8217;s adherence to the Data Privacy Framework <a href=\"https:\/\/policies.google.com\/privacy\/frameworks?hl=es\">here<\/a><\/td>\n<\/tr>\n<tr>\n<td width=\"275\"><strong>ANONCHK, , MR, MUID, SM, SRM_BS, SRM_B, __Secure-BUCKET, __Secure-ENID<\/strong><\/td>\n<td width=\"94\">Advertising<\/td>\n<td width=\"76\">&nbsp;<\/p>\n<p>Microsoft<\/p>\n<p>&nbsp;<\/td>\n<td width=\"66\">USA<\/td>\n<td width=\"82\">Adequacy Decision (Article 45.1 of the GDPR)<\/td>\n<td width=\"106\">Access to Microsoft&#8217;s adherence to the Data Privacy Framework <a href=\"https:\/\/privacy.microsoft.com\/en-us\/privacystatement#maincookiessimilartechnologiesmodule\">here<\/a><\/td>\n<\/tr>\n<tr>\n<td width=\"275\"><strong>_clck, _clsk, CLID<\/strong><\/td>\n<td width=\"94\">Analytics<\/td>\n<td width=\"76\">Microsoft Clarity<\/td>\n<td width=\"66\">USA<\/td>\n<td width=\"82\">Adequacy Decision (Article 45.1 of the GDPR)<\/td>\n<td width=\"106\">Access to Microsoft&#8217;s Privacy Statement<\/p>\n<p><a href=\"https:\/\/privacy.microsoft.com\/es-es\/privacystatement\">here<\/a><\/td>\n<\/tr>\n<tr>\n<td width=\"275\"><strong>_ttp, _tt_enable_cookie<\/strong><\/td>\n<td width=\"94\">Advertising<\/td>\n<td width=\"76\">TikTok<\/td>\n<td width=\"66\">USA<\/td>\n<td width=\"82\">Adequacy Decision (Article 45.1 of the GDPR)<\/td>\n<td width=\"106\">Access to TikTok&#8217;s adherence to the Data Privacy Framework <a href=\"https:\/\/www.tiktok.com\/legal\/page\/eea\/privacy-policy\/es\">here<\/a><\/td>\n<\/tr>\n<tr>\n<td width=\"275\"><strong>__cf_bm, _cfuvid<\/strong><\/td>\n<td width=\"94\">Technical<\/td>\n<td width=\"76\">Cloudflare<\/td>\n<td width=\"66\">USA<\/td>\n<td width=\"82\">Adequacy Decision (Article 45.1 of the GDPR)<\/td>\n<td width=\"106\">Access to Cloudflare&#8217;s adherence to the Data Privacy Framework<\/p>\n<p><a href=\"https:\/\/www.cloudflare.com\/es-es\/privacypolicy\/\">here<\/a><\/td>\n<\/tr>\n<tr>\n<td width=\"275\"><strong> <\/strong><\/p>\n<p><strong>_fbp<\/strong><\/p>\n<p><strong> <\/strong><\/p>\n<p><strong> <\/strong><\/td>\n<td width=\"94\">Advertising<\/td>\n<td width=\"76\">Meta Platforms, Inc.<\/td>\n<td width=\"66\">USA<\/td>\n<td width=\"82\">Adequacy Decision (Article 45.1 of the GDPR)<\/td>\n<td width=\"106\"><strong> <\/strong><\/p>\n<p>Access to Meta Platforms, Inc.&#8217;s adherence to the Data Privacy Framework: <a href=\"https:\/\/www.facebook.com\/privacy\/policies\/data_privacy_framework\">here<\/a>. <\/p>\n<p><strong> <\/strong><\/td>\n<\/tr>\n<tr>\n<td width=\"275\">&nbsp;<\/p>\n<p>&nbsp;<\/p>\n<p><strong>_hssc, _hssrc, _hstc, hubspotutk<\/strong><\/p>\n<p>&nbsp;<\/p>\n<p><strong> <\/strong><\/td>\n<td width=\"94\">Analytics<\/td>\n<td width=\"76\">HubSpot<\/td>\n<td width=\"66\">USA<\/td>\n<td width=\"82\">Adequacy Decision (Article 45.1 of the GDPR)<\/td>\n<td width=\"106\">Access to HubSpot&#8217;s adherence to the Data Privacy Framework:<\/p>\n<p><a href=\"https:\/\/legal.hubspot.com\/dpa\">here<\/a><\/td>\n<\/tr>\n<\/tbody>\n<\/table>\n<p>You can find information on data transfers to third countries, if any, carried out by the third parties identified in this cookie policy in their respective policies (links provided in the &#8220;Third-party cookies&#8221; section)<\/p>\n<ol start=\"6\">\n<li><strong>Rights of data subjects<\/strong><\/li>\n<\/ol>\n<p>We remind you that data protection regulations, in Articles 15 to 22 of the GDPR, allow data subjects to exercise the rights of access, rectification, erasure (&#8220;right to be forgotten&#8221;), objection, data portability, restriction of processing, and the right to object to automated decisions (including profiling).<\/p>\n<p>You can exercise them at our physical address located at Gran V\u00eda Marqu\u00e9s del T\u00faria, 19. 46005 (Valencia) as well as via email at <a href=\"mailto:protecciondatos@oceanografic.org\">protecciondatos@oceanografic.org<\/a> and contact our Data Protection Officer through said email. You can obtain more information about the processing of your data in our <a href=\"https:\/\/www.oceanografic.org\/en\/politica-de-privacidad\/\">privacy policy<\/a>.  <\/p>\n<ol start=\"7\">\n<li><strong>Retention periods<\/strong><\/li>\n<\/ol>\n<p>In compliance with Article 13.2.a) of the GDPR, we inform you that cookies will be installed for a specific period of time. In this regard, if you wish to consult the retention periods and obtain more information on this point, you should consult the &#8220;expiry&#8221; column in section &#8220;3. What cookies do we use?&#8221;. <\/p>\n<ol start=\"8\">\n<li><strong>Can the Cookie Policy be modified?<\/strong><\/li>\n<\/ol>\n<p>Avanqua Oceanogr\u00e0fic S.L may modify this Cookie Policy based on legislative or regulatory requirements, or in order to adapt said policy to the instructions issued by European and\/or national supervisory authorities (in our case, the Spanish Data Protection Agency), therefore users are advised to visit it periodically.<\/p>\n<p>When significant changes occur in this Cookie Policy, they will be communicated to users either through the website or via email to registered users.<\/p>\n<p>Finally, you can consult our <a href=\"https:\/\/www.oceanografic.org\/en\/politica-de-privacidad\/\">privacy policy<\/a> for additional information (Article 13 of the GDPR) on the processing of your personal data carried out by Avanqua Oceanogr\u00e0fic S.L<\/p>\n","protected":false},"excerpt":{"rendered":"<p>What are cookies? The website owned by Avanqua Oceanogr\u00e0fic S.L (hereinafter referred to as &#8220;the website&#8221;) uses cookies and\/or similar technologies that store and retrieve information when you browse. In general, these technologies can serve various purposes, such as recognizing you as a user, obtaining information about your browsing habits, or customizing how content is&hellip; <a class=\"arrow\" href=\"https:\/\/www.oceanografic.org\/en\/politica-de-cookies\/\">Continued<\/a><\/p>\n","protected":false},"author":15,"featured_media":0,"parent":0,"menu_order":0,"comment_status":"closed","ping_status":"closed","template":"","meta":{"_acf_changed":false,"footnotes":""},"class_list":["post-42690","page","type-page","status-publish","hentry"],"acf":[],"yoast_head":"<!-- This site is optimized with the Yoast SEO plugin v27.5 - https:\/\/yoast.com\/product\/yoast-seo-wordpress\/ -->\n<title>Cookie Policy - Oceanogr\u00e0fic de Val\u00e8ncia<\/title>\n<meta name=\"robots\" content=\"index, follow, max-snippet:-1, max-image-preview:large, max-video-preview:-1\" \/>\n<link rel=\"canonical\" href=\"https:\/\/www.oceanografic.org\/en\/politica-de-cookies\/\" \/>\n<meta property=\"og:locale\" content=\"en_US\" \/>\n<meta property=\"og:type\" content=\"article\" \/>\n<meta property=\"og:title\" content=\"Cookie Policy - Oceanogr\u00e0fic de Val\u00e8ncia\" \/>\n<meta property=\"og:description\" content=\"What are cookies? The website owned by Avanqua Oceanogr\u00e0fic S.L (hereinafter referred to as &#8220;the website&#8221;) uses cookies and\/or similar technologies that store and retrieve information when you browse. In general, these technologies can serve various purposes, such as recognizing you as a user, obtaining information about your browsing habits, or customizing how content is&hellip; Continued\" \/>\n<meta property=\"og:url\" content=\"https:\/\/www.oceanografic.org\/en\/politica-de-cookies\/\" \/>\n<meta property=\"og:site_name\" content=\"Oceanogr\u00e0fic de Val\u00e8ncia\" \/>\n<meta property=\"article:publisher\" content=\"https:\/\/www.facebook.com\/oceanograficvl\" \/>\n<meta property=\"article:modified_time\" content=\"2026-04-16T12:44:18+00:00\" \/>\n<meta name=\"twitter:card\" content=\"summary_large_image\" \/>\n<meta name=\"twitter:site\" content=\"@Oceanografic_vl\" \/>\n<meta name=\"twitter:label1\" content=\"Est. reading time\" \/>\n\t<meta name=\"twitter:data1\" content=\"8 minutes\" \/>\n<script type=\"application\/ld+json\" class=\"yoast-schema-graph\">{\"@context\":\"https:\\\/\\\/schema.org\",\"@graph\":[{\"@type\":\"WebPage\",\"@id\":\"https:\\\/\\\/www.oceanografic.org\\\/en\\\/politica-de-cookies\\\/\",\"url\":\"https:\\\/\\\/www.oceanografic.org\\\/en\\\/politica-de-cookies\\\/\",\"name\":\"Cookie Policy - Oceanogr\u00e0fic de Val\u00e8ncia\",\"isPartOf\":{\"@id\":\"https:\\\/\\\/www.oceanografic.org\\\/en\\\/#website\"},\"datePublished\":\"2024-07-17T07:36:52+00:00\",\"dateModified\":\"2026-04-16T12:44:18+00:00\",\"breadcrumb\":{\"@id\":\"https:\\\/\\\/www.oceanografic.org\\\/en\\\/politica-de-cookies\\\/#breadcrumb\"},\"inLanguage\":\"en-US\",\"potentialAction\":[{\"@type\":\"ReadAction\",\"target\":[\"https:\\\/\\\/www.oceanografic.org\\\/en\\\/politica-de-cookies\\\/\"]}]},{\"@type\":\"BreadcrumbList\",\"@id\":\"https:\\\/\\\/www.oceanografic.org\\\/en\\\/politica-de-cookies\\\/#breadcrumb\",\"itemListElement\":[{\"@type\":\"ListItem\",\"position\":1,\"name\":\"Portada\",\"item\":\"https:\\\/\\\/www.oceanografic.org\\\/en\\\/\"},{\"@type\":\"ListItem\",\"position\":2,\"name\":\"Cookie Policy\"}]},{\"@type\":\"WebSite\",\"@id\":\"https:\\\/\\\/www.oceanografic.org\\\/en\\\/#website\",\"url\":\"https:\\\/\\\/www.oceanografic.org\\\/en\\\/\",\"name\":\"Oceanogr\u00e0fic de Val\u00e8ncia\",\"description\":\"\",\"publisher\":{\"@id\":\"https:\\\/\\\/www.oceanografic.org\\\/en\\\/#organization\"},\"potentialAction\":[{\"@type\":\"SearchAction\",\"target\":{\"@type\":\"EntryPoint\",\"urlTemplate\":\"https:\\\/\\\/www.oceanografic.org\\\/en\\\/?s={search_term_string}\"},\"query-input\":{\"@type\":\"PropertyValueSpecification\",\"valueRequired\":true,\"valueName\":\"search_term_string\"}}],\"inLanguage\":\"en-US\"},{\"@type\":\"Organization\",\"@id\":\"https:\\\/\\\/www.oceanografic.org\\\/en\\\/#organization\",\"name\":\"Oceanogr\u00e0fic de Val\u00e8ncia\",\"url\":\"https:\\\/\\\/www.oceanografic.org\\\/en\\\/\",\"logo\":{\"@type\":\"ImageObject\",\"inLanguage\":\"en-US\",\"@id\":\"https:\\\/\\\/www.oceanografic.org\\\/en\\\/#\\\/schema\\\/logo\\\/image\\\/\",\"url\":\"https:\\\/\\\/www.oceanografic.org\\\/wp-content\\\/uploads\\\/2024\\\/10\\\/Logo-OCE.png\",\"contentUrl\":\"https:\\\/\\\/www.oceanografic.org\\\/wp-content\\\/uploads\\\/2024\\\/10\\\/Logo-OCE.png\",\"width\":3543,\"height\":1286,\"caption\":\"Oceanogr\u00e0fic de Val\u00e8ncia\"},\"image\":{\"@id\":\"https:\\\/\\\/www.oceanografic.org\\\/en\\\/#\\\/schema\\\/logo\\\/image\\\/\"},\"sameAs\":[\"https:\\\/\\\/www.facebook.com\\\/oceanograficvl\",\"https:\\\/\\\/x.com\\\/Oceanografic_vl\"]}]}<\/script>\n<!-- \/ Yoast SEO plugin. -->","yoast_head_json":{"title":"Cookie Policy - Oceanogr\u00e0fic de Val\u00e8ncia","robots":{"index":"index","follow":"follow","max-snippet":"max-snippet:-1","max-image-preview":"max-image-preview:large","max-video-preview":"max-video-preview:-1"},"canonical":"https:\/\/www.oceanografic.org\/en\/politica-de-cookies\/","og_locale":"en_US","og_type":"article","og_title":"Cookie Policy - Oceanogr\u00e0fic de Val\u00e8ncia","og_description":"What are cookies? The website owned by Avanqua Oceanogr\u00e0fic S.L (hereinafter referred to as &#8220;the website&#8221;) uses cookies and\/or similar technologies that store and retrieve information when you browse. In general, these technologies can serve various purposes, such as recognizing you as a user, obtaining information about your browsing habits, or customizing how content is&hellip; Continued","og_url":"https:\/\/www.oceanografic.org\/en\/politica-de-cookies\/","og_site_name":"Oceanogr\u00e0fic de Val\u00e8ncia","article_publisher":"https:\/\/www.facebook.com\/oceanograficvl","article_modified_time":"2026-04-16T12:44:18+00:00","twitter_card":"summary_large_image","twitter_site":"@Oceanografic_vl","twitter_misc":{"Est. reading time":"8 minutes"},"schema":{"@context":"https:\/\/schema.org","@graph":[{"@type":"WebPage","@id":"https:\/\/www.oceanografic.org\/en\/politica-de-cookies\/","url":"https:\/\/www.oceanografic.org\/en\/politica-de-cookies\/","name":"Cookie Policy - Oceanogr\u00e0fic de Val\u00e8ncia","isPartOf":{"@id":"https:\/\/www.oceanografic.org\/en\/#website"},"datePublished":"2024-07-17T07:36:52+00:00","dateModified":"2026-04-16T12:44:18+00:00","breadcrumb":{"@id":"https:\/\/www.oceanografic.org\/en\/politica-de-cookies\/#breadcrumb"},"inLanguage":"en-US","potentialAction":[{"@type":"ReadAction","target":["https:\/\/www.oceanografic.org\/en\/politica-de-cookies\/"]}]},{"@type":"BreadcrumbList","@id":"https:\/\/www.oceanografic.org\/en\/politica-de-cookies\/#breadcrumb","itemListElement":[{"@type":"ListItem","position":1,"name":"Portada","item":"https:\/\/www.oceanografic.org\/en\/"},{"@type":"ListItem","position":2,"name":"Cookie Policy"}]},{"@type":"WebSite","@id":"https:\/\/www.oceanografic.org\/en\/#website","url":"https:\/\/www.oceanografic.org\/en\/","name":"Oceanogr\u00e0fic de Val\u00e8ncia","description":"","publisher":{"@id":"https:\/\/www.oceanografic.org\/en\/#organization"},"potentialAction":[{"@type":"SearchAction","target":{"@type":"EntryPoint","urlTemplate":"https:\/\/www.oceanografic.org\/en\/?s={search_term_string}"},"query-input":{"@type":"PropertyValueSpecification","valueRequired":true,"valueName":"search_term_string"}}],"inLanguage":"en-US"},{"@type":"Organization","@id":"https:\/\/www.oceanografic.org\/en\/#organization","name":"Oceanogr\u00e0fic de Val\u00e8ncia","url":"https:\/\/www.oceanografic.org\/en\/","logo":{"@type":"ImageObject","inLanguage":"en-US","@id":"https:\/\/www.oceanografic.org\/en\/#\/schema\/logo\/image\/","url":"https:\/\/www.oceanografic.org\/wp-content\/uploads\/2024\/10\/Logo-OCE.png","contentUrl":"https:\/\/www.oceanografic.org\/wp-content\/uploads\/2024\/10\/Logo-OCE.png","width":3543,"height":1286,"caption":"Oceanogr\u00e0fic de Val\u00e8ncia"},"image":{"@id":"https:\/\/www.oceanografic.org\/en\/#\/schema\/logo\/image\/"},"sameAs":["https:\/\/www.facebook.com\/oceanograficvl","https:\/\/x.com\/Oceanografic_vl"]}]}},"_links":{"self":[{"href":"https:\/\/www.oceanografic.org\/en\/wp-json\/wp\/v2\/pages\/42690","targetHints":{"allow":["GET"]}}],"collection":[{"href":"https:\/\/www.oceanografic.org\/en\/wp-json\/wp\/v2\/pages"}],"about":[{"href":"https:\/\/www.oceanografic.org\/en\/wp-json\/wp\/v2\/types\/page"}],"author":[{"embeddable":true,"href":"https:\/\/www.oceanografic.org\/en\/wp-json\/wp\/v2\/users\/15"}],"replies":[{"embeddable":true,"href":"https:\/\/www.oceanografic.org\/en\/wp-json\/wp\/v2\/comments?post=42690"}],"version-history":[{"count":1,"href":"https:\/\/www.oceanografic.org\/en\/wp-json\/wp\/v2\/pages\/42690\/revisions"}],"predecessor-version":[{"id":110233,"href":"https:\/\/www.oceanografic.org\/en\/wp-json\/wp\/v2\/pages\/42690\/revisions\/110233"}],"wp:attachment":[{"href":"https:\/\/www.oceanografic.org\/en\/wp-json\/wp\/v2\/media?parent=42690"}],"curies":[{"name":"wp","href":"https:\/\/api.w.org\/{rel}","templated":true}]}}