{"id":42407,"date":"2024-07-02T07:00:24","date_gmt":"2024-07-02T07:00:24","guid":{"rendered":"https:\/\/www.oceanografic.local\/?page_id=42407"},"modified":"2025-02-28T09:00:28","modified_gmt":"2025-02-28T09:00:28","slug":"legal-notice","status":"publish","type":"page","link":"https:\/\/www.oceanografic.org\/en\/legal-notice\/","title":{"rendered":"Legal Notice"},"content":{"rendered":"<h5><strong>Company name<\/strong><\/h5>\n<p>Avanqua Oceanogr\u00e0fic S.L<\/p>\n<h5><strong>NIF<\/strong><\/h5>\n<p>B-98725252<\/p>\n<h5><strong>Registered Office<\/strong><\/h5>\n<p>Gran V\u00eda Marqu\u00e9s del T\u00faria, 19. 46005 (Valencia)<\/p>\n<h5><strong>E-mail adress<\/strong><\/h5>\n<p><a href=\"mailto:info@oceanografic.org\">info@oceanografic.org<\/a><\/p>\n<h5><strong>Details of registration in the commercial register<\/strong><\/h5>\n<p class=\"x_MsoNormal\">N\u00fam. 511089.<\/p>\n<p class=\"x_MsoNormal\">Tomo: T 9959,<\/p>\n<p class=\"x_MsoNormal\">Libro: L 7241,<\/p>\n<p class=\"x_MsoNormal\">Folio: F 114,<\/p>\n<p class=\"x_MsoNormal\">Secci\u00f3n: S 8,<\/p>\n<p class=\"x_MsoNormal\">Hoja: H V 164783, I\/A 15<\/p>\n<p><strong>1. INTRODUCTION<\/strong><\/p>\n<p>These TERMS AND CONDITIONS OF USE OF THE WEBSITE regulate the terms and conditions of access and use of https:\/\/www.oceanografic.org\/, hereinafter the &#8220;Web Site&#8221;, owned by Avanqua Oceanogr\u00e0fic S.L., with registered address at Gran V\u00eda Marqu\u00e9s del T\u00faria, 19. 46005 (Valencia) and with Tax Identification Number B-98725252, which the user of the Web Site must read and accept in order to use all the services and information provided by the Web Site.<\/p>\n<p>The user and Avanqua Oceanogr\u00e0fic S.L., owner of the Web Site, may be jointly referred to as the parts.<\/p>\n<p>Simply accessing or using the Web Site and all or part of its contents and services means full acceptance of these conditions of use. The provision and use of the Website is understood to be subject to strict compliance with the terms set out in these conditions of use of the Website.<\/p>\n<p><strong>2. TERMS AND CONDITIONS OF USE<\/strong><\/p>\n<p>These terms and conditions of use of the Web Site, hereinafter &#8220;TERMS AND CONDITIONS OF USE OF THE WEB SITE&#8221; regulate access to and use of the Web Site, including the content and services made available to users on and\/or through the Web Site, either by Avanqua Oceanogr\u00e0fic S.L., by its users or by any third party. However, access to and use of certain content and\/or services may be subject to certain specific conditions.<\/p>\n<p><strong>3. MODIFICATIONS<\/strong><\/p>\n<p>Avanqua Oceanogr\u00e0fic S.L. reserves the right to modify these Terms and Conditions of Use at any time. In any case, it is recommended that you consult them periodically, as they may be modified.<\/p>\n<p><strong>4. INFORMATION AND SERVICES:<\/strong><\/p>\n<p>Users can access different types of information and services through the Web Site. Avanqua Oceanogr\u00e0fic S.L. reserves the right to modify, at any time and without prior notice, the presentation and configuration of the information and services offered on the Web Site. The user expressly acknowledges and accepts that Avanqua Oceanogr\u00e0fic S.L. may at any time interrupt, deactivate and\/or cancel any information or service. Avanqua Oceanogr\u00e0fic S.L. will make its best efforts to try to guarantee the availability and accessibility of the Web Site. However, on occasion, for reasons of maintenance, updating, change of location, etc., access to the Web Site may be interrupted.<\/p>\n<p><strong>5. AVAILABILITY OF THE INFORMATION AND SERVICES OF THE WEB SITE:<\/strong><\/p>\n<p>Avanqua Oceanogr\u00e0fic S.L. does not guarantee the continuous and permanent availability of the services, and is thus exonerated from any liability for possible damages caused as a result of the unavailability of the service due to force majeure or errors in the telematic data transfer networks, beyond its control, or due to disconnections caused by work to improve or maintain the equipment and computer systems.<\/p>\n<p>In these cases, Avanqua Oceanogr\u00e0fic S.L. will make its best efforts to restore the services to their full availability, as well as to notify of their possible unavailability. Avanqua Oceanogr\u00e0fic S.L. shall not be held responsible for any interruption, suspension or termination of the information or services. Likewise, Avanqua Oceanogr\u00e0fic S.L. shall not be held liable for any possible omissions, loss of information, data, configurations, improper access or breach of confidentiality caused by technical problems, communications or human omissions, caused by third parties or not attributable to Avanqua Oceanogr\u00e0fic S.L. Nor shall it be held liable for any damage caused by computer attacks or caused by viruses affecting computer programmes, communications systems or equipment used by Avanqua Oceanogr\u00e0fic S.L. but manufactured or provided by a third party.<\/p>\n<p>Avanqua Oceanogr\u00e0fic S.L. may, at its sole discretion, refuse, withdraw, suspend and\/or block access to information and services at any time and without prior notice to users who do not comply with these rules.<\/p>\n<p><strong>6. RESPONSIBILITY OF THE WEBSITE:<\/strong><\/p>\n<p>Except in cases where the law expressly requires otherwise, and only to the extent and extent that it does so, Avanqua Oceanogr\u00e0fic S.L. does not guarantee or assume any liability whatsoever for any possible damages caused by the use and utilisation of the information, data and services of the Web Site.<\/p>\n<p>In any case, Avanqua Oceanogr\u00e0fic S.L. is excluded from any liability for any damages that may be due to the information and\/or services provided or supplied by third parties other than Avanqua Oceanogr\u00e0fic S.L. All liability shall be that of the third party, whether it be a supplier or collaborator.<\/p>\n<p><strong>7. USER OBLIGATIONS<\/strong><\/p>\n<p>The user must respect these Terms and Conditions of Use at all times. The user expressly declares that he\/she will use the Website diligently and assumes any liability that may arise from non-compliance with the rules.<\/p>\n<p>The user undertakes, in those cases in which he\/she is asked for data or information, not to falsify his\/her identity by impersonating any other person. The user accepts that the use of the Website shall be for strictly personal, private and particular purposes. The user may not use the Website for activities contrary to the law, morality and public order, or for purposes that are prohibited or that violate or infringe the rights of third parties.<\/p>\n<p>Likewise, the dissemination, storage and\/or management of data or content that infringes the rights of third parties or any regulations governing intellectual or industrial property rights is prohibited.<\/p>\n<p>The user may not use the Web Site to transmit, store, disseminate, promote or distribute data or contents that contain viruses or any other computer code, files or programmes designed to interrupt, destroy or damage the operation of any computer or telecommunications programme or equipment.<\/p>\n<p>The user undertakes to indemnify and hold Avanqua Oceanogr\u00e0fic S.L. harmless for any damage, harm, sanction, fine, penalty or compensation that Avanqua Oceanogr\u00e0fic S.L. may have to face as a result of the user&#8217;s failure to comply with the obligations contained in this document.<\/p>\n<p><strong>8. PERSONAL DATA<\/strong><\/p>\n<p>The personal information or data provided by the user will be processed in accordance with the provisions of the Privacy Policy included in this Web Site.<\/p>\n<p><strong>9. LINKS TO OTHER WEB SITES<\/strong><\/p>\n<p>Avanqua Oceanogr\u00e0fic S.L. neither guarantees nor accepts any liability whatsoever for any damages suffered as a result of access to the Services of third parties through connections, links or links to the linked sites, nor for the accuracy or reliability of the same. The function of the links that appear is exclusively to inform the Client of the existence of other sources of information on the Internet, where he\/she may expand the Services offered by the Portal. Avanqua Oceanogr\u00e0fic S.L. shall in no case be responsible for the results obtained through these links or for the consequences arising from access to them by Clients. These third-party services are provided by third parties, so Avanqua Oceanogr\u00e0fic S.L. cannot and does not control the legality of the Services or their quality. Consequently, the Client must exercise extreme caution when evaluating and using the information and services contained in the contents of third parties.<\/p>\n<p><strong>10. INTELLECTUAL AND INDUSTRIAL PROPERTY<\/strong><\/p>\n<p>All content, trademarks, logos, drawings, documentation, computer programs or any other element subject to protection under intellectual or industrial property legislation that may be accessible on the Web Site belong exclusively to Avanqua Oceanogr\u00e0fic S.L. or to their legitimate owners, and all rights over them are expressly reserved. The creation of hypertext links to any part of the Web Site is expressly forbidden without the authorisation of Avanqua Oceanogr\u00e0fic S.L., provided that they do not lead to a section of the Web Site that does not require identification or authentication for access, or that access is restricted.<\/p>\n<p>In any case, Avanqua Oceanogr\u00e0fic S.L. reserves all rights over the content, information, data and services it holds. Avanqua Oceanogr\u00e0fic S.L. does not grant any licence or authorisation for the use of its contents, data or services to the user other than that expressly detailed in these Avanqua Oceanogr\u00e0fic S.L.<\/p>\n<p><strong>11. APPLICABLE LAW, COMPETENT JURISDICTION AND NOTICES<\/strong><\/p>\n<p>These Terms and Conditions of Use are governed by and construed in accordance with the laws of Spain. The courts and tribunals of Spain shall have jurisdiction over any claim. All notifications, requests, petitions and other communications that the User may wish to make to Avanqua Oceanogr\u00e0fic S.L., owner of this Web Site, must be made in writing and shall be understood to have been correctly made when they have been received at the following address info@oceanografic.org.<\/p>\n<p><strong>12. CODES OF CONDUCT<\/strong><\/p>\n<p>The Oceanogr\u00e0fic of Valencia is guided by principles of transparency, responsibility, and commitment to sustainability, animal welfare, and environmental education. To ensure compliance with best practices, we adhere to various codes of conduct, behavioral recommendations, and regulations from nationally and internationally recognized entities. <a href=\"https:\/\/www.oceanografic.org\/en\/nuestro-compromiso\/\">Here<\/a>, you can find all the information.<\/p>\n","protected":false},"excerpt":{"rendered":"<p>Company name Avanqua Oceanogr\u00e0fic S.L NIF B-98725252 Registered Office Gran V\u00eda Marqu\u00e9s del T\u00faria, 19. 46005 (Valencia) E-mail adress info@oceanografic.org Details of registration in the commercial register N\u00fam. 511089. Tomo: T 9959, Libro: L 7241, Folio: F 114, Secci\u00f3n: S 8, Hoja: H V 164783, I\/A 15 1. INTRODUCTION These TERMS AND CONDITIONS OF USE&hellip; <a class=\"arrow\" href=\"https:\/\/www.oceanografic.org\/en\/legal-notice\/\">Continued<\/a><\/p>\n","protected":false},"author":15,"featured_media":0,"parent":0,"menu_order":0,"comment_status":"closed","ping_status":"closed","template":"template-legal.php","meta":{"_acf_changed":false,"footnotes":""},"class_list":["post-42407","page","type-page","status-publish","hentry"],"acf":[],"yoast_head":"<!-- This site is optimized with the Yoast SEO plugin v27.4 - https:\/\/yoast.com\/product\/yoast-seo-wordpress\/ -->\n<title>Legal Notice - Oceanogr\u00e0fic de Val\u00e8ncia<\/title>\n<meta name=\"robots\" content=\"index, follow, max-snippet:-1, max-image-preview:large, max-video-preview:-1\" \/>\n<link rel=\"canonical\" href=\"https:\/\/www.oceanografic.org\/en\/legal-notice\/\" \/>\n<meta property=\"og:locale\" content=\"en_US\" \/>\n<meta property=\"og:type\" content=\"article\" \/>\n<meta property=\"og:title\" content=\"Legal Notice - Oceanogr\u00e0fic de Val\u00e8ncia\" \/>\n<meta property=\"og:description\" content=\"Company name Avanqua Oceanogr\u00e0fic S.L NIF B-98725252 Registered Office Gran V\u00eda Marqu\u00e9s del T\u00faria, 19. 46005 (Valencia) E-mail adress info@oceanografic.org Details of registration in the commercial register N\u00fam. 511089. Tomo: T 9959, Libro: L 7241, Folio: F 114, Secci\u00f3n: S 8, Hoja: H V 164783, I\/A 15 1. INTRODUCTION These TERMS AND CONDITIONS OF USE&hellip; Continued\" \/>\n<meta property=\"og:url\" content=\"https:\/\/www.oceanografic.org\/en\/legal-notice\/\" \/>\n<meta property=\"og:site_name\" content=\"Oceanogr\u00e0fic de Val\u00e8ncia\" \/>\n<meta property=\"article:publisher\" content=\"https:\/\/www.facebook.com\/oceanograficvl\" \/>\n<meta property=\"article:modified_time\" content=\"2025-02-28T09:00:28+00:00\" \/>\n<meta name=\"twitter:card\" content=\"summary_large_image\" \/>\n<meta name=\"twitter:site\" content=\"@Oceanografic_vl\" \/>\n<meta name=\"twitter:label1\" content=\"Est. reading time\" \/>\n\t<meta name=\"twitter:data1\" content=\"7 minutes\" \/>\n<script type=\"application\/ld+json\" class=\"yoast-schema-graph\">{\"@context\":\"https:\\\/\\\/schema.org\",\"@graph\":[{\"@type\":\"WebPage\",\"@id\":\"https:\\\/\\\/www.oceanografic.org\\\/en\\\/legal-notice\\\/\",\"url\":\"https:\\\/\\\/www.oceanografic.org\\\/en\\\/legal-notice\\\/\",\"name\":\"Legal Notice - Oceanogr\u00e0fic de Val\u00e8ncia\",\"isPartOf\":{\"@id\":\"https:\\\/\\\/www.oceanografic.org\\\/en\\\/#website\"},\"datePublished\":\"2024-07-02T07:00:24+00:00\",\"dateModified\":\"2025-02-28T09:00:28+00:00\",\"breadcrumb\":{\"@id\":\"https:\\\/\\\/www.oceanografic.org\\\/en\\\/legal-notice\\\/#breadcrumb\"},\"inLanguage\":\"en-US\",\"potentialAction\":[{\"@type\":\"ReadAction\",\"target\":[\"https:\\\/\\\/www.oceanografic.org\\\/en\\\/legal-notice\\\/\"]}]},{\"@type\":\"BreadcrumbList\",\"@id\":\"https:\\\/\\\/www.oceanografic.org\\\/en\\\/legal-notice\\\/#breadcrumb\",\"itemListElement\":[{\"@type\":\"ListItem\",\"position\":1,\"name\":\"Portada\",\"item\":\"https:\\\/\\\/www.oceanografic.org\\\/en\\\/\"},{\"@type\":\"ListItem\",\"position\":2,\"name\":\"Legal Notice\"}]},{\"@type\":\"WebSite\",\"@id\":\"https:\\\/\\\/www.oceanografic.org\\\/en\\\/#website\",\"url\":\"https:\\\/\\\/www.oceanografic.org\\\/en\\\/\",\"name\":\"Oceanogr\u00e0fic de Val\u00e8ncia\",\"description\":\"\",\"publisher\":{\"@id\":\"https:\\\/\\\/www.oceanografic.org\\\/en\\\/#organization\"},\"potentialAction\":[{\"@type\":\"SearchAction\",\"target\":{\"@type\":\"EntryPoint\",\"urlTemplate\":\"https:\\\/\\\/www.oceanografic.org\\\/en\\\/?s={search_term_string}\"},\"query-input\":{\"@type\":\"PropertyValueSpecification\",\"valueRequired\":true,\"valueName\":\"search_term_string\"}}],\"inLanguage\":\"en-US\"},{\"@type\":\"Organization\",\"@id\":\"https:\\\/\\\/www.oceanografic.org\\\/en\\\/#organization\",\"name\":\"Oceanogr\u00e0fic de Val\u00e8ncia\",\"url\":\"https:\\\/\\\/www.oceanografic.org\\\/en\\\/\",\"logo\":{\"@type\":\"ImageObject\",\"inLanguage\":\"en-US\",\"@id\":\"https:\\\/\\\/www.oceanografic.org\\\/en\\\/#\\\/schema\\\/logo\\\/image\\\/\",\"url\":\"https:\\\/\\\/www.oceanografic.org\\\/wp-content\\\/uploads\\\/2024\\\/10\\\/Logo-OCE.png\",\"contentUrl\":\"https:\\\/\\\/www.oceanografic.org\\\/wp-content\\\/uploads\\\/2024\\\/10\\\/Logo-OCE.png\",\"width\":3543,\"height\":1286,\"caption\":\"Oceanogr\u00e0fic de Val\u00e8ncia\"},\"image\":{\"@id\":\"https:\\\/\\\/www.oceanografic.org\\\/en\\\/#\\\/schema\\\/logo\\\/image\\\/\"},\"sameAs\":[\"https:\\\/\\\/www.facebook.com\\\/oceanograficvl\",\"https:\\\/\\\/x.com\\\/Oceanografic_vl\"]}]}<\/script>\n<!-- \/ Yoast SEO plugin. -->","yoast_head_json":{"title":"Legal Notice - Oceanogr\u00e0fic de Val\u00e8ncia","robots":{"index":"index","follow":"follow","max-snippet":"max-snippet:-1","max-image-preview":"max-image-preview:large","max-video-preview":"max-video-preview:-1"},"canonical":"https:\/\/www.oceanografic.org\/en\/legal-notice\/","og_locale":"en_US","og_type":"article","og_title":"Legal Notice - Oceanogr\u00e0fic de Val\u00e8ncia","og_description":"Company name Avanqua Oceanogr\u00e0fic S.L NIF B-98725252 Registered Office Gran V\u00eda Marqu\u00e9s del T\u00faria, 19. 46005 (Valencia) E-mail adress info@oceanografic.org Details of registration in the commercial register N\u00fam. 511089. Tomo: T 9959, Libro: L 7241, Folio: F 114, Secci\u00f3n: S 8, Hoja: H V 164783, I\/A 15 1. INTRODUCTION These TERMS AND CONDITIONS OF USE&hellip; Continued","og_url":"https:\/\/www.oceanografic.org\/en\/legal-notice\/","og_site_name":"Oceanogr\u00e0fic de Val\u00e8ncia","article_publisher":"https:\/\/www.facebook.com\/oceanograficvl","article_modified_time":"2025-02-28T09:00:28+00:00","twitter_card":"summary_large_image","twitter_site":"@Oceanografic_vl","twitter_misc":{"Est. reading time":"7 minutes"},"schema":{"@context":"https:\/\/schema.org","@graph":[{"@type":"WebPage","@id":"https:\/\/www.oceanografic.org\/en\/legal-notice\/","url":"https:\/\/www.oceanografic.org\/en\/legal-notice\/","name":"Legal Notice - Oceanogr\u00e0fic de Val\u00e8ncia","isPartOf":{"@id":"https:\/\/www.oceanografic.org\/en\/#website"},"datePublished":"2024-07-02T07:00:24+00:00","dateModified":"2025-02-28T09:00:28+00:00","breadcrumb":{"@id":"https:\/\/www.oceanografic.org\/en\/legal-notice\/#breadcrumb"},"inLanguage":"en-US","potentialAction":[{"@type":"ReadAction","target":["https:\/\/www.oceanografic.org\/en\/legal-notice\/"]}]},{"@type":"BreadcrumbList","@id":"https:\/\/www.oceanografic.org\/en\/legal-notice\/#breadcrumb","itemListElement":[{"@type":"ListItem","position":1,"name":"Portada","item":"https:\/\/www.oceanografic.org\/en\/"},{"@type":"ListItem","position":2,"name":"Legal Notice"}]},{"@type":"WebSite","@id":"https:\/\/www.oceanografic.org\/en\/#website","url":"https:\/\/www.oceanografic.org\/en\/","name":"Oceanogr\u00e0fic de Val\u00e8ncia","description":"","publisher":{"@id":"https:\/\/www.oceanografic.org\/en\/#organization"},"potentialAction":[{"@type":"SearchAction","target":{"@type":"EntryPoint","urlTemplate":"https:\/\/www.oceanografic.org\/en\/?s={search_term_string}"},"query-input":{"@type":"PropertyValueSpecification","valueRequired":true,"valueName":"search_term_string"}}],"inLanguage":"en-US"},{"@type":"Organization","@id":"https:\/\/www.oceanografic.org\/en\/#organization","name":"Oceanogr\u00e0fic de Val\u00e8ncia","url":"https:\/\/www.oceanografic.org\/en\/","logo":{"@type":"ImageObject","inLanguage":"en-US","@id":"https:\/\/www.oceanografic.org\/en\/#\/schema\/logo\/image\/","url":"https:\/\/www.oceanografic.org\/wp-content\/uploads\/2024\/10\/Logo-OCE.png","contentUrl":"https:\/\/www.oceanografic.org\/wp-content\/uploads\/2024\/10\/Logo-OCE.png","width":3543,"height":1286,"caption":"Oceanogr\u00e0fic de Val\u00e8ncia"},"image":{"@id":"https:\/\/www.oceanografic.org\/en\/#\/schema\/logo\/image\/"},"sameAs":["https:\/\/www.facebook.com\/oceanograficvl","https:\/\/x.com\/Oceanografic_vl"]}]}},"_links":{"self":[{"href":"https:\/\/www.oceanografic.org\/en\/wp-json\/wp\/v2\/pages\/42407","targetHints":{"allow":["GET"]}}],"collection":[{"href":"https:\/\/www.oceanografic.org\/en\/wp-json\/wp\/v2\/pages"}],"about":[{"href":"https:\/\/www.oceanografic.org\/en\/wp-json\/wp\/v2\/types\/page"}],"author":[{"embeddable":true,"href":"https:\/\/www.oceanografic.org\/en\/wp-json\/wp\/v2\/users\/15"}],"replies":[{"embeddable":true,"href":"https:\/\/www.oceanografic.org\/en\/wp-json\/wp\/v2\/comments?post=42407"}],"version-history":[{"count":1,"href":"https:\/\/www.oceanografic.org\/en\/wp-json\/wp\/v2\/pages\/42407\/revisions"}],"predecessor-version":[{"id":60483,"href":"https:\/\/www.oceanografic.org\/en\/wp-json\/wp\/v2\/pages\/42407\/revisions\/60483"}],"wp:attachment":[{"href":"https:\/\/www.oceanografic.org\/en\/wp-json\/wp\/v2\/media?parent=42407"}],"curies":[{"name":"wp","href":"https:\/\/api.w.org\/{rel}","templated":true}]}}