{"id":24193,"date":"2019-03-04T14:59:17","date_gmt":"2019-03-04T14:59:17","guid":{"rendered":"https:\/\/www.oceanografic.local\/tiburones\/"},"modified":"2019-12-18T08:34:04","modified_gmt":"2019-12-18T08:34:04","slug":"sharks","status":"publish","type":"page","link":"https:\/\/www.oceanografic.org\/en\/sharks\/","title":{"rendered":"Face to face with sharks"},"content":{"rendered":"<blockquote><p>Oceanogr\u00e0fic Val\u00e8ncia. The aquarium with the most sharks in Europe.<\/p><\/blockquote>\n<p>This 2020, the Oceanogr\u00e0fic Valencia proposes a trip through all seas with routes and specific activities to know the most iconic animal in all oceans: the shark.<\/p>\n<p>In very few places in the world can so many specimens of this species of this captivating animal be contemplated, and all together. In all, more than 100 sharks of 21 different species are on show for the public.<\/p>\n<p>Visit Europe\u2019s biggest aquarium and come face to face with sharks<\/p>\n","protected":false},"excerpt":{"rendered":"<p>Oceanogr\u00e0fic Val\u00e8ncia. The aquarium with the most sharks in Europe. This 2020, the Oceanogr\u00e0fic Valencia proposes a trip through all seas with routes and specific activities to know the most iconic animal in all oceans: the shark. In very few places in the world can so many specimens of this species of this captivating animal&hellip; <a class=\"arrow\" href=\"https:\/\/www.oceanografic.org\/en\/sharks\/\">Continued<\/a><\/p>\n","protected":false},"author":5,"featured_media":0,"parent":0,"menu_order":0,"comment_status":"closed","ping_status":"closed","template":"template-tiburones.php","meta":{"_acf_changed":false,"footnotes":""},"class_list":["post-24193","page","type-page","status-publish","hentry"],"acf":[],"yoast_head":"<!-- This site is optimized with the Yoast SEO plugin v27.5 - https:\/\/yoast.com\/product\/yoast-seo-wordpress\/ -->\n<title>Face to face with sharks - Oceanogr\u00e0fic de Val\u00e8ncia<\/title>\n<meta name=\"robots\" content=\"index, follow, max-snippet:-1, max-image-preview:large, max-video-preview:-1\" \/>\n<link rel=\"canonical\" href=\"https:\/\/www.oceanografic.org\/en\/sharks\/\" \/>\n<meta property=\"og:locale\" content=\"en_US\" \/>\n<meta property=\"og:type\" content=\"article\" \/>\n<meta property=\"og:title\" content=\"Face to face with sharks - Oceanogr\u00e0fic de Val\u00e8ncia\" \/>\n<meta property=\"og:description\" content=\"Oceanogr\u00e0fic Val\u00e8ncia. The aquarium with the most sharks in Europe. This 2020, the Oceanogr\u00e0fic Valencia proposes a trip through all seas with routes and specific activities to know the most iconic animal in all oceans: the shark. In very few places in the world can so many specimens of this species of this captivating animal&hellip; Continued\" \/>\n<meta property=\"og:url\" content=\"https:\/\/www.oceanografic.org\/en\/sharks\/\" \/>\n<meta property=\"og:site_name\" content=\"Oceanogr\u00e0fic de Val\u00e8ncia\" \/>\n<meta property=\"article:publisher\" content=\"https:\/\/www.facebook.com\/oceanograficvl\" \/>\n<meta property=\"article:modified_time\" content=\"2019-12-18T08:34:04+00:00\" \/>\n<meta name=\"twitter:card\" content=\"summary_large_image\" \/>\n<meta name=\"twitter:site\" content=\"@Oceanografic_vl\" \/>\n<script type=\"application\/ld+json\" class=\"yoast-schema-graph\">{\"@context\":\"https:\\\/\\\/schema.org\",\"@graph\":[{\"@type\":\"WebPage\",\"@id\":\"https:\\\/\\\/www.oceanografic.org\\\/en\\\/sharks\\\/\",\"url\":\"https:\\\/\\\/www.oceanografic.org\\\/en\\\/sharks\\\/\",\"name\":\"Face to face with sharks - Oceanogr\u00e0fic de Val\u00e8ncia\",\"isPartOf\":{\"@id\":\"https:\\\/\\\/www.oceanografic.org\\\/en\\\/#website\"},\"datePublished\":\"2019-03-04T14:59:17+00:00\",\"dateModified\":\"2019-12-18T08:34:04+00:00\",\"breadcrumb\":{\"@id\":\"https:\\\/\\\/www.oceanografic.org\\\/en\\\/sharks\\\/#breadcrumb\"},\"inLanguage\":\"en-US\",\"potentialAction\":[{\"@type\":\"ReadAction\",\"target\":[\"https:\\\/\\\/www.oceanografic.org\\\/en\\\/sharks\\\/\"]}]},{\"@type\":\"BreadcrumbList\",\"@id\":\"https:\\\/\\\/www.oceanografic.org\\\/en\\\/sharks\\\/#breadcrumb\",\"itemListElement\":[{\"@type\":\"ListItem\",\"position\":1,\"name\":\"Portada\",\"item\":\"https:\\\/\\\/www.oceanografic.org\\\/en\\\/\"},{\"@type\":\"ListItem\",\"position\":2,\"name\":\"Face to face with sharks\"}]},{\"@type\":\"WebSite\",\"@id\":\"https:\\\/\\\/www.oceanografic.org\\\/en\\\/#website\",\"url\":\"https:\\\/\\\/www.oceanografic.org\\\/en\\\/\",\"name\":\"Oceanogr\u00e0fic de Val\u00e8ncia\",\"description\":\"\",\"publisher\":{\"@id\":\"https:\\\/\\\/www.oceanografic.org\\\/en\\\/#organization\"},\"potentialAction\":[{\"@type\":\"SearchAction\",\"target\":{\"@type\":\"EntryPoint\",\"urlTemplate\":\"https:\\\/\\\/www.oceanografic.org\\\/en\\\/?s={search_term_string}\"},\"query-input\":{\"@type\":\"PropertyValueSpecification\",\"valueRequired\":true,\"valueName\":\"search_term_string\"}}],\"inLanguage\":\"en-US\"},{\"@type\":\"Organization\",\"@id\":\"https:\\\/\\\/www.oceanografic.org\\\/en\\\/#organization\",\"name\":\"Oceanogr\u00e0fic de Val\u00e8ncia\",\"url\":\"https:\\\/\\\/www.oceanografic.org\\\/en\\\/\",\"logo\":{\"@type\":\"ImageObject\",\"inLanguage\":\"en-US\",\"@id\":\"https:\\\/\\\/www.oceanografic.org\\\/en\\\/#\\\/schema\\\/logo\\\/image\\\/\",\"url\":\"https:\\\/\\\/www.oceanografic.org\\\/wp-content\\\/uploads\\\/2024\\\/10\\\/Logo-OCE.png\",\"contentUrl\":\"https:\\\/\\\/www.oceanografic.org\\\/wp-content\\\/uploads\\\/2024\\\/10\\\/Logo-OCE.png\",\"width\":3543,\"height\":1286,\"caption\":\"Oceanogr\u00e0fic de Val\u00e8ncia\"},\"image\":{\"@id\":\"https:\\\/\\\/www.oceanografic.org\\\/en\\\/#\\\/schema\\\/logo\\\/image\\\/\"},\"sameAs\":[\"https:\\\/\\\/www.facebook.com\\\/oceanograficvl\",\"https:\\\/\\\/x.com\\\/Oceanografic_vl\"]}]}<\/script>\n<!-- \/ Yoast SEO plugin. -->","yoast_head_json":{"title":"Face to face with sharks - Oceanogr\u00e0fic de Val\u00e8ncia","robots":{"index":"index","follow":"follow","max-snippet":"max-snippet:-1","max-image-preview":"max-image-preview:large","max-video-preview":"max-video-preview:-1"},"canonical":"https:\/\/www.oceanografic.org\/en\/sharks\/","og_locale":"en_US","og_type":"article","og_title":"Face to face with sharks - Oceanogr\u00e0fic de Val\u00e8ncia","og_description":"Oceanogr\u00e0fic Val\u00e8ncia. The aquarium with the most sharks in Europe. This 2020, the Oceanogr\u00e0fic Valencia proposes a trip through all seas with routes and specific activities to know the most iconic animal in all oceans: the shark. In very few places in the world can so many specimens of this species of this captivating animal&hellip; Continued","og_url":"https:\/\/www.oceanografic.org\/en\/sharks\/","og_site_name":"Oceanogr\u00e0fic de Val\u00e8ncia","article_publisher":"https:\/\/www.facebook.com\/oceanograficvl","article_modified_time":"2019-12-18T08:34:04+00:00","twitter_card":"summary_large_image","twitter_site":"@Oceanografic_vl","schema":{"@context":"https:\/\/schema.org","@graph":[{"@type":"WebPage","@id":"https:\/\/www.oceanografic.org\/en\/sharks\/","url":"https:\/\/www.oceanografic.org\/en\/sharks\/","name":"Face to face with sharks - Oceanogr\u00e0fic de Val\u00e8ncia","isPartOf":{"@id":"https:\/\/www.oceanografic.org\/en\/#website"},"datePublished":"2019-03-04T14:59:17+00:00","dateModified":"2019-12-18T08:34:04+00:00","breadcrumb":{"@id":"https:\/\/www.oceanografic.org\/en\/sharks\/#breadcrumb"},"inLanguage":"en-US","potentialAction":[{"@type":"ReadAction","target":["https:\/\/www.oceanografic.org\/en\/sharks\/"]}]},{"@type":"BreadcrumbList","@id":"https:\/\/www.oceanografic.org\/en\/sharks\/#breadcrumb","itemListElement":[{"@type":"ListItem","position":1,"name":"Portada","item":"https:\/\/www.oceanografic.org\/en\/"},{"@type":"ListItem","position":2,"name":"Face to face with sharks"}]},{"@type":"WebSite","@id":"https:\/\/www.oceanografic.org\/en\/#website","url":"https:\/\/www.oceanografic.org\/en\/","name":"Oceanogr\u00e0fic de Val\u00e8ncia","description":"","publisher":{"@id":"https:\/\/www.oceanografic.org\/en\/#organization"},"potentialAction":[{"@type":"SearchAction","target":{"@type":"EntryPoint","urlTemplate":"https:\/\/www.oceanografic.org\/en\/?s={search_term_string}"},"query-input":{"@type":"PropertyValueSpecification","valueRequired":true,"valueName":"search_term_string"}}],"inLanguage":"en-US"},{"@type":"Organization","@id":"https:\/\/www.oceanografic.org\/en\/#organization","name":"Oceanogr\u00e0fic de Val\u00e8ncia","url":"https:\/\/www.oceanografic.org\/en\/","logo":{"@type":"ImageObject","inLanguage":"en-US","@id":"https:\/\/www.oceanografic.org\/en\/#\/schema\/logo\/image\/","url":"https:\/\/www.oceanografic.org\/wp-content\/uploads\/2024\/10\/Logo-OCE.png","contentUrl":"https:\/\/www.oceanografic.org\/wp-content\/uploads\/2024\/10\/Logo-OCE.png","width":3543,"height":1286,"caption":"Oceanogr\u00e0fic de Val\u00e8ncia"},"image":{"@id":"https:\/\/www.oceanografic.org\/en\/#\/schema\/logo\/image\/"},"sameAs":["https:\/\/www.facebook.com\/oceanograficvl","https:\/\/x.com\/Oceanografic_vl"]}]}},"_links":{"self":[{"href":"https:\/\/www.oceanografic.org\/en\/wp-json\/wp\/v2\/pages\/24193","targetHints":{"allow":["GET"]}}],"collection":[{"href":"https:\/\/www.oceanografic.org\/en\/wp-json\/wp\/v2\/pages"}],"about":[{"href":"https:\/\/www.oceanografic.org\/en\/wp-json\/wp\/v2\/types\/page"}],"author":[{"embeddable":true,"href":"https:\/\/www.oceanografic.org\/en\/wp-json\/wp\/v2\/users\/5"}],"replies":[{"embeddable":true,"href":"https:\/\/www.oceanografic.org\/en\/wp-json\/wp\/v2\/comments?post=24193"}],"version-history":[{"count":0,"href":"https:\/\/www.oceanografic.org\/en\/wp-json\/wp\/v2\/pages\/24193\/revisions"}],"wp:attachment":[{"href":"https:\/\/www.oceanografic.org\/en\/wp-json\/wp\/v2\/media?parent=24193"}],"curies":[{"name":"wp","href":"https:\/\/api.w.org\/{rel}","templated":true}]}}