{"id":110010,"date":"2024-10-28T14:04:50","date_gmt":"2024-10-28T14:04:50","guid":{"rendered":"https:\/\/www.oceanografic.org\/organize-your-event\/"},"modified":"2024-10-28T14:04:50","modified_gmt":"2024-10-28T14:04:50","slug":"organize-your-event","status":"publish","type":"page","link":"https:\/\/www.oceanografic.org\/en\/organize-your-event\/","title":{"rendered":"Organize your event"},"content":{"rendered":"<blockquote><p>Organize any type of corporate event at the Oceanogr\u00e0fic de Val\u00e8ncia and enjoy an unparalleled setting.<\/p><\/blockquote>\n","protected":false},"excerpt":{"rendered":"<p>Organize any type of corporate event at the Oceanogr\u00e0fic de Val\u00e8ncia and enjoy an unparalleled setting.<\/p>\n","protected":false},"author":15,"featured_media":110059,"parent":0,"menu_order":0,"comment_status":"closed","ping_status":"closed","template":"template-blocks.php","meta":{"_acf_changed":false,"footnotes":""},"class_list":["post-110010","page","type-page","status-publish","has-post-thumbnail","hentry"],"acf":[],"yoast_head":"<!-- This site is optimized with the Yoast SEO plugin v27.4 - https:\/\/yoast.com\/product\/yoast-seo-wordpress\/ -->\n<title>Organize your event - Oceanogr\u00e0fic de Val\u00e8ncia<\/title>\n<meta name=\"description\" content=\"Organize any type of corporate event at the Oceanogr\u00e0fic de Val\u00e8ncia and enjoy an unparalleled setting.\" \/>\n<meta name=\"robots\" content=\"index, follow, max-snippet:-1, max-image-preview:large, max-video-preview:-1\" \/>\n<link rel=\"canonical\" href=\"https:\/\/www.oceanografic.org\/en\/organize-your-event\/\" \/>\n<meta property=\"og:locale\" content=\"en_US\" \/>\n<meta property=\"og:type\" content=\"article\" \/>\n<meta property=\"og:title\" content=\"Organize your event - Oceanogr\u00e0fic de Val\u00e8ncia\" \/>\n<meta property=\"og:description\" content=\"Organize any type of corporate event at the Oceanogr\u00e0fic de Val\u00e8ncia and enjoy an unparalleled setting.\" \/>\n<meta property=\"og:url\" content=\"https:\/\/www.oceanografic.org\/en\/organize-your-event\/\" \/>\n<meta property=\"og:site_name\" content=\"Oceanogr\u00e0fic de Val\u00e8ncia\" \/>\n<meta property=\"article:publisher\" content=\"https:\/\/www.facebook.com\/oceanograficvl\" \/>\n<meta property=\"og:image\" content=\"https:\/\/www.oceanografic.org\/wp-content\/uploads\/2025\/03\/05-Oceano-Atlantico.jpg\" \/>\n\t<meta property=\"og:image:width\" content=\"1500\" \/>\n\t<meta property=\"og:image:height\" content=\"964\" \/>\n\t<meta property=\"og:image:type\" content=\"image\/jpeg\" \/>\n<meta name=\"twitter:card\" content=\"summary_large_image\" \/>\n<meta name=\"twitter:site\" content=\"@Oceanografic_vl\" \/>\n<script type=\"application\/ld+json\" class=\"yoast-schema-graph\">{\"@context\":\"https:\\\/\\\/schema.org\",\"@graph\":[{\"@type\":\"WebPage\",\"@id\":\"https:\\\/\\\/www.oceanografic.org\\\/en\\\/organize-your-event\\\/\",\"url\":\"https:\\\/\\\/www.oceanografic.org\\\/en\\\/organize-your-event\\\/\",\"name\":\"Organize your event - Oceanogr\u00e0fic de Val\u00e8ncia\",\"isPartOf\":{\"@id\":\"https:\\\/\\\/www.oceanografic.org\\\/en\\\/#website\"},\"primaryImageOfPage\":{\"@id\":\"https:\\\/\\\/www.oceanografic.org\\\/en\\\/organize-your-event\\\/#primaryimage\"},\"image\":{\"@id\":\"https:\\\/\\\/www.oceanografic.org\\\/en\\\/organize-your-event\\\/#primaryimage\"},\"thumbnailUrl\":\"https:\\\/\\\/www.oceanografic.org\\\/wp-content\\\/uploads\\\/2025\\\/03\\\/05-Oceano-Atlantico.jpg\",\"datePublished\":\"2024-10-28T14:04:50+00:00\",\"description\":\"Organize any type of corporate event at the Oceanogr\u00e0fic de Val\u00e8ncia and enjoy an unparalleled setting.\",\"breadcrumb\":{\"@id\":\"https:\\\/\\\/www.oceanografic.org\\\/en\\\/organize-your-event\\\/#breadcrumb\"},\"inLanguage\":\"en-US\",\"potentialAction\":[{\"@type\":\"ReadAction\",\"target\":[\"https:\\\/\\\/www.oceanografic.org\\\/en\\\/organize-your-event\\\/\"]}]},{\"@type\":\"ImageObject\",\"inLanguage\":\"en-US\",\"@id\":\"https:\\\/\\\/www.oceanografic.org\\\/en\\\/organize-your-event\\\/#primaryimage\",\"url\":\"https:\\\/\\\/www.oceanografic.org\\\/wp-content\\\/uploads\\\/2025\\\/03\\\/05-Oceano-Atlantico.jpg\",\"contentUrl\":\"https:\\\/\\\/www.oceanografic.org\\\/wp-content\\\/uploads\\\/2025\\\/03\\\/05-Oceano-Atlantico.jpg\",\"width\":1500,\"height\":964},{\"@type\":\"BreadcrumbList\",\"@id\":\"https:\\\/\\\/www.oceanografic.org\\\/en\\\/organize-your-event\\\/#breadcrumb\",\"itemListElement\":[{\"@type\":\"ListItem\",\"position\":1,\"name\":\"Portada\",\"item\":\"https:\\\/\\\/www.oceanografic.org\\\/en\\\/\"},{\"@type\":\"ListItem\",\"position\":2,\"name\":\"Organize your event\"}]},{\"@type\":\"WebSite\",\"@id\":\"https:\\\/\\\/www.oceanografic.org\\\/en\\\/#website\",\"url\":\"https:\\\/\\\/www.oceanografic.org\\\/en\\\/\",\"name\":\"Oceanogr\u00e0fic de Val\u00e8ncia\",\"description\":\"\",\"publisher\":{\"@id\":\"https:\\\/\\\/www.oceanografic.org\\\/en\\\/#organization\"},\"potentialAction\":[{\"@type\":\"SearchAction\",\"target\":{\"@type\":\"EntryPoint\",\"urlTemplate\":\"https:\\\/\\\/www.oceanografic.org\\\/en\\\/?s={search_term_string}\"},\"query-input\":{\"@type\":\"PropertyValueSpecification\",\"valueRequired\":true,\"valueName\":\"search_term_string\"}}],\"inLanguage\":\"en-US\"},{\"@type\":\"Organization\",\"@id\":\"https:\\\/\\\/www.oceanografic.org\\\/en\\\/#organization\",\"name\":\"Oceanogr\u00e0fic de Val\u00e8ncia\",\"url\":\"https:\\\/\\\/www.oceanografic.org\\\/en\\\/\",\"logo\":{\"@type\":\"ImageObject\",\"inLanguage\":\"en-US\",\"@id\":\"https:\\\/\\\/www.oceanografic.org\\\/en\\\/#\\\/schema\\\/logo\\\/image\\\/\",\"url\":\"https:\\\/\\\/www.oceanografic.org\\\/wp-content\\\/uploads\\\/2024\\\/10\\\/Logo-OCE.png\",\"contentUrl\":\"https:\\\/\\\/www.oceanografic.org\\\/wp-content\\\/uploads\\\/2024\\\/10\\\/Logo-OCE.png\",\"width\":3543,\"height\":1286,\"caption\":\"Oceanogr\u00e0fic de Val\u00e8ncia\"},\"image\":{\"@id\":\"https:\\\/\\\/www.oceanografic.org\\\/en\\\/#\\\/schema\\\/logo\\\/image\\\/\"},\"sameAs\":[\"https:\\\/\\\/www.facebook.com\\\/oceanograficvl\",\"https:\\\/\\\/x.com\\\/Oceanografic_vl\"]}]}<\/script>\n<!-- \/ Yoast SEO plugin. -->","yoast_head_json":{"title":"Organize your event - Oceanogr\u00e0fic de Val\u00e8ncia","description":"Organize any type of corporate event at the Oceanogr\u00e0fic de Val\u00e8ncia and enjoy an unparalleled setting.","robots":{"index":"index","follow":"follow","max-snippet":"max-snippet:-1","max-image-preview":"max-image-preview:large","max-video-preview":"max-video-preview:-1"},"canonical":"https:\/\/www.oceanografic.org\/en\/organize-your-event\/","og_locale":"en_US","og_type":"article","og_title":"Organize your event - Oceanogr\u00e0fic de Val\u00e8ncia","og_description":"Organize any type of corporate event at the Oceanogr\u00e0fic de Val\u00e8ncia and enjoy an unparalleled setting.","og_url":"https:\/\/www.oceanografic.org\/en\/organize-your-event\/","og_site_name":"Oceanogr\u00e0fic de Val\u00e8ncia","article_publisher":"https:\/\/www.facebook.com\/oceanograficvl","og_image":[{"width":1500,"height":964,"url":"https:\/\/www.oceanografic.org\/wp-content\/uploads\/2025\/03\/05-Oceano-Atlantico.jpg","type":"image\/jpeg"}],"twitter_card":"summary_large_image","twitter_site":"@Oceanografic_vl","schema":{"@context":"https:\/\/schema.org","@graph":[{"@type":"WebPage","@id":"https:\/\/www.oceanografic.org\/en\/organize-your-event\/","url":"https:\/\/www.oceanografic.org\/en\/organize-your-event\/","name":"Organize your event - Oceanogr\u00e0fic de Val\u00e8ncia","isPartOf":{"@id":"https:\/\/www.oceanografic.org\/en\/#website"},"primaryImageOfPage":{"@id":"https:\/\/www.oceanografic.org\/en\/organize-your-event\/#primaryimage"},"image":{"@id":"https:\/\/www.oceanografic.org\/en\/organize-your-event\/#primaryimage"},"thumbnailUrl":"https:\/\/www.oceanografic.org\/wp-content\/uploads\/2025\/03\/05-Oceano-Atlantico.jpg","datePublished":"2024-10-28T14:04:50+00:00","description":"Organize any type of corporate event at the Oceanogr\u00e0fic de Val\u00e8ncia and enjoy an unparalleled setting.","breadcrumb":{"@id":"https:\/\/www.oceanografic.org\/en\/organize-your-event\/#breadcrumb"},"inLanguage":"en-US","potentialAction":[{"@type":"ReadAction","target":["https:\/\/www.oceanografic.org\/en\/organize-your-event\/"]}]},{"@type":"ImageObject","inLanguage":"en-US","@id":"https:\/\/www.oceanografic.org\/en\/organize-your-event\/#primaryimage","url":"https:\/\/www.oceanografic.org\/wp-content\/uploads\/2025\/03\/05-Oceano-Atlantico.jpg","contentUrl":"https:\/\/www.oceanografic.org\/wp-content\/uploads\/2025\/03\/05-Oceano-Atlantico.jpg","width":1500,"height":964},{"@type":"BreadcrumbList","@id":"https:\/\/www.oceanografic.org\/en\/organize-your-event\/#breadcrumb","itemListElement":[{"@type":"ListItem","position":1,"name":"Portada","item":"https:\/\/www.oceanografic.org\/en\/"},{"@type":"ListItem","position":2,"name":"Organize your event"}]},{"@type":"WebSite","@id":"https:\/\/www.oceanografic.org\/en\/#website","url":"https:\/\/www.oceanografic.org\/en\/","name":"Oceanogr\u00e0fic de Val\u00e8ncia","description":"","publisher":{"@id":"https:\/\/www.oceanografic.org\/en\/#organization"},"potentialAction":[{"@type":"SearchAction","target":{"@type":"EntryPoint","urlTemplate":"https:\/\/www.oceanografic.org\/en\/?s={search_term_string}"},"query-input":{"@type":"PropertyValueSpecification","valueRequired":true,"valueName":"search_term_string"}}],"inLanguage":"en-US"},{"@type":"Organization","@id":"https:\/\/www.oceanografic.org\/en\/#organization","name":"Oceanogr\u00e0fic de Val\u00e8ncia","url":"https:\/\/www.oceanografic.org\/en\/","logo":{"@type":"ImageObject","inLanguage":"en-US","@id":"https:\/\/www.oceanografic.org\/en\/#\/schema\/logo\/image\/","url":"https:\/\/www.oceanografic.org\/wp-content\/uploads\/2024\/10\/Logo-OCE.png","contentUrl":"https:\/\/www.oceanografic.org\/wp-content\/uploads\/2024\/10\/Logo-OCE.png","width":3543,"height":1286,"caption":"Oceanogr\u00e0fic de Val\u00e8ncia"},"image":{"@id":"https:\/\/www.oceanografic.org\/en\/#\/schema\/logo\/image\/"},"sameAs":["https:\/\/www.facebook.com\/oceanograficvl","https:\/\/x.com\/Oceanografic_vl"]}]}},"_links":{"self":[{"href":"https:\/\/www.oceanografic.org\/en\/wp-json\/wp\/v2\/pages\/110010","targetHints":{"allow":["GET"]}}],"collection":[{"href":"https:\/\/www.oceanografic.org\/en\/wp-json\/wp\/v2\/pages"}],"about":[{"href":"https:\/\/www.oceanografic.org\/en\/wp-json\/wp\/v2\/types\/page"}],"author":[{"embeddable":true,"href":"https:\/\/www.oceanografic.org\/en\/wp-json\/wp\/v2\/users\/15"}],"replies":[{"embeddable":true,"href":"https:\/\/www.oceanografic.org\/en\/wp-json\/wp\/v2\/comments?post=110010"}],"version-history":[{"count":0,"href":"https:\/\/www.oceanografic.org\/en\/wp-json\/wp\/v2\/pages\/110010\/revisions"}],"wp:featuredmedia":[{"embeddable":true,"href":"https:\/\/www.oceanografic.org\/en\/wp-json\/wp\/v2\/media\/110059"}],"wp:attachment":[{"href":"https:\/\/www.oceanografic.org\/en\/wp-json\/wp\/v2\/media?parent=110010"}],"curies":[{"name":"wp","href":"https:\/\/api.w.org\/{rel}","templated":true}]}}